
















{"id":10178,"date":"2023-04-14T14:58:02","date_gmt":"2023-04-14T13:58:02","guid":{"rendered":"https:\/\/sinomed.ch\/de\/?page_id=10178"},"modified":"2025-09-22T09:01:19","modified_gmt":"2025-09-22T08:01:19","slug":"behandlung-der-colitis-ulcerosa-mit-tcm","status":"publish","type":"page","link":"https:\/\/sinomed.ch\/de\/traditionelle-chinesische-medizin\/behandlungsgebiete\/behandlung-der-colitis-ulcerosa-mit-tcm\/","title":{"rendered":"Behandlung der Colitis ulcerosa mit TCM"},"content":{"rendered":"<img loading=\"lazy\" class=\"wp-image-10180 alignleft\" src=\"https:\/\/sinomed.ch\/de\/wp-content\/uploads\/2023\/04\/Colitis-ulcerosa.jpg\" alt=\"\" width=\"299\" height=\"288\" srcset=\"https:\/\/sinomed.ch\/de\/wp-content\/uploads\/2023\/04\/Colitis-ulcerosa.jpg 496w, https:\/\/sinomed.ch\/de\/wp-content\/uploads\/2023\/04\/Colitis-ulcerosa-300x289.jpg 300w, https:\/\/sinomed.ch\/de\/wp-content\/uploads\/2023\/04\/Colitis-ulcerosa-125x120.jpg 125w, https:\/\/sinomed.ch\/de\/wp-content\/uploads\/2023\/04\/Colitis-ulcerosa-350x337.jpg 350w\" sizes=\"(max-width: 299px) 100vw, 299px\" \/>\n<p>Colitis ulcerosa ist eine chronisch-entz\u00fcndliche Dickdarmerkrankung, die typischerweise in Sch\u00fcben verl\u00e4uft. Allerdings wechseln Sch\u00fcbe und symptomfreie Phasen sich ab. Colitis ulcerosa betrifft nur den Dickdarm bzw. die Darmschleimhaut, w\u00e4hrend z.B. Morbus Crohn, eine ebenfalls verbreitete, chronisch-entz\u00fcndliche Darmerkrankung, im gesamten Verdauungstrakt auftreten kann, und zwar vom \u00abMund bis zum After\u00bb.<\/p>\n<p>Bei Colitis ulcerosa treten Wunden und flache Defekte in der Schleimhaut auf, in der Regel beginnend im letzten Abschnitt des Dickdarms (End-Darm oder Mast-Darm), die sich unterschiedlich stark auf weitere Darmbereiche ausbreiten k\u00f6nnen. Auch ein Ausbreiten im gesamten Dickdarm ist in schweren F\u00e4llen m\u00f6glich. Allerdings k\u00f6nnen auch Kleinkinder und Senioren betroffen sein.<\/p>\n<blockquote>\n<p style=\"text-align: center;\"><em>M\u00e4nner und Frauen sind ungef\u00e4hr <\/em><em>gleich stark betroffen von Colitis ulcerosa, <\/em><em>wobei die\u00a0 Erkrankung h\u00e4ufig bei <\/em><em>jungen Erwachsenen erstmals auftritt.<\/em><\/p>\n<\/blockquote>\n<p><strong>Symptome<\/strong><br \/>\nWie bei Morbus Crohn sind Durchfall und Bauchschmerzen\/Bauchkr\u00e4mpfe die am h\u00e4ufigsten auftretenden Symptome. Allerdings ist bei Colitis ulcerosa der Durchfall schleimig-blutig, w\u00e4hrend bei Morbus Crohn der Durchfall chronisch verl\u00e4uft (selten blutig). Weitere Symptome sind ein h\u00e4ufiger, schmerzhafter auch n\u00e4chtlicher Stuhldrang, Stuhlinkontinenz und Bauchkr\u00e4mpfe, kombiniert mit M\u00fcdigkeit, Appetitlosigkeit und Gewichtsverlust.<\/p>\n<p><strong>Ursachen der Erkrankung aus Sicht der traditionellen chinesischen Medizin (TCM)<\/strong><br \/>\nDie meisten Colitis-Erkrankungen entstehen durch die mangelnde Regulierung der sieben Emotionen, Stagnation des Leber-Qi sowie Funktionsst\u00f6rungen von Leber und Milz. Weitere Ursachen k\u00f6nnen eine ungesunde Ern\u00e4hrung, \u00fcberm\u00e4ssiges Essen und Trinken sowie h\u00e4ufiger Verzehr von fettigen und s\u00fcssen Speisen sein. Dadurch werden Feuchtigkeit und Hitze im Inneren eingeschlossen. Der \u00fcberm\u00e4ssige Verzehr von rohen und kalten Speisen f\u00fchrt zu Funktionsst\u00f6rungen des Magens und des Darms und zu einer mangelnden Unterscheidung zwischen Klar- und Tr\u00fcbstoffen. Feuchtigkeit und Hitze blockieren den Dickdarm, lassen Qi und Blut stagnieren und verursachen Stauungen und Eiter.<\/p>\n<p><strong>Behandlung der Colitis ulcerosa mit traditioneller chinesischer Medizin (TCM)<\/strong><br \/>\nDie TCM behandelt Patienten mit Colitis ulcerosa traditionell mit chinesischer Kr\u00e4utermedizin, kombiniert mit Akupunktur &amp; Moxibustion, einer gezielten W\u00e4rmebehandlung \u00fcber die Haut mit dem Heilkraut \u00abBeifuss\u00bb.<\/p>\n<p><strong>Behandlung der Colitis ulcerosa mit chinesischer Kr\u00e4utermedizin<\/strong><br \/>\nAbgestimmt auf die zu behandelnde Person und die auftretenden Symptome werden in der TCM individuelle Rezepturen, bestehend aus verschiedenen Kr\u00e4utern, verschrieben bei<\/p>\n<ul>\n<li><strong>Feuchtigkeit und innerer Hitze:<\/strong><br \/>\nHitze und Feuchtigkeit beseitigen, z.B. mit Pulsatilla-Sud &amp; Pfingstrosensud.<\/li>\n<li><strong>Schw\u00e4che der Milz und des Magens:<\/strong><br \/>\nSt\u00e4rkung der Milz und Ausleiten von Feuchtigkeit, z.B. mit Ginseng und grossk\u00f6pfiger Speichelkrautwurzel.<\/li>\n<li><strong>Bei Yang-Mangel in Milz und Nieren:<\/strong><br \/>\nSt\u00e4rkung der Milz und Erw\u00e4rmung der Nieren, um Durchfall zu verhindern.<\/li>\n<li><strong>Bei Leber-Qi-Stagnation und Milz-Qi-Mangel:<\/strong><br \/>\nDie Leber anregen und die Milz st\u00e4rken, um den schmerzhaften Durchfall zu reduzieren.<\/li>\n<li><strong>Yin- und Blutmangel:<\/strong><br \/>\nYin und Blut n\u00e4hren, Hitze kl\u00e4ren und Feuchtigkeit aufl\u00f6sen.<\/li>\n<\/ul>\n<p>Bei angezeigten Symptomen und Verl\u00e4ufen k\u00f6nnen auch Einl\u00e4ufe mit chinesischen Kr\u00e4utern verabreicht werden.<\/p>\n<p><strong>Behandlung der Colitis ulcerosa mit Akupunktur<\/strong><br \/>\nAkupunktur und Moxibustion (Beifusskraut) stellen wirksame Behandlungsmethoden bei Colitis ulcerosa dar. Es gibt eine Vielzahl von Akupunkturpunkten, die stimuliert werden. Der Grossteil der ausgew\u00e4hlten Akupunkturpunkte, die f\u00fcr eine Behandlung bei Colitis ulcerosa ber\u00fccksichtigt werden, befinden sich auf dem Magen-, Blasen- und Renmai-Meridian. Meridian bedeutet vereinfacht ausgedr\u00fcckt ein Kanal, durch den die Lebensenergie \u00abQi\u00bb fliesst, wobei jedes Organ sein eigenes \u00abQi\u00bb aufweist. In der klinischen Praxis kann die Anwendung von TCM mit Akupunktur und Moxibustion in Kombination mit chinesischer Kr\u00e4utermedizin zur Behandlung von Colitis ulcerosa h\u00e4ufig zufriedenstellende Ergebnisse erzielen.<\/p>\n<p><strong>Mitarbeit vom Patienten ist wichtig<\/strong><br \/>\nEs ist wichtig, dass sich Patienten mit Colitis ulcerosa ausreichend ausruhen und gen\u00fcgend schlafen. \u00dcberm\u00e4ssiges Arbeiten kombiniert mit hoher Belastung &amp; Stress ist zu vermeiden. Ebenfalls sollte verzichtet werden auf Alkohol, Kaffee, kalte Getr\u00e4nke, Milchprodukte, den Verzehr von kalten, scharf gew\u00fcrzten, frittierten Speisen &amp; Salat.<\/p>\n<p>Zu empfehlen sind Gew\u00fcrze wie Kurkuma &amp; Ingwer, gekochtes Gem\u00fcse, Fisch, mageres Fleisch in kleinen Portionen und generell fett- und r\u00fcckstandsarme, halbfl\u00fcssige Kost.<\/p>\n<p>Die Vertr\u00e4glichkeit von Lebensmittel ist von Person zu Person verschieden. Wir empfehlen Ihnen allenfalls Unterst\u00fctzung durch eine Fachperson (z.B. Ern\u00e4hrungsberatung), um eine ausgewogene Ern\u00e4hrung sicherzustellen.<\/p>\n<p>F\u00fcr weitere Ausk\u00fcnfte oder eine Terminvereinbarung stehen wir Ihnen jederzeit gerne via\u00a0<a href=\"https:\/\/sinomed.ch\/de\/kontakt\/\" target=\"_blank\" rel=\"noopener noreferrer\">Kontaktformular<\/a>\u00a0oder Gratis-Hotline\u00a0<a href=\"tel:+41800753753\" target=\"_blank\" rel=\"noopener noreferrer\">0800 753 753<\/a>\u00a0zur Verf\u00fcgung.<\/p>\n","protected":false},"excerpt":{"rendered":"<p>Colitis ulcerosa ist eine chronisch-entz\u00fcndliche Dickdarmerkrankung, die typischerweise in Sch\u00fcben verl\u00e4uft. Allerdings wechseln Sch\u00fcbe und symptomfreie Phasen sich ab. Colitis ulcerosa betrifft nur den Dickdarm bzw. die Darmschleimhaut, w\u00e4hrend z.B. Morbus Crohn, eine ebenfalls verbreitete, chronisch-entz\u00fcndliche Darmerkrankung, im gesamten Verdauungstrakt auftreten kann, und zwar vom \u00abMund bis zum After\u00bb. Bei Colitis ulcerosa treten Wunden und&#8230;  <a class=\"excerpt-read-more\" href=\"https:\/\/sinomed.ch\/de\/traditionelle-chinesische-medizin\/behandlungsgebiete\/behandlung-der-colitis-ulcerosa-mit-tcm\/\" title=\"Read Behandlung der Colitis ulcerosa mit TCM\">Weiterlesen &raquo;<\/a><\/p>\n","protected":false},"author":1,"featured_media":0,"parent":339,"menu_order":26,"comment_status":"closed","ping_status":"closed","template":"","meta":[],"_links":{"self":[{"href":"https:\/\/sinomed.ch\/de\/wp-json\/wp\/v2\/pages\/10178"}],"collection":[{"href":"https:\/\/sinomed.ch\/de\/wp-json\/wp\/v2\/pages"}],"about":[{"href":"https:\/\/sinomed.ch\/de\/wp-json\/wp\/v2\/types\/page"}],"author":[{"embeddable":true,"href":"https:\/\/sinomed.ch\/de\/wp-json\/wp\/v2\/users\/1"}],"replies":[{"embeddable":true,"href":"https:\/\/sinomed.ch\/de\/wp-json\/wp\/v2\/comments?post=10178"}],"version-history":[{"count":16,"href":"https:\/\/sinomed.ch\/de\/wp-json\/wp\/v2\/pages\/10178\/revisions"}],"predecessor-version":[{"id":15155,"href":"https:\/\/sinomed.ch\/de\/wp-json\/wp\/v2\/pages\/10178\/revisions\/15155"}],"up":[{"embeddable":true,"href":"https:\/\/sinomed.ch\/de\/wp-json\/wp\/v2\/pages\/339"}],"wp:attachment":[{"href":"https:\/\/sinomed.ch\/de\/wp-json\/wp\/v2\/media?parent=10178"}],"curies":[{"name":"wp","href":"https:\/\/api.w.org\/{rel}","templated":true}]}}