
















{"id":10188,"date":"2023-04-14T16:03:54","date_gmt":"2023-04-14T15:03:54","guid":{"rendered":"https:\/\/sinomed.ch\/de\/?page_id=10188"},"modified":"2025-09-22T09:21:35","modified_gmt":"2025-09-22T08:21:35","slug":"behandlung-von-morbus-crohn-mit-tcm","status":"publish","type":"page","link":"https:\/\/sinomed.ch\/de\/traditionelle-chinesische-medizin\/behandlungsgebiete\/behandlung-von-morbus-crohn-mit-tcm\/","title":{"rendered":"Behandlung von Morbus Crohn mit TCM"},"content":{"rendered":"<p><img loading=\"lazy\" class=\"wp-image-10187 alignleft\" src=\"https:\/\/sinomed.ch\/de\/wp-content\/uploads\/2023\/04\/Morbus-Crohn.jpg\" alt=\"\" width=\"268\" height=\"289\" srcset=\"https:\/\/sinomed.ch\/de\/wp-content\/uploads\/2023\/04\/Morbus-Crohn.jpg 457w, https:\/\/sinomed.ch\/de\/wp-content\/uploads\/2023\/04\/Morbus-Crohn-279x300.jpg 279w, https:\/\/sinomed.ch\/de\/wp-content\/uploads\/2023\/04\/Morbus-Crohn-116x125.jpg 116w, https:\/\/sinomed.ch\/de\/wp-content\/uploads\/2023\/04\/Morbus-Crohn-350x377.jpg 350w\" sizes=\"(max-width: 268px) 100vw, 268px\" \/>Morbus Crohn ist eine chronisch entz\u00fcndliche Erkrankung des Magen-Darm-Trakts. Typische Symptome sind u.a. Bauchschmerzen, Durchfall, Fistel-\/Abszessbildung und Darmverschluss. Schmerzen treten oft im rechten Unterbauch auf, h\u00e4ufig nach dem Essen oder vor dem Stuhlgang. Das Erkrankungsalter liegt meist zwischen 15 und 30 Jahren \u2013 und ab dem 60. Altersjahr. Morbus Crohn hat die Tendenz, lebensl\u00e4nglich wiederkehrend aufzutreten; bei Patienten mit schwerem Verlauf findet meist keine Abheilung statt, es handelt sich um eine Erkrankung mit hoher Wiederauftrittsrate.<\/p>\n<p>Im Gegensatz zur Colitis ulcerosa, wo der Dickdarm bzw. die Darmschleimhaut betroffen sind, kann Morbus Crohn im gesamten Verdauungstrakt auftreten, vom \u00abMund bis zum After\u00bb.<\/p>\n<p>Die traditionelle chinesische Medizin ist \u00fcberzeugt, dass die grundlegende Krankheitsentstehung auf feuchter Hitze sowie Blutstauung und -vergiftung basiert, zudem die Ged\u00e4rme durch eine Stagnation des Dreifacherw\u00e4rmers verletzt sind. Die Krankheit manifestiert sich im Dick- und D\u00fcnndarm und hat einen engen Zusammenhang mit den Organen Milz, Magen, Leber und Niere. Die TCM unterteilt die Krankheit in 6 Syndromtypen:<\/p>\n<p><strong>1. Verdeckte Feuchtigkeit und Hitze<\/strong><br \/>\nTypische Symptome: Bauchschmerzen beim Dr\u00fccken, dringlicher Durchfall, Stuhlkonsistenz ist w\u00e4sserig und klebrig, Stuhl ist stark stinkend, die Farbe ist gelblich braun und hat Blutspuren. Patient zeigt u.a. Verstopfung, geschwollener und brennender Anus, starken Durst. Der Urin ist wenig und gelb, die Zungenfarbe ist rot, der Zungenbelag gelb und \u00f6lig. Der Puls ist fadenf\u00f6rmig oder rutschig.<br \/>\n<strong>Behandlung: Hitze kl\u00e4ren und Feuchtigkeit beseitigen.<\/strong><\/p>\n<p><strong>2. Leber-Qi dominiert Milz-Qi<\/strong><br \/>\nTypische Symptome: Patient versp\u00fcrt schnell M\u00fcdigkeit, hat Bauchschmerzen aufgrund emotionaler Unzufriedenheit, Bl\u00e4hung und Durchfall. Patient hat wenig Appetit, oft Aufstossen und Darmwinde. Der Stuhl ist sehr w\u00e4sserig, die Zungenfarbe ist rosarot, der Zungenbelag sehr d\u00fcnn. Der Puls ist saitenf\u00f6rmig.<br \/>\n<strong>Behandlung: Leber-Qi beruhigen, Milz-Qi st\u00e4rken.<\/strong><\/p>\n<p><strong>3. Qi-Stagnation und Blutstauung<\/strong><br \/>\nTypische Symptome: Patient hat geschwollenen Bauch. Ist der Bauch weich und beweglich, ist der Schmerz pochend und wandernd. F\u00fchlt sich der Bauch hart und fest an, bleibt der Schmerz lokal. Stuhl ist mit Blut gemischt. Patient hat keinen Appetit, ist mager und kraftlos. Die Zungenfarbe ist dunkelviolett, der Zungenbelag fleckig. Der Puls ist saitenf\u00f6rmig oder d\u00fcnn und rau.<br \/>\n<strong>Behandlung: F\u00f6rderung des Qi und der Durchblutung, Beseitigung <\/strong><strong>Blutstase\/Stillstand.<\/strong><\/p>\n<p><strong>4. Gegenseitige Anh\u00e4ufung von Schleim und Blutstauung<\/strong><br \/>\nTypische Symptome: Patient hat geschwollenen Bauch, sehr oft Bauchschmerzen, V\u00f6llegef\u00fchl und Verstopfung. Die Gelenke sind geschwollen, hart, verformt und unbeweglich. Patient kann auch Schwindel, Kopfschmerzen, Schlaflosigkeit und Vergesslichkeit sowie taube Glieder aufweisen. Die Zungenfarbe ist dunkel, der Zungenbelag weiss und \u00f6lig. Der Puls ist saitenf\u00f6rmig und rau.<br \/>\n<strong>Behandlung: Schleim und Stagnation aufl\u00f6sen<\/strong><\/p>\n<p><strong>5. Feuchte K\u00e4lte in der Milz<\/strong><br \/>\nTypische Symptome: Die Bauchschmerzen sind heftig, k\u00f6nnen aber durch W\u00e4rme gelindert werden. Der Stuhl ist d\u00fcnn, w\u00e4sserig, weisslich und klebrig mit wenig Blut. Patient ist k\u00e4lteempfindlich und hat kalte Gliedmassen. Zudem weist er einen schwerf\u00e4lligen Kopf und K\u00f6rper und wenig Appetit auf. Die Zungenfarbe ist blass, der Zungenbelag weiss und \u00f6lig. Puls ist sanft und langsam.<br \/>\n<strong>Behandlung: K\u00e4lte zerstreuen und entfeuchten, die Mitte erw\u00e4rmen <\/strong><strong>und die Milz beleben.<\/strong><\/p>\n<p><strong>6. Yang-Mangel bei Milz und Niere<\/strong><br \/>\nTypische Symptome: Der Krankheitsverlauf ist lang, die Bauchschmerzen sind schwach und unregelm\u00e4ssig. Der Schmerz kann mit W\u00e4rme und Druck gelindert werden. Patient hat Perinalabszess und Schmerzen um den Anus. Der Stuhl ist d\u00fcnn, der Durchfall tritt meistens im Morgengrauen auf. Appetitlosigkeit, kalte Gliedmassen, R\u00fcckenschmerzen und Polyurie sind Begleitsymptome. Der Zungenk\u00f6rper ist vergr\u00f6ssert und hat Zahnspuren am Rand, der Zungenbelag weiss. Der Puls ist tief, d\u00fcnn und kraftlos.<br \/>\n<strong>Behandlung: Nieren erw\u00e4rmen und Milz st\u00e4rken, D\u00e4rme regulieren <\/strong><strong>und Durchfall beenden.<\/strong><\/p>\n<blockquote><p>Patienten mit Morbus Crohn therapieren wir mit Akupunktur, je nach Beschwerdebild begleitet von einer Kr\u00e4utertherapie und\/oder Moxibustion (Beifusskraut).<\/p><\/blockquote>\n<p>F\u00fcr weitere Ausk\u00fcnfte oder eine Terminvereinbarung stehen wir Ihnen jederzeit gerne via\u00a0<a href=\"https:\/\/sinomed.ch\/de\/kontakt\/\" target=\"_blank\" rel=\"noopener noreferrer\">Kontaktformular<\/a>\u00a0oder Gratis-Hotline\u00a0<a href=\"tel:+41800753753\" target=\"_blank\" rel=\"noopener noreferrer\">0800 753 753<\/a>\u00a0zur Verf\u00fcgung.<\/p>\n","protected":false},"excerpt":{"rendered":"<p>Morbus Crohn ist eine chronisch entz\u00fcndliche Erkrankung des Magen-Darm-Trakts. Typische Symptome sind u.a. Bauchschmerzen, Durchfall, Fistel-\/Abszessbildung und Darmverschluss. Schmerzen treten oft im rechten Unterbauch auf, h\u00e4ufig nach dem Essen oder vor dem Stuhlgang. Das Erkrankungsalter liegt meist zwischen 15 und 30 Jahren \u2013 und ab dem 60. Altersjahr. Morbus Crohn hat die Tendenz, lebensl\u00e4nglich wiederkehrend&#8230;  <a class=\"excerpt-read-more\" href=\"https:\/\/sinomed.ch\/de\/traditionelle-chinesische-medizin\/behandlungsgebiete\/behandlung-von-morbus-crohn-mit-tcm\/\" title=\"Read Behandlung von Morbus Crohn mit TCM\">Weiterlesen &raquo;<\/a><\/p>\n","protected":false},"author":1,"featured_media":0,"parent":339,"menu_order":25,"comment_status":"closed","ping_status":"closed","template":"","meta":[],"_links":{"self":[{"href":"https:\/\/sinomed.ch\/de\/wp-json\/wp\/v2\/pages\/10188"}],"collection":[{"href":"https:\/\/sinomed.ch\/de\/wp-json\/wp\/v2\/pages"}],"about":[{"href":"https:\/\/sinomed.ch\/de\/wp-json\/wp\/v2\/types\/page"}],"author":[{"embeddable":true,"href":"https:\/\/sinomed.ch\/de\/wp-json\/wp\/v2\/users\/1"}],"replies":[{"embeddable":true,"href":"https:\/\/sinomed.ch\/de\/wp-json\/wp\/v2\/comments?post=10188"}],"version-history":[{"count":19,"href":"https:\/\/sinomed.ch\/de\/wp-json\/wp\/v2\/pages\/10188\/revisions"}],"predecessor-version":[{"id":15165,"href":"https:\/\/sinomed.ch\/de\/wp-json\/wp\/v2\/pages\/10188\/revisions\/15165"}],"up":[{"embeddable":true,"href":"https:\/\/sinomed.ch\/de\/wp-json\/wp\/v2\/pages\/339"}],"wp:attachment":[{"href":"https:\/\/sinomed.ch\/de\/wp-json\/wp\/v2\/media?parent=10188"}],"curies":[{"name":"wp","href":"https:\/\/api.w.org\/{rel}","templated":true}]}}