
















{"id":1035,"date":"2014-08-10T23:24:20","date_gmt":"2014-08-10T23:24:20","guid":{"rendered":"http:\/\/sinomed.ch\/de\/?page_id=1035"},"modified":"2023-07-31T14:54:57","modified_gmt":"2023-07-31T13:54:57","slug":"behandlungsgebiete-downloads","status":"publish","type":"page","link":"https:\/\/sinomed.ch\/de\/uber-uns\/downloads\/behandlungsgebiete-downloads\/","title":{"rendered":"Behandlungsgebiete"},"content":{"rendered":"<div class=\"d-row\">\n<div class=\"m-all t-1of2 d-1of2\">\n<table>\n<tbody>\n<tr>\n<td class=\"thumb\"><\/td>\n<td><\/td>\n<\/tr>\n<tr>\n<td class=\"thumb\"><a href=\"\/\/sinomed.ch\/de\/wp-content\/uploads\/2023\/04\/MorbusCrohn.pdf\" target=\"_blank\" rel=\"noopener noreferrer\"><img loading=\"lazy\" class=\"alignnone size-full wp-image-1080\" src=\"https:\/\/sinomed.ch\/de\/wp-content\/uploads\/2023\/04\/Bild-Morbus-Crohn.jpg\" alt=\"Morbus-thumb\" width=\"64\" height=\"90\" \/><\/a><\/td>\n<td><a href=\"https:\/\/sinomed.ch\/de\/wp-content\/uploads\/2023\/07\/MorbusCrohn.pdf\">Behandlung von Morbus Crohn<\/a><\/td>\n<\/tr>\n<tr>\n<td class=\"thumb\"><a href=\"https:\/\/sinomed.ch\/de\/wp-content\/uploads\/2020\/06\/Behandlung-von-Kindern.pdf\" target=\"_blank\" rel=\"noopener noreferrer\"><img loading=\"lazy\" class=\"alignnone size-full wp-image-1080\" src=\"https:\/\/sinomed.ch\/de\/wp-content\/uploads\/2014\/08\/Kindern-thumb.png\" alt=\"Kindern-thumb\" width=\"64\" height=\"90\" \/><\/a><\/td>\n<td><a href=\"https:\/\/sinomed.ch\/de\/wp-content\/uploads\/2023\/07\/Kinder.pdf\" target=\"_blank\" rel=\"noopener noreferrer\">Behandlung von Kindern<\/a><\/td>\n<\/tr>\n<tr>\n<td class=\"thumb\"><a href=\"https:\/\/sinomed.ch\/de\/wp-content\/uploads\/2020\/06\/Chronische_Schmerzen_bekaempfen_mit_TCM.pdf\" target=\"_blank\" rel=\"noopener noreferrer\"><img loading=\"lazy\" class=\"alignnone wp-image-1084 size-full\" src=\"https:\/\/sinomed.ch\/de\/wp-content\/uploads\/2014\/08\/chronische-schmerzen-thumb.png\" alt=\"chronische-schmerzen-thumb\" width=\"63\" height=\"90\" \/><\/a><\/td>\n<td><a href=\"https:\/\/sinomed.ch\/de\/wp-content\/uploads\/2023\/07\/chronischeSchmerzen.pdf\" target=\"_blank\" rel=\"noopener noreferrer\">Chronische Schmerzen<\/a><\/td>\n<\/tr>\n<tr>\n<td class=\"thumb\"><a href=\"https:\/\/sinomed.ch\/de\/wp-content\/uploads\/2020\/06\/Erschoepfung_und_Depression_in_der_TCM.pdf\" target=\"_blank\" rel=\"noopener noreferrer\"><img loading=\"lazy\" class=\"alignnone wp-image-1083 size-full\" src=\"https:\/\/sinomed.ch\/de\/wp-content\/uploads\/2014\/08\/depression-thumb.png\" alt=\"depression-thumb\" width=\"63\" height=\"90\" \/><\/a><\/td>\n<td><a href=\"https:\/\/sinomed.ch\/de\/wp-content\/uploads\/2023\/07\/Depression.pdf\" target=\"_blank\" rel=\"noopener noreferrer\">Ersch\u00f6pfung &amp; Depression<\/a><\/td>\n<\/tr>\n<tr>\n<td class=\"thumb\"><a href=\"https:\/\/sinomed.ch\/de\/wp-content\/uploads\/2020\/07\/Grippe_Beschwerdeflyer.pdf\" target=\"_blank\" rel=\"noopener noreferrer\"><img loading=\"lazy\" class=\"alignnone wp-image-6508 size-full\" src=\"https:\/\/sinomed.ch\/de\/wp-content\/uploads\/2020\/07\/Grippe_Beschwerdeflyer-1-erste-seite-scaled.jpg\" alt=\"\" width=\"64\" height=\"90\" \/><\/a><\/td>\n<td><a href=\"https:\/\/sinomed.ch\/de\/wp-content\/uploads\/2023\/07\/Grippe.pdf\" target=\"_blank\" rel=\"noopener noreferrer\">Grippe<\/a><\/td>\n<\/tr>\n<tr>\n<td class=\"thumb\"><a href=\"https:\/\/sinomed.ch\/de\/wp-content\/uploads\/2020\/06\/Mit_Akupunktur_gegen_Heuschnupfen.pdf\" target=\"_blank\" rel=\"noopener noreferrer\"><img loading=\"lazy\" class=\"alignnone wp-image-6508 size-full\" src=\"https:\/\/sinomed.ch\/de\/wp-content\/uploads\/2014\/08\/heuschnupfen-thumb.jpg\" alt=\"\" width=\"64\" height=\"90\" \/><\/a><\/td>\n<td><a href=\"https:\/\/sinomed.ch\/de\/wp-content\/uploads\/2023\/07\/Heuschnupfen.pdf\" target=\"_blank\" rel=\"noopener noreferrer\">Heuschnupfen<\/a><\/td>\n<\/tr>\n<tr>\n<td class=\"thumb\"><a href=\"https:\/\/sinomed.ch\/de\/wp-content\/uploads\/2020\/06\/TCM_hilft_bei_Kinderwunsch.pdf\" target=\"_blank\" rel=\"noopener noreferrer\"><img loading=\"lazy\" class=\"alignnone wp-image-1617\" src=\"https:\/\/sinomed.ch\/de\/wp-content\/uploads\/2014\/08\/Kinderwunsch.-88x125.jpg\" alt=\"\" width=\"64\" height=\"90\" srcset=\"https:\/\/sinomed.ch\/de\/wp-content\/uploads\/2014\/08\/Kinderwunsch.-88x125.jpg 88w, https:\/\/sinomed.ch\/de\/wp-content\/uploads\/2014\/08\/Kinderwunsch.-212x300.jpg 212w, https:\/\/sinomed.ch\/de\/wp-content\/uploads\/2014\/08\/Kinderwunsch.-350x495.jpg 350w, https:\/\/sinomed.ch\/de\/wp-content\/uploads\/2014\/08\/Kinderwunsch..jpg 453w\" sizes=\"(max-width: 64px) 100vw, 64px\" \/><\/a><\/td>\n<td><a href=\"https:\/\/sinomed.ch\/de\/wp-content\/uploads\/2023\/07\/Kinderwunsch.pdf\" target=\"_blank\" rel=\"noopener noreferrer\">Kinderwunsch<\/a><\/td>\n<\/tr>\n<tr>\n<td class=\"thumb\"><a href=\"https:\/\/sinomed.ch\/de\/wp-content\/uploads\/2020\/06\/TCM_Behandlung_bei_Kopfschmerzen_und_Migraene.pdf\" target=\"_blank\" rel=\"noopener noreferrer\"><img loading=\"lazy\" class=\"alignnone wp-image-1936\" src=\"https:\/\/sinomed.ch\/de\/wp-content\/uploads\/2014\/08\/Kopfschmerzen.jpg\" alt=\"\" width=\"64\" height=\"91\" srcset=\"https:\/\/sinomed.ch\/de\/wp-content\/uploads\/2014\/08\/Kopfschmerzen.jpg 500w, https:\/\/sinomed.ch\/de\/wp-content\/uploads\/2014\/08\/Kopfschmerzen-88x125.jpg 88w, https:\/\/sinomed.ch\/de\/wp-content\/uploads\/2014\/08\/Kopfschmerzen-211x300.jpg 211w, https:\/\/sinomed.ch\/de\/wp-content\/uploads\/2014\/08\/Kopfschmerzen-350x497.jpg 350w\" sizes=\"(max-width: 64px) 100vw, 64px\" \/><\/a><\/td>\n<td><a href=\"https:\/\/sinomed.ch\/de\/wp-content\/uploads\/2023\/07\/Kopfschmerzen.pdf\" target=\"_blank\" rel=\"noopener noreferrer\">Kopfschmerzen &amp; Migr\u00e4ne<\/a><\/td>\n<\/tr>\n<\/tbody>\n<\/table>\n<\/div>\n<div class=\"m-all t-1of2 d-1of2\">\n<table>\n<tbody>\n<tr>\n<td class=\"thumb\"><a href=\"https:\/\/sinomed.ch\/de\/wp-content\/uploads\/2023\/04\/Colitis_Ulcerosa.pdf\" target=\"_blank\" rel=\"noopener noreferrer\"><img loading=\"lazy\" class=\"alignnone size-full wp-image-1075\" src=\"https:\/\/sinomed.ch\/de\/wp-content\/uploads\/2023\/04\/Bild-Flyer-Colitis-ulcerosa.jpg\" alt=\"Colitis-thumb\" width=\"64\" height=\"90\" \/><\/a><\/td>\n<td><a href=\"https:\/\/sinomed.ch\/de\/wp-content\/uploads\/2023\/07\/Colitis_Ulcerosa.pdf\" target=\"_blank\" rel=\"noopener noreferrer\">Behandlung von Colitis<\/a><\/td>\n<\/tr>\n<tr>\n<td class=\"thumb\"><a href=\"https:\/\/sinomed.ch\/de\/wp-content\/uploads\/2020\/06\/Beschwerden_Krebs.pdf\" target=\"_blank\" rel=\"noopener noreferrer\"><img loading=\"lazy\" class=\"alignnone size-full wp-image-1075\" src=\"https:\/\/sinomed.ch\/de\/wp-content\/uploads\/2020\/04\/Beschwerden_Krebs_frontpage.jpg\" alt=\"TCM-heilt-thumb\" width=\"64\" height=\"90\" \/><\/a><\/td>\n<td><a href=\"https:\/\/sinomed.ch\/de\/wp-content\/uploads\/2023\/07\/Krebs.pdf\" target=\"_blank\" rel=\"noopener noreferrer\">Krebserkrankungen<\/a><\/td>\n<\/tr>\n<tr>\n<td class=\"thumb\"><a href=\"https:\/\/sinomed.ch\/de\/wp-content\/uploads\/2020\/06\/TCM_hilft_bei_Magenschmerzen.pdf\" target=\"_blank\" rel=\"noopener noreferrer\"><img loading=\"lazy\" class=\"alignnone size-full wp-image-1082\" src=\"https:\/\/sinomed.ch\/de\/wp-content\/uploads\/2014\/08\/magenschmerzen-thumb.png\" alt=\"magenschmerzen-thumb\" width=\"63\" height=\"90\" \/><\/a><\/td>\n<td><a href=\"https:\/\/sinomed.ch\/de\/wp-content\/uploads\/2023\/07\/Magenschmerzen.pdf\" target=\"_blank\" rel=\"noopener noreferrer\">Magenschmerzen<\/a><\/td>\n<\/tr>\n<tr>\n<td class=\"thumb\"><a href=\"https:\/\/sinomed.ch\/de\/wp-content\/uploads\/2020\/06\/TCM_hilft_gegen_viele_Formen_der_Muedigkeit.pdf\" target=\"_blank\" rel=\"noopener noreferrer\"><img loading=\"lazy\" class=\"alignnone size-full wp-image-1081\" src=\"https:\/\/sinomed.ch\/de\/wp-content\/uploads\/2014\/08\/muedigkeit-thumb.png\" alt=\"muedigkeit-thumb\" width=\"64\" height=\"90\" \/><\/a><\/td>\n<td><a href=\"https:\/\/sinomed.ch\/de\/wp-content\/uploads\/2023\/07\/Muedigkeit.pdf\" target=\"_blank\" rel=\"noopener noreferrer\">M\u00fcdigkeit<\/a><\/td>\n<\/tr>\n<tr>\n<td class=\"thumb\"><a href=\"https:\/\/sinomed.ch\/de\/wp-content\/uploads\/2020\/08\/Flyer-Blasenentz\u00fcndung-und-Wasserlassen.pdf\" target=\"_blank\" rel=\"noopener noreferrer\"><img loading=\"lazy\" class=\"alignnone wp-image-6668 size-thumbnail\" src=\"https:\/\/sinomed.ch\/de\/wp-content\/uploads\/2020\/08\/Probleme-beim-Wasserlassen-scaled.jpg\" alt=\"\" width=\"88\" height=\"125\" \/><\/a><\/td>\n<td><a href=\"https:\/\/sinomed.ch\/de\/wp-content\/uploads\/2023\/07\/Blasenentzuendung.pdf\" target=\"_blank\" rel=\"noopener noreferrer\">Probleme beim Wasserl\u00f6sen<br \/>\nBlasenentz\u00fcndung<\/a><\/td>\n<\/tr>\n<tr>\n<td class=\"thumb\"><a href=\"https:\/\/sinomed.ch\/de\/wp-content\/uploads\/2020\/06\/TCM_Behandlung_der_Psoriasis.pdf\" target=\"_blank\" rel=\"noopener noreferrer\"><img loading=\"lazy\" class=\"alignnone wp-image-6668 size-thumbnail\" src=\"https:\/\/sinomed.ch\/de\/wp-content\/uploads\/2014\/08\/psoriasis-88x125.png\" alt=\"\" width=\"88\" height=\"125\" \/><\/a><\/td>\n<td><a href=\"https:\/\/sinomed.ch\/de\/wp-content\/uploads\/2023\/07\/Psoriasis.pdf\" target=\"_blank\" rel=\"noopener noreferrer\">Psoriasis<\/a><\/td>\n<\/tr>\n<tr>\n<td class=\"thumb\"><a href=\"https:\/\/sinomed.ch\/de\/wp-content\/uploads\/2020\/06\/TCM_bei_klimakterischem_Syndrom.pdf\" target=\"_blank\" rel=\"noopener noreferrer\"><img loading=\"lazy\" class=\"alignnone size-full wp-image-1085\" src=\"https:\/\/sinomed.ch\/de\/wp-content\/uploads\/2014\/08\/wechseljahre-thumb.png\" alt=\"wechseljahre-thumb\" width=\"64\" height=\"90\" \/><\/a><\/td>\n<td><a href=\"https:\/\/sinomed.ch\/de\/wp-content\/uploads\/2023\/07\/Klimakterisches_Syndrom.pdf\" target=\"_blank\" rel=\"noopener noreferrer\">Wechseljahre<\/a><\/td>\n<\/tr>\n<tr>\n<td class=\"thumb\"><a href=\"https:\/\/sinomed.ch\/de\/wp-content\/uploads\/2020\/06\/WHO-Liste-2020.pdf\" target=\"_blank\" rel=\"noopener noreferrer\"><img loading=\"lazy\" class=\"alignnone wp-image-1079 size-full\" src=\"https:\/\/sinomed.ch\/de\/wp-content\/uploads\/2014\/08\/who-thumb.png\" alt=\"who-thumb\" width=\"64\" height=\"90\" \/><\/a><\/td>\n<td><a href=\"https:\/\/sinomed.ch\/de\/wp-content\/uploads\/2023\/07\/WHO-Liste-mit-ohne-Logo.pdf\" target=\"_blank\" rel=\"noopener noreferrer\">WHO \u2013 Liste<\/a><\/td>\n<\/tr>\n<tr>\n<td class=\"thumb\"><img loading=\"lazy\" class=\"\" src=\"https:\/\/sinomed.ch\/de\/wp-content\/uploads\/2022\/03\/Fruehlingsflyer-Bild.jpg\" width=\"61\" height=\"86\" \/><\/td>\n<td><a href=\"https:\/\/sinomed.ch\/de\/wp-content\/uploads\/2023\/07\/Fruehlingsflyer_WEB.pdf\">Fr\u00fchlingsbeschwerden<\/a><\/td>\n<\/tr>\n<\/tbody>\n<\/table>\n<\/div>\n<\/div>\n","protected":false},"excerpt":{"rendered":"<p>Behandlung von Morbus Crohn Behandlung von Kindern Chronische Schmerzen Ersch\u00f6pfung &amp; Depression Grippe Heuschnupfen Kinderwunsch Kopfschmerzen &amp; Migr\u00e4ne Behandlung von Colitis Krebserkrankungen Magenschmerzen M\u00fcdigkeit Probleme beim Wasserl\u00f6sen Blasenentz\u00fcndung Psoriasis Wechseljahre WHO \u2013 Liste Fr\u00fchlingsbeschwerden<\/p>\n","protected":false},"author":1,"featured_media":0,"parent":1033,"menu_order":67,"comment_status":"open","ping_status":"open","template":"","meta":[],"_links":{"self":[{"href":"https:\/\/sinomed.ch\/de\/wp-json\/wp\/v2\/pages\/1035"}],"collection":[{"href":"https:\/\/sinomed.ch\/de\/wp-json\/wp\/v2\/pages"}],"about":[{"href":"https:\/\/sinomed.ch\/de\/wp-json\/wp\/v2\/types\/page"}],"author":[{"embeddable":true,"href":"https:\/\/sinomed.ch\/de\/wp-json\/wp\/v2\/users\/1"}],"replies":[{"embeddable":true,"href":"https:\/\/sinomed.ch\/de\/wp-json\/wp\/v2\/comments?post=1035"}],"version-history":[{"count":46,"href":"https:\/\/sinomed.ch\/de\/wp-json\/wp\/v2\/pages\/1035\/revisions"}],"predecessor-version":[{"id":10785,"href":"https:\/\/sinomed.ch\/de\/wp-json\/wp\/v2\/pages\/1035\/revisions\/10785"}],"up":[{"embeddable":true,"href":"https:\/\/sinomed.ch\/de\/wp-json\/wp\/v2\/pages\/1033"}],"wp:attachment":[{"href":"https:\/\/sinomed.ch\/de\/wp-json\/wp\/v2\/media?parent=1035"}],"curies":[{"name":"wp","href":"https:\/\/api.w.org\/{rel}","templated":true}]}}