
















{"id":11,"date":"2014-04-10T11:00:13","date_gmt":"2014-04-10T10:00:13","guid":{"rendered":"http:\/\/sinomed.ch\/de\/?page_id=11"},"modified":"2023-07-31T13:23:33","modified_gmt":"2023-07-31T12:23:33","slug":"5-elemente-5-wandlungsphasen-theorie","status":"publish","type":"page","link":"https:\/\/sinomed.ch\/de\/traditionelle-chinesische-medizin\/grundlagen\/5-elemente-5-wandlungsphasen-theorie\/","title":{"rendered":"5-Elemente \/ 5 Wandlungsphasen -Theorie"},"content":{"rendered":"<p><img loading=\"lazy\" class=\"alignleft wp-image-320 size-full\" src=\"https:\/\/sinomed.ch\/de\/wp-content\/uploads\/2014\/04\/5_Elemente_Fotolia_32746996_XL.jpg\" alt=\"5_Elemente_Fotolia_32746996_XL\" width=\"300\" height=\"225\" srcset=\"https:\/\/sinomed.ch\/de\/wp-content\/uploads\/2014\/04\/5_Elemente_Fotolia_32746996_XL.jpg 300w, https:\/\/sinomed.ch\/de\/wp-content\/uploads\/2014\/04\/5_Elemente_Fotolia_32746996_XL-125x93.jpg 125w\" sizes=\"(max-width: 300px) 100vw, 300px\" \/>Die Lehre der 5 Elemente oder 5 Wandlungsphasen ist ein zentraler Bestandteil der chinesischen Sicht auf die Welt.<\/p>\n<p class=\"dm-36\">Jedes Individuum kann einem dieser Elemente (Wasser, Feuer, Metall, Holz und Erde) zugeordnet werden, es besteht ein definiertes Kr\u00e4fte- und Wirkungsverh\u00e4ltnis zwischen den Elementen. Die 5 Elemente und ihre 2 grundlegenden Zyklen (Kreislauf des gegenseitigen N\u00e4hrens und ineinander Umwandelns und der \u00fcberwindende Zyklus) sind gem\u00e4ss Traditioneller Chinesischer Medizin ein Ausdruck daf\u00fcr, dass alle Organe und alle m\u00f6glichen Beschwerden innerhalb eines Funktionskreises miteinander in Verbindung stehen.<\/p>\n<p>Die 5 Wandlungsphasen (Fr\u00fchling, Sommer, Zwischenzeit, Herbst und Winter) beschreiben die unterschiedlichen Qualit\u00e4ten und Zust\u00e4nde, die den Naturph\u00e4nomenen innewohnen. Abgeleitet aus der Beobachtung der Natur dienen diese Theorien also zur Beschreibung der Wechselwirkungen zwischen Mensch &amp; Umwelt, ebenso wie zwischen den einzelnen Organen innerhalb des menschlichen Organismus.<\/p>\n<p>Die 5 Elemente und 5 Wandlungsphasen haben eine umfassende philosophische, naturwissenschaftliche und politische Bedeutung \u2013 wie Yin und Yang auch.<\/p>\n<p>&nbsp;<\/p>\n<p>Atrtribute &amp; Entsprechungen der 5 Elemente und der 5 Wandlungsphasen:<\/p>\n<p>&nbsp;<\/p>\n<table>\n<tbody>\n<tr>\n<td width=\"180\">Element Holz<\/td>\n<td width=\"534\">Attribute: Anfang, Entstehung, Expansion, Potential. Phase: Fr\u00fchling<\/td>\n<\/tr>\n<tr>\n<td>Element Feuer<\/td>\n<td>Attribute: Aktivit\u00e4t, Antrieb, Ausgestaltung. Phase: Sommer<\/td>\n<\/tr>\n<tr>\n<td>Element Erde<\/td>\n<td>Attribute: Ankunft, Ziel, Ruhen und Empfangen. Phase: Zwischenzeit<\/td>\n<\/tr>\n<tr>\n<td>Element Metall<\/td>\n<td>R\u00fcckgang, Konsolidierung. Phase: Herbst<\/td>\n<\/tr>\n<tr>\n<td>Element Wasser<\/td>\n<td>Anpassung, Regeneration, Ruhe. Phase: Winter<\/td>\n<\/tr>\n<\/tbody>\n<\/table>\n","protected":false},"excerpt":{"rendered":"<p>Die Lehre der 5 Elemente oder 5 Wandlungsphasen ist ein zentraler Bestandteil der chinesischen Sicht auf die Welt. Jedes Individuum kann einem dieser Elemente (Wasser, Feuer, Metall, Holz und Erde) zugeordnet werden, es besteht ein definiertes Kr\u00e4fte- und Wirkungsverh\u00e4ltnis zwischen den Elementen. Die 5 Elemente und ihre 2 grundlegenden Zyklen (Kreislauf des gegenseitigen N\u00e4hrens und&#8230;  <a class=\"excerpt-read-more\" href=\"https:\/\/sinomed.ch\/de\/traditionelle-chinesische-medizin\/grundlagen\/5-elemente-5-wandlungsphasen-theorie\/\" title=\"Read 5-Elemente \/ 5 Wandlungsphasen -Theorie\">Weiterlesen &raquo;<\/a><\/p>\n","protected":false},"author":1,"featured_media":0,"parent":10,"menu_order":18,"comment_status":"open","ping_status":"closed","template":"","meta":[],"_links":{"self":[{"href":"https:\/\/sinomed.ch\/de\/wp-json\/wp\/v2\/pages\/11"}],"collection":[{"href":"https:\/\/sinomed.ch\/de\/wp-json\/wp\/v2\/pages"}],"about":[{"href":"https:\/\/sinomed.ch\/de\/wp-json\/wp\/v2\/types\/page"}],"author":[{"embeddable":true,"href":"https:\/\/sinomed.ch\/de\/wp-json\/wp\/v2\/users\/1"}],"replies":[{"embeddable":true,"href":"https:\/\/sinomed.ch\/de\/wp-json\/wp\/v2\/comments?post=11"}],"version-history":[{"count":3,"href":"https:\/\/sinomed.ch\/de\/wp-json\/wp\/v2\/pages\/11\/revisions"}],"predecessor-version":[{"id":2748,"href":"https:\/\/sinomed.ch\/de\/wp-json\/wp\/v2\/pages\/11\/revisions\/2748"}],"up":[{"embeddable":true,"href":"https:\/\/sinomed.ch\/de\/wp-json\/wp\/v2\/pages\/10"}],"wp:attachment":[{"href":"https:\/\/sinomed.ch\/de\/wp-json\/wp\/v2\/media?parent=11"}],"curies":[{"name":"wp","href":"https:\/\/api.w.org\/{rel}","templated":true}]}}