
















{"id":12,"date":"2014-04-10T11:10:08","date_gmt":"2014-04-10T10:10:08","guid":{"rendered":"http:\/\/sinomed.ch\/de\/?page_id=12"},"modified":"2023-07-31T13:23:52","modified_gmt":"2023-07-31T12:23:52","slug":"qi-und-die-meridiane","status":"publish","type":"page","link":"https:\/\/sinomed.ch\/de\/traditionelle-chinesische-medizin\/grundlagen\/qi-und-die-meridiane\/","title":{"rendered":"Qi und die Meridiane"},"content":{"rendered":"<p><img loading=\"lazy\" class=\"size-full wp-image-1348 alignleft\" src=\"https:\/\/sinomed.ch\/de\/wp-content\/uploads\/2014\/04\/Qi_Meridiane_Fotolia_54874735_L.jpg\" alt=\"Qi_Meridiane_Fotolia_54874735_L\" width=\"200\" height=\"300\" srcset=\"https:\/\/sinomed.ch\/de\/wp-content\/uploads\/2014\/04\/Qi_Meridiane_Fotolia_54874735_L.jpg 200w, https:\/\/sinomed.ch\/de\/wp-content\/uploads\/2014\/04\/Qi_Meridiane_Fotolia_54874735_L-83x125.jpg 83w\" sizes=\"(max-width: 200px) 100vw, 200px\" \/>Qi \u2013 die Lebensenergie &#8211; ist die Wurzel menschlichen Lebens, auch Atem des Lebens genannt. Diese Lebensenergie fliesst durch unsichtbare Energiebahnen oder &#8211; \u201eMeridiane\u201c. Es werden haupts\u00e4chlich 12 Meridiane unterschieden. Sie verteilen sich netzartig im ganzen K\u00f6rper und sind jeweils mit bestimmten Organen verbunden. Auf ihnen liegen die Akupunkturpunkte.<\/p>\n<p>Voraussetzung f\u00fcr gen\u00fcgend Lebensenergie und deren st\u00f6rungsfreier Fluss durch die Meridiane ist eine ausgewogene Balance von Yin und Yang. Erkrankt der Mensch, sind St\u00f6rungen (Schw\u00e4chungen, F\u00fclle, Blockaden des Qi) im Energiefluss vorhanden. TCM versucht, diese St\u00f6rungen zu beheben und die optimale Balance von Yin und Yang wieder-herzustellen \u2013 und damit einen optimalen Fluss des Qi zu erm\u00f6glichen.<\/p>\n","protected":false},"excerpt":{"rendered":"<p>Qi \u2013 die Lebensenergie &#8211; ist die Wurzel menschlichen Lebens, auch Atem des Lebens genannt. Diese Lebensenergie fliesst durch unsichtbare Energiebahnen oder &#8211; \u201eMeridiane\u201c. Es werden haupts\u00e4chlich 12 Meridiane unterschieden. Sie verteilen sich netzartig im ganzen K\u00f6rper und sind jeweils mit bestimmten Organen verbunden. Auf ihnen liegen die Akupunkturpunkte. Voraussetzung f\u00fcr gen\u00fcgend Lebensenergie und deren&#8230;  <a class=\"excerpt-read-more\" href=\"https:\/\/sinomed.ch\/de\/traditionelle-chinesische-medizin\/grundlagen\/qi-und-die-meridiane\/\" title=\"Read Qi und die Meridiane\">Weiterlesen &raquo;<\/a><\/p>\n","protected":false},"author":1,"featured_media":0,"parent":10,"menu_order":19,"comment_status":"open","ping_status":"closed","template":"","meta":[],"_links":{"self":[{"href":"https:\/\/sinomed.ch\/de\/wp-json\/wp\/v2\/pages\/12"}],"collection":[{"href":"https:\/\/sinomed.ch\/de\/wp-json\/wp\/v2\/pages"}],"about":[{"href":"https:\/\/sinomed.ch\/de\/wp-json\/wp\/v2\/types\/page"}],"author":[{"embeddable":true,"href":"https:\/\/sinomed.ch\/de\/wp-json\/wp\/v2\/users\/1"}],"replies":[{"embeddable":true,"href":"https:\/\/sinomed.ch\/de\/wp-json\/wp\/v2\/comments?post=12"}],"version-history":[{"count":1,"href":"https:\/\/sinomed.ch\/de\/wp-json\/wp\/v2\/pages\/12\/revisions"}],"predecessor-version":[{"id":3439,"href":"https:\/\/sinomed.ch\/de\/wp-json\/wp\/v2\/pages\/12\/revisions\/3439"}],"up":[{"embeddable":true,"href":"https:\/\/sinomed.ch\/de\/wp-json\/wp\/v2\/pages\/10"}],"wp:attachment":[{"href":"https:\/\/sinomed.ch\/de\/wp-json\/wp\/v2\/media?parent=12"}],"curies":[{"name":"wp","href":"https:\/\/api.w.org\/{rel}","templated":true}]}}