
















{"id":1287,"date":"2014-08-28T11:03:29","date_gmt":"2014-08-28T10:03:29","guid":{"rendered":"http:\/\/sinomed.ch\/de\/?page_id=1287"},"modified":"2021-11-26T09:11:09","modified_gmt":"2021-11-26T08:11:09","slug":"partner-der-sinomed-schaffhausen-ag","status":"publish","type":"page","link":"https:\/\/sinomed.ch\/de\/tcm-praxis-schaffhausen\/partner-der-sinomed-schaffhausen-ag\/","title":{"rendered":"Partner der Sinomed Schaffhausen AG"},"content":{"rendered":"<p><!--\n\n\n<h2>Apotheken<\/h2>\n\n\n<img loading=\"lazy\" class=\"alignright wp-image-4848 size-medium\" src=\"https:\/\/sinomed.ch\/de\/wp-content\/uploads\/2014\/08\/Logo-Volksapotheke-300x103.jpg\" alt=\"\" width=\"300\" height=\"103\" srcset=\"https:\/\/sinomed.ch\/de\/wp-content\/uploads\/2014\/08\/Logo-Volksapotheke-300x103.jpg 300w, https:\/\/sinomed.ch\/de\/wp-content\/uploads\/2014\/08\/Logo-Volksapotheke-125x43.jpg 125w, https:\/\/sinomed.ch\/de\/wp-content\/uploads\/2014\/08\/Logo-Volksapotheke-768x263.jpg 768w, https:\/\/sinomed.ch\/de\/wp-content\/uploads\/2014\/08\/Logo-Volksapotheke-350x120.jpg 350w, https:\/\/sinomed.ch\/de\/wp-content\/uploads\/2014\/08\/Logo-Volksapotheke-714x245.jpg 714w, https:\/\/sinomed.ch\/de\/wp-content\/uploads\/2014\/08\/Logo-Volksapotheke.jpg 800w\" sizes=\"(max-width: 300px) 100vw, 300px\" \/>\nDie Volksapotheke zum R\u00fcden ist die Partnerapotheke von Sinomed Schaffhausen! Direkt am Bahnhof gelegen und 5 Minuten von der Praxis entfernt erwartet Sie eine moderne Apotheke mit einer Vielzahl von Dienstleistungen (Grosses Sortiment an Medikamenten, Speziellen Rezepturen, Tierarzneimittel, Verblisterung, Sondennahrung, Bandagen, H\u00f6rberatung u.v.m.). Die Volksapotheke zum R\u00fcden \u2013 Ihre moderne &amp; lebhafte Rezepturapotheke!\n\n<a href=\"http:\/\/www.volksapothekeschaffhausen.ch\" target=\"_blank\" rel=\"noopener noreferrer\">www.volksapothekeschaffhausen.ch<\/a>\n\n&nbsp;\n\n&nbsp;\n\n\n<h2>Zahnarztpraxis am Fronwagplatz<\/h2>\n\n\n<img loading=\"lazy\" class=\"size-medium wp-image-3114 alignright\" src=\"https:\/\/sinomed.ch\/de\/wp-content\/uploads\/2014\/08\/Logo-300x188.jpg\" alt=\"logo\" width=\"300\" height=\"188\" srcset=\"https:\/\/sinomed.ch\/de\/wp-content\/uploads\/2014\/08\/Logo-300x188.jpg 300w, https:\/\/sinomed.ch\/de\/wp-content\/uploads\/2014\/08\/Logo-125x78.jpg 125w, https:\/\/sinomed.ch\/de\/wp-content\/uploads\/2014\/08\/Logo-350x219.jpg 350w, https:\/\/sinomed.ch\/de\/wp-content\/uploads\/2014\/08\/Logo.jpg 500w\" sizes=\"(max-width: 300px) 100vw, 300px\" \/>Die Zahnarztpraxis am Fronwagplatz\u00a0von Dr. med. dent. Cornel Jud ist Partner der Sinomed Schaffhausen AG!\n\nCornel Jud und sein Team sind unter anderem spezialisiert auf Angstpatienten und deren schonenden und schmerzfreien Behandlungen. Sie bieten alle Sparten der Zahnmedizin an.\n\nF\u00fcr weitere Informationen besuchen Sie seine Homepage: <a href=\"http:\/\/www.praxis-am-fronwagplatz.ch\">www.praxis-am-fronwagplatz.ch<\/a>\n\n&nbsp;\n\n&nbsp;\n\n\n<h2>Fitness<img loading=\"lazy\" class=\" wp-image-2034 alignright\" src=\"https:\/\/sinomed.ch\/de\/wp-content\/uploads\/2014\/08\/eurofit_weiss_auf_blau-300x219.jpg\" alt=\"eurofit_weiss_auf_blau\" width=\"259\" height=\"189\" srcset=\"https:\/\/sinomed.ch\/de\/wp-content\/uploads\/2014\/08\/eurofit_weiss_auf_blau-300x219.jpg 300w, https:\/\/sinomed.ch\/de\/wp-content\/uploads\/2014\/08\/eurofit_weiss_auf_blau-125x91.jpg 125w, https:\/\/sinomed.ch\/de\/wp-content\/uploads\/2014\/08\/eurofit_weiss_auf_blau-1024x749.jpg 1024w, https:\/\/sinomed.ch\/de\/wp-content\/uploads\/2014\/08\/eurofit_weiss_auf_blau-350x256.jpg 350w\" sizes=\"(max-width: 259px) 100vw, 259px\" \/><\/h2>\n\n\nDas Vier-Sterne-Fitnesscenter \u201eeurofit\u201d ist Partner der Sinomed Schaffhausen AG! Individuelles Kraft-, Ausdauer- oder Beweglichkeitstraining oder einzigartig vielseitiges Kursangebot \u2013 stets werden Sie fachkundig angeleitet und betreut. Geniessen Sie nach Ihrem Training die Entspannung in der Wellnesswelt oder eine kleine St\u00e4rkung an der Fitnessbar. Eurofit freut sich auf Ihren Besuch.\n\n<a href=\"http:\/\/eurofit.ch\" target=\"_blank\" rel=\"noopener noreferrer\">www.eurofit.ch<\/a>\n\n&nbsp;\n\n&nbsp;\n\n\n<h2>Tai Ji &amp; Qi-Gong<\/h2>\n\n\n<img loading=\"lazy\" class=\"alignright size-full wp-image-1485\" src=\"https:\/\/sinomed.ch\/de\/wp-content\/uploads\/2014\/08\/QiSpaceBlau.jpg\" alt=\"QiSpaceBlau\" width=\"280\" height=\"111\" srcset=\"https:\/\/sinomed.ch\/de\/wp-content\/uploads\/2014\/08\/QiSpaceBlau.jpg 280w, https:\/\/sinomed.ch\/de\/wp-content\/uploads\/2014\/08\/QiSpaceBlau-125x49.jpg 125w\" sizes=\"(max-width: 280px) 100vw, 280px\" \/>Die Tai Ji &amp; Qi-Gong \u2013 Schule \u201eQiSpace\u201c ist Partner der Sinomed Winterthur &amp; Schaffhausen! Seit 26 Jahren bietet QiSpace Kurse in Winterthur und Schaffhausen an. Alle Lehrkr\u00e4fte der Schulen verf\u00fcgen \u00fcber sehr grosse und langj\u00e4hrige Erfahrung in Ihren Fachgebieten. Profitieren Sie vom Angebot an verschiedenen Formen des Tai Ji und Qi-Gong \u2013 ganz nach Ihren Bed\u00fcrfnissen. Helen Waldmeier und Daniel Z\u00fcblin und Ihr Team freuen sich, Sie pers\u00f6nlich begr\u00fcssen und beraten zu d\u00fcrfen.\n\n<a href=\"http:\/\/www.qispace.ch\/\" target=\"_blank\" rel=\"noopener noreferrer\">www.qispace.ch<\/a>\n\n&nbsp;\n\n\n<h2>KOJ-Institut f\u00fcr Geh\u00f6rtherapie<img loading=\"lazy\" class=\"wp-image-4914 alignright\" src=\"https:\/\/sinomed.ch\/de\/wp-content\/uploads\/2014\/08\/Logo-KOJ-1024x216.jpg\" alt=\"\" width=\"294\" height=\"62\" \/><\/h2>\n\n\nDas KOJ-Institut f\u00fcr Geh\u00f6rtherapie Winterthur ist Partner der Sinomed Winterthur AG! \"Wir h\u00f6ren mit den Ohren, aber wir verstehen mit dem Gehirn\u201c - Das innovative KOJ-Institut verbindet in der eigens entwickelten Geh\u00f6rtherapie beide Bereiche, um Schwerh\u00f6rigen bestm\u00f6glich zu besserem Sprachverstehen zu verhelfen. Durch die einzigartige therapeutische Kombination aus H\u00f6rtechnik und H\u00f6rtraining m\u00fcssen sich Betroffene nicht nur auf H\u00f6rger\u00e4te verlassen, sondern k\u00f6nnen das Verstehen von Sprache auch bequem zu Hause trainieren.\u00a0F\u00fcr Menschen, die bereits ein H\u00f6rger\u00e4t besitzen oder f\u00fcr Betroffene, die ohne H\u00f6rtechnik gezielt das Sprachverstehen trainieren m\u00f6chten, bietet das Institut speziell angepasste Therapien an.\n\n<a href=\"https:\/\/koj.training\/\" target=\"_blank\" rel=\"noopener noreferrer\">www.koj.training.ch<\/a>\n\n&nbsp;\n\n\n<h2>PluSport Dachverband Behindertensport<\/h2>\n\n\n<img loading=\"lazy\" class=\"wp-image-4772 size-medium alignright\" src=\"https:\/\/sinomed.ch\/de\/wp-content\/uploads\/2018\/06\/LT_PluSport_RGB_ohne_Text-300x99.jpg\" alt=\"\" width=\"300\" height=\"99\" srcset=\"https:\/\/sinomed.ch\/de\/wp-content\/uploads\/2018\/06\/LT_PluSport_RGB_ohne_Text-300x99.jpg 300w, https:\/\/sinomed.ch\/de\/wp-content\/uploads\/2018\/06\/LT_PluSport_RGB_ohne_Text-125x41.jpg 125w, https:\/\/sinomed.ch\/de\/wp-content\/uploads\/2018\/06\/LT_PluSport_RGB_ohne_Text-768x253.jpg 768w, https:\/\/sinomed.ch\/de\/wp-content\/uploads\/2018\/06\/LT_PluSport_RGB_ohne_Text-350x115.jpg 350w, https:\/\/sinomed.ch\/de\/wp-content\/uploads\/2018\/06\/LT_PluSport_RGB_ohne_Text-714x235.jpg 714w, https:\/\/sinomed.ch\/de\/wp-content\/uploads\/2018\/06\/LT_PluSport_RGB_ohne_Text.jpg 1005w\" sizes=\"(max-width: 300px) 100vw, 300px\" \/>Sinomed und PluSport: 2 starke Partner f\u00fcr Gesundheit, Bewegung &amp; Sport! PluSport ist der Dachverband und das Kompetenzzentrum des Schweizerischen Behindertensportes und bietet Menschen mit Behinderung ein breitgef\u00e4chertes und zeitgem\u00e4sses Angebot an attraktiven Sportm\u00f6glichkeiten an. Unser Ziel und Zweck f\u00fcr 12\u2019000 Mitglieder: F\u00f6rderung der Integration durch den Sport! Was wir bieten: 90 regionale Sportclubs und 100 Sportcamps pr\u00e4sentieren ein breitgef\u00e4chertes Angebot mit traditionellen und trendigen Sportarten. Unsere Qualit\u00e4t: Durch regelm\u00e4ssige Aus- und Weiterbildungskurse f\u00fcr unsere Leiterinnen und Leiter ist eine hohe Qualit\u00e4t gesichert. Unsere F\u00f6rderung: Der Nachwuchs ist uns wichtig \u2013 auf allen Ebenen f\u00f6rdern wir unseren Nachwuchs. F\u00fcr unsere ambitionierten Sportlerinnen und Sportler: Wir setzen uns als Co-Stifter von Swiss Paralympic f\u00fcr Athletinnen und Athleten ein, damit sie an nationalen und internationalen Wettbewerben teilnehmen k\u00f6nnen. Sinomed unterst\u00fctzt die Mitglieder von PluSport bei Verletzungen &amp; Beschwerden, bei der Regeneration sowie der Pr\u00e4vention.\n\n<a href=\"http:\/\/www.plusport.ch\/\" target=\"_blank\" rel=\"noopener noreferrer\">Mehr \u00fcber PluSport erfahren Sie hier.<\/a>\n\n\n<h2><\/h2>\n\n\n\n\n<h2>Interessengemeinschaft richtig liegen &amp; schlafen IG-RLS<\/h2>\n\n\n<img loading=\"lazy\" class=\" wp-image-2009 alignright\" src=\"https:\/\/sinomed.ch\/de\/wp-content\/uploads\/2014\/08\/IG_RLS.jpg\" alt=\"IG_RLS\" width=\"182\" height=\"98\" srcset=\"https:\/\/sinomed.ch\/de\/wp-content\/uploads\/2014\/08\/IG_RLS.jpg 163w, https:\/\/sinomed.ch\/de\/wp-content\/uploads\/2014\/08\/IG_RLS-125x67.jpg 125w\" sizes=\"(max-width: 182px) 100vw, 182px\" \/>Die <strong>Interessengemeinschaft f\u00fcr richtig liegen und schlafen (IG-RLS) <\/strong>ist ein Zusammenschluss von zertifizierten Liege-und Schlafberatern, Medizinern, Therapeuten, sowie Vertretern aus der Produkte-Entwicklung und der Industrie. Das Ziel der IG-RLS ist gesundheitsbewussten und gesundheitlich beeintr\u00e4chtigten Menschen, insbesondere solchen mit Liege- und Schlafproblemen, Hilfestellung und Probleml\u00f6sungen zu bieten und diese Menschen dabei zu begleiten.\n\n<a href=\"https:\/\/ig-rls.ch\/Beratungszentrum_ID_6_Ernst+Wanner+AG_Schaffhausen\" target=\"_blank\" rel=\"noopener noreferrer\">www.ig-rls.ch - Partner Schaffhausen Ernst Wanner AG Schaffhausen<\/a>\n\n\n<h2><\/h2>\n\n\n\n\n<h2>Gewerbeverband<\/h2>\n\n\n<img loading=\"lazy\" class=\" wp-image-1916 size-full alignright\" src=\"https:\/\/sinomed.ch\/de\/wp-content\/uploads\/2014\/08\/Logo_ProcityGV-SH1.jpg\" alt=\"\" width=\"315\" height=\"302\" srcset=\"https:\/\/sinomed.ch\/de\/wp-content\/uploads\/2014\/08\/Logo_ProcityGV-SH1.jpg 315w, https:\/\/sinomed.ch\/de\/wp-content\/uploads\/2014\/08\/Logo_ProcityGV-SH1-125x120.jpg 125w, https:\/\/sinomed.ch\/de\/wp-content\/uploads\/2014\/08\/Logo_ProcityGV-SH1-300x288.jpg 300w\" sizes=\"(max-width: 315px) 100vw, 315px\" \/>Die Sinomed-Gruppe legt viel Wert auf regionale Verankerung im Gewerbe. Sinomed Schaffhausen AG ist Mitglied im \u00f6rtlichen Gewerbeverband und tr\u00e4gt aktiv (z.Bsp. mit Veranstaltungen \/ Vortr\u00e4gen \/ Messeteilnahmen) dazu bei, den Mitgliedern und der \u00d6ffentlichkeit spannende Aktivit\u00e4ten zu bieten. Es ist unser Ziel, die traditionelle chinesische Medizin einem breiten Publikum zug\u00e4nglich zu machen, Hemmschwellen abzubauen und die teilweise noch beschr\u00e4nkt bekannten Philosophien und Behandlungsformen\nder TCM transparent und seri\u00f6s zu pr\u00e4sentieren.\nWir freuen uns \u00fcber die Mitgliedschaft - und auf eine aktive Partnerschaft!\n\n<a href=\"http:\/\/www.procity.ch\">www.procity.ch\n<\/a><a href=\"http:\/\/www.gewerbe-sh.ch\">www.gewerbe-sh.ch<\/a>\n--><\/p>\n","protected":false},"excerpt":{"rendered":"","protected":false},"author":1,"featured_media":0,"parent":4390,"menu_order":10,"comment_status":"open","ping_status":"closed","template":"page-partner-overview.php","meta":[],"_links":{"self":[{"href":"https:\/\/sinomed.ch\/de\/wp-json\/wp\/v2\/pages\/1287"}],"collection":[{"href":"https:\/\/sinomed.ch\/de\/wp-json\/wp\/v2\/pages"}],"about":[{"href":"https:\/\/sinomed.ch\/de\/wp-json\/wp\/v2\/types\/page"}],"author":[{"embeddable":true,"href":"https:\/\/sinomed.ch\/de\/wp-json\/wp\/v2\/users\/1"}],"replies":[{"embeddable":true,"href":"https:\/\/sinomed.ch\/de\/wp-json\/wp\/v2\/comments?post=1287"}],"version-history":[{"count":54,"href":"https:\/\/sinomed.ch\/de\/wp-json\/wp\/v2\/pages\/1287\/revisions"}],"predecessor-version":[{"id":8792,"href":"https:\/\/sinomed.ch\/de\/wp-json\/wp\/v2\/pages\/1287\/revisions\/8792"}],"up":[{"embeddable":true,"href":"https:\/\/sinomed.ch\/de\/wp-json\/wp\/v2\/pages\/4390"}],"wp:attachment":[{"href":"https:\/\/sinomed.ch\/de\/wp-json\/wp\/v2\/media?parent=1287"}],"curies":[{"name":"wp","href":"https:\/\/api.w.org\/{rel}","templated":true}]}}