
















{"id":1294,"date":"2014-08-28T11:30:04","date_gmt":"2014-08-28T10:30:04","guid":{"rendered":"http:\/\/sinomed.ch\/de\/?page_id=1294"},"modified":"2023-07-31T15:22:41","modified_gmt":"2023-07-31T14:22:41","slug":"partner-der-sinomed-winterthur-ag","status":"publish","type":"page","link":"https:\/\/sinomed.ch\/de\/tcm-praxis-winterthur\/partner-der-sinomed-winterthur-ag\/","title":{"rendered":"Partner der Sinomed Winterthur AG"},"content":{"rendered":"<p><!--\n\n\n<h2><\/h2>\n\n\n\n\n<h2>Apotheke<\/h2>\n\n\n<img loading=\"lazy\" class=\"alignright wp-image-1505 \" src=\"https:\/\/sinomed.ch\/de\/wp-content\/uploads\/2014\/08\/Logo_Adler-Apothek-300x183.jpg\" alt=\"Logo_Adler-Apothek\" width=\"280\" height=\"171\" srcset=\"https:\/\/sinomed.ch\/de\/wp-content\/uploads\/2014\/08\/Logo_Adler-Apothek-300x183.jpg 300w, https:\/\/sinomed.ch\/de\/wp-content\/uploads\/2014\/08\/Logo_Adler-Apothek-125x76.jpg 125w, https:\/\/sinomed.ch\/de\/wp-content\/uploads\/2014\/08\/Logo_Adler-Apothek-1024x624.jpg 1024w, https:\/\/sinomed.ch\/de\/wp-content\/uploads\/2014\/08\/Logo_Adler-Apothek-350x213.jpg 350w, https:\/\/sinomed.ch\/de\/wp-content\/uploads\/2014\/08\/Logo_Adler-Apothek.jpg 1318w\" sizes=\"(max-width: 280px) 100vw, 280px\" \/>Die Adler-Apotheke ist die Partnerapotheke von Sinomed Winterthur! Seit \u00fcber 170 Jahren steht die Adler-Apotheke in Winterthur beim Untertor am Eingang der Altstadt \u2013 direkt neben unserer Praxis. Ob Sie vom breiten Sortiment an Medikamenten, Sanit\u00e4tsartikeln, Pflegeartikeln, den 30 Hausspezialit\u00e4ten (im hauseigenen Labor hergestellt) in der Apotheke vor Ort profieren - oder die Adler-Shop-Versandapotheke mit \u00fcber 50\u2018000 Produkten in Anspruch nehmen: bei der Adler Apotheke sind Sie immer in besten H\u00e4nden.\n\n<a href=\"http:\/\/www.adlershop.ch\" target=\"_blank\" rel=\"noopener noreferrer\">www.adlershop.ch<\/a>\n\n&nbsp;\n\n\n<h2>Drogerie &amp; Reformhaus<\/h2>\n\n\n<img loading=\"lazy\" class=\"alignright size-full wp-image-1380\" src=\"https:\/\/sinomed.ch\/de\/wp-content\/uploads\/2014\/08\/fink-logo.jpg\" alt=\"fink-logo\" width=\"280\" height=\"113\" srcset=\"https:\/\/sinomed.ch\/de\/wp-content\/uploads\/2014\/08\/fink-logo.jpg 280w, https:\/\/sinomed.ch\/de\/wp-content\/uploads\/2014\/08\/fink-logo-125x50.jpg 125w\" sizes=\"(max-width: 280px) 100vw, 280px\" \/>Die Drogerie Fink ist die Partner-Drogerie und das Partnerreformhaus von Sinomed Winterthur! Direkt an der Frauenfelderstrasse gelegen (mit Parkpl\u00e4tzen) zeichnet sich die Drogerie Fink durch ein breites Angebot, hohe Fachkompetenz und pers\u00f6nliche Beratung aus. Nutzen Sie die Erfahrung und Kompetenz rund um die Themen Gesundheit &amp; Sch\u00f6nheit \u2013 Ihr Wohlbefinden steht im Mittelpunkt!\n\n<a href=\"http:\/\/www.fink-drogerie.ch\" target=\"_blank\" rel=\"noopener noreferrer\">www.fink-drogerie.ch<\/a>\n\n\n<h2>Apotheke &amp; Drogerie Nature First<\/h2>\n\n\nDie Nature First Apotheke &amp; Drogerie ist Partnerin der Sinomed Winterthur. Mit fundierten Kenntnissen in der Naturheilkunde k\u00f6nnen die Selbstheilungskr\u00e4fte aktiviert und die Gesunderhaltung unterst\u00fctzt werden. Nature First schl\u00e4gt eine Br\u00fccke zwischen der Schulmedizin und<img loading=\"lazy\" class=\"size-full wp-image-7732 alignright\" src=\"https:\/\/sinomed.ch\/de\/wp-content\/uploads\/2021\/03\/NatureFirst_LOGO_ApotDrog_CMYK.jpg\" alt=\"\" width=\"333\" height=\"92\" srcset=\"https:\/\/sinomed.ch\/de\/wp-content\/uploads\/2021\/03\/NatureFirst_LOGO_ApotDrog_CMYK.jpg 333w, https:\/\/sinomed.ch\/de\/wp-content\/uploads\/2021\/03\/NatureFirst_LOGO_ApotDrog_CMYK-300x83.jpg 300w, https:\/\/sinomed.ch\/de\/wp-content\/uploads\/2021\/03\/NatureFirst_LOGO_ApotDrog_CMYK-125x35.jpg 125w\" sizes=\"(max-width: 333px) 100vw, 333px\" \/>\nder Komplement\u00e4rmedizin. Das einzigartige Konzept der Nature First verbindet das Wissen und die Erfahrung einer klassischen Apotheke und Drogerie mit einem Kompetenzzentrum f\u00fcr Naturheilkunde. Profitieren Sie von \u00fcber 100 hauseigenen Produkten, hergestellt aus pflanzlichen Tinkturen, spagyrischen Essenzen, hom\u00f6opathischen Mitteln und \u00e4therischen \u00d6len. Tauchen Sie mitten in Winterthur ein in die Welt der Naturheilkunde und entdecken Sie das ausgew\u00e4hlte Angebot an Naturheilmitteln, Naturkosmetik und Reformprodukten. Getreu dem Firmenmotto \u00abNature First \u2013 Natur zuerst\u00bb.\n\n<a href=\"https:\/\/naturefirst.ch\/standorte\/apotheke-und-drogerie-in-winterthur\">www.naturefirst.ch<\/a>\n\n\n<h2><\/h2>\n\n\n\n\n<h2>Sensa AG\n<img loading=\"lazy\" class=\"alignright wp-image-2888 size-thumbnail\" src=\"https:\/\/sinomed.ch\/de\/wp-content\/uploads\/2014\/08\/sensa_logo2016-125x78.jpg\" alt=\"\" width=\"125\" height=\"78\" srcset=\"https:\/\/sinomed.ch\/de\/wp-content\/uploads\/2014\/08\/sensa_logo2016-125x78.jpg 125w, https:\/\/sinomed.ch\/de\/wp-content\/uploads\/2014\/08\/sensa_logo2016.jpg 280w\" sizes=\"(max-width: 125px) 100vw, 125px\" \/><\/h2>\n\n\nSensa AG ist Partner von Sinomed Winterthur! SENSA \u00abKompetenz zum Wohlf\u00fchlen\u00bb - so das Credo von Sensa, dem etwas anderen Fachgesch\u00e4ft rund um die Gesundheit.\n\nEntdecken Sie Sensa, das moderne Sanit\u00e4tsgesch\u00e4ft am Oberen Graben 2 in Winterthur.\n\n&nbsp;\n\n\n<h2>Jennifer Sobania Beratung &amp; Coaching<\/h2>\n\n\n<img loading=\"lazy\" class=\"wp-image-7583 alignright\" src=\"https:\/\/sinomed.ch\/de\/wp-content\/uploads\/2021\/01\/Logo-Jennifer-Sobania.png\" alt=\"\" width=\"260\" height=\"151\" \/>\n\nJennifer Sobania Beratung &amp; Coaching ist Partnerin der Sinomed Winterthur AG. Sie bietet k\u00f6rperorientierte psychologische Beratung und Coaching f\u00fcr Einzelpersonen, Paare und Familien an. Sie unterst\u00fctzt Personen ressourcenorientiert und begleitet Ver\u00e4nderungsprozesse durch handlungsorientierte, ganzheitliche Beratung oder Coaching. Bei Pr\u00fcfungs- und\/ oder Versagens\u00e4ngsten bietet Frau Sobania gezieltes Lerncoaching f\u00fcr Kinder, Jugendliche und Erwachsene an. Mehr Informationen unter <a href=\"http:\/\/www.jennifersobania.ch\">http:\/\/www.jennifersobania.ch<\/a>.\n\nIn der Ergotherapie am Park begleitet sie Personen mit Psychischen Erkrankungen. Sie ist spezialisiert auf die Behandlung von Traumafolgest\u00f6rungen, Ersch\u00f6pfungsdepression (Burnout) und ADHS. Mehr Informationen unter\u00a0<a href=\"http:\/\/www.ergotherapie-am-park.ch\">http:\/\/www.ergotherapie-am-park.ch<\/a>.\n\n&nbsp;\n\n&nbsp;\n\n\n<h2>Tai Ji &amp; Qi-Gong<\/h2>\n\n\n<img loading=\"lazy\" class=\"alignright size-full wp-image-1485\" src=\"https:\/\/sinomed.ch\/de\/wp-content\/uploads\/2014\/08\/QiSpaceBlau.jpg\" alt=\"QiSpaceBlau\" width=\"280\" height=\"111\" srcset=\"https:\/\/sinomed.ch\/de\/wp-content\/uploads\/2014\/08\/QiSpaceBlau.jpg 280w, https:\/\/sinomed.ch\/de\/wp-content\/uploads\/2014\/08\/QiSpaceBlau-125x49.jpg 125w\" sizes=\"(max-width: 280px) 100vw, 280px\" \/>Die Tai Ji &amp; Qi-Gong \u2013 Schule \u201eQiSpace\u201c ist Partner der Sinomed Winterthur &amp; Schaffhausen! Seit 26 Jahren bietet QiSpace Kurse in Winterthur und Schaffhausen an. Alle Lehrkr\u00e4fte der Schulen verf\u00fcgen \u00fcber sehr grosse und langj\u00e4hrige Erfahrung in Ihren Fachgebieten. Profitieren Sie vom Angebot an verschiedenen Formen des Tai Ji und Qi-Gong \u2013 ganz nach Ihren Bed\u00fcrfnissen. Helen Waldmeier und Daniel Z\u00fcblin und Ihr Team freuen sich, Sie pers\u00f6nlich begr\u00fcssen und beraten zu d\u00fcrfen.\n\n<a href=\"http:\/\/www.qispace.ch\/\" target=\"_blank\" rel=\"noopener noreferrer\">www.qispace.ch<\/a>\n\n&nbsp;\n\n\n<h2>KOJ-Institut f\u00fcr Geh\u00f6rtherapie<img loading=\"lazy\" class=\"wp-image-4914 alignright\" src=\"https:\/\/sinomed.ch\/de\/wp-content\/uploads\/2014\/08\/Logo-KOJ-1024x216.jpg\" alt=\"\" width=\"294\" height=\"62\" \/><\/h2>\n\n\nDas KOJ-Institut f\u00fcr Geh\u00f6rtherapie Winterthur ist Partner der Sinomed Winterthur AG! \"Wir h\u00f6ren mit den Ohren, aber wir verstehen mit dem Gehirn\u201c - Das innovative KOJ-Institut verbindet in der eigens entwickelten Geh\u00f6rtherapie beide Bereiche, um Schwerh\u00f6rigen bestm\u00f6glich zu besserem Sprachverstehen zu verhelfen. Durch die einzigartige therapeutische Kombination aus H\u00f6rtechnik und H\u00f6rtraining m\u00fcssen sich Betroffene nicht nur auf H\u00f6rger\u00e4te verlassen, sondern k\u00f6nnen das Verstehen von Sprache auch bequem zu Hause trainieren.\u00a0F\u00fcr Menschen, die bereits ein H\u00f6rger\u00e4t besitzen oder f\u00fcr Betroffene, die ohne H\u00f6rtechnik gezielt das Sprachverstehen trainieren m\u00f6chten, bietet das Institut speziell angepasste Therapien an.\n\n<a href=\"https:\/\/koj.training\/\" target=\"_blank\" rel=\"noopener noreferrer\">www.koj.training.ch<\/a>\n\n&nbsp;\n\n\n<h2>Christian Weiss<\/h2>\n\n\n<img loading=\"lazy\" class=\"alignright wp-image-1505 \" src=\"https:\/\/sinomed.ch\/de\/wp-content\/uploads\/2020\/04\/christianweiss_logo.jpg\" alt=\"Christian_Weiss_logo\" width=\"236\" height=\"167\" \/>\nChristian Weiss Psychotherapie in Winterthur ist Partner der Sinomed Winterthur! Aufbruch zu einer Reise. Ziel: Sie selbst, innerlich wie \u00e4usserlich, um wirklich anzukommen und auch zu bleiben. Wie? Mit achtsamkeitsbasierter Psychotherapie Biosynthese\u00ae - sie ist k\u00f6rperbezogen, tiefenpsychologisch fundiert und spirituell ausgerichtet.\n\n<a href=\"https:\/\/christianweiss.ch\/\" target=\"_blank\" rel=\"noopener noreferrer\">www.christianweiss.ch<\/a>\n\n&nbsp;\n\n\n<h2>Klarsicht-Optik-Linsen-Brillenmode\n<img loading=\"lazy\" class=\"wp-image-6135 size-medium alignright\" src=\"https:\/\/sinomed.ch\/de\/wp-content\/uploads\/2018\/05\/klarsicht-Logo-300x150.jpg\" alt=\"\" width=\"300\" height=\"150\" srcset=\"https:\/\/sinomed.ch\/de\/wp-content\/uploads\/2018\/05\/klarsicht-Logo-300x150.jpg 300w, https:\/\/sinomed.ch\/de\/wp-content\/uploads\/2018\/05\/klarsicht-Logo-125x63.jpg 125w, https:\/\/sinomed.ch\/de\/wp-content\/uploads\/2018\/05\/klarsicht-Logo-768x384.jpg 768w, https:\/\/sinomed.ch\/de\/wp-content\/uploads\/2018\/05\/klarsicht-Logo-350x175.jpg 350w, https:\/\/sinomed.ch\/de\/wp-content\/uploads\/2018\/05\/klarsicht-Logo-714x357.jpg 714w, https:\/\/sinomed.ch\/de\/wp-content\/uploads\/2018\/05\/klarsicht-Logo.jpg 800w\" sizes=\"(max-width: 300px) 100vw, 300px\" \/><\/h2>\n\n\nKlarsicht-Optik-Linsen-Brillenmode ist Partner der Sinomed Winterthur! Bei Klarsicht sprechen Sie mit dem Fachmann. F\u00fcr Klarsicht gibt es nichts Wichtigeres als Ihre Augen. Deshalb f\u00fchren nur ausgewiesene Spezialisten Ihren Augentest durch. Alle Ger\u00e4te und technischen Infrastrukturen gen\u00fcgen h\u00f6chsten Anspr\u00fcchen, aber die pers\u00f6nliche Beziehung zu den Kunden steht f\u00fcr Klarsicht \u00fcber allem! Marcello Piras und sein Team freuen sich auf Ihren Besuch.\n\n<a href=\"https:\/\/www.klarsicht.ch\/\" target=\"_blank\" rel=\"noopener noreferrer\">www.klarsicht.ch<\/a>\n\n&nbsp;\n\n\n<h2>PluSport Dachverband Behindertensport<\/h2>\n\n\n<img loading=\"lazy\" class=\"alignright wp-image-4772 size-medium\" src=\"https:\/\/sinomed.ch\/de\/wp-content\/uploads\/2018\/06\/LT_PluSport_RGB_ohne_Text-300x99.jpg\" alt=\"\" width=\"300\" height=\"99\" srcset=\"https:\/\/sinomed.ch\/de\/wp-content\/uploads\/2018\/06\/LT_PluSport_RGB_ohne_Text-300x99.jpg 300w, https:\/\/sinomed.ch\/de\/wp-content\/uploads\/2018\/06\/LT_PluSport_RGB_ohne_Text-125x41.jpg 125w, https:\/\/sinomed.ch\/de\/wp-content\/uploads\/2018\/06\/LT_PluSport_RGB_ohne_Text-768x253.jpg 768w, https:\/\/sinomed.ch\/de\/wp-content\/uploads\/2018\/06\/LT_PluSport_RGB_ohne_Text-350x115.jpg 350w, https:\/\/sinomed.ch\/de\/wp-content\/uploads\/2018\/06\/LT_PluSport_RGB_ohne_Text-714x235.jpg 714w, https:\/\/sinomed.ch\/de\/wp-content\/uploads\/2018\/06\/LT_PluSport_RGB_ohne_Text.jpg 1005w\" sizes=\"(max-width: 300px) 100vw, 300px\" \/>Sinomed und PluSport: 2 starke Partner f\u00fcr Gesundheit, Bewegung &amp; Sport! PluSport ist der Dachverband und das Kompetenzzentrum des Schweizerischen Behindertensportes und bietet Menschen mit Behinderung ein breitgef\u00e4chertes und zeitgem\u00e4sses Angebot an attraktiven Sportm\u00f6glichkeiten an. Unser Ziel und Zweck f\u00fcr 12\u2019000 Mitglieder: F\u00f6rderung der Integration durch den Sport! Was wir bieten: 90 regionale Sportclubs und 100 Sportcamps pr\u00e4sentieren ein breitgef\u00e4chertes Angebot mit traditionellen und trendigen Sportarten. Unsere Qualit\u00e4t: Durch regelm\u00e4ssige Aus- und Weiterbildungskurse f\u00fcr unsere Leiterinnen und Leiter ist eine hohe Qualit\u00e4t gesichert. Unsere F\u00f6rderung: Der Nachwuchs ist uns wichtig \u2013 auf allen Ebenen f\u00f6rdern wir unseren Nachwuchs. F\u00fcr unsere ambitionierten Sportlerinnen und Sportler: Wir setzen uns als Co-Stifter von Swiss Paralympic f\u00fcr Athletinnen und Athleten ein, damit sie an nationalen und internationalen Wettbewerben teilnehmen k\u00f6nnen. Sinomed unterst\u00fctzt die Mitglieder von PluSport bei Verletzungen &amp; Beschwerden, bei der Regeneration sowie der Pr\u00e4vention.\n\n<a href=\"http:\/\/www.plusport.ch\/\" target=\"_blank\" rel=\"noopener noreferrer\">Mehr \u00fcber PluSport erfahren Sie hier.<\/a>\n\n&nbsp;\n\n\n<h2>Interessengemeinschaft richtig liegen &amp; schlafen IG-RLS<\/h2>\n\n\n<img loading=\"lazy\" class=\" wp-image-2009 alignright\" src=\"https:\/\/sinomed.ch\/de\/wp-content\/uploads\/2014\/08\/IG_RLS.jpg\" alt=\"IG_RLS\" width=\"182\" height=\"98\" srcset=\"https:\/\/sinomed.ch\/de\/wp-content\/uploads\/2014\/08\/IG_RLS.jpg 163w, https:\/\/sinomed.ch\/de\/wp-content\/uploads\/2014\/08\/IG_RLS-125x67.jpg 125w\" sizes=\"(max-width: 182px) 100vw, 182px\" \/>Die <strong>Interessengemeinschaft f\u00fcr richtig liegen und schlafen (IG-RLS) <\/strong>ist ein Zusammenschluss von zertifizierten Liege-und Schlafberatern, Medizinern, Therapeuten, sowie Vertretern aus der Produkte-Entwicklung und der Industrie. Das Ziel der IG-RLS ist gesundheitsbewussten und gesundheitlich beeintr\u00e4chtigten Menschen, insbesondere solchen mit Liege- und Schlafproblemen, Hilfestellung und Probleml\u00f6sungen zu bieten und diese Menschen dabei zu begleiten.\n\n<a href=\"https:\/\/ig-rls.ch\/Beratungszentrum_ID_8_Geuggis+AG_Frauenfeld\" target=\"_blank\" rel=\"noopener noreferrer\">www.ig-rls.ch - Partner Winterthur: Geuggis AG Frauenfeld\n<\/a><a href=\"https:\/\/ig-rls.ch\/Beratungszentrum_ID_19_R\u00fcedi+AG_Bassersdorf\" target=\"_blank\" rel=\"noopener noreferrer\">www.ig-rls.ch - Partner Kloten R\u00fcedi AG Bassersdorf<\/a>\n\n&nbsp;\n\n\n<h2>Home Instead<\/h2>\n\n\n<img loading=\"lazy\" class=\"alignright wp-image-3076\" src=\"https:\/\/sinomed.ch\/de\/wp-content\/uploads\/2014\/08\/Home-Instead-L-b-dehei-Seniorenbetreuung_21547_image-350x174.jpg\" alt=\"home-instead-l-b-dehei-seniorenbetreuung_21547_image\" width=\"292\" height=\"145\" srcset=\"https:\/\/sinomed.ch\/de\/wp-content\/uploads\/2014\/08\/Home-Instead-L-b-dehei-Seniorenbetreuung_21547_image-350x174.jpg 350w, https:\/\/sinomed.ch\/de\/wp-content\/uploads\/2014\/08\/Home-Instead-L-b-dehei-Seniorenbetreuung_21547_image-125x62.jpg 125w, https:\/\/sinomed.ch\/de\/wp-content\/uploads\/2014\/08\/Home-Instead-L-b-dehei-Seniorenbetreuung_21547_image-300x149.jpg 300w, https:\/\/sinomed.ch\/de\/wp-content\/uploads\/2014\/08\/Home-Instead-L-b-dehei-Seniorenbetreuung_21547_image.jpg 121w\" sizes=\"(max-width: 292px) 100vw, 292px\" \/>Sinomed Winterthur AG und Home Instead Seniorenbetreuung Winterthur: 2 starke Partner f\u00fcr Gesundheit &amp; Betreuung im Alter. Home Instead bietet ein breit gef\u00e4chertes und sehr flexibel nutzbares Dienstleistungsangebot f\u00fcr die Unterst\u00fctzung von Senioren im eigenen Zuhause und ist mit seinen Gesch\u00e4ftsstellen fl\u00e4chendeckend in der gesamten Schweiz vertreten. Das Ziel ist es, Senioren in den unterschiedlichsten Lebensbereichen zu betreuen und zu begleiten, ihre individuelle Lebensqualit\u00e4t zu verbessern und damit m\u00f6glichst vielen betagten Menschen ein w\u00fcrdevolles Altern in vertrauter Umgebung zu erm\u00f6glichen.\n\nWeitere Infos zu Home Instead finden Sie hier:\n<a href=\"http:\/\/www.homeinstead.ch\/winterthur\" target=\"_blank\" rel=\"noopener noreferrer\">www.homeinstead.ch\/winterthur<\/a> und\n<a href=\"http:\/\/www.homeinstead.ch\/zuerich-oberland\" target=\"_blank\" rel=\"noopener noreferrer\">www.homeinstead.ch\/zuerich-oberland<\/a>\n\n&nbsp;\n\n\n<h2>Gewerbeverband<\/h2>\n\n\n<img loading=\"lazy\" class=\"alignright size-full wp-image-2797\" src=\"https:\/\/sinomed.ch\/de\/wp-content\/uploads\/2014\/08\/shopping_untertor_marktgasse-Junge_Altstadt.jpg\" alt=\"shopping_untertor_marktgasse-Junge_Altstadt\" width=\"300\" height=\"220\" srcset=\"https:\/\/sinomed.ch\/de\/wp-content\/uploads\/2014\/08\/shopping_untertor_marktgasse-Junge_Altstadt.jpg 300w, https:\/\/sinomed.ch\/de\/wp-content\/uploads\/2014\/08\/shopping_untertor_marktgasse-Junge_Altstadt-125x92.jpg 125w\" sizes=\"(max-width: 300px) 100vw, 300px\" \/>Die Sinomed-Gruppe legt viel Wert auf regionale Verankerung im Gewerbe. Sinomed Winterthur AG ist Mitglied im \u00f6rtlichen Gewerbeverband und tr\u00e4gt aktiv (z.Bsp. mit Veranstaltungen \/ Vortr\u00e4gen \/ Messeteilnahmen) dazu bei, den Mitgliedern und der \u00d6ffentlichkeit spannende Aktivit\u00e4ten zu bieten. Es ist unser Ziel, die traditionelle chinesische Medizin einem breiten Publikum zug\u00e4nglich zu machen, Hemmschwellen abzubauen und die teilweise noch beschr\u00e4nkt bekannten Philosophien und Behandlungsformen der TCM transparent und seri\u00f6s zu pr\u00e4sentieren.\nWir freuen uns \u00fcber die Mitgliedschaft - und auf eine aktive Partnerschaft! --><\/p>\n","protected":false},"excerpt":{"rendered":"","protected":false},"author":1,"featured_media":0,"parent":4388,"menu_order":12,"comment_status":"open","ping_status":"closed","template":"page-partner-overview.php","meta":[],"_links":{"self":[{"href":"https:\/\/sinomed.ch\/de\/wp-json\/wp\/v2\/pages\/1294"}],"collection":[{"href":"https:\/\/sinomed.ch\/de\/wp-json\/wp\/v2\/pages"}],"about":[{"href":"https:\/\/sinomed.ch\/de\/wp-json\/wp\/v2\/types\/page"}],"author":[{"embeddable":true,"href":"https:\/\/sinomed.ch\/de\/wp-json\/wp\/v2\/users\/1"}],"replies":[{"embeddable":true,"href":"https:\/\/sinomed.ch\/de\/wp-json\/wp\/v2\/comments?post=1294"}],"version-history":[{"count":88,"href":"https:\/\/sinomed.ch\/de\/wp-json\/wp\/v2\/pages\/1294\/revisions"}],"predecessor-version":[{"id":10793,"href":"https:\/\/sinomed.ch\/de\/wp-json\/wp\/v2\/pages\/1294\/revisions\/10793"}],"up":[{"embeddable":true,"href":"https:\/\/sinomed.ch\/de\/wp-json\/wp\/v2\/pages\/4388"}],"wp:attachment":[{"href":"https:\/\/sinomed.ch\/de\/wp-json\/wp\/v2\/media?parent=1294"}],"curies":[{"name":"wp","href":"https:\/\/api.w.org\/{rel}","templated":true}]}}