
















{"id":13,"date":"2014-04-10T11:11:02","date_gmt":"2014-04-10T10:11:02","guid":{"rendered":"http:\/\/sinomed.ch\/de\/?page_id=13"},"modified":"2023-07-31T13:24:36","modified_gmt":"2023-07-31T12:24:36","slug":"yin-und-yang-gegensaetze-die-sich-ergaenzen","status":"publish","type":"page","link":"https:\/\/sinomed.ch\/de\/traditionelle-chinesische-medizin\/grundlagen\/yin-und-yang-gegensaetze-die-sich-ergaenzen\/","title":{"rendered":"Yin und Yang \u2013 Gegens\u00e4tze, die sich erg\u00e4nzen"},"content":{"rendered":"<p><img loading=\"lazy\" class=\"alignleft size-full wp-image-328 dm-24\" src=\"https:\/\/sinomed.ch\/de\/wp-content\/uploads\/2014\/04\/Jing_Jang_Fotolia_49099078_XL.jpg\" alt=\"Jing_Jang_Fotolia_49099078_XL\" width=\"286\" height=\"300\" srcset=\"https:\/\/sinomed.ch\/de\/wp-content\/uploads\/2014\/04\/Jing_Jang_Fotolia_49099078_XL.jpg 286w, https:\/\/sinomed.ch\/de\/wp-content\/uploads\/2014\/04\/Jing_Jang_Fotolia_49099078_XL-119x125.jpg 119w\" sizes=\"(max-width: 286px) 100vw, 286px\" \/>Im Mittelpunkt der Traditionellen Chinesischen Medizin steht die \u00dcberzeugung, dass Gegens\u00e4tze sich erg\u00e4nzen und gegenseitig bedingen (zum Beispiel stark und schwach, kalt und warm, m\u00e4nnlich und weiblich). Die Traditionelle Chinesische Medizin unterteilt die gesamte Energie und alle Organe des K\u00f6rpers in Yin und Yang.<\/p>\n<p>Yin und Yang sind sowohl entgegengesetzte als auch sich erg\u00e4nzende Prinzipien, respektive Kr\u00e4fte. Diese Kr\u00e4fte beschreiben Zust\u00e4nde, die nicht starr oder absolut sind, sondern sich immer wandeln. In jedem Yin ist ein Anteil von Yang enthalten \u2013 und umgekehrt.<\/p>\n<p>Ereignisse oder Strukturen, die sich nach innen richten, die Kraft aufnehmen und sammeln, zeigen das Prinzip von Yin. Das Yang hingegen geht nach aussen und nach oben, wobei es dazu neigt, sich zu ersch\u00f6pfen.<\/p>\n<p>Wenn Yin und Yang im Einklang sind, fliesst das Qi (Lebensenergie) st\u00f6rungsfrei.<\/p>\n","protected":false},"excerpt":{"rendered":"<p>Im Mittelpunkt der Traditionellen Chinesischen Medizin steht die \u00dcberzeugung, dass Gegens\u00e4tze sich erg\u00e4nzen und gegenseitig bedingen (zum Beispiel stark und schwach, kalt und warm, m\u00e4nnlich und weiblich). Die Traditionelle Chinesische Medizin unterteilt die gesamte Energie und alle Organe des K\u00f6rpers in Yin und Yang. Yin und Yang sind sowohl entgegengesetzte als auch sich erg\u00e4nzende Prinzipien,&#8230;  <a class=\"excerpt-read-more\" href=\"https:\/\/sinomed.ch\/de\/traditionelle-chinesische-medizin\/grundlagen\/yin-und-yang-gegensaetze-die-sich-ergaenzen\/\" title=\"Read Yin und Yang \u2013 Gegens\u00e4tze, die sich erg\u00e4nzen\">Weiterlesen &raquo;<\/a><\/p>\n","protected":false},"author":1,"featured_media":0,"parent":10,"menu_order":20,"comment_status":"open","ping_status":"closed","template":"","meta":[],"_links":{"self":[{"href":"https:\/\/sinomed.ch\/de\/wp-json\/wp\/v2\/pages\/13"}],"collection":[{"href":"https:\/\/sinomed.ch\/de\/wp-json\/wp\/v2\/pages"}],"about":[{"href":"https:\/\/sinomed.ch\/de\/wp-json\/wp\/v2\/types\/page"}],"author":[{"embeddable":true,"href":"https:\/\/sinomed.ch\/de\/wp-json\/wp\/v2\/users\/1"}],"replies":[{"embeddable":true,"href":"https:\/\/sinomed.ch\/de\/wp-json\/wp\/v2\/comments?post=13"}],"version-history":[{"count":3,"href":"https:\/\/sinomed.ch\/de\/wp-json\/wp\/v2\/pages\/13\/revisions"}],"predecessor-version":[{"id":7433,"href":"https:\/\/sinomed.ch\/de\/wp-json\/wp\/v2\/pages\/13\/revisions\/7433"}],"up":[{"embeddable":true,"href":"https:\/\/sinomed.ch\/de\/wp-json\/wp\/v2\/pages\/10"}],"wp:attachment":[{"href":"https:\/\/sinomed.ch\/de\/wp-json\/wp\/v2\/media?parent=13"}],"curies":[{"name":"wp","href":"https:\/\/api.w.org\/{rel}","templated":true}]}}