
















{"id":14,"date":"2014-04-10T11:26:42","date_gmt":"2014-04-10T10:26:42","guid":{"rendered":"http:\/\/sinomed.ch\/de\/?page_id=14"},"modified":"2023-07-31T13:24:57","modified_gmt":"2023-07-31T12:24:57","slug":"funktionskreise","status":"publish","type":"page","link":"https:\/\/sinomed.ch\/de\/traditionelle-chinesische-medizin\/grundlagen\/funktionskreise\/","title":{"rendered":"Funktionskreise"},"content":{"rendered":"<p><img loading=\"lazy\" class=\"alignleft size-full wp-image-331 dm-24\" src=\"https:\/\/sinomed.ch\/de\/wp-content\/uploads\/2014\/04\/Funktionskreis_Fotolia_13609452_XL.jpg\" alt=\"Funktionskreis_Fotolia_13609452_XL\" width=\"225\" height=\"300\" srcset=\"https:\/\/sinomed.ch\/de\/wp-content\/uploads\/2014\/04\/Funktionskreis_Fotolia_13609452_XL.jpg 225w, https:\/\/sinomed.ch\/de\/wp-content\/uploads\/2014\/04\/Funktionskreis_Fotolia_13609452_XL-93x125.jpg 93w\" sizes=\"(max-width: 225px) 100vw, 225px\" \/>Die Funktionskreise (chinesisch Zangfu) stellen in der Theorie der Traditionellen Chinesischen Medizin Gesamtheiten von Funktionen und Ph\u00e4nomenen dar, die jeweils einer Wandlungsphase zugeordnet werden.<\/p>\n<p>Die Funktionskreise k\u00f6nnen in f\u00fcnf Speicherfunktionskreise (chinesisch Zang), die Yin zugeordnet sind, sowie sechs Durchgangsfunktionskreise (chinesisch Fu), Yang zugeordnet, unterteilt werden. Jeder Speicherfunktionskreis ist mit einem Durchgangsfunktionskreis verbunden. Es handelt sich, vereinfacht beschrieben, um das Ineinandergreifen von Funktionen wie Speichern und Verteilung, Bewahren und Umwandeln, Aufnahme und Ausscheidung von Nahrung, K\u00f6rpersubstanzen usw.<\/p>\n<p>Die f\u00fcnf Speicherfunktionskreise sind Leber, Herz, Milz, Lunge und Niere.<\/p>\n<p>Die sechs Durchgangsfunktionskreise sind Gallenblase, D\u00fcnndarm, Magen, Dickdarm, Blase und die drei W\u00e4rmebereiche.<\/p>\n<p>Den Funktionskreisen sind jeweils Leitbahnen (Meridiane) zugeordnet. \u00dcber therapeutische Techniken wie Akupunktur, Moxibustion und Tuina an den Leitbahnen lassen sich die Funktionskreise beeinflussen.<\/p>\n","protected":false},"excerpt":{"rendered":"<p>Die Funktionskreise (chinesisch Zangfu) stellen in der Theorie der Traditionellen Chinesischen Medizin Gesamtheiten von Funktionen und Ph\u00e4nomenen dar, die jeweils einer Wandlungsphase zugeordnet werden. Die Funktionskreise k\u00f6nnen in f\u00fcnf Speicherfunktionskreise (chinesisch Zang), die Yin zugeordnet sind, sowie sechs Durchgangsfunktionskreise (chinesisch Fu), Yang zugeordnet, unterteilt werden. Jeder Speicherfunktionskreis ist mit einem Durchgangsfunktionskreis verbunden. Es handelt sich,&#8230;  <a class=\"excerpt-read-more\" href=\"https:\/\/sinomed.ch\/de\/traditionelle-chinesische-medizin\/grundlagen\/funktionskreise\/\" title=\"Read Funktionskreise\">Weiterlesen &raquo;<\/a><\/p>\n","protected":false},"author":1,"featured_media":0,"parent":10,"menu_order":22,"comment_status":"open","ping_status":"closed","template":"","meta":[],"_links":{"self":[{"href":"https:\/\/sinomed.ch\/de\/wp-json\/wp\/v2\/pages\/14"}],"collection":[{"href":"https:\/\/sinomed.ch\/de\/wp-json\/wp\/v2\/pages"}],"about":[{"href":"https:\/\/sinomed.ch\/de\/wp-json\/wp\/v2\/types\/page"}],"author":[{"embeddable":true,"href":"https:\/\/sinomed.ch\/de\/wp-json\/wp\/v2\/users\/1"}],"replies":[{"embeddable":true,"href":"https:\/\/sinomed.ch\/de\/wp-json\/wp\/v2\/comments?post=14"}],"version-history":[{"count":2,"href":"https:\/\/sinomed.ch\/de\/wp-json\/wp\/v2\/pages\/14\/revisions"}],"predecessor-version":[{"id":2750,"href":"https:\/\/sinomed.ch\/de\/wp-json\/wp\/v2\/pages\/14\/revisions\/2750"}],"up":[{"embeddable":true,"href":"https:\/\/sinomed.ch\/de\/wp-json\/wp\/v2\/pages\/10"}],"wp:attachment":[{"href":"https:\/\/sinomed.ch\/de\/wp-json\/wp\/v2\/media?parent=14"}],"curies":[{"name":"wp","href":"https:\/\/api.w.org\/{rel}","templated":true}]}}