
















{"id":14952,"date":"2025-05-05T09:45:35","date_gmt":"2025-05-05T08:45:35","guid":{"rendered":"https:\/\/sinomed.ch\/de\/?page_id=14952"},"modified":"2025-09-22T09:24:01","modified_gmt":"2025-09-22T08:24:01","slug":"tcm-behandlung-psychosomatischer-erkrankung","status":"publish","type":"page","link":"https:\/\/sinomed.ch\/de\/traditionelle-chinesische-medizin\/behandlungsgebiete\/tcm-behandlung-psychosomatischer-erkrankung\/","title":{"rendered":"Behandlung psychosomatischer Erkrankungen in der Traditionellen Chinesischen Medizin (TCM)"},"content":{"rendered":"<p class=\"p1\"><img loading=\"lazy\" class=\" wp-image-14957 alignleft\" src=\"https:\/\/sinomed.ch\/de\/wp-content\/uploads\/2025\/05\/Screenshot-2025-05-05-at-10.49.56.png\" alt=\"\" width=\"322\" height=\"245\" srcset=\"https:\/\/sinomed.ch\/de\/wp-content\/uploads\/2025\/05\/Screenshot-2025-05-05-at-10.49.56.png 1732w, https:\/\/sinomed.ch\/de\/wp-content\/uploads\/2025\/05\/Screenshot-2025-05-05-at-10.49.56-300x228.png 300w, https:\/\/sinomed.ch\/de\/wp-content\/uploads\/2025\/05\/Screenshot-2025-05-05-at-10.49.56-1024x778.png 1024w, https:\/\/sinomed.ch\/de\/wp-content\/uploads\/2025\/05\/Screenshot-2025-05-05-at-10.49.56-125x95.png 125w, https:\/\/sinomed.ch\/de\/wp-content\/uploads\/2025\/05\/Screenshot-2025-05-05-at-10.49.56-768x584.png 768w, https:\/\/sinomed.ch\/de\/wp-content\/uploads\/2025\/05\/Screenshot-2025-05-05-at-10.49.56-1536x1167.png 1536w, https:\/\/sinomed.ch\/de\/wp-content\/uploads\/2025\/05\/Screenshot-2025-05-05-at-10.49.56-350x266.png 350w, https:\/\/sinomed.ch\/de\/wp-content\/uploads\/2025\/05\/Screenshot-2025-05-05-at-10.49.56-714x543.png 714w\" sizes=\"(max-width: 322px) 100vw, 322px\" \/>Psychosomatische Erkrankungen sind k\u00f6rperliche Beschwerden oder Funktionsst\u00f6rungen, die durch Stress, Angst oder emotionale Belastungen ausgel\u00f6st werden k\u00f6nnen. Menschen k\u00f6nnen sich in der Folge unwohl f\u00fchlen, obwohl keine erkennbare k\u00f6rperliche Ursache vorliegt.<\/p>\n<p class=\"p1\">Psychische Faktoren spielen eine wichtige Rolle bei der Entstehung und Entwicklung von Krankheiten. Gerade in der modernen Gesellschaft f\u00fchren die Schnelllebigkeit, der hohe Arbeitsdruck, Zukunfts\u00e4ngste usw. h\u00e4ufig zu einer erh\u00f6hten psychischen Belastung oder einer Verschlimmerung bereits bestehender Symptome.<\/p>\n<p class=\"p1\">Die Hauptmerkmale sind neurologische Symptome, gefolgt von Symptomen des Herz-Kreislauf-Systems sowie des Verdauungssystems. Die Symptome sind tendenziell eher chronisch.<\/p>\n<p class=\"p1\"><strong>Symptome des Nervensystems Emotionale St\u00f6rungen<\/strong> wie Angstzust\u00e4nde, Phobien und <a href=\"https:\/\/sinomed.ch\/de\/traditionelle-chinesische-medizin\/behandlungsgebiete\/erschoepfung-und-depression-in-der-tcm\/\">Depressionen<\/a> sowie <strong>Schlafst\u00f6rungen<\/strong> (Schlaflosigkeit, Schl\u00e4frigkeit, Ein- und Durchschlafst\u00f6rungen, intensive Tr\u00e4ume) k\u00f6nnen die k\u00f6rperlichen wie auch die emotionalen Beschwerden verst\u00e4rken resp. verschlimmern.<\/p>\n<p class=\"p1\"><strong>Ver\u00e4nderungen der kognitiven Funktionen<\/strong> wie Konzentrationsschw\u00e4che, Ged\u00e4chtnisverlust, eingeschr\u00e4nktes Denkverm\u00f6gen, mit Einfluss z. B. auf die Arbeitsqualit\u00e4t- und Quantit\u00e4t.<\/p>\n<p class=\"p1\"><strong>Symptome des Herz-Kreislauf-Systems <\/strong><br \/>\nEngegef\u00fchl in der Brust, Herzklopfen, Herzrasen oder Herzrhythmusst\u00f6rungen.<\/p>\n<p class=\"p1\"><strong>Symptome des Verdauungssystems <\/strong><br \/>\nAppetitlosigkeit, Bauchschmerzen, Bl\u00e4hungen, Durchfall &amp; Verstopfung, in schweren F\u00e4llen auch Erkrankungen wie Anorexia nervosa (Essst\u00f6rung\/Magersucht) oder Bulimia nervosa (Ess-Brech-Sucht). St\u00f6rungen des Verdauungssystems verst\u00e4rken oft emotionale St\u00f6rungen oder andere k\u00f6rperliche Symptome der Patienten und beg\u00fcnstigen weitere k\u00f6rperliche Beschwerden wie Schwindel, Kopfschmerzen, Schulter- und Nackenverspannungen, Muskelverspannungen, erh\u00f6hte M\u00fcdigkeit sowie sexuelle Dysfunktionen (Impotenz, Verlust des sexuellen Verlangens usw.).<\/p>\n<p class=\"p1\">Um das Auftreten psychosomatischer Erkrankungen zu verhindern, ist ein gesunder Lebensstil sehr wichtig. Dieser umfasst u.a. eine gesunde Ern\u00e4hrung, regelm\u00e4ssige Bewegung und ausreichende Ruhezeiten. Dazu geh\u00f6rt auch der Aufbau einer gesunden Stress-Resilienz, d.h. Strategien zu entwickeln, um Belastungen besser bew\u00e4ltigen zu k\u00f6nnen, allenfalls unter Einbezug von entsprechenden Fachkr\u00e4ften.<\/p>\n<blockquote>\n<p class=\"p1\"><i>Aus Sicht der <a href=\"https:\/\/sinomed.ch\/de\/traditionelle-chinesische-medizin\/\">TCM<\/a> kontrolliert <\/i><i>das Herz die geistigen Aktivi<\/i><i>t\u00e4ten und ist \u00abHerr der inneren <\/i><i>Organe\u00bb<\/i><\/p>\n<\/blockquote>\n<p class=\"p1\">Die <a href=\"https:\/\/sinomed.ch\/de\/traditionelle-chinesische-medizin\/grundlagen\/einfuehrung-in-die-traditionelle-chinesische-medizin-tcm\/\">traditionelle chinesische Medizin (TCM)<\/a> geht davon aus, dass verletzte Emotionen &amp; Gef\u00fchle direkt die inneren Organe belasten, wobei Funktionsst\u00f6rungen der entsprechenden Organe auftreten k\u00f6nnen.<\/p>\n<p class=\"p1\">Akupunktur sowie weitere Behandlungsformen der TCM (z.B. Kr\u00e4utertherapie, Moxibustion) stellen eine wirksame Methode zur Behandlung psychosomatischer Erkrankungen dar. Sie nutzen haupts\u00e4chlich die wirksame Stimulation von ausgew\u00e4hlten Akupunkturpunkten, um den Geist des Patienten zu entspannen, die Schlafqualit\u00e4t zu verbessern, die Organ-Energien zu steigern und die Stressresistenz des K\u00f6rpers zu verbessern.<\/p>\n<p class=\"p1\">Mit dem Ziel, die Selbstheilungskr\u00e4fte zu aktivieren, kann die geistige Unruhe schrittweise verringert und der K\u00f6rper in einen ausgeglichenen Zustand zur\u00fcckversetzt werden. Unter anderem erfolgt die Behandlung von Patienten mit psychosomatischen Beschwerden durch die Stimulierung der \u00ab13-Geist-Akupunkturpunkte\u00bb, chinesisch auch \u00abGui Xue\u00bb genannt. Diese umfassen u.a. Akupunkturpunkte auf dem Lungen-, Milz-, Herzbeutel-, Blase-, Magen- und Dickdarm-Meridian, auf zwei Meridianen (Ren und Du), die mit allen Yin- und Yang-Meridianen in Verbindung stehen und der Aktivierung des \u00abExtra-Akupunkturpunktes Hai Quan\u00bb. Im Geiste der Lehre der TCM unterst\u00fctzt die Behandlung dieser 13 Punkte die Patienten sehr effektiv bei der Findung des wahren Selbst sowie bei der Aufl\u00f6sung von emotionalen und psychischen Dysbalancen.<\/p>\n<p>F\u00fcr weitere Ausk\u00fcnfte oder eine Terminvereinbarung stehen wir Ihnen jederzeit gerne via\u00a0<a href=\"https:\/\/sinomed.ch\/de\/kontakt\/\" target=\"_blank\" rel=\"noopener noreferrer\">Kontaktformular<\/a>\u00a0oder Gratis-Hotline\u00a0<a href=\"tel:+41800753753\" target=\"_blank\" rel=\"noopener noreferrer\">0800 753 753<\/a>\u00a0zur Verf\u00fcgung.<\/p>\n","protected":false},"excerpt":{"rendered":"<p>Psychosomatische Erkrankungen sind k\u00f6rperliche Beschwerden oder Funktionsst\u00f6rungen, die durch Stress, Angst oder emotionale Belastungen ausgel\u00f6st werden k\u00f6nnen. Menschen k\u00f6nnen sich in der Folge unwohl f\u00fchlen, obwohl keine erkennbare k\u00f6rperliche Ursache vorliegt. Psychische Faktoren spielen eine wichtige Rolle bei der Entstehung und Entwicklung von Krankheiten. Gerade in der modernen Gesellschaft f\u00fchren die Schnelllebigkeit, der hohe Arbeitsdruck,&#8230;  <a class=\"excerpt-read-more\" href=\"https:\/\/sinomed.ch\/de\/traditionelle-chinesische-medizin\/behandlungsgebiete\/tcm-behandlung-psychosomatischer-erkrankung\/\" title=\"Read Behandlung psychosomatischer Erkrankungen in der Traditionellen Chinesischen Medizin (TCM)\">Weiterlesen &raquo;<\/a><\/p>\n","protected":false},"author":1,"featured_media":0,"parent":339,"menu_order":0,"comment_status":"closed","ping_status":"closed","template":"","meta":[],"_links":{"self":[{"href":"https:\/\/sinomed.ch\/de\/wp-json\/wp\/v2\/pages\/14952"}],"collection":[{"href":"https:\/\/sinomed.ch\/de\/wp-json\/wp\/v2\/pages"}],"about":[{"href":"https:\/\/sinomed.ch\/de\/wp-json\/wp\/v2\/types\/page"}],"author":[{"embeddable":true,"href":"https:\/\/sinomed.ch\/de\/wp-json\/wp\/v2\/users\/1"}],"replies":[{"embeddable":true,"href":"https:\/\/sinomed.ch\/de\/wp-json\/wp\/v2\/comments?post=14952"}],"version-history":[{"count":20,"href":"https:\/\/sinomed.ch\/de\/wp-json\/wp\/v2\/pages\/14952\/revisions"}],"predecessor-version":[{"id":15168,"href":"https:\/\/sinomed.ch\/de\/wp-json\/wp\/v2\/pages\/14952\/revisions\/15168"}],"up":[{"embeddable":true,"href":"https:\/\/sinomed.ch\/de\/wp-json\/wp\/v2\/pages\/339"}],"wp:attachment":[{"href":"https:\/\/sinomed.ch\/de\/wp-json\/wp\/v2\/media?parent=14952"}],"curies":[{"name":"wp","href":"https:\/\/api.w.org\/{rel}","templated":true}]}}