
















{"id":150,"date":"2014-04-11T10:36:12","date_gmt":"2014-04-11T09:36:12","guid":{"rendered":"http:\/\/sinomed.ch\/de\/?page_id=150"},"modified":"2025-05-06T08:05:50","modified_gmt":"2025-05-06T07:05:50","slug":"homepage","status":"publish","type":"page","link":"https:\/\/sinomed.ch\/de\/","title":{"rendered":"Homepage"},"content":{"rendered":"<div id=\"open-power-desc\" class=\"qbtn-explanation\">\n<h2>Sinomed \u2013 Ihr Partner f\u00fcr chinesische Medizin<\/h2>\n<p>In unseren beiden Praxen in Schaffhausen und Winterthur bieten wir hochqualitative chinesische Medizin (TCM) seit dem Jahr 2000. Unsere TCM-Therapeuten verf\u00fcgen beide \u00fcber mehr als 30 Jahre Berufserfahrung. Frau Zhang (\u00fcber 15 Jahre bei Sinomed) und Herr Qin (\u00fcber 20 Jahre bei Sinomed) sind ihre langj\u00e4hrigen Ansprechpartner bei Fragen rund um Ihre Gesundheit.<\/p>\n<h2>Unsere TCM-Spezialisten sprechen Deutsch \u2013 ausgezeichnet mit B2-Sprachdiplom!<\/h2>\n<p><span style=\"color: #333333;\">Profitieren auch Sie von der hohen Fachkompetenz &amp; Empathie sowie der sanften Arbeitsweise unserer Fachkr\u00e4fte. <\/span><\/p>\n<div class=\"images-cvs\">\n<div class=\"person\"><img loading=\"lazy\" class=\"alignnone wp-image-14945\" src=\"https:\/\/sinomed.ch\/de\/wp-content\/uploads\/2025\/05\/D800E_019398.jpg\" alt=\"\" width=\"297\" height=\"198\" srcset=\"https:\/\/sinomed.ch\/de\/wp-content\/uploads\/2025\/05\/D800E_019398.jpg 1920w, https:\/\/sinomed.ch\/de\/wp-content\/uploads\/2025\/05\/D800E_019398-300x200.jpg 300w, https:\/\/sinomed.ch\/de\/wp-content\/uploads\/2025\/05\/D800E_019398-1024x683.jpg 1024w, https:\/\/sinomed.ch\/de\/wp-content\/uploads\/2025\/05\/D800E_019398-125x83.jpg 125w, https:\/\/sinomed.ch\/de\/wp-content\/uploads\/2025\/05\/D800E_019398-768x512.jpg 768w, https:\/\/sinomed.ch\/de\/wp-content\/uploads\/2025\/05\/D800E_019398-1536x1025.jpg 1536w, https:\/\/sinomed.ch\/de\/wp-content\/uploads\/2025\/05\/D800E_019398-350x234.jpg 350w, https:\/\/sinomed.ch\/de\/wp-content\/uploads\/2025\/05\/D800E_019398-714x476.jpg 714w\" sizes=\"(max-width: 297px) 100vw, 297px\" \/><span class=\"name\">Aiguo Qin<\/span><span style=\"color: #ff9900;\"><a style=\"color: #ff9900;\" href=\"https:\/\/sinomed.ch\/de\/wp-content\/uploads\/2020\/10\/CV-Qin-Schaffhausen.pdf\"><span style=\"color: #ff6600;\">CV &amp; Spezialgebiete<\/span><\/a><\/span><\/div>\n<div class=\"person\"><img loading=\"lazy\" class=\"alignnone wp-image-14976\" src=\"https:\/\/sinomed.ch\/de\/wp-content\/uploads\/2025\/05\/D800E_019424-1-scaled.jpg\" alt=\"\" width=\"295\" height=\"197\" srcset=\"https:\/\/sinomed.ch\/de\/wp-content\/uploads\/2025\/05\/D800E_019424-1-scaled.jpg 2560w, https:\/\/sinomed.ch\/de\/wp-content\/uploads\/2025\/05\/D800E_019424-1-300x200.jpg 300w, https:\/\/sinomed.ch\/de\/wp-content\/uploads\/2025\/05\/D800E_019424-1-1024x683.jpg 1024w, https:\/\/sinomed.ch\/de\/wp-content\/uploads\/2025\/05\/D800E_019424-1-125x83.jpg 125w, https:\/\/sinomed.ch\/de\/wp-content\/uploads\/2025\/05\/D800E_019424-1-768x513.jpg 768w, https:\/\/sinomed.ch\/de\/wp-content\/uploads\/2025\/05\/D800E_019424-1-1536x1025.jpg 1536w, https:\/\/sinomed.ch\/de\/wp-content\/uploads\/2025\/05\/D800E_019424-1-2048x1367.jpg 2048w, https:\/\/sinomed.ch\/de\/wp-content\/uploads\/2025\/05\/D800E_019424-1-350x234.jpg 350w, https:\/\/sinomed.ch\/de\/wp-content\/uploads\/2025\/05\/D800E_019424-1-714x477.jpg 714w\" sizes=\"(max-width: 295px) 100vw, 295px\" \/><span class=\"name\">Xiaomei Zhang<\/span><span style=\"color: #ff6600;\"><a style=\"color: #ff6600;\" href=\"https:\/\/sinomed.ch\/de\/wp-content\/uploads\/2024\/03\/Zhang_SH_Winti.pdf\">CV &amp; Spezialgebiete<\/a><\/span><\/div>\n<\/div>\n<p><span style=\"color: #ff6600;\"><strong>Meister der Ruhe &amp; Gelassenheit<\/strong>:<\/span> lassen Sie sich \u00abanstecken\u00bb von der angenehmen Ruhe, die unsere Therapeuten ausstrahlen. Tanken Sie w\u00e4hrend Ihrer ganzheitlichen Behandlungen Kraft &amp; Energie f\u00fcr Ihren Alltag!<\/p>\n<p>Chronische Schmerzen, Heuschnupfen\/Allergien, Migr\u00e4ne, Kinderwunsch, Blasenentz\u00fcndung, Wechseljahrbeschwerden u.v.m: unsere beiden TCM-Spezialisten k\u00fcmmern sich um Ihre Gesundheit. Die wichtigsten Behandlungsgebiete finden Sie unter Behandlung\/Behandlungsgebiete.<\/p>\n<p>Unsere Therapeuten sind \u00fcber Zusatzversicherungen f\u00fcr Komplement\u00e4rmedizin anerkannt.<\/p>\n<p><span style=\"color: #ff6600;\"><a style=\"color: #ff6600;\" href=\"https:\/\/sinomed.ch\/de\/warum-sinomed\/\">Warum Sinomed? Weitere Vorteile im \u00dcberblick!<\/a><\/span><\/p>\n<\/div>\n<p><!--more--><\/p>\n","protected":false},"excerpt":{"rendered":"<p>Sinomed \u2013 Ihr Partner f\u00fcr chinesische Medizin In unseren beiden Praxen in Schaffhausen und Winterthur bieten wir hochqualitative chinesische Medizin (TCM) seit dem Jahr 2000. Unsere TCM-Therapeuten verf\u00fcgen beide \u00fcber mehr als 30 Jahre Berufserfahrung. Frau Zhang (\u00fcber 15 Jahre bei Sinomed) und Herr Qin (\u00fcber 20 Jahre bei Sinomed) sind ihre langj\u00e4hrigen Ansprechpartner bei&#8230;  <a class=\"excerpt-read-more\" href=\"https:\/\/sinomed.ch\/de\/\" title=\"Read Homepage\">Weiterlesen &raquo;<\/a><\/p>\n","protected":false},"author":1,"featured_media":0,"parent":0,"menu_order":1,"comment_status":"open","ping_status":"closed","template":"page-home.php","meta":[],"_links":{"self":[{"href":"https:\/\/sinomed.ch\/de\/wp-json\/wp\/v2\/pages\/150"}],"collection":[{"href":"https:\/\/sinomed.ch\/de\/wp-json\/wp\/v2\/pages"}],"about":[{"href":"https:\/\/sinomed.ch\/de\/wp-json\/wp\/v2\/types\/page"}],"author":[{"embeddable":true,"href":"https:\/\/sinomed.ch\/de\/wp-json\/wp\/v2\/users\/1"}],"replies":[{"embeddable":true,"href":"https:\/\/sinomed.ch\/de\/wp-json\/wp\/v2\/comments?post=150"}],"version-history":[{"count":152,"href":"https:\/\/sinomed.ch\/de\/wp-json\/wp\/v2\/pages\/150\/revisions"}],"predecessor-version":[{"id":14978,"href":"https:\/\/sinomed.ch\/de\/wp-json\/wp\/v2\/pages\/150\/revisions\/14978"}],"wp:attachment":[{"href":"https:\/\/sinomed.ch\/de\/wp-json\/wp\/v2\/media?parent=150"}],"curies":[{"name":"wp","href":"https:\/\/api.w.org\/{rel}","templated":true}]}}