
















{"id":15056,"date":"2025-06-24T08:50:37","date_gmt":"2025-06-24T07:50:37","guid":{"rendered":"https:\/\/sinomed.ch\/de\/?page_id=15056"},"modified":"2025-09-22T09:20:15","modified_gmt":"2025-09-22T08:20:15","slug":"long-covid","status":"publish","type":"page","link":"https:\/\/sinomed.ch\/de\/traditionelle-chinesische-medizin\/behandlungsgebiete\/long-covid\/","title":{"rendered":"Behandlung von Long Covid mit TCM"},"content":{"rendered":"<img loading=\"lazy\" class=\"wp-image-15057 alignleft\" src=\"https:\/\/sinomed.ch\/de\/wp-content\/uploads\/2025\/06\/Screenshot-2025-06-24-at-09.40.38.png\" alt=\"\" width=\"376\" height=\"251\" srcset=\"https:\/\/sinomed.ch\/de\/wp-content\/uploads\/2025\/06\/Screenshot-2025-06-24-at-09.40.38.png 1632w, https:\/\/sinomed.ch\/de\/wp-content\/uploads\/2025\/06\/Screenshot-2025-06-24-at-09.40.38-300x200.png 300w, https:\/\/sinomed.ch\/de\/wp-content\/uploads\/2025\/06\/Screenshot-2025-06-24-at-09.40.38-1024x684.png 1024w, https:\/\/sinomed.ch\/de\/wp-content\/uploads\/2025\/06\/Screenshot-2025-06-24-at-09.40.38-125x83.png 125w, https:\/\/sinomed.ch\/de\/wp-content\/uploads\/2025\/06\/Screenshot-2025-06-24-at-09.40.38-768x513.png 768w, https:\/\/sinomed.ch\/de\/wp-content\/uploads\/2025\/06\/Screenshot-2025-06-24-at-09.40.38-1536x1026.png 1536w, https:\/\/sinomed.ch\/de\/wp-content\/uploads\/2025\/06\/Screenshot-2025-06-24-at-09.40.38-350x234.png 350w, https:\/\/sinomed.ch\/de\/wp-content\/uploads\/2025\/06\/Screenshot-2025-06-24-at-09.40.38-714x477.png 714w\" sizes=\"(max-width: 376px) 100vw, 376px\" \/>\n<p class=\"p1\">Die Folgebeschwerden einer Covid-19-Viruserkrankung k\u00f6nnen sehr vielseitig sein resp. stark variieren. Zu den am h\u00e4ufigsten bekannten Symptomen z\u00e4hlen:<\/p>\n<p class=\"p1\"><strong>M\u00fcdigkeit oder Ersch\u00f6pfung<\/strong><br \/>\nPatienten f\u00fchlen sich auch lange nach \u00fcberstandener Erkrankung schwach, erm\u00fcden schnell, leiden unter Energiemangel und f\u00fchlen sich kraftlos.<\/p>\n<p class=\"p1\"><strong>Konzentrationsst\u00f6rungen <\/strong><br \/>\nEinschliesslich Symptomen wie Ged\u00e4chtnisverlust, Unaufmerksamkeit, langsames Denken\/\u00abBrainfog\u00bb, welche die t\u00e4gliche Arbeit und das Leben des Patienten stark erschweren k\u00f6nnen.<\/p>\n<p class=\"p1\"><strong>Schlafst\u00f6rungen<\/strong><br \/>\n<a href=\"https:\/\/sinomed.ch\/de\/tcm-hilft-gegen-viele-formen-der-muedigkeit\/\">Schlaflosigkeit<\/a> und\/oder schlechte Schlafqualit\u00e4t\/h\u00e4ufiges Erwachen, die mit neurologischen Auswirkungen oder psychischem Stress nach einer Covid-19-Infektion zusammenh\u00e4ngen k\u00f6nnen.<\/p>\n<p class=\"p1\"><strong>Atembeschwerden<\/strong><br \/>\nAufgrund einer Lungensch\u00e4digung\/Beeintr\u00e4chtigung kann es bei Patienten zu Behinderungen beim Austausch von Sauerstoff und Kohlendioxid kommen, was zu Atembeschwerden und Kurzatmigkeit f\u00fchren kann.<\/p>\n<p class=\"p1\"><strong>Anhaltender Husten<\/strong><br \/>\nDer Husten und ein Engegef\u00fchl in der Brust k\u00f6nnen nach einer Covid-19-Erkrankung langfristig bestehen bleiben und die Lebensqualit\u00e4t des Patienten mindern.<\/p>\n<p class=\"p1\"><strong>Gelenk- oder Muskelschmerzen<\/strong><br \/>\nBei Long Covid k\u00f6nnen rheumatische Beschwerden an Gelenken und Muskeln auftreten (Schwellungen\/Steifheit).<\/p>\n<p class=\"p1\"><strong>Geruchs- oder Geschmacksst\u00f6rung<\/strong><br \/>\nVerlust oder Verminderung des Geruchssinns und\/oder Geschmackssinns.<\/p>\n<p class=\"p1\"><strong>Psychische Erkrankungen<\/strong><br \/>\n<a href=\"https:\/\/sinomed.ch\/de\/erschoepfung-depression-in-der-tcm\/\">Depressionen<\/a>, Angstst\u00f6rungen, Reizbarkeit usw., welche mit den physiologischen Ver\u00e4nderungen nach einer Covid-19-Infektion interagieren und die Genesung des Patienten beeintr\u00e4chtigen.<\/p>\n<p class=\"p1\">Dar\u00fcber hinaus gibt es weitere m\u00f6gliche Symptome von Covid-19, wie Kopfschmerzen, Brustschmerzen, Herzklopfen, Appetitlosigkeit, Schwindel und Probleme mit dem Verdauungssystem.<\/p>\n<blockquote>\n<p class=\"p1\"><i>Es ist wichtig zu beachten, <\/i><i>dass die Anzahl der oben <\/i><i>genannten Beschwerden <\/i><i>sowie der Schweregrad und <\/i><i>die Dauer sich von Patient zu <\/i><i>Patient unterscheiden.<\/i><\/p>\n<\/blockquote>\n<p class=\"p1\">Die <a href=\"https:\/\/sinomed.ch\/de\/traditionelle-chinesische-medizin\/grundlagen\/einfuehrung-in-die-traditionelle-chinesische-medizin-tcm\/\">Traditionelle Chinesische Medizin (TCM)<\/a> erkennt bei Patienten nach einer Covid-19-Erkrankung 3 Typen von k\u00f6rperlichen Mangel-Syndromen:<\/p>\n<p class=\"p1\">Qi-Mangel-Syndrom<\/p>\n<p class=\"p1\">Blut-Mangel-Syndrom<\/p>\n<p class=\"p1\">Yin-Mangel-Syndrom<\/p>\n<p class=\"p1\">Mit TCM-Behandlungen k\u00f6nnen bei Symptomen nach einer Covid-19-Erkrankung sehr gute Ergebnisse erzielt werden. Die Anzahl Behandlungen variiert je nach Schweregrad &amp; Dauer der Symptome. Das Therapiekonzept umfasst folgende Behandlungsmethoden:<\/p>\n<p class=\"p1\"><strong>Akupunkturbehandlung<\/strong><\/p>\n<p class=\"p1\">Die Basisbehandlungsmethode bei Symptomen nach einer Covid-19-Erkrankung stellt die Akupunkturbehandlung dar. Durch die Stimulierung spezifischer Akupunkturpunkte wie z.B. Dazhui, Tanzhong, Lieque, Neiguan, Hegu, Zusanli, Sanyinjiao, Zhaohai, Taixi wird die Selbstheilungskraft des K\u00f6rpers angeregt \u2013 und im angezeigten Fall durch den Einsatz von <a href=\"https:\/\/sinomed.ch\/de\/traditionelle-chinesische-medizin\/behandlungsmethoden\/moxibustion\/\">Moxibustion<\/a>, einer gezielten W\u00e4rmbehandlung von Akupunkturpunkten mit Beifuss-Kraut, unterst\u00fctzt.<\/p>\n<p class=\"p1\"><strong>Kr\u00e4uter-Therapie<\/strong><\/p>\n<p class=\"p2\">Eine auf den Patienten individuell abgestimmte Kr\u00e4uter-Rezeptur unterst\u00fctzt die Selbstheilungskr\u00e4fte zus\u00e4tzlich und erg\u00e4nzt die Akupunkturbehandlung. Je nach Mangel-Syndrom werden Kr\u00e4uter, wie z. B. Gingseng, Dangshen, Angelikawurzel, weisse Pfingstrosenwurzel, Rehmanniawurzel, Dendrobium u. v. m.) angewandt. Dar\u00fcber hinaus ist es wichtig, dass die Patienten auf ihren K\u00e4lte- und W\u00e4rmehaushalt achten, um Erk\u00e4ltungen vorzubeugen w\u00e4hrend dem Heilungsprozess. Die Kr\u00e4uter-Therapie\u00a0kann im angezeigten Fall auch nach der Beendigung der Behandlung weitergef\u00fchrt werden, um die Regeneration des K\u00f6rpers weiter zu unterst\u00fctzen.<\/p>\n<p>&nbsp;<\/p>\n<p>F\u00fcr weitere Ausk\u00fcnfte oder eine Terminvereinbarung stehen wir Ihnen jederzeit gerne via\u00a0<a href=\"https:\/\/sinomed.ch\/de\/kontakt\/\" target=\"_blank\" rel=\"noopener noreferrer\">Kontaktformular<\/a>\u00a0oder Gratis-Hotline\u00a0<a href=\"tel:+41800753753\" target=\"_blank\" rel=\"noopener noreferrer\">0800 753 753<\/a>\u00a0zur Verf\u00fcgung.<\/p>\n","protected":false},"excerpt":{"rendered":"<p>Die Folgebeschwerden einer Covid-19-Viruserkrankung k\u00f6nnen sehr vielseitig sein resp. stark variieren. Zu den am h\u00e4ufigsten bekannten Symptomen z\u00e4hlen: M\u00fcdigkeit oder Ersch\u00f6pfung Patienten f\u00fchlen sich auch lange nach \u00fcberstandener Erkrankung schwach, erm\u00fcden schnell, leiden unter Energiemangel und f\u00fchlen sich kraftlos. Konzentrationsst\u00f6rungen Einschliesslich Symptomen wie Ged\u00e4chtnisverlust, Unaufmerksamkeit, langsames Denken\/\u00abBrainfog\u00bb, welche die t\u00e4gliche Arbeit und das Leben des&#8230;  <a class=\"excerpt-read-more\" href=\"https:\/\/sinomed.ch\/de\/traditionelle-chinesische-medizin\/behandlungsgebiete\/long-covid\/\" title=\"Read Behandlung von Long Covid mit TCM\">Weiterlesen &raquo;<\/a><\/p>\n","protected":false},"author":1,"featured_media":0,"parent":339,"menu_order":0,"comment_status":"closed","ping_status":"closed","template":"","meta":[],"_links":{"self":[{"href":"https:\/\/sinomed.ch\/de\/wp-json\/wp\/v2\/pages\/15056"}],"collection":[{"href":"https:\/\/sinomed.ch\/de\/wp-json\/wp\/v2\/pages"}],"about":[{"href":"https:\/\/sinomed.ch\/de\/wp-json\/wp\/v2\/types\/page"}],"author":[{"embeddable":true,"href":"https:\/\/sinomed.ch\/de\/wp-json\/wp\/v2\/users\/1"}],"replies":[{"embeddable":true,"href":"https:\/\/sinomed.ch\/de\/wp-json\/wp\/v2\/comments?post=15056"}],"version-history":[{"count":10,"href":"https:\/\/sinomed.ch\/de\/wp-json\/wp\/v2\/pages\/15056\/revisions"}],"predecessor-version":[{"id":15163,"href":"https:\/\/sinomed.ch\/de\/wp-json\/wp\/v2\/pages\/15056\/revisions\/15163"}],"up":[{"embeddable":true,"href":"https:\/\/sinomed.ch\/de\/wp-json\/wp\/v2\/pages\/339"}],"wp:attachment":[{"href":"https:\/\/sinomed.ch\/de\/wp-json\/wp\/v2\/media?parent=15056"}],"curies":[{"name":"wp","href":"https:\/\/api.w.org\/{rel}","templated":true}]}}