
















{"id":1525,"date":"2014-10-31T16:30:45","date_gmt":"2014-10-31T16:30:45","guid":{"rendered":"http:\/\/sinomed.ch\/de\/?page_id=1525"},"modified":"2025-09-22T09:09:47","modified_gmt":"2025-09-22T08:09:47","slug":"mit-akupunktur-gegen-heuschnupfen","status":"publish","type":"page","link":"https:\/\/sinomed.ch\/de\/traditionelle-chinesische-medizin\/behandlungsgebiete\/mit-akupunktur-gegen-heuschnupfen\/","title":{"rendered":"Mit Akupunktur gegen Heuschnupfen"},"content":{"rendered":"<img loading=\"lazy\" class=\"alignleft wp-image-1526\" src=\"https:\/\/sinomed.ch\/de\/wp-content\/uploads\/2014\/10\/Fotolia_64838387_XL-1024x775.jpg\" alt=\"Heuschnupfen\" width=\"338\" height=\"255\" srcset=\"https:\/\/sinomed.ch\/de\/wp-content\/uploads\/2014\/10\/Fotolia_64838387_XL-1024x775.jpg 1024w, https:\/\/sinomed.ch\/de\/wp-content\/uploads\/2014\/10\/Fotolia_64838387_XL-125x94.jpg 125w, https:\/\/sinomed.ch\/de\/wp-content\/uploads\/2014\/10\/Fotolia_64838387_XL-300x227.jpg 300w, https:\/\/sinomed.ch\/de\/wp-content\/uploads\/2014\/10\/Fotolia_64838387_XL-350x264.jpg 350w\" sizes=\"(max-width: 338px) 100vw, 338px\" \/>\n<p>Immer mehr Menschen in westlichen Industriestaaten leiden unter den Beschwerden des Heuschnupfens. Heuschnupfen ist eine Auspr\u00e4gung des allergischen Formenkreises.<\/p>\n<p class=\"dm-72\">Laut Statistik hat sich das Auftreten von Heuschnupfen im letzten Jahrzehnt verzehnfacht. Die aktuelle H\u00e4ufigkeit des Heuschnupfens laut der \u00abSparda\u00bb-Studie (Swiss study on air polution and lung disease on adults) ist zwischen 11% und 14% bei Erwachsenen, 80% haben Symptome vor dem 20. Lebensjahr. Frauen und M\u00e4nner sind ungef\u00e4hr gleich betroffen.<\/p>\n<p>Verschiedene Faktoren tragen zum vermehrten Auftreten des Heuschnupfens bei. Erw\u00e4hnt sei die zunehmende Luftverschmutzung, die die Schleimh\u00e4ute auf Dauer reizt und schw\u00e4cht. Somit kommt es auch zu einer h\u00f6heren Durchl\u00e4ssigkeit von Allergenen sowie einer schlechteren Selbstreinigung der Schleimh\u00e4ute. Auch \u00e4ndert sich der Stoffwechsel der Pflanzen durch zunehmende Verunreinigung der B\u00f6den und der Luft, so dass auch die Pollen zu aggressiveren Allergenen mutieren k\u00f6nnen.<\/p>\n<p>Schulmedizinisch handelt es sich bei Allergien um eine \u00fcbertrieben starke Reaktion des Immunsystems auf normalerweise harmlose oder nur leicht reizende Stoffe, wie z.B. Pollen, Staub, Schimmel und Nahrungszusatzstoffe.<\/p>\n<p>Aus Sicht der Chinesischen Medizin werden verschiedene Muster unterschieden. Die h\u00e4ufigste Ursache f\u00fcr Heuschnupfen ist eine Schw\u00e4che des Lungen-Qi und die Blockade im Brustraum, so dass das Lungen-Qi nicht absteigen kann. In der Folge kommt es zu einem so genannten \u00abF\u00fclle-Zustand\u00bb des oberen Dreifach-Erw\u00e4rmers. Eine \u00fcberm\u00e4ssige Absonderung von Sekret durch die \u00fcberreizten Nasenschleimh\u00e4ute ist die Folge, h\u00e4ufig auch Atemnot und asthmatische Beschwerden. \u00c4ussere pathogene Faktoren wie z.B. Wind und Hitze erzeugen im Sinne der TCM die \u00dcberreizung der Schleimh\u00e4ute, was sich vor allem in Form von ger\u00f6teten und juckenden Augen zeigt sowie Niesattacken und juckender Nase.<\/p>\n<blockquote><p>In den meisten F\u00e4llen erzielen wir im ersten Jahr eine Besserung der Beschwerden von 50\u201380%.<\/p><\/blockquote>\n<p>Das Ziel der Therapie ist in diesem Fall die St\u00e4rkung des Lungen- Qi, die Eliminierung der pathogenen Faktoren Wind und Hitze, sowie die absteigende Funktion des Lungen-Qi wieder herzustellen. Die Lunge kontrolliert die oberen Atemwege, \u00f6ffnet sich in der Nase und stellt das so genannte \u00abWEI-Qi\u00bb bereit (eine Art \u00abAbwehrenergie\u00bb) gegen \u00e4ussere, krankmachende Faktoren. So wird \u00fcber die Organregulation auf Dauer die Symptomfreiheit angestrebt.<\/p>\n<p>Andere Faktoren wie eine Schw\u00e4che des Funktionskreises der Milz (Erdelement) oder eine \u00dcberbelastung des Leberfunktionskreises k\u00f6nnen ebenso Ursachen sein f\u00fcr die Ausbildung eines Heuschnupfens. Dies differenziert der erfahrene Therapeut \u00fcber die Puls- und Zungendiagnose sowie eine ausf\u00fchrliche Anamnese.<\/p>\n<p>Um einen Ausgleich der Lebensenergie zu erreichen behandelt man Heuschnupfen mit 8\u201312 Akupunkturanwendungen. Die Therapie wird 2\u20133 Wochen vor dem voraussichtlichen Beginn der Heuschnupfenbeschwerden mit 2 Behandlungen pro Woche begonnen. Die Behandlung dauert normalerweise ca. 6\u20138 Wochen, in den letzten Wochen wird nur einmal w\u00f6chentlich behandelt. Auch im Folgejahr ist es sinnvoll, einen Behandlungszyklus anzusetzen, um eine dauerhafte St\u00e4rkung der geschw\u00e4chten Funktionskreise zu erreichen.<\/p>\n<p>Die Erfahrung in unseren Praxen zeigt: in den meisten F\u00e4llen erzielen wir im ersten Jahr eine Besserung der Beschwerden von 50\u201380%, im zweiten Jahr h\u00e4ufig eine noch weitergehende Beschwerdelinderung.<\/p>\n<p>Selbst bei lang bestehenden Allergien, die schulmedizinisch mit z.B. cortisonhaltigen Pr\u00e4paraten oder auch Antihistaminika behandelt werden, zeigt die Akupunktur meist erstaunlich gute Ergebnisse. Ein wichtiger Vorteil der Akupunkturbehandlung: praktisch keine nennenswerten Nebenwirkungen!<\/p>\n<p>F\u00fcr weitere Ausk\u00fcnfte oder eine Terminvereinbarung stehen wir Ihnen jederzeit gerne via\u00a0<a href=\"https:\/\/sinomed.ch\/de\/kontakt\/\" target=\"_blank\" rel=\"noopener noreferrer\">Kontaktformular<\/a>\u00a0oder Gratis-Hotline\u00a0<a href=\"tel:+41800753753\" target=\"_blank\" rel=\"noopener noreferrer\">0800 753 753<\/a>\u00a0zur Verf\u00fcgung.<\/p>\n<p><a href=\"https:\/\/sinomed.ch\/de\/patientenberichte\/alexander-koller-heuschnupfen-asthma\/\" target=\"_blank\" rel=\"noopener noreferrer\">Patientenbericht zum Thema\u00a0Heuschnupfen &amp; Asthma<\/a><\/p>\n<a href=\"https:\/\/sinomed.ch\/de\/patientenberichte\/alexander-koller-heuschnupfen-asthma\/\"><img loading=\"lazy\" class=\"alignnone size-medium wp-image-2107\" src=\"https:\/\/sinomed.ch\/de\/wp-content\/uploads\/2015\/08\/Alexander_Koller-300x285.png\" alt=\"\" width=\"300\" height=\"285\" srcset=\"https:\/\/sinomed.ch\/de\/wp-content\/uploads\/2015\/08\/Alexander_Koller-300x285.png 300w, https:\/\/sinomed.ch\/de\/wp-content\/uploads\/2015\/08\/Alexander_Koller-125x119.png 125w, https:\/\/sinomed.ch\/de\/wp-content\/uploads\/2015\/08\/Alexander_Koller-1024x971.png 1024w, https:\/\/sinomed.ch\/de\/wp-content\/uploads\/2015\/08\/Alexander_Koller-350x332.png 350w, https:\/\/sinomed.ch\/de\/wp-content\/uploads\/2015\/08\/Alexander_Koller.png 1418w\" sizes=\"(max-width: 300px) 100vw, 300px\" \/><\/a>\n","protected":false},"excerpt":{"rendered":"<p>Immer mehr Menschen in westlichen Industriestaaten leiden unter den Beschwerden des Heuschnupfens. Heuschnupfen ist eine Auspr\u00e4gung des allergischen Formenkreises. Laut Statistik hat sich das Auftreten von Heuschnupfen im letzten Jahrzehnt verzehnfacht. Die aktuelle H\u00e4ufigkeit des Heuschnupfens laut der \u00abSparda\u00bb-Studie (Swiss study on air polution and lung disease on adults) ist zwischen 11% und 14% bei&#8230;  <a class=\"excerpt-read-more\" href=\"https:\/\/sinomed.ch\/de\/traditionelle-chinesische-medizin\/behandlungsgebiete\/mit-akupunktur-gegen-heuschnupfen\/\" title=\"Read Mit Akupunktur gegen Heuschnupfen\">Weiterlesen &raquo;<\/a><\/p>\n","protected":false},"author":1,"featured_media":0,"parent":339,"menu_order":33,"comment_status":"open","ping_status":"open","template":"","meta":[],"_links":{"self":[{"href":"https:\/\/sinomed.ch\/de\/wp-json\/wp\/v2\/pages\/1525"}],"collection":[{"href":"https:\/\/sinomed.ch\/de\/wp-json\/wp\/v2\/pages"}],"about":[{"href":"https:\/\/sinomed.ch\/de\/wp-json\/wp\/v2\/types\/page"}],"author":[{"embeddable":true,"href":"https:\/\/sinomed.ch\/de\/wp-json\/wp\/v2\/users\/1"}],"replies":[{"embeddable":true,"href":"https:\/\/sinomed.ch\/de\/wp-json\/wp\/v2\/comments?post=1525"}],"version-history":[{"count":15,"href":"https:\/\/sinomed.ch\/de\/wp-json\/wp\/v2\/pages\/1525\/revisions"}],"predecessor-version":[{"id":15159,"href":"https:\/\/sinomed.ch\/de\/wp-json\/wp\/v2\/pages\/1525\/revisions\/15159"}],"up":[{"embeddable":true,"href":"https:\/\/sinomed.ch\/de\/wp-json\/wp\/v2\/pages\/339"}],"wp:attachment":[{"href":"https:\/\/sinomed.ch\/de\/wp-json\/wp\/v2\/media?parent=1525"}],"curies":[{"name":"wp","href":"https:\/\/api.w.org\/{rel}","templated":true}]}}