
















{"id":1602,"date":"2014-12-02T10:39:35","date_gmt":"2014-12-02T10:39:35","guid":{"rendered":"http:\/\/sinomed.ch\/de\/?page_id=1602"},"modified":"2025-09-22T09:17:33","modified_gmt":"2025-09-22T08:17:33","slug":"tcm-hilft-bei-kinderwunsch","status":"publish","type":"page","link":"https:\/\/sinomed.ch\/de\/traditionelle-chinesische-medizin\/behandlungsgebiete\/tcm-hilft-bei-kinderwunsch\/","title":{"rendered":"TCM hilft bei Kinderwunsch"},"content":{"rendered":"<p><img loading=\"lazy\" class=\"alignleft wp-image-1608\" src=\"https:\/\/sinomed.ch\/de\/wp-content\/uploads\/2014\/12\/Fotolia_53295340_XL-Kopie-1024x880.jpg\" alt=\"Babyf\u00fc\u00dfchen G\u00e4nsebl\u00fcmchen 3\" width=\"364\" height=\"313\" srcset=\"https:\/\/sinomed.ch\/de\/wp-content\/uploads\/2014\/12\/Fotolia_53295340_XL-Kopie-1024x880.jpg 1024w, https:\/\/sinomed.ch\/de\/wp-content\/uploads\/2014\/12\/Fotolia_53295340_XL-Kopie-125x107.jpg 125w, https:\/\/sinomed.ch\/de\/wp-content\/uploads\/2014\/12\/Fotolia_53295340_XL-Kopie-300x257.jpg 300w, https:\/\/sinomed.ch\/de\/wp-content\/uploads\/2014\/12\/Fotolia_53295340_XL-Kopie-350x300.jpg 350w\" sizes=\"(max-width: 364px) 100vw, 364px\" \/>Mit ein Grund, warum die Zahl an unfruchtbaren Menschen in den letzten Jahren massiv gestiegen ist, ist die heutige Gesellschaft, die von Schnelligkeit, Leistungsdruck und Stress gepr\u00e4gt ist. Die moderne Medizinaltechnik bietet bei ungewollter Unfruchtbarkeit alternative L\u00f6sungen wie z.B. IVF (In-vitro-Fertilisation). Die traditionelle chinesische Medizin (TCM), welche auf einer \u00fcber 3\u2019000-j\u00e4hrigen Erfahrung beruht, \u00fcberzeugt im Westen zunehmend durch ihre speziellen Betrachtungsweisen und Behandlungskonzepte. Bei Kinderwunsch bietet die TCM sinnvolle, sanfte und nebenwirkungsarme Unterst\u00fctzung.<\/p>\n<p>Gem\u00e4ss der TCM h\u00e4ngt die Fruchtbarkeit mit der Funktion von Niere, Leber und Milz eng zusammen. Die Niere speichert Essenz und beherrscht die Zeugungsf\u00e4higkeit.<\/p>\n<p>Das heisst, die n\u00f6tige Essenz zur angeborenen Fortpflanzungsf\u00e4higkeit wird in der Niere gespeichert. Die Leber speichert Blut (in TCM beinhaltet Blut \u00abXue\u00bb alle K\u00f6rpers\u00e4fte), kontrolliert die Blutmenge des K\u00f6rpers und reguliert zudem die Stimmung. Daher spielt die Leber eine zentrale Rolle im Menstruationszyklus. In der Milz wiederum wird Blut erzeugt, deshalb besteht ein Zusammenhang zwischen der Milz und der Blutungsmenge der Menstruation. Niere, Leber und Milz arbeiten eng zusammen und tragen gemeinsam zur Fruchtbarkeit bei. Die Niere speichert, die Leber reguliert und die Milz zeugt. Erst wenn gen\u00fcgend Qi (Lebensenergie), Xue (Blut) und Jing (Essenz) vorhanden sind, ist der Mensch zur Fortpflanzung f\u00e4hig.<\/p>\n<blockquote><p>Unfruchtbarkeit bedeutet f\u00fcr viele Patientinnen eine psychische Belastung.<\/p><\/blockquote>\n<p>Die Ursachen der Unfruchtbarkeit sind vielf\u00e4ltig. Aus Sicht derTCM sind folgende Disharmonie-Muster verantwortlich daf\u00fcr:<\/p>\n<p><strong>1) Nieren-Schw\u00e4che:<\/strong> Die TCM unterscheidet bei der Nieren-Schw\u00e4che zwischen Yin- Schw\u00e4che, Yang -Schw\u00e4che und Essenz-Schw\u00e4che. Erst wenn diese drei Defizite eliminiert sind, k\u00f6nnen Nieren ihre Zeugungsf\u00e4higkeit voll entfalten.<\/p>\n<p><strong>2) Leber-Qi-Stagnation:<\/strong> Das aufgestaute Qi wandelt sich mit der Zeit um in innere Hitze. Dies kann einerseits die Stimmung beeintr\u00e4chtigen. Andererseits kommt es zu Ovulationsst\u00f6rungen (unregelm\u00e4\u00dfige oder fehlende Regel).<\/p>\n<p><strong>3) Milz-Schw\u00e4che:<\/strong> Die Milz ist die Quelle des Qi und des Blutes. Eine Milz-Schw\u00e4che f\u00fchrt direkt zu schwacher Menstruation, in einzelnen F\u00e4llen sogar zu einem Ausbleiben der Menstruation. Andererseits verliert die Milz ihre<br \/>\nTransportf\u00e4higkeit der Fl\u00fcssigkeit aufgrund der Funktionsschw\u00e4che. Die Fl\u00fcssigkeit kann nicht gut verteilt und transportiert werden, infolgedessen sammelt sich die Fl\u00fcssigkeit im K\u00f6rper an und wandelt sich in Schleim und N\u00e4sse um, was zu einer Blockade in den Meridianen f\u00fchrt. Dies ist h\u00e4ufig ein wesentlicher Grund f\u00fcr \u00dcbergewicht, welcher auch die Fruchtbarkeit beeintr\u00e4chtigt.<\/p>\n<p><strong>4) K\u00e4lte-Blockade:<\/strong> Durch z.B. baden in kalten Gew\u00e4ssern oder Verzehr von \u00fcberm\u00e4ssigen, kalten Speisen kann pathogene K\u00e4lte in den K\u00f6rper eindringen und f\u00fchrt zu einer K\u00e4lte- Blockade in den Meridianen. Dies kann Menstruationsbeschwerden oder Unfruchtbarkeit verursachen.<\/p>\n<p><strong>Behandlungsmethoden &amp; Behandlungsprinzipien der TCM<\/strong><br \/>\nDie TCM hilft bei Kinderwunsch h\u00e4ufig mit einer Kombination von Akupunktur, Moxibustion, Phytotherapie, Schr\u00f6pfen, Ern\u00e4hrungstherapie, Ohr-Akupunktur sowie mentale Unterst\u00fctzung.<\/p>\n<p><strong>Akupunktur<\/strong><br \/>\nNachdem die Krankheitsursache individuell festgestellt wurde, wird je nach Disharmonie-Muster eine tonisierende oder ableitende Akupunktur-Methode eingesetzt, um das Nieren- Yang zu st\u00e4rken oder um die K\u00e4lte-Blockade zu l\u00f6sen. Die h\u00e4ufig angewandten Akupunktur-Punkte sind Shen-Jue, Ming-Men, Tai-Chong etc.<\/p>\n<p><strong>Phytotherapie<\/strong><br \/>\nBehandlung mit Kr\u00e4uterarzneimitteln ist ein wichtiger Bestandteil der TCM, geeignet f\u00fcr viele gyn\u00e4kologische Krankheiten wie z.B. Zyklusst\u00f6rungen, Menstruationsbeschwerden, Eileiterentz\u00fcndungen usw.<\/p>\n<p><strong>Ohr-Akupunktur<\/strong><br \/>\nwird angewandt bei Stimmungsschwankungen, Hormonhaushaltsst\u00f6rung und Schlafst\u00f6rung.<\/p>\n<p><strong>Ern\u00e4hrungstherapie<\/strong><br \/>\nJe nach Person, Region und Jahreszeit werden verschiedene Lebensmittel empfohlen, welche die K\u00f6rperkonstitution st\u00e4rken k\u00f6nnen. Somit bereitet sich der K\u00f6rper optimal auf eine Befruchtung vor.<\/p>\n<p><strong>Mentale Unterst\u00fctzung<\/strong><br \/>\nUnfruchtbarkeit bedeutet f\u00fcr viele Patientinnen eine psychische Belastung. Offene Gespr\u00e4che sind wichtig, um auf die Anliegen der Betroffenen einzugehen und nach L\u00f6sungen zu suchen. Vertrauen zwischen Patientin und Arzt ist von zentraler Bedeutung.<\/p>\n<p>F\u00fcr weitere Ausk\u00fcnfte oder eine Terminvereinbarung stehen wir Ihnen jederzeit gerne via\u00a0<a href=\"https:\/\/sinomed.ch\/de\/kontakt\/\" target=\"_blank\" rel=\"noopener noreferrer\">Kontaktformular<\/a>\u00a0oder Gratis-Hotline\u00a0<a href=\"tel:+41800753753\" target=\"_blank\" rel=\"noopener noreferrer\">0800 753 753<\/a>\u00a0zur Verf\u00fcgung.<\/p>\n","protected":false},"excerpt":{"rendered":"<p>Mit ein Grund, warum die Zahl an unfruchtbaren Menschen in den letzten Jahren massiv gestiegen ist, ist die heutige Gesellschaft, die von Schnelligkeit, Leistungsdruck und Stress gepr\u00e4gt ist. Die moderne Medizinaltechnik bietet bei ungewollter Unfruchtbarkeit alternative L\u00f6sungen wie z.B. IVF (In-vitro-Fertilisation). Die traditionelle chinesische Medizin (TCM), welche auf einer \u00fcber 3\u2019000-j\u00e4hrigen Erfahrung beruht, \u00fcberzeugt im&#8230;  <a class=\"excerpt-read-more\" href=\"https:\/\/sinomed.ch\/de\/traditionelle-chinesische-medizin\/behandlungsgebiete\/tcm-hilft-bei-kinderwunsch\/\" title=\"Read TCM hilft bei Kinderwunsch\">Weiterlesen &raquo;<\/a><\/p>\n","protected":false},"author":1,"featured_media":0,"parent":339,"menu_order":30,"comment_status":"open","ping_status":"open","template":"","meta":[],"_links":{"self":[{"href":"https:\/\/sinomed.ch\/de\/wp-json\/wp\/v2\/pages\/1602"}],"collection":[{"href":"https:\/\/sinomed.ch\/de\/wp-json\/wp\/v2\/pages"}],"about":[{"href":"https:\/\/sinomed.ch\/de\/wp-json\/wp\/v2\/types\/page"}],"author":[{"embeddable":true,"href":"https:\/\/sinomed.ch\/de\/wp-json\/wp\/v2\/users\/1"}],"replies":[{"embeddable":true,"href":"https:\/\/sinomed.ch\/de\/wp-json\/wp\/v2\/comments?post=1602"}],"version-history":[{"count":11,"href":"https:\/\/sinomed.ch\/de\/wp-json\/wp\/v2\/pages\/1602\/revisions"}],"predecessor-version":[{"id":15160,"href":"https:\/\/sinomed.ch\/de\/wp-json\/wp\/v2\/pages\/1602\/revisions\/15160"}],"up":[{"embeddable":true,"href":"https:\/\/sinomed.ch\/de\/wp-json\/wp\/v2\/pages\/339"}],"wp:attachment":[{"href":"https:\/\/sinomed.ch\/de\/wp-json\/wp\/v2\/media?parent=1602"}],"curies":[{"name":"wp","href":"https:\/\/api.w.org\/{rel}","templated":true}]}}