
















{"id":17,"date":"2014-04-10T11:29:44","date_gmt":"2014-04-10T10:29:44","guid":{"rendered":"http:\/\/sinomed.ch\/de\/?page_id=17"},"modified":"2025-09-22T08:55:24","modified_gmt":"2025-09-22T07:55:24","slug":"diagnostik-in-der-tcm","status":"publish","type":"page","link":"https:\/\/sinomed.ch\/de\/traditionelle-chinesische-medizin\/grundlagen\/diagnostik-in-der-tcm\/","title":{"rendered":"Diagnostik in der TCM"},"content":{"rendered":"<p><img loading=\"lazy\" class=\"alignleft size-full wp-image-335 dm-24\" src=\"https:\/\/sinomed.ch\/de\/wp-content\/uploads\/2014\/04\/Puls_Hand.jpg\" alt=\"Puls_Hand\" width=\"300\" height=\"200\" srcset=\"https:\/\/sinomed.ch\/de\/wp-content\/uploads\/2014\/04\/Puls_Hand.jpg 300w, https:\/\/sinomed.ch\/de\/wp-content\/uploads\/2014\/04\/Puls_Hand-125x83.jpg 125w\" sizes=\"(max-width: 300px) 100vw, 300px\" \/>Die TCM-Spezialisten nutzen Ihre Sinne und Erfahrungen viel st\u00e4rker als Schulmediziner. Sie erstellen eine \u00dcbersicht \u00fcber die Balance von Yin und Yang, \u00fcber den Fluss der Lebensenergie Qi und \u00fcber die Beschwerden des Patienten. So entsteht eine umfassende Diagnose. Neben dem Betrachten, H\u00f6ren, Riechen und Tasten richtet der behandelnde Spezialist sein Augenmerk besonders auf die Puls- und Zungendiagnostik.<\/p>\n<p>Pulsdiagnostik: Die Pulsdiagnostik erfordert viel Fingerspitzengef\u00fchl. Unsere erfahrenen TCM-Spezialisten k\u00f6nnen \u00fcber die Pulsst\u00e4rke und \u2013geschwindigkeit St\u00f6rungen des Gleichgewichtes respektive des Energieflusses feststellen.<\/p>\n<p>Zungendiagnostik: Diagnostiziert werden Form, Farbe, Belag und allgemeine Beschaffenheit der Zunge. Jeder Zungensektor repr\u00e4sentiert einen K\u00f6rperteil. Eine ungew\u00f6hnliche Form oder Farbe des Zungensektors geben Anhaltspunkte zu Beschwerden von Organen.<\/p>\n<p>F\u00fcr weitere Ausk\u00fcnfte oder eine Terminvereinbarung stehen wir Ihnen jederzeit gerne via\u00a0<a href=\"https:\/\/sinomed.ch\/de\/kontakt\/\" target=\"_blank\" rel=\"noopener noreferrer\">Kontaktformular<\/a>\u00a0oder Gratis-Hotline\u00a0<a href=\"tel:+41800753753\" target=\"_blank\" rel=\"noopener noreferrer\">0800 753 753<\/a>\u00a0zur Verf\u00fcgung.<\/p>\n","protected":false},"excerpt":{"rendered":"<p>Die TCM-Spezialisten nutzen Ihre Sinne und Erfahrungen viel st\u00e4rker als Schulmediziner. Sie erstellen eine \u00dcbersicht \u00fcber die Balance von Yin und Yang, \u00fcber den Fluss der Lebensenergie Qi und \u00fcber die Beschwerden des Patienten. So entsteht eine umfassende Diagnose. Neben dem Betrachten, H\u00f6ren, Riechen und Tasten richtet der behandelnde Spezialist sein Augenmerk besonders auf die&#8230;  <a class=\"excerpt-read-more\" href=\"https:\/\/sinomed.ch\/de\/traditionelle-chinesische-medizin\/grundlagen\/diagnostik-in-der-tcm\/\" title=\"Read Diagnostik in der TCM\">Weiterlesen &raquo;<\/a><\/p>\n","protected":false},"author":1,"featured_media":0,"parent":10,"menu_order":23,"comment_status":"open","ping_status":"closed","template":"","meta":[],"_links":{"self":[{"href":"https:\/\/sinomed.ch\/de\/wp-json\/wp\/v2\/pages\/17"}],"collection":[{"href":"https:\/\/sinomed.ch\/de\/wp-json\/wp\/v2\/pages"}],"about":[{"href":"https:\/\/sinomed.ch\/de\/wp-json\/wp\/v2\/types\/page"}],"author":[{"embeddable":true,"href":"https:\/\/sinomed.ch\/de\/wp-json\/wp\/v2\/users\/1"}],"replies":[{"embeddable":true,"href":"https:\/\/sinomed.ch\/de\/wp-json\/wp\/v2\/comments?post=17"}],"version-history":[{"count":7,"href":"https:\/\/sinomed.ch\/de\/wp-json\/wp\/v2\/pages\/17\/revisions"}],"predecessor-version":[{"id":15146,"href":"https:\/\/sinomed.ch\/de\/wp-json\/wp\/v2\/pages\/17\/revisions\/15146"}],"up":[{"embeddable":true,"href":"https:\/\/sinomed.ch\/de\/wp-json\/wp\/v2\/pages\/10"}],"wp:attachment":[{"href":"https:\/\/sinomed.ch\/de\/wp-json\/wp\/v2\/media?parent=17"}],"curies":[{"name":"wp","href":"https:\/\/api.w.org\/{rel}","templated":true}]}}