
















{"id":2689,"date":"2016-05-11T11:25:13","date_gmt":"2016-05-11T10:25:13","guid":{"rendered":"http:\/\/sinomed.ch\/de\/?page_id=2689"},"modified":"2018-06-08T20:36:37","modified_gmt":"2018-06-08T19:36:37","slug":"sinos-gesundheitstipp","status":"publish","type":"page","link":"https:\/\/sinomed.ch\/de\/sinos-gesundheitstipp\/","title":{"rendered":"Sino\u2019s Gesundheitstipp"},"content":{"rendered":"<p>Tipps f\u00fcr Ihr Wohlbefinden: ob Men\u00fcvorschl\u00e4ge f\u00fcr die aktuelle Jahreszeit, Lebensweisheiten oder praktische \u00dcbungen f\u00fcr den Alltag, unser \u201eSino\u201c weiss Rat!<\/p>\n","protected":false},"excerpt":{"rendered":"<p>Tipps f\u00fcr Ihr Wohlbefinden: ob Men\u00fcvorschl\u00e4ge f\u00fcr die aktuelle Jahreszeit, Lebensweisheiten oder praktische \u00dcbungen f\u00fcr den Alltag, unser \u201eSino\u201c weiss Rat!<\/p>\n","protected":false},"author":1,"featured_media":0,"parent":0,"menu_order":78,"comment_status":"closed","ping_status":"closed","template":"page-gesundheitstipp.php","meta":[],"_links":{"self":[{"href":"https:\/\/sinomed.ch\/de\/wp-json\/wp\/v2\/pages\/2689"}],"collection":[{"href":"https:\/\/sinomed.ch\/de\/wp-json\/wp\/v2\/pages"}],"about":[{"href":"https:\/\/sinomed.ch\/de\/wp-json\/wp\/v2\/types\/page"}],"author":[{"embeddable":true,"href":"https:\/\/sinomed.ch\/de\/wp-json\/wp\/v2\/users\/1"}],"replies":[{"embeddable":true,"href":"https:\/\/sinomed.ch\/de\/wp-json\/wp\/v2\/comments?post=2689"}],"version-history":[{"count":4,"href":"https:\/\/sinomed.ch\/de\/wp-json\/wp\/v2\/pages\/2689\/revisions"}],"predecessor-version":[{"id":4632,"href":"https:\/\/sinomed.ch\/de\/wp-json\/wp\/v2\/pages\/2689\/revisions\/4632"}],"wp:attachment":[{"href":"https:\/\/sinomed.ch\/de\/wp-json\/wp\/v2\/media?parent=2689"}],"curies":[{"name":"wp","href":"https:\/\/api.w.org\/{rel}","templated":true}]}}