
















{"id":2915,"date":"2016-08-11T08:18:22","date_gmt":"2016-08-11T07:18:22","guid":{"rendered":"http:\/\/sinomed.ch\/de\/?page_id=2915"},"modified":"2023-07-31T13:24:17","modified_gmt":"2023-07-31T12:24:17","slug":"ernaehrung-in-der-tcm-mit-nahrungsmittel-tabelle","status":"publish","type":"page","link":"https:\/\/sinomed.ch\/de\/traditionelle-chinesische-medizin\/grundlagen\/ernaehrung-in-der-tcm-mit-nahrungsmittel-tabelle\/","title":{"rendered":"Ern\u00e4hrung in der TCM (mit Nahrungsmittel-Tabelle)"},"content":{"rendered":"<img loading=\"lazy\" class=\"alignleft size-onehalf wp-image-2916\" src=\"https:\/\/sinomed.ch\/de\/wp-content\/uploads\/2016\/08\/Reis-75704331_L-350x232.jpg\" alt=\"Reis-75704331_L\" width=\"350\" height=\"232\" srcset=\"https:\/\/sinomed.ch\/de\/wp-content\/uploads\/2016\/08\/Reis-75704331_L-350x232.jpg 350w, https:\/\/sinomed.ch\/de\/wp-content\/uploads\/2016\/08\/Reis-75704331_L-125x83.jpg 125w, https:\/\/sinomed.ch\/de\/wp-content\/uploads\/2016\/08\/Reis-75704331_L-300x199.jpg 300w, https:\/\/sinomed.ch\/de\/wp-content\/uploads\/2016\/08\/Reis-75704331_L.jpg 500w\" sizes=\"(max-width: 350px) 100vw, 350px\" \/>\n<p class=\"dm-72\">Die Chinesen beschreiben das gesamte \u201eSein\u201c mit einem (dynamischen) Zusammenspiel von Yin und Yang. Eine Harmonie von Yin und Yang muss auch in jedem K\u00f6rper bestehen, damit er gesund bleibt \u2013 bei einer Disharmonie erkrankt er. Die Nahrung wird entsprechend ebenfalls dazu eingesetzt, diese Harmonie aufrecht zu erhalten oder wieder herzustellen. Diese Ern\u00e4hrungslehre basiert auf dem jahrtausendealten Wissen, den Beobachtungen, dem Erfahrungsschatz und der Lebensweisheit der traditionellen chinesischen Medizin. Sie kann problemlos auf die westlichen Lebensmittel \u00fcbertragen werden.<\/p>\n<p>Das Ziel ist eine Ern\u00e4hrung, welche Krankheiten vorbeugt, Vitalit\u00e4t und Schlaf f\u00f6rdert &#8211; und dies bei einem gesunden Appetit. Ein intaktes Yang ist verantwortlich f\u00fcr die Vitalit\u00e4t, ein intaktes Yin sorgt f\u00fcr erholsamen Schlaf. Wenn die Lebensenergie \u201eQi\u201c st\u00f6rungsfrei fliessen kann, hat man einen gesunden Appetit.<\/p>\n<p>Lebensmittel werden nach Yin und Yang bzw. nach ihren thermischen Eigenschaften eingeteilt, <strong>Yin steht f\u00fcr K\u00e4lte und Fl\u00fcssigkeit<\/strong>, <strong>Yang steht f\u00fcr W\u00e4rme und Trockenheit<\/strong>. Kalte Lebensmittel sollten bevorzugt im Sommer, warme im Winter konsumiert werden. Auch die Art der Zubereitung wirkt sich auf Yin und Yang aus: kochen in viel Wasser und blanchieren wirkt mehr auf \u201eYin\u201c, grillen, braten und lange kochen mehr auf \u201eYang\u201c. Da jeder Mensch von Geburt an unterschiedlich viel Yin- und Yang-Anteile hat und eine individuelle K\u00f6rperkonstitution besitzt, m\u00fcssen diese erst analysiert werden, bevor geeignete Nahrungsmittel empfohlen werden k\u00f6nnen.<\/p>\n<p>Wir empfehlen Ihnen daher (f\u00fcr einen optimalen Einsatz der richtigen Lebensmittel) bei einem unserer Therapeuten eine kostenlose Puls- und Zungendiagnose durchf\u00fchren zu lassen. Dieses absolut schmerzfreie, und vergleichsweise schnelle Diagnoseverfahren stellt sicher, dass Sie mehr erfahren \u00fcber IHRE K\u00f6rperkonstitution &#8211; und die f\u00fcr Sie geeigneten Nahrungsmittel optimal einsetzen k\u00f6nnen in Ihrem Ern\u00e4hrungsplan.<\/p>\n<p><strong>Vereinbaren Sie einen Termin in einer unserer Praxen \u2013 wir beraten Sie gerne!<\/strong><\/p>\n<p><strong>Folgende Tabelle gibt Ihnen Aufschluss \u00fcber die wichtigsten Nahrungsmittel:<\/strong><\/p>\n<table id=\"nahrungsmittel-table\" class=\"responsive-table\" style=\"font-size: 0.875em;\" width=\"1027\">\n<thead>\n<tr>\n<td rowspan=\"2\" width=\"127\"><strong>Nahrungsmittel<\/strong><\/td>\n<td colspan=\"5\" width=\"900\"><strong>Thermische Eigenschaften *<\/strong><\/td>\n<\/tr>\n<tr>\n<td width=\"180\"><strong>Heiss<\/strong><\/td>\n<td width=\"189\"><strong>Warm<\/strong><\/td>\n<td width=\"171\"><strong>Neutral<\/strong><\/td>\n<td width=\"180\"><strong>K\u00fchl<\/strong><\/td>\n<td width=\"180\"><strong>Kalt<\/strong><\/td>\n<\/tr>\n<\/thead>\n<tbody>\n<tr>\n<td width=\"127\"><strong>Getreide \/ H\u00fclsenfr\u00fcchte \/ N\u00fcsse<\/strong><\/td>\n<td width=\"180\">&#8211;<\/td>\n<td width=\"189\">Mochireis (jap. S\u00fcssreis), Langkornreis (nur leicht warm), Hirse, Kastanie, Walnuss, Pinienkerne<\/td>\n<td width=\"171\">Roggen, Hafer, Rundkornreis, Mais, Dinkel, Erbsen, Linsen, Sesam, Sojabohne, Kidneybohnen, Erdnuss, Kokosnuss, Sonnenblumenkerne, Mandel, Haselnuss<\/td>\n<td width=\"180\">Weizen, Sojasprossen, Tofu (Sojabohnenquark), Gerste, Buchweizen, Amaranth, Mungbohnen<\/td>\n<td width=\"180\">&#8211;<\/td>\n<\/tr>\n<tr>\n<td width=\"127\"><strong>Gem\u00fcse \/ Obst<\/strong><\/td>\n<td width=\"180\">Knoblauch, Paprika<\/td>\n<td width=\"189\">Fenchel, Lauch, Zwiebel, Schnittlauch, Granatapfel, Pfirsich, Kirsche, Himbeere, Mandarine.<\/td>\n<td width=\"171\">Karotten, Kartoffel, Wei\u00dfkohl, Blumenkohl, Avocado, Pflaume, Weintraube, Papaya, Aprikose, Mango, Feige<\/td>\n<td width=\"180\">Aubergine, Pilze, Soja-bohnen, Zucchini, Rettich, Rotkohl, Champignon, Spinat, rote Beete, Birne, Apfel, Zitrone, Grapefruit, Ananas, Erdbeeren, Orange<\/td>\n<td width=\"180\">Gurke, Tomaten, China-kohl, gr\u00fcner Salat, Spargel, Algen, Bambussprossen, Banane, Melone (Wasser- und Honigmelone)<\/td>\n<\/tr>\n<tr>\n<td width=\"127\"><strong>Tierische Nahrungsmittel<\/strong><\/td>\n<td width=\"180\">Lamm, Forelle<\/td>\n<td width=\"189\">Rind, Ente, Huhn, Schinken, Schaf, Ziege, Wild, Hirsch, Meeresfr\u00fcchte, (Garnelen, Langusten, Shrimps), Aal, Lachs, Sardellen, Eigelb, Schafmilch, Ziegenmilch<\/td>\n<td width=\"171\">Leber (Rind), Gans, Schwein, Wachtel, Taube, Seefisch, Hering, Barsch, Karpfen, Tintenfisch, Austern, H\u00fchnerei, Kuhmilch, Joghurt, Sahne, K\u00e4se, Quark<\/td>\n<td width=\"180\">Oktopus, Kaninchen, Hase, H\u00fchnereiwei\u00df, Butter, Frischk\u00e4se<\/td>\n<td width=\"180\">Pferd, Krebse, Schnecken<\/td>\n<\/tr>\n<tr>\n<td width=\"127\"><strong>Gew\u00fcrze \/ \u00d6le und Fette<\/strong><\/td>\n<td width=\"180\">schwarzer Pfeffer, Chillies, Soja\u00f6l<\/td>\n<td width=\"189\">Koriander, Zimt, Ingwer, Sternanis, Muskat, Nelken, Kardamom, brauner Zucker, wei\u00dfer Zucker, Honig, Essig, Karob, Raps\u00f6l<\/td>\n<td width=\"171\">Safran, S\u00fc\u00dfholz, Erdnuss\u00f6l<\/td>\n<td width=\"180\">Sesam\u00f6l, Oliven\u00f6l, Sonnenblumen\u00f6l<\/td>\n<td width=\"180\">Salz, Sojasauce<\/td>\n<\/tr>\n<tr>\n<td width=\"127\"><strong>Genussmittel<\/strong><\/td>\n<td width=\"180\">Tabak, Yogitee, hochprozentige Spirituosen (Whiskey, Gl\u00fchwein, Weinbrand)<\/td>\n<td width=\"189\">Rotwein, Sekt, Kaffee, Kakao, schwarzer Tee<\/td>\n<td width=\"171\">Wei\u00dfwein, Bier<\/td>\n<td width=\"180\">Gr\u00fcner Tee, Pfefferminztee<\/td>\n<td width=\"180\">Eiscr\u00e8me<\/td>\n<\/tr>\n<\/tbody>\n<\/table>\n<p><strong>* warm <\/strong>und <strong>heiss <\/strong>werden zur Behandlung von K\u00e4ltesymptomen verwendet, wobei tendenziell das Qi und das Blut (Xue) nach aussen und oben bewegt werden. Im Gegensatz dazu werden <strong>k\u00fchl <\/strong>und <strong>kalt <\/strong>bei Hitzesymptomen verwendet. Hierbei fliesst das Qi und die K\u00f6rperfl\u00fcssigkeiten (JIN YE) tendenziell nach innen und unten. <strong>Neutral <\/strong>hat eine milde und ausgleichende Wirkung.<\/p>\n<p>&nbsp;<\/p>\n","protected":false},"excerpt":{"rendered":"<p>Die Chinesen beschreiben das gesamte \u201eSein\u201c mit einem (dynamischen) Zusammenspiel von Yin und Yang. Eine Harmonie von Yin und Yang muss auch in jedem K\u00f6rper bestehen, damit er gesund bleibt \u2013 bei einer Disharmonie erkrankt er. Die Nahrung wird entsprechend ebenfalls dazu eingesetzt, diese Harmonie aufrecht zu erhalten oder wieder herzustellen. Diese Ern\u00e4hrungslehre basiert auf&#8230;  <a class=\"excerpt-read-more\" href=\"https:\/\/sinomed.ch\/de\/traditionelle-chinesische-medizin\/grundlagen\/ernaehrung-in-der-tcm-mit-nahrungsmittel-tabelle\/\" title=\"Read Ern\u00e4hrung in der TCM (mit Nahrungsmittel-Tabelle)\">Weiterlesen &raquo;<\/a><\/p>\n","protected":false},"author":1,"featured_media":0,"parent":10,"menu_order":21,"comment_status":"closed","ping_status":"closed","template":"","meta":[],"_links":{"self":[{"href":"https:\/\/sinomed.ch\/de\/wp-json\/wp\/v2\/pages\/2915"}],"collection":[{"href":"https:\/\/sinomed.ch\/de\/wp-json\/wp\/v2\/pages"}],"about":[{"href":"https:\/\/sinomed.ch\/de\/wp-json\/wp\/v2\/types\/page"}],"author":[{"embeddable":true,"href":"https:\/\/sinomed.ch\/de\/wp-json\/wp\/v2\/users\/1"}],"replies":[{"embeddable":true,"href":"https:\/\/sinomed.ch\/de\/wp-json\/wp\/v2\/comments?post=2915"}],"version-history":[{"count":23,"href":"https:\/\/sinomed.ch\/de\/wp-json\/wp\/v2\/pages\/2915\/revisions"}],"predecessor-version":[{"id":10227,"href":"https:\/\/sinomed.ch\/de\/wp-json\/wp\/v2\/pages\/2915\/revisions\/10227"}],"up":[{"embeddable":true,"href":"https:\/\/sinomed.ch\/de\/wp-json\/wp\/v2\/pages\/10"}],"wp:attachment":[{"href":"https:\/\/sinomed.ch\/de\/wp-json\/wp\/v2\/media?parent=2915"}],"curies":[{"name":"wp","href":"https:\/\/api.w.org\/{rel}","templated":true}]}}