
















{"id":311,"date":"2014-07-08T12:23:42","date_gmt":"2014-07-08T11:23:42","guid":{"rendered":"http:\/\/sinomed.ch\/de\/?page_id=311"},"modified":"2018-03-01T01:13:52","modified_gmt":"2018-03-01T00:13:52","slug":"einfuehrung-in-die-traditionelle-chinesische-medizin-tcm","status":"publish","type":"page","link":"https:\/\/sinomed.ch\/de\/traditionelle-chinesische-medizin\/grundlagen\/einfuehrung-in-die-traditionelle-chinesische-medizin-tcm\/","title":{"rendered":"Einf\u00fchrung in die traditionelle chinesische Medizin (TCM)"},"content":{"rendered":"<p><img loading=\"lazy\" class=\"alignleft wp-image-316 size-full\" src=\"https:\/\/sinomed.ch\/de\/wp-content\/uploads\/2014\/07\/Kopf_akkupunktur.jpg\" alt=\"Akupunkturnadeln mit Lehrbuch, Kopfmodell und Moxarolle\" width=\"199\" height=\"300\" srcset=\"https:\/\/sinomed.ch\/de\/wp-content\/uploads\/2014\/07\/Kopf_akkupunktur.jpg 199w, https:\/\/sinomed.ch\/de\/wp-content\/uploads\/2014\/07\/Kopf_akkupunktur-82x125.jpg 82w\" sizes=\"(max-width: 199px) 100vw, 199px\" \/>Sie werden in der virtuellen Welt verschiedenste Einf\u00fchrungen zum Thema TCM entdecken. Aber kein Beschrieb wird vermutlich ann\u00e4hernd der Komplexit\u00e4t, Tiefe und Breite des Themas gerecht. Wir m\u00f6chten Ihnen eine kurze \u00dcbersicht verschaffen \u00fcber die Geschichte &amp; Entwicklung der TCM. Sollten Sie mehr erfahren wollen \u00fcber das breite Thema, haben wir viel Lekt\u00fcre f\u00fcr Sie bereit &amp; interessante Buchtipps etc.<\/p>\n<h3>Geschichte der TCM<\/h3>\n<p class=\"dm-72\">Die TCM hat sich \u00fcber die Jahrtausende entwickelt. Es gibt Anzeichen daf\u00fcr, dass die Form der traditionellen Medizin bereits vor mehr als 5\u2018000 Jahren angewandt wurde. Andere Quellen berichten von Funden von Nadeln aus Knochen und Steinen um 3000 v. Chr. Sp\u00e4ter abgel\u00f6st durch immer feinere Metallnadeln. Zudem gibt es verschiedene Hinweise &amp; Funde, die auf Anwendungen von Moxa &amp; Heilkr\u00e4uter hinweisen.<\/p>\n<p>In der Zeit zwischen 2000 und 250 v. Chr. wurden die medizinischen Grundlagen entwickelt f\u00fcr Yin und Yang. Man geht davon aus, dass sich ca. 500 v.Chr. das Medizinsystem, auf welchem die heute angewandte chinesische Medizin basiert, entwickelte. Das Wissen \u00fcber die noch heute angewandten Puls- und Zungendiagnose geht auf die gleiche Zeitspanne zur\u00fcck. Ebenfalls vor unserer modernen Zeitrechnung wurde die Lehre \u00fcber das Qi, also dem Energiefluss auf den Meridianen, erarbeitet.<\/p>\n<p>In verschiedenen schriftlichen Werken wurden systematisch und im grossen Umfang Diagnostik, Therapie, Physiologie etc. von Krankheiten und Erhaltung der Gesundheit abgehandelt. Wichtigen Einfluss auf die Entwicklung &amp; Handhabung von TCM haben die Lehren des Daoismus (die Theorie von Yin &amp; Yang hat im Daoismus Ihren Ursprung) &amp; Konfuzianismus (die Theorie der 5 Elemente hat im Konfuzianismus Ihren Ursprung). Beide philosophischen Schulen pr\u00e4gen die TCM entscheidend (ca. 500-300 v.Chr.). Auch der Buddhismus beeinflusst die Lehre der TCM.<\/p>\n<h3>TCM in Europa<\/h3>\n<p>Nat\u00fcrlich ist auch heute noch China das Mutterland der TCM. Das Wissen \u00fcber die Traditionelle Chinesische Medizin verbreitete sich erst vor etwas mehr als 100 Jahren in die benachbarten L\u00e4nder. Die Akupunktur, welche allerdings nur einen Teilbereich der TCM darstellt, wurde in Berichten von Marco Polo erw\u00e4hnt im 14. Jahrhundert. Allerdings setzte sich die Therapieform nicht durch. Im 18. und 19. Jahrhundert wurde das Wissen erneut nach Europa getragen von Missionaren, mit gr\u00f6sserem Erfolg. Erste \u00c4rzte in Europa begannen Akupunktur anzuwenden, zu erforschen. Eine ernsthafte Popularit\u00e4t der Akupunktur wurde aber erst im fr\u00fchen 20. Jahrhundert erreicht. Akupunktur war der Vorl\u00e4ufer der TCM, erst sp\u00e4ter wurden die Lehren \u00fcber Arzneimitteltherapie verbreitet. Heute ist TCM in den meisten L\u00e4ndern Europas etabliert und akzeptiert.<\/p>\n<p>Die von der TCM gelebten Denkmodelle und Naturgesetzte sind auch heute noch die Basis der t\u00e4glichen Praxisarbeit. Ganzheitliche Betrachtungsweise: darauf beruht die Philosophie der TCM. Die F\u00e4higkeit, innere Harmonie ausgewogen aufrecht zu erhalten, bedeutet nach TCM \u201eGesundheit\u201c. Wie die Behandlungen im Praxisalltag ablaufen erfahren Sie <a title=\"Behandlungsablauf\" href=\"https:\/\/sinomed.ch\/de\/traditionelle-chinesische-medizin\/behandlungsablauf\/behandlungsablauf\/\">hier<\/a>. Informieren Sie sich auch \u00fcber die Diagnostik.<\/p>\n<p>Therapien mit TCM k\u00f6nnen gut mit schulmedizinischen Therapien kombiniert werden. Informieren Sie uns bitte im Vorfeld mittels Fragebogen (siehe Patientenmappe unter dem Men\u00fc Punkt: \u00dcber uns \/ Downloads \/ Patienteninfos \/ Patientenmappe) oder bei Ihrem 1. Besuch \u00fcber laufende oder erst k\u00fcrzlich abgeschlossene Therapien und bringen Sie bitte eine allf\u00e4llige Liste aller Medikamente mit, die Sie aktuell einnehmen.<\/p>\n<p>&nbsp;<\/p>\n<p><strong>Zum Schluss<\/strong><\/p>\n<p>Der Heilerfolg wird nach der Lehre der TCM von folgenden 5 Faktoren beeinflusst:<\/p>\n<p>Lebensweise und umgebende Faktoren des Patienten<\/p>\n<p>Therapiebereitschaft und Mitwirken des Patienten<\/p>\n<p>Methodische und intuitive F\u00e4higkeit des Therapeuten<\/p>\n<p>Lebenskraft und Qi-Qualit\u00e4t des Therapeuten<\/p>\n<p>Qualit\u00e4t der eingesetzten Werkzeuge wie Arzneimittel, Kr\u00e4uter etc.<\/p>\n","protected":false},"excerpt":{"rendered":"<p>Sie werden in der virtuellen Welt verschiedenste Einf\u00fchrungen zum Thema TCM entdecken. Aber kein Beschrieb wird vermutlich ann\u00e4hernd der Komplexit\u00e4t, Tiefe und Breite des Themas gerecht. Wir m\u00f6chten Ihnen eine kurze \u00dcbersicht verschaffen \u00fcber die Geschichte &amp; Entwicklung der TCM. Sollten Sie mehr erfahren wollen \u00fcber das breite Thema, haben wir viel Lekt\u00fcre f\u00fcr Sie&#8230;  <a class=\"excerpt-read-more\" href=\"https:\/\/sinomed.ch\/de\/traditionelle-chinesische-medizin\/grundlagen\/einfuehrung-in-die-traditionelle-chinesische-medizin-tcm\/\" title=\"Read Einf\u00fchrung in die traditionelle chinesische Medizin (TCM)\">Weiterlesen &raquo;<\/a><\/p>\n","protected":false},"author":1,"featured_media":0,"parent":10,"menu_order":17,"comment_status":"open","ping_status":"closed","template":"","meta":[],"_links":{"self":[{"href":"https:\/\/sinomed.ch\/de\/wp-json\/wp\/v2\/pages\/311"}],"collection":[{"href":"https:\/\/sinomed.ch\/de\/wp-json\/wp\/v2\/pages"}],"about":[{"href":"https:\/\/sinomed.ch\/de\/wp-json\/wp\/v2\/types\/page"}],"author":[{"embeddable":true,"href":"https:\/\/sinomed.ch\/de\/wp-json\/wp\/v2\/users\/1"}],"replies":[{"embeddable":true,"href":"https:\/\/sinomed.ch\/de\/wp-json\/wp\/v2\/comments?post=311"}],"version-history":[{"count":6,"href":"https:\/\/sinomed.ch\/de\/wp-json\/wp\/v2\/pages\/311\/revisions"}],"predecessor-version":[{"id":4189,"href":"https:\/\/sinomed.ch\/de\/wp-json\/wp\/v2\/pages\/311\/revisions\/4189"}],"up":[{"embeddable":true,"href":"https:\/\/sinomed.ch\/de\/wp-json\/wp\/v2\/pages\/10"}],"wp:attachment":[{"href":"https:\/\/sinomed.ch\/de\/wp-json\/wp\/v2\/media?parent=311"}],"curies":[{"name":"wp","href":"https:\/\/api.w.org\/{rel}","templated":true}]}}