
















{"id":347,"date":"2014-07-08T14:32:29","date_gmt":"2014-07-08T14:32:29","guid":{"rendered":"http:\/\/sinomed.ch\/de\/?page_id=347"},"modified":"2023-07-31T12:57:07","modified_gmt":"2023-07-31T11:57:07","slug":"who-liste-akupunktur","status":"publish","type":"page","link":"https:\/\/sinomed.ch\/de\/traditionelle-chinesische-medizin\/behandlungsgebiete\/who-liste-akupunktur\/","title":{"rendered":"WHO-Liste Akupunktur"},"content":{"rendered":"<h4><img loading=\"lazy\" class=\"wp-image-4447 alignnone\" src=\"https:\/\/sinomed.ch\/de\/wp-content\/uploads\/2018\/06\/meridiane.jpg\" alt=\"\" width=\"292\" height=\"164\" srcset=\"https:\/\/sinomed.ch\/de\/wp-content\/uploads\/2018\/06\/meridiane.jpg 500w, https:\/\/sinomed.ch\/de\/wp-content\/uploads\/2018\/06\/meridiane-125x70.jpg 125w, https:\/\/sinomed.ch\/de\/wp-content\/uploads\/2018\/06\/meridiane-300x168.jpg 300w, https:\/\/sinomed.ch\/de\/wp-content\/uploads\/2018\/06\/meridiane-350x196.jpg 350w\" sizes=\"(max-width: 292px) 100vw, 292px\" \/><\/h4>\n<p>Liste der Erkrankungen, die laut WHO (Welt-Gesundheits-Organisation) mit Akupunktur behandelt werden k\u00f6nnen:<\/p>\n<h2><strong>Bronchopulmonale Erkrankungen:<\/strong><\/h2>\n<h4>Bronchitis<br \/>\nPseudokrupp<br \/>\nHyperreagibles<br \/>\nBronchialsystem<br \/>\nAsthma bronchiale<\/h4>\n<h2><strong>Herz-Kreislauf-Erkrankungen:<\/strong><\/h2>\n<h4>Funktionelle Herzerkrankungen<br \/>\nHerzrhythmusst\u00f6rungen<br \/>\nAngina pectoris<br \/>\nKoronare Herzerkrankung<br \/>\nHypertonie und Hypotonie<br \/>\nDurchblutungsst\u00f6rungen<\/h4>\n<h2>Gyn\u00e4kologische Krankheitsbilder:<\/h2>\n<h4>Zyklusst\u00f6rungen, Dysmenorrhoe<br \/>\nPr\u00e4menstruelles Syndrom<br \/>\nKlimakterisches Syndrom<br \/>\nMastopathie<br \/>\nFertilit\u00e4tsst\u00f6rungen, Frigidit\u00e4t<br \/>\nGeburtsvorbereitung<br \/>\nGeburtseinleitung<br \/>\nGeburtserleichterung<br \/>\nLaktationsst\u00f6rungen<\/h4>\n<h2>Neurologische Erkrankungen:<\/h2>\n<h4>Migr\u00e4ne, Spannungskopfschmerz<br \/>\nTrigeminusneuralgie<br \/>\nAtypischer Gesichtsschmerz<br \/>\nInterkostalneuralgie, Zosterneuralgie<br \/>\nPhantomschmerz<br \/>\nPolyneuropathie, Par\u00e4sthesien<br \/>\nL\u00e4hmungen, Fazialisparese<br \/>\nVegetative Dysfunktion<\/h4>\n<h2>Gastrointestinale Erkrankungen:<\/h2>\n<h4>Funktionelle Magen-Darm-St\u00f6rungen<br \/>\nSingultus, Hyperemesis<br \/>\n\u00d6sophagitis, Gastritis, Gastroenteritis<br \/>\nUlcus ventriculi, Ulcus duodeni<br \/>\nCholezystitis<br \/>\nHepatitis<br \/>\nObstipation, Diarrhoe<br \/>\nColon irritabile (Reizdarm)<br \/>\nColitis ulcerosa und Morbus Crohn<\/h4>\n<h2>Erkrankungen des St\u00fctz- und Bewegungssystems:<\/h2>\n<h4>Myofasziale Schmerzsyndrome<br \/>\nRadikul\u00e4rsyndrome<br \/>\nPseudoradikul\u00e4rsyndrome<br \/>\nArthralgien, Arthrosen, Arthritis, rheumatoide Arthritis<br \/>\nHWS-Syndrom, Tortikollis<br \/>\nBWS-Syndrom<br \/>\nLWS-Syndrom, Lumbago, Ischialgie<br \/>\nSchulter-Arm Syndrom<br \/>\nPeriarthritis humeroscapularis<br \/>\nEpikondylopathien<br \/>\nKarpaltunnelsyndrom<br \/>\nKoxarthrose, Koxalgie<br \/>\nGonarthrose, Gonalgie<br \/>\nTendinopathien (Erkrankungen der Sehnen, z.B. Tennis-Ellbogen, Achillessehnenentz\u00fcndung)<\/h4>\n<h2>Psychische und psychosomatische St\u00f6rungen und Suchterkrankungen:<\/h2>\n<h4>Depressive Verstimmungen, Depression<br \/>\nSchlafst\u00f6rungen<br \/>\nErsch\u00f6pfungszust\u00e4nde<br \/>\nPsychovegetatives Syndrom<br \/>\nUnruhezust\u00e4nde<\/h4>\n<h2>Entgiftungsbehandlung und Therapiebegleitung bei Suchterkrankungen:<\/h2>\n<h4>Alkoholabusus<br \/>\nNikotinabusus<br \/>\nBulimie<br \/>\nAdipositas<\/h4>\n<h2>Urologische Erkrankungen:<\/h2>\n<h4>Cystitis, Prostatitis<br \/>\nPyelonephritis<br \/>\nFunktionelle St\u00f6rung des Urogenitaltrakets:<br \/>\nReizblase<br \/>\nHarninkontinenz<br \/>\nEnuresis nocturna<br \/>\nImpotenz<\/h4>\n<h2>Hauterkrankungen:<\/h2>\n<h4>Urtikaria (Nesselsucht)<br \/>\nNeurodermitis<\/h4>\n","protected":false},"excerpt":{"rendered":"<p>Liste der Erkrankungen, die laut WHO (Welt-Gesundheits-Organisation) mit Akupunktur behandelt werden k\u00f6nnen: Bronchopulmonale Erkrankungen: Bronchitis Pseudokrupp Hyperreagibles Bronchialsystem Asthma bronchiale Herz-Kreislauf-Erkrankungen: Funktionelle Herzerkrankungen Herzrhythmusst\u00f6rungen Angina pectoris Koronare Herzerkrankung Hypertonie und Hypotonie Durchblutungsst\u00f6rungen Gyn\u00e4kologische Krankheitsbilder: Zyklusst\u00f6rungen, Dysmenorrhoe Pr\u00e4menstruelles Syndrom Klimakterisches Syndrom Mastopathie Fertilit\u00e4tsst\u00f6rungen, Frigidit\u00e4t Geburtsvorbereitung Geburtseinleitung Geburtserleichterung Laktationsst\u00f6rungen Neurologische Erkrankungen: Migr\u00e4ne, Spannungskopfschmerz Trigeminusneuralgie Atypischer Gesichtsschmerz Interkostalneuralgie,&#8230;  <a class=\"excerpt-read-more\" href=\"https:\/\/sinomed.ch\/de\/traditionelle-chinesische-medizin\/behandlungsgebiete\/who-liste-akupunktur\/\" title=\"Read WHO-Liste Akupunktur\">Weiterlesen &raquo;<\/a><\/p>\n","protected":false},"author":1,"featured_media":0,"parent":339,"menu_order":41,"comment_status":"open","ping_status":"open","template":"","meta":[],"_links":{"self":[{"href":"https:\/\/sinomed.ch\/de\/wp-json\/wp\/v2\/pages\/347"}],"collection":[{"href":"https:\/\/sinomed.ch\/de\/wp-json\/wp\/v2\/pages"}],"about":[{"href":"https:\/\/sinomed.ch\/de\/wp-json\/wp\/v2\/types\/page"}],"author":[{"embeddable":true,"href":"https:\/\/sinomed.ch\/de\/wp-json\/wp\/v2\/users\/1"}],"replies":[{"embeddable":true,"href":"https:\/\/sinomed.ch\/de\/wp-json\/wp\/v2\/comments?post=347"}],"version-history":[{"count":31,"href":"https:\/\/sinomed.ch\/de\/wp-json\/wp\/v2\/pages\/347\/revisions"}],"predecessor-version":[{"id":10254,"href":"https:\/\/sinomed.ch\/de\/wp-json\/wp\/v2\/pages\/347\/revisions\/10254"}],"up":[{"embeddable":true,"href":"https:\/\/sinomed.ch\/de\/wp-json\/wp\/v2\/pages\/339"}],"wp:attachment":[{"href":"https:\/\/sinomed.ch\/de\/wp-json\/wp\/v2\/media?parent=347"}],"curies":[{"name":"wp","href":"https:\/\/api.w.org\/{rel}","templated":true}]}}