
















{"id":371,"date":"2014-07-16T06:55:23","date_gmt":"2014-07-16T06:55:23","guid":{"rendered":"http:\/\/sinomed.ch\/de\/?page_id=371"},"modified":"2025-09-22T08:59:30","modified_gmt":"2025-09-22T07:59:30","slug":"tcm-behandlung-bei-kindern","status":"publish","type":"page","link":"https:\/\/sinomed.ch\/de\/traditionelle-chinesische-medizin\/behandlungsgebiete\/tcm-behandlung-bei-kindern\/","title":{"rendered":"TCM Behandlung bei Kindern"},"content":{"rendered":"<img loading=\"lazy\" class=\"alignleft size-full wp-image-372\" src=\"https:\/\/sinomed.ch\/de\/wp-content\/uploads\/2014\/07\/tcm_kinder.jpg\" alt=\"tcm_kinder\" width=\"300\" height=\"282\" srcset=\"https:\/\/sinomed.ch\/de\/wp-content\/uploads\/2014\/07\/tcm_kinder.jpg 300w, https:\/\/sinomed.ch\/de\/wp-content\/uploads\/2014\/07\/tcm_kinder-125x117.jpg 125w\" sizes=\"(max-width: 300px) 100vw, 300px\" \/>\n<p>Seit mehr als 2000 Jahren werden in China Kinderkrankheiten mit TCM (Traditionelle Chinesische Medizin) behandelt.<\/p>\n<p class=\"dm-40\">In der TCM nennt man die k\u00f6rperliche Konstitution eines Kindes \u00abCun Yang Zhi Ti\u00bb. Es bedeutet, dass Kinder schnell auf Akupunktur reagieren und die Akupunktur eine gute Wirkung zeigt. Durch Puls- und Zungendiagnose werden Erkrankungen festgestellt. Bei S\u00e4uglingen bis zum dritten Lebensjahr wird statt der Pulsdiagnostik eine Zeigefingerdiagnostik durchgef\u00fchrt mittels Ertasten des Pulses an der oberfl\u00e4chlichen Vene am Zeigefinger (auf der Seite des Daumens).<\/p>\n<p class=\"dm-30\"><strong>Vom Baby bis zur Pubert\u00e4t: Alle Kinder k\u00f6nnen mit den TCM-Methoden behandelt werden<\/strong><\/p>\n<ul>\n<li>Kinder unter drei Jahren werden mit Tuina-Massage und\/oder Moxibustion behandelt.<\/li>\n<li>Vorschulkinder k\u00f6nnen zudem mit Laser-Akupunktur behandelt werden, welche v\u00f6llig schmerzlos ist.<\/li>\n<li>Schulkinder und Teenager k\u00f6nnen bereits mit Akupunktur behandelt werden.<\/li>\n<\/ul>\n<p>Bei Schulkindern und Teenagern verwenden wir alternativ zur Laser-Akupunktur die feinsten Nadeln bei der Behandlung. Auch damit sind kaum Schmerzen zu sp\u00fcren. F\u00fcr sehr schmerzempfindliche junge Patienten steht die Laser-Akupunktur selbstverst\u00e4ndlich weiterhin zur Wahl. Laser-Akupunktur-Behandlungen bieten wir exklusiv an unserem Standort in Schaffhausen an.<\/p>\n<p>Bei der Tuina-Massage wird ein Puder verwendet, um die empfindliche Kinderhaut zu sch\u00fctzen. Eine speziell abgestimmte chinesische Kr\u00e4utermischung kann bei gr\u00f6sseren Kindern zum Einsatz kommen.<\/p>\n<blockquote><p>Kinderasthma ist eine sehr h\u00e4ufig auftretende Krankheit.<\/p><\/blockquote>\n<h3>TCM bei Kinderasthma in Kombination mit der westlichen Medizin<\/h3>\n<p>Kinderasthma ist eine sehr h\u00e4ufig auftretende Krankheit. Laut WHO (Weltgesundheitsorganisation) zeigt die Anwendung von chinesischer Medizin \u2013 kombiniert mit den schulmedizinischen Medikamenten \u2013 den gr\u00f6ssten Erfolg.<\/p>\n<p>TCM kann bei folgenden Kinderkrankheiten Hilfe bieten:<\/p>\n<ul>\n<li>Asthma<\/li>\n<li>Rhinitis und Sinusitis<\/li>\n<li>Heuschnupfen<\/li>\n<li>Kopfschmerzen<\/li>\n<li>Bettn\u00e4ssen<\/li>\n<li>Bauchschmerzen<\/li>\n<li>ADHS, Konzentrationsschw\u00e4che, Angstzust\u00e4nde<\/li>\n<li>Neurodermitis, Ekzeme<\/li>\n<li>Schlafst\u00f6rungen<\/li>\n<li>Immunsystemschw\u00e4che (Erk\u00e4ltung, Bronchitis, Lungenentz\u00fcndung, chronischer Husten)<\/li>\n<\/ul>\n<p>Die Behandlungsmethoden umfassen je nach Krankheit und Beschwerden die Akupunktur (je nach Alter die Laserakupunktur), Phytotherapie (Kr\u00e4utertherapie), Moxibustion, Kinder-Tuina-Massage und Schr\u00f6pfen.<\/p>\n<p>F\u00fcr weitere Ausk\u00fcnfte oder eine Terminvereinbarung stehen wir Ihnen jederzeit gerne via\u00a0<a href=\"https:\/\/sinomed.ch\/de\/kontakt\/\" target=\"_blank\" rel=\"noopener noreferrer\">Kontaktformular<\/a>\u00a0oder Gratis-Hotline\u00a0<a href=\"tel:+41800753753\" target=\"_blank\" rel=\"noopener noreferrer\">0800 753 753<\/a>\u00a0zur Verf\u00fcgung.<\/p>\n","protected":false},"excerpt":{"rendered":"<p>Seit mehr als 2000 Jahren werden in China Kinderkrankheiten mit TCM (Traditionelle Chinesische Medizin) behandelt. In der TCM nennt man die k\u00f6rperliche Konstitution eines Kindes \u00abCun Yang Zhi Ti\u00bb. Es bedeutet, dass Kinder schnell auf Akupunktur reagieren und die Akupunktur eine gute Wirkung zeigt. Durch Puls- und Zungendiagnose werden Erkrankungen festgestellt. Bei S\u00e4uglingen bis zum&#8230;  <a class=\"excerpt-read-more\" href=\"https:\/\/sinomed.ch\/de\/traditionelle-chinesische-medizin\/behandlungsgebiete\/tcm-behandlung-bei-kindern\/\" title=\"Read TCM Behandlung bei Kindern\">Weiterlesen &raquo;<\/a><\/p>\n","protected":false},"author":1,"featured_media":0,"parent":339,"menu_order":40,"comment_status":"open","ping_status":"open","template":"","meta":[],"_links":{"self":[{"href":"https:\/\/sinomed.ch\/de\/wp-json\/wp\/v2\/pages\/371"}],"collection":[{"href":"https:\/\/sinomed.ch\/de\/wp-json\/wp\/v2\/pages"}],"about":[{"href":"https:\/\/sinomed.ch\/de\/wp-json\/wp\/v2\/types\/page"}],"author":[{"embeddable":true,"href":"https:\/\/sinomed.ch\/de\/wp-json\/wp\/v2\/users\/1"}],"replies":[{"embeddable":true,"href":"https:\/\/sinomed.ch\/de\/wp-json\/wp\/v2\/comments?post=371"}],"version-history":[{"count":7,"href":"https:\/\/sinomed.ch\/de\/wp-json\/wp\/v2\/pages\/371\/revisions"}],"predecessor-version":[{"id":15152,"href":"https:\/\/sinomed.ch\/de\/wp-json\/wp\/v2\/pages\/371\/revisions\/15152"}],"up":[{"embeddable":true,"href":"https:\/\/sinomed.ch\/de\/wp-json\/wp\/v2\/pages\/339"}],"wp:attachment":[{"href":"https:\/\/sinomed.ch\/de\/wp-json\/wp\/v2\/media?parent=371"}],"curies":[{"name":"wp","href":"https:\/\/api.w.org\/{rel}","templated":true}]}}