
















{"id":392,"date":"2014-07-16T08:06:56","date_gmt":"2014-07-16T08:06:56","guid":{"rendered":"http:\/\/sinomed.ch\/de\/?page_id=392"},"modified":"2025-09-22T09:21:14","modified_gmt":"2025-09-22T08:21:14","slug":"tcm-hilft-bei-magenschmerzen","status":"publish","type":"page","link":"https:\/\/sinomed.ch\/de\/traditionelle-chinesische-medizin\/behandlungsgebiete\/tcm-hilft-bei-magenschmerzen\/","title":{"rendered":"TCM hilft bei Magenschmerzen"},"content":{"rendered":"<img loading=\"lazy\" class=\"alignleft wp-image-393\" src=\"https:\/\/sinomed.ch\/de\/wp-content\/uploads\/2014\/07\/magenschmerzen.jpg\" alt=\"magenschmerzen\" width=\"200\" height=\"188\" srcset=\"https:\/\/sinomed.ch\/de\/wp-content\/uploads\/2014\/07\/magenschmerzen.jpg 300w, https:\/\/sinomed.ch\/de\/wp-content\/uploads\/2014\/07\/magenschmerzen-125x117.jpg 125w\" sizes=\"(max-width: 200px) 100vw, 200px\" \/>\n<p>Magenschmerzen (Schulmediziner sprechen auch von einer Gastralgie) \u2013 ein grosses Thema f\u00fcr viele unserer Patienten. Magenschmerzen k\u00f6nnen in unterschiedlicher Weise auftreten. Die Schmerzen k\u00f6nnen sich eher scharf oder brennend anf\u00fchlen. Egal ob Magenschmerzen kurzfristige Beschwerden ausl\u00f6sen oder das Unwohlsein \u00fcber einen l\u00e4ngeren Zeitraum stattfindet: oftmals gehen die Schmerzen einher mit weiteren Beschwerden wie Aufstossen, Durchfall und Verstopfung, Magenbrennen, \u00dcbelkeit, Erbrechen oder Appetitlosigkeit.<\/p>\n<p class=\"dm-30\">Aus Sicht der Traditionellen Chinesischen Medizin k\u00f6nnen sowohl \u00e4ussere als auch innere Faktoren Ursache f\u00fcr Magenschmerzen sein:<\/p>\n<ul>\n<li>Pathologische K\u00e4lte \u2013 verursacht durch kalten Wind, Durchzug oder zu viel kaltes Essen. Dies kann zu Schmerzen f\u00fchren und den Magen angreifen.<\/li>\n<li>Auch die \u00abinnere Hitze und Feuchtigkeit\u00bb, welche aus einem Ungleichgewicht zwischen Yin und Yang entsteht, kann zu diesen Beschwerden f\u00fchren.<\/li>\n<li>Zunehmend finden sich die Gr\u00fcnde in psychischen Ursachen wie Stress, Aufregung und Depression, welche in der modernen Gesellschaft immer h\u00e4ufiger anzutreffen sind.<\/li>\n<li>Ebenso verursachen Milz- und Magen-Funktionsschw\u00e4chen Beschwerden bei der Verdauung \u2013 und sind Ursachen f\u00fcr Schmerzzust\u00e4nde.<\/li>\n<\/ul>\n<blockquote><p>Das Ziel ist nicht, nur die Symptome zu bek\u00e4mpfen, sondern die Beschwerden an der Wurzel zu beheben.<\/p><\/blockquote>\n<p>Die Traditionelle Chinesische Medizin bietet wirksame Methoden zur effektiven Behandlung von Magenschmerzen. Dabei ist uns das k\u00f6rperliche wie auch das geistige Wohlbefinden unserer Patienten sehr wichtig. Das Ziel ist nicht, nur die Symptome zu bek\u00e4mpfen, sondern die Beschwerden an der Wurzel zu beheben. Die am h\u00e4ufigsten angewandten Methoden sind Akupunktur, Moxibustion und Phytotherapie (Kr\u00e4utertherapie).<\/p>\n<p>Bei der Akupunktur werden je nach Ursache und Krankheitsbild verschiedene Akupunktur-Punkte stimuliert, um den Fluss des \u00abQi\u00bb, der Lebensenergie, wieder herzustellen. Auch individuell f\u00fcr den Patienten zusammengesetzte Kr\u00e4utermischungen, einzunehmen in der Regel in Tee-Form, sind sehr effizient. Diese bestehen aus pflanzlichen Bestandteilen wie Wurzeln, Rinden oder Knollen und werden wegen ihrer nat\u00fcrlichen Kl\u00e4rungsfunktion des Organismus verwendet, um energetische Entgleisungen zu korrigieren. Moxibustion ist vor allem sehr wirkungsvoll bei chronischen Magenschmerzen. F\u00fcr die Moxibustion oder Moxa-Therapie wird Moxa in Form von Kegeln, Rollen oder \u00abWatte\u00bb verbrannt. Das verwendete Kraut ist Beifuss (Artemisia vulgaris), dessen Bl\u00e4tter pur oder unter Beimengung von anderen Kr\u00e4utern oder Kr\u00e4uterrezepturen verwendet werden. Das Moxa wird \u00fcber den Akupunkturpunkt gehalten oder direkt auf die Akupunkturnadeln gesetzt.<\/p>\n<blockquote><p>Essen Sie regelm\u00e4ssig und in kleineren Mengen \u00fcber den Tag verteilt, das hilft Ihrem Magen bei der Regeneration.<\/p><\/blockquote>\n<p>Mit einigen allgemeinen Massnahmen k\u00f6nnen Sie Ihren Magen positiv beeinflussen. Ziehen Sie sich temperaturgem\u00e4ss an und sch\u00fctzen Sie vor allem Ihren Magen vor K\u00e4lte. Reduzieren oder vermeiden Sie den Konsum von Zigaretten und Alkohol, um Ihren Magen zu unterst\u00fctzen. Essen Sie regelm\u00e4ssig und in kleineren Mengen \u00fcber den Tag verteilt, das hilft Ihrem Magen bei der Regeneration. Zerkauen Sie bei Magenproblemen die Nahrung besonders gut \u2013 und halten Sie Mass bei der Nahrungsmenge. Hilfreich sind zudem Entspannungs\u00fcbungen und das Vermeiden von Stressfaktoren.<\/p>\n<p>F\u00fcr weitere Ausk\u00fcnfte oder eine Terminvereinbarung stehen wir Ihnen jederzeit gerne via\u00a0<a href=\"https:\/\/sinomed.ch\/de\/kontakt\/\" target=\"_blank\" rel=\"noopener noreferrer\">Kontaktformular<\/a>\u00a0oder Gratis-Hotline\u00a0<a href=\"tel:+41800753753\" target=\"_blank\" rel=\"noopener noreferrer\">0800 753 753<\/a>\u00a0zur Verf\u00fcgung.<\/p>\n","protected":false},"excerpt":{"rendered":"<p>Magenschmerzen (Schulmediziner sprechen auch von einer Gastralgie) \u2013 ein grosses Thema f\u00fcr viele unserer Patienten. Magenschmerzen k\u00f6nnen in unterschiedlicher Weise auftreten. Die Schmerzen k\u00f6nnen sich eher scharf oder brennend anf\u00fchlen. Egal ob Magenschmerzen kurzfristige Beschwerden ausl\u00f6sen oder das Unwohlsein \u00fcber einen l\u00e4ngeren Zeitraum stattfindet: oftmals gehen die Schmerzen einher mit weiteren Beschwerden wie Aufstossen, Durchfall&#8230;  <a class=\"excerpt-read-more\" href=\"https:\/\/sinomed.ch\/de\/traditionelle-chinesische-medizin\/behandlungsgebiete\/tcm-hilft-bei-magenschmerzen\/\" title=\"Read TCM hilft bei Magenschmerzen\">Weiterlesen &raquo;<\/a><\/p>\n","protected":false},"author":1,"featured_media":0,"parent":339,"menu_order":38,"comment_status":"open","ping_status":"open","template":"","meta":[],"_links":{"self":[{"href":"https:\/\/sinomed.ch\/de\/wp-json\/wp\/v2\/pages\/392"}],"collection":[{"href":"https:\/\/sinomed.ch\/de\/wp-json\/wp\/v2\/pages"}],"about":[{"href":"https:\/\/sinomed.ch\/de\/wp-json\/wp\/v2\/types\/page"}],"author":[{"embeddable":true,"href":"https:\/\/sinomed.ch\/de\/wp-json\/wp\/v2\/users\/1"}],"replies":[{"embeddable":true,"href":"https:\/\/sinomed.ch\/de\/wp-json\/wp\/v2\/comments?post=392"}],"version-history":[{"count":5,"href":"https:\/\/sinomed.ch\/de\/wp-json\/wp\/v2\/pages\/392\/revisions"}],"predecessor-version":[{"id":15164,"href":"https:\/\/sinomed.ch\/de\/wp-json\/wp\/v2\/pages\/392\/revisions\/15164"}],"up":[{"embeddable":true,"href":"https:\/\/sinomed.ch\/de\/wp-json\/wp\/v2\/pages\/339"}],"wp:attachment":[{"href":"https:\/\/sinomed.ch\/de\/wp-json\/wp\/v2\/media?parent=392"}],"curies":[{"name":"wp","href":"https:\/\/api.w.org\/{rel}","templated":true}]}}