
















{"id":396,"date":"2014-07-16T08:15:51","date_gmt":"2014-07-16T08:15:51","guid":{"rendered":"http:\/\/sinomed.ch\/de\/?page_id=396"},"modified":"2025-09-22T09:01:45","modified_gmt":"2025-09-22T08:01:45","slug":"erschoepfung-und-depression-in-der-tcm","status":"publish","type":"page","link":"https:\/\/sinomed.ch\/de\/traditionelle-chinesische-medizin\/behandlungsgebiete\/erschoepfung-und-depression-in-der-tcm\/","title":{"rendered":"Ersch\u00f6pfung und Depression in der TCM"},"content":{"rendered":"<img loading=\"lazy\" class=\"alignleft size-full wp-image-397\" src=\"https:\/\/sinomed.ch\/de\/wp-content\/uploads\/2014\/07\/depression.jpg\" alt=\"depression\" width=\"300\" height=\"282\" srcset=\"https:\/\/sinomed.ch\/de\/wp-content\/uploads\/2014\/07\/depression.jpg 300w, https:\/\/sinomed.ch\/de\/wp-content\/uploads\/2014\/07\/depression-125x117.jpg 125w\" sizes=\"(max-width: 300px) 100vw, 300px\" \/>\n<p>Wenn Patienten unter Ersch\u00f6pfungszust\u00e4nden leiden, treten oft folgende Beschwerden auf: Ged\u00e4chtnisschw\u00e4che, Reizbarkeit, Appetitlosigkeit, schlechter oder gar kein Schlaf, Muskelverspannungen usw.<\/p>\n<p>Alle Symptome signalisieren, dass die k\u00f6rperlichen und geistigen Funktionen dieser Patienten nicht mehr in Ordnung sind. Gem\u00e4ss der Traditionellen Chinesischen Medizin liegt die Ursache dieser Symptome in Qi-St\u00f6rungen oder Qi-Stagnationen im K\u00f6rper. Wenn der Zustand der Erkrankung schlimmer wird, treten zus\u00e4tzlich folgende Symptome auf:<\/p>\n<ul>\n<li>Sch\u00fcttelfrost\/Zittern<\/li>\n<li>keine Muskelkraft\/Schw\u00e4chegef\u00fchle<\/li>\n<li>R\u00fcckenschmerzen<\/li>\n<li>h\u00e4ufiges Wasserlassen in der Nacht<\/li>\n<li>Puls-Schw\u00e4che<\/li>\n<\/ul>\n<p>Nach der Theorie der TCM ist der Mensch eine Einheit. Wenn die depressive Verstimmung auftritt, werden die inneren Organe negativ beeinflusst, das Qi (das heisst die Lebensenergie) wird gest\u00f6rt. Begleitet von vielen k\u00f6rperlichen Problemen wie Herzklopfen, Bl\u00e4hung, Durchfall. Umgekehrt, wenn pathologische Ver\u00e4nderungen in den inneren Organen auftreten, wird auch die geistige Stimmung beeinflusst. Instabiler Blutdruck, schwer kontrollierbare Emotionen, \u00abungem\u00fctliche und depressive\u00bb Gef\u00fchle entstehen.<\/p>\n<blockquote><p>Die Wirkung tritt in der Regel sehr schnell ein \u2013 mit nicht unwesentlichen Nebenwirkungen und der Gefahr der Abh\u00e4ngigkeit von Medikamenten.<\/p><\/blockquote>\n<p>Gem\u00e4ss unseren langj\u00e4hrigen Beobachtungen und klinischen Erfahrungen liegen in der Schweiz die Ursachen der Depression bei den meisten Patienten bei emotionalen Verletzungen, das heisst, sie werden durch Traurigkeit, Angst, M\u00fcdigkeit und \u00fcberm\u00e4ssiges Denken verursacht. Die entsprechenden St\u00f6rungen treten in den Organen Leber, Herz und Milz auf. Qi, die Lebensenergie, stagniert unter diesen Umst\u00e4nden. Ausdruck daf\u00fcr sind vermehrte Schleimbildung, innere Feuchte und Immunsystemschw\u00e4che. Das Prinzip der Behandlungen ist eine St\u00e4rkung der Milz, Entfernung von \u00fcbersch\u00fcssigem Schleim, Regulierung des Flusses von Qi, der Lebensenergie. Die Therapie-Formen sind Akupunktur, Moxa, Massage und chinesische Kr\u00e4utertherapie. Mit dem Ziel, den Qi-Fluss anzuregen, das Immunsystem zu aktivieren. TCM erzielt hier hervorragende Resultate \u2013 mit sanfter Behandlungsmethode ohne gr\u00f6ssere Nebenwirkungen.<\/p>\n<p>In der konventionellen, westlichen Schulmedizin wird die Depression mittels Medikamenten behandelt. Die Wirkung tritt in der Regel sehr schnell ein \u2013 mit nicht unwesentlichen Nebenwirkungen und der Gefahr der Abh\u00e4ngigkeit von Medikamenten. Denn diese Medikamente beeinflussen das Nervensystem im Gehirn. Verglichen mit der westlichen Medizin geht die chinesische Medizin einen anderen Weg. Um einen therapeutischen Effekt zu erreichen, regulieren wir das Qi, die Lebensenergie der Patienten. Dadurch werden die Funktionen der Organe verbessert, die F\u00e4higkeit des K\u00f6rpers zur Selbstheilung wird aktiviert. Was ist die F\u00e4higkeit des K\u00f6rpers zur Selbstheilung? Das heisst, durch die eigene Heilkraft des K\u00f6rpers, die eigene biologische Vitalit\u00e4t, die Defekte des K\u00f6rpers zu reparieren. Diese F\u00e4higkeiten des K\u00f6rpers zu erhalten und st\u00e4rken, das ist die Spezialit\u00e4t der Traditionellen Chinesischen Medizin, das ist die St\u00e4rke Ihrer Sinomed-TCM-Praxen.<\/p>\n<p>F\u00fcr weitere Ausk\u00fcnfte oder eine Terminvereinbarung stehen wir Ihnen jederzeit gerne via\u00a0<a href=\"https:\/\/sinomed.ch\/de\/kontakt\/\" target=\"_blank\" rel=\"noopener noreferrer\">Kontaktformular<\/a>\u00a0oder Gratis-Hotline\u00a0<a href=\"tel:+41800753753\" target=\"_blank\" rel=\"noopener noreferrer\">0800 753 753<\/a>\u00a0zur Verf\u00fcgung.<\/p>\n","protected":false},"excerpt":{"rendered":"<p>Wenn Patienten unter Ersch\u00f6pfungszust\u00e4nden leiden, treten oft folgende Beschwerden auf: Ged\u00e4chtnisschw\u00e4che, Reizbarkeit, Appetitlosigkeit, schlechter oder gar kein Schlaf, Muskelverspannungen usw. Alle Symptome signalisieren, dass die k\u00f6rperlichen und geistigen Funktionen dieser Patienten nicht mehr in Ordnung sind. Gem\u00e4ss der Traditionellen Chinesischen Medizin liegt die Ursache dieser Symptome in Qi-St\u00f6rungen oder Qi-Stagnationen im K\u00f6rper. Wenn der Zustand&#8230;  <a class=\"excerpt-read-more\" href=\"https:\/\/sinomed.ch\/de\/traditionelle-chinesische-medizin\/behandlungsgebiete\/erschoepfung-und-depression-in-der-tcm\/\" title=\"Read Ersch\u00f6pfung und Depression in der TCM\">Weiterlesen &raquo;<\/a><\/p>\n","protected":false},"author":1,"featured_media":0,"parent":339,"menu_order":37,"comment_status":"open","ping_status":"open","template":"","meta":[],"_links":{"self":[{"href":"https:\/\/sinomed.ch\/de\/wp-json\/wp\/v2\/pages\/396"}],"collection":[{"href":"https:\/\/sinomed.ch\/de\/wp-json\/wp\/v2\/pages"}],"about":[{"href":"https:\/\/sinomed.ch\/de\/wp-json\/wp\/v2\/types\/page"}],"author":[{"embeddable":true,"href":"https:\/\/sinomed.ch\/de\/wp-json\/wp\/v2\/users\/1"}],"replies":[{"embeddable":true,"href":"https:\/\/sinomed.ch\/de\/wp-json\/wp\/v2\/comments?post=396"}],"version-history":[{"count":3,"href":"https:\/\/sinomed.ch\/de\/wp-json\/wp\/v2\/pages\/396\/revisions"}],"predecessor-version":[{"id":15156,"href":"https:\/\/sinomed.ch\/de\/wp-json\/wp\/v2\/pages\/396\/revisions\/15156"}],"up":[{"embeddable":true,"href":"https:\/\/sinomed.ch\/de\/wp-json\/wp\/v2\/pages\/339"}],"wp:attachment":[{"href":"https:\/\/sinomed.ch\/de\/wp-json\/wp\/v2\/media?parent=396"}],"curies":[{"name":"wp","href":"https:\/\/api.w.org\/{rel}","templated":true}]}}