
















{"id":400,"date":"2014-07-16T08:54:28","date_gmt":"2014-07-16T08:54:28","guid":{"rendered":"http:\/\/sinomed.ch\/de\/?page_id=400"},"modified":"2025-09-22T09:00:54","modified_gmt":"2025-09-22T08:00:54","slug":"chronische-schmerzen-bekaempfen-mit-tcm","status":"publish","type":"page","link":"https:\/\/sinomed.ch\/de\/traditionelle-chinesische-medizin\/behandlungsgebiete\/chronische-schmerzen-bekaempfen-mit-tcm\/","title":{"rendered":"Chronische Schmerzen bek\u00e4mpfen mit TCM"},"content":{"rendered":"<img loading=\"lazy\" class=\"alignleft wp-image-401\" src=\"https:\/\/sinomed.ch\/de\/wp-content\/uploads\/2014\/07\/chronische_schmerzen.jpg\" alt=\"chronische_schmerzen\" width=\"283\" height=\"267\" srcset=\"https:\/\/sinomed.ch\/de\/wp-content\/uploads\/2014\/07\/chronische_schmerzen.jpg 300w, https:\/\/sinomed.ch\/de\/wp-content\/uploads\/2014\/07\/chronische_schmerzen-125x118.jpg 125w\" sizes=\"(max-width: 283px) 100vw, 283px\" \/>\n<p>Fast t\u00e4glich behandeln wir Patienten mit Schmerzerkrankungen mit gutem Erfolg in unseren Praxen. Kopfschmerzen, Muskelverspannungen, Tennisellbogen, Ischias, R\u00fcckenschmerzen: Praktisch jede Art von Schmerzen kann mit TCM behandelt werden. Insbesondere bei chronischen Schmerzen bietet die Traditionelle Chinesische Medizin (TCM) sinnvolle, alternative Behandlungsm\u00f6glichkeiten.<\/p>\n<p class=\"dm-40\">Nach Auffassung der TCM sind Schmerzen prinzipiell auf eine Blockade des Energieflusses in bestimmten Leitbahnen (Meridianen) zur\u00fcckzuf\u00fchren. Bei lang andauernden, chronischen Schmerzen stellt sich zus\u00e4tzlich eine Qi (Lebensenergie)- und Blut-Schw\u00e4che ein, das heisst ein Mangel an den Grundsubstanzen des menschlichen Organismus.<\/p>\n<p>Dabei gelten verschiedene Faktoren als Ursachen:<\/p>\n<ul>\n<li>Klimatische Einfl\u00fcsse wie z.B. Wind, Feuchtigkeit und K\u00e4lte: Wirken diese im \u00dcbermass auf unseren K\u00f6rper und ist die Abwehrkraft zugleich nicht stark genug, wird der Qi- bzw. Blut-Fluss gest\u00f6rt und dies verursacht Beschwerden.<\/li>\n<li>Qi-Mangel: Bei einem Qi-Mangel ist das Immunsystem geschw\u00e4cht, so dass krankmachende Faktoren leichter in den K\u00f6rper eindringen k\u00f6nnen.<\/li>\n<li>Psychische Einfl\u00fcsse: Ist der Mensch psychisch belastet, wird der K\u00f6rper auch in Mitleidenschaft gezogen. Psychische Belastung bringt den Qi-Mechanismus durcheinander, so dass die Meridiane unterversorgt werden.<\/li>\n<li>Unf\u00e4lle oder Sportverletzungen: Das Qi wird blockiert und der Blut-Fluss gestaut. Als Folge entstehen Schmerzen.<\/li>\n<\/ul>\n<blockquote><p>Mit diesen Methoden werden die eingedrungenen, krankmachenden Faktoren wie Wind, Feuchtigkeit und K\u00e4lte ausgetrieben und die Schmerzen gelindert.<\/p><\/blockquote>\n<p>Zur Behandlung von chronischen Schmerzen werden in der TCM in erster Linie Akupunktur, Tuina-Massage und Schr\u00f6pfen angewandt, allenfalls erg\u00e4nzt mit Kr\u00e4uter-Arzneimittel, W\u00e4rmebehandlung (Moxibustion, W\u00e4rmelampe, B\u00e4der), Elektro-Akupunktur und Ohr-Akupunktur. Mit diesen Methoden werden die eingedrungenen, krankmachenden Faktoren wie Wind, Feuchtigkeit und K\u00e4lte ausgetrieben und die Schmerzen gelindert. Ziel der Behandlungen ist, die Blockade des Qi- und Blut-Flusses zu beseitigen, so dass die gest\u00f6rte Qi- und Blut-Zirkulation wieder zum Fliessen gebracht wird. Bei einem Qi-Mangel wird mittels TCM-Behandlungen das Qi gest\u00e4rkt.<\/p>\n<p>In der TCM wird Schmerz unter dem Begriff \u00abBi-Syndrom\u00bb (Bi = Blockade, Stauung, Sperrung) zusammengefasst. Je nach Symptomen werden Schmerzen in vier Bi-Typen unterteilt und entsprechend behandelt:<\/p>\n<p><strong>1) Typ wanderndes Bi-Syndrom<\/strong><br \/>\nSymptombild: wandernde und ziehende Schmerzen, mal da, mal dort; R\u00f6tung und \u00dcberw\u00e4rmung an den Schmerzstellen in der fr\u00fchen Phase. Behandlung: Akupunktur, Elektro-Akupunktur, Schr\u00f6pfen, Tuina-Massage, Kr\u00e4uter; 2\u20133 Mal in der Woche, 10 Mal ist eine Behandlungsserie.<\/p>\n<p><strong>2) Typ Schmerz-Bi-Syndrom<\/strong><br \/>\nSymptombild: Schmerzen treten immer an denselben Stellen auf; Verschlimmerung bei nass-kaltem Wetter; Besserung durch W\u00e4rme; eingeschr\u00e4nkte Beweglichkeit. Behandlung: Akupunktur, W\u00e4rmelampe, Moxibustion, Tuina- Massage, Schr\u00f6pfen, Kr\u00e4uter; 2 Mal in der Woche, 15 Mal ist eine Behandlungsserie.<\/p>\n<p><strong>3) Typ haftendes Bi-Syndrom<\/strong><br \/>\nSymptombild: Schwellung und Schmerzen an bestimmten Stellen mit Schweregef\u00fchl in den Gliedmassen; eingeschr\u00e4nkte Beweglichkeit; Taubheitsgef\u00fchl und Kribbeln auf der Haut. Behandlung: Akupunktur, Elektro-Akupunktur, W\u00e4rmelampe, Schr\u00f6pfen, Kr\u00e4uter.<\/p>\n<p><strong>4) Typ Hitze-Bi-Syndrom<\/strong><br \/>\nSymptombild: rote, geschwollene Gelenke mit starken Schmerzen; Besserung durch K\u00e4lte; meist begleitet von ganzk\u00f6rperlichen Symptomen wie Fieber, Durst, Sch\u00fcttelfrost etc. Behandlung: Akupunktur, Blut ablassen (im \u00fcbertragenen Sinne: Blut auslaufen lassen an bestimmten Stellen, um Hitze oder Schmerzen zu lindern), Schr\u00f6pfen.<\/p>\n<h3>Pr\u00e4vention und Tipps f\u00fcr den Alltag:<\/h3>\n<ul>\n<li>Sch\u00fctzen Sie sich gut vor K\u00e4lte und Wind. Eine kalte Dusche gerade nach dem Schwitzen ist nicht zu empfehlen.<\/li>\n<li>Achten Sie auf eine ausgewogene Ern\u00e4hrung. Vermeiden Sie kalte und fettige Speisen.<\/li>\n<li>F\u00fcr Patienten, die bereits Schmerzen und Bewegungseinschr\u00e4nkungen haben, empfehlen wir Funktions\u00fcbungen (Bewegungs\u00fcbungen mit Anweisungen durch den Arzt oder Therapeuten). Diese verbessern die Durchblutung und somit auch die N\u00e4hrstoffversorgung im Gewebe, so dass eine Muskelatrophie (Muskelschwund) vermieden werden kann.<\/li>\n<li>Versuchen Sie, Ihre Stimmungslage auszugleichen und Stress zu reduzieren.<\/li>\n<li>Achten Sie darauf, einen geregelten Tagesablauf einzuhalten.<\/li>\n<li>Treiben Sie regelm\u00e4ssig Sport. Sanfte Bewegungen wie Yoga, Taichi und Qigong helfen Ihnen dabei, Beschwerden des Bewegungsapparates vorzubeugen.<\/li>\n<\/ul>\n<p>F\u00fcr weitere Ausk\u00fcnfte oder eine Terminvereinbarung stehen wir Ihnen jederzeit gerne via\u00a0<a href=\"https:\/\/sinomed.ch\/de\/kontakt\/\" target=\"_blank\" rel=\"noopener noreferrer\">Kontaktformular<\/a>\u00a0oder Gratis-Hotline\u00a0<a href=\"tel:+41800753753\" target=\"_blank\" rel=\"noopener noreferrer\">0800 753 753<\/a>\u00a0zur Verf\u00fcgung.<\/p>\n<p><a href=\"https:\/\/sinomed.ch\/de\/patientenberichte\/karin-spoerli-skoliose-fehlstellung-der-wirbelsaeule-mit-tcm\/\">Patientenbericht zum Thema Skoliose<\/a><\/p>\n<a href=\"https:\/\/sinomed.ch\/de\/patientenberichte\/karin-spoerli-skoliose-fehlstellung-der-wirbelsaeule-mit-tcm\/\"><img loading=\"lazy\" class=\"alignnone wp-image-2278 size-medium\" src=\"https:\/\/sinomed.ch\/de\/wp-content\/uploads\/2015\/10\/Karin_Spoerli-300x282.jpg\" alt=\"\" width=\"300\" height=\"282\" srcset=\"https:\/\/sinomed.ch\/de\/wp-content\/uploads\/2015\/10\/Karin_Spoerli.jpg 300w, https:\/\/sinomed.ch\/de\/wp-content\/uploads\/2015\/10\/Karin_Spoerli-125x118.jpg 125w\" sizes=\"(max-width: 300px) 100vw, 300px\" \/><\/a>\n<p>&nbsp;<\/p>\n<p><a href=\"https:\/\/sinomed.ch\/de\/patientenberichte\/heinz-ruchti-chronische-schulter-schmerzen\/\">Patientenbericht zum Thema chronische Schulterschmerzen<\/a><\/p>\n<a href=\"https:\/\/sinomed.ch\/de\/patientenberichte\/heinz-ruchti-chronische-schulter-schmerzen\/\"><img loading=\"lazy\" class=\"alignnone wp-image-2171 size-medium\" src=\"https:\/\/sinomed.ch\/de\/wp-content\/uploads\/2015\/08\/Heinz_Ruchti_caption-300x282.png\" alt=\"\" width=\"300\" height=\"282\" srcset=\"https:\/\/sinomed.ch\/de\/wp-content\/uploads\/2015\/08\/Heinz_Ruchti_caption.png 300w, https:\/\/sinomed.ch\/de\/wp-content\/uploads\/2015\/08\/Heinz_Ruchti_caption-125x118.png 125w\" sizes=\"(max-width: 300px) 100vw, 300px\" \/><\/a>\n","protected":false},"excerpt":{"rendered":"<p>Fast t\u00e4glich behandeln wir Patienten mit Schmerzerkrankungen mit gutem Erfolg in unseren Praxen. Kopfschmerzen, Muskelverspannungen, Tennisellbogen, Ischias, R\u00fcckenschmerzen: Praktisch jede Art von Schmerzen kann mit TCM behandelt werden. Insbesondere bei chronischen Schmerzen bietet die Traditionelle Chinesische Medizin (TCM) sinnvolle, alternative Behandlungsm\u00f6glichkeiten. Nach Auffassung der TCM sind Schmerzen prinzipiell auf eine Blockade des Energieflusses in bestimmten&#8230;  <a class=\"excerpt-read-more\" href=\"https:\/\/sinomed.ch\/de\/traditionelle-chinesische-medizin\/behandlungsgebiete\/chronische-schmerzen-bekaempfen-mit-tcm\/\" title=\"Read Chronische Schmerzen bek\u00e4mpfen mit TCM\">Weiterlesen &raquo;<\/a><\/p>\n","protected":false},"author":1,"featured_media":0,"parent":339,"menu_order":36,"comment_status":"open","ping_status":"open","template":"","meta":[],"_links":{"self":[{"href":"https:\/\/sinomed.ch\/de\/wp-json\/wp\/v2\/pages\/400"}],"collection":[{"href":"https:\/\/sinomed.ch\/de\/wp-json\/wp\/v2\/pages"}],"about":[{"href":"https:\/\/sinomed.ch\/de\/wp-json\/wp\/v2\/types\/page"}],"author":[{"embeddable":true,"href":"https:\/\/sinomed.ch\/de\/wp-json\/wp\/v2\/users\/1"}],"replies":[{"embeddable":true,"href":"https:\/\/sinomed.ch\/de\/wp-json\/wp\/v2\/comments?post=400"}],"version-history":[{"count":12,"href":"https:\/\/sinomed.ch\/de\/wp-json\/wp\/v2\/pages\/400\/revisions"}],"predecessor-version":[{"id":15154,"href":"https:\/\/sinomed.ch\/de\/wp-json\/wp\/v2\/pages\/400\/revisions\/15154"}],"up":[{"embeddable":true,"href":"https:\/\/sinomed.ch\/de\/wp-json\/wp\/v2\/pages\/339"}],"wp:attachment":[{"href":"https:\/\/sinomed.ch\/de\/wp-json\/wp\/v2\/media?parent=400"}],"curies":[{"name":"wp","href":"https:\/\/api.w.org\/{rel}","templated":true}]}}