
















{"id":404,"date":"2014-07-16T09:03:37","date_gmt":"2014-07-16T09:03:37","guid":{"rendered":"http:\/\/sinomed.ch\/de\/?page_id=404"},"modified":"2025-09-22T09:24:23","modified_gmt":"2025-09-22T08:24:23","slug":"tcm-bei-klimakterischem-syndrom","status":"publish","type":"page","link":"https:\/\/sinomed.ch\/de\/traditionelle-chinesische-medizin\/behandlungsgebiete\/tcm-bei-klimakterischem-syndrom\/","title":{"rendered":"TCM bei klimakterischem Syndrom"},"content":{"rendered":"<img loading=\"lazy\" class=\"alignleft size-full wp-image-405\" src=\"https:\/\/sinomed.ch\/de\/wp-content\/uploads\/2014\/07\/wechseljahre-.jpg\" alt=\"wechseljahre\" width=\"300\" height=\"282\" srcset=\"https:\/\/sinomed.ch\/de\/wp-content\/uploads\/2014\/07\/wechseljahre-.jpg 300w, https:\/\/sinomed.ch\/de\/wp-content\/uploads\/2014\/07\/wechseljahre--125x117.jpg 125w\" sizes=\"(max-width: 300px) 100vw, 300px\" \/>\n<p class=\"dm-48\">Im Allgemeinen bleibt bei Frauen bei Erreichung des 49.\u201350. Lebensjahres die Menstruation aus, was man als \u00abMenopause\u00bb bezeichnet. In diesem Alter werden, aufgrund der r\u00fcckl\u00e4ufigen Eierstock-Funktion, nicht gen\u00fcgend Hormone produziert. Typische Anzeichen und Symptome der Menopause sind Hitzewallungen, Schweissausbr\u00fcche, Stimmungsschwankungen, Reizbarkeit, Nervosit\u00e4t, Konzentrationsst\u00f6rungen, Schlaflosigkeit, Vergesslichkeit, Schwindel, mattes Gef\u00fchl in R\u00fccken und Beinen. In einzelnen F\u00e4llen sind auch Blutdruckschwankungen, Herzklopfen, erh\u00f6hter Blutzucker und Gewichtszunahme zu beobachten. Diese Symptome bezeichnet man im Volksmund auch als \u00abWechseljahrbeschwerden\u00bb. Die Dauer der Beschwerden reichen von ein bis zwei Jahren bis hin zu zehn Jahren.<\/p>\n<p>In der chinesischen Medizin wird die Ursache f\u00fcr diese Beschwerden im R\u00fcckgang der Nierenenergie begr\u00fcndet. Blut- und damit Yin-Mangel verursachen, dass zu wenig Yang-Energie gespeichert werden kann. Somit stehen Yin &amp; Yang nicht mehr im Gleichgewicht, die Organe daher in Disharmonie. Bei einigen Patienten ist auch erkennbar, dass nicht nur zu wenig Yin-Energie vorhanden ist, sondern ein gleichzeitiger Mangel an Yin- &amp; Yang-Energie die Organe Herz, Leber und Milz schw\u00e4cht. Die Behandlung verfolgt also in erster Linie das Ziel, beide Kr\u00e4fte wieder auszugleichen, die Lebensenergie \u00abQi\u00bb in Fluss, und den Bluthaushalt wieder in Harmonie zu bringen.<\/p>\n<blockquote><p>Symptome, die das allgemeine Leben, aber auch die Arbeit stark beeinflussen.<\/p><\/blockquote>\n<p>Sinomed hat viele Patienten mit klimakterischem Syndrom, mit unterschiedlichsten Symptomen, behandelt. Symptome, die das allgemeine Leben, aber auch die Arbeit stark beeinflussen. Einige Patientinnen nehmen wohl Hormonpr\u00e4parate, aber mit ausbleibendem Erfolg. Zudem haben viele Betroffene Bedenken wegen den Nebenwirkungen \u2013 und m\u00f6chten nicht langfristig von Hormonen abh\u00e4ngig sein. Die Patienten werden vorwiegend mit Akupunktur behandelt, teilweise kombiniert mit Moxibustion und Kr\u00e4utertherapie. Bei Wechseljahrbeschwerden zeigt die TCM sehr gute Ergebnisse, besonders bei Patientinnen, die vorab keine Hormonbehandlungen durchgef\u00fchrt haben. Frauen, die sich erst seit kurzer Zeit in der Menopause befinden, sprechen ebenfalls sehr gut auf die Behandlungen an.<\/p>\n<p>Ein nicht zu untersch\u00e4tzender Faktor bei der Pr\u00e4vention und Bek\u00e4mpfung von Wechseljahrbeschwerden ist die Ern\u00e4hrung. Frisches Gem\u00fcse, vitaminreiche Fr\u00fcchte, moderate Menge von Protein, \u00ablow-fat\u00bb-Kost und reduzierter Zuckerkonsum sind wichtig. Vermieden werden sollten Getr\u00e4nke wie Wein und zu starker Tee. Eine Einschr\u00e4nkung des Kaffee-Genusses ist hilfreich.<\/p>\n<p>Wir empfehlen \u00abGoji\u00bb-Beeren (mit s\u00fcssem Geschmack) zur Unterst\u00fctzung w\u00e4hrend den Wechseljahrbeschwerden. Die Goji-Beere ist das am h\u00e4ufigsten verwendete Mittel in der TCM, um die Leber und Niere zu n\u00e4hren und st\u00e4rken. Goji-Tee ist deshalb sehr geeignet f\u00fcr Frauen in den Wechseljahren.<\/p>\n<p>F\u00fcr weitere Ausk\u00fcnfte oder eine Terminvereinbarung stehen wir Ihnen jederzeit gerne via\u00a0<a href=\"https:\/\/sinomed.ch\/de\/kontakt\/\" target=\"_blank\" rel=\"noopener noreferrer\">Kontaktformular<\/a>\u00a0oder Gratis-Hotline\u00a0<a href=\"tel:+41800753753\" target=\"_blank\" rel=\"noopener noreferrer\">0800 753 753<\/a>\u00a0zur Verf\u00fcgung.<\/p>\n<p><a href=\"https:\/\/sinomed.ch\/de\/patientenberichte\/suzana-djokovic-wechseljahrbeschwerden-mit-tcm\/\">Patientenbericht zum Thema Wechseljahrbeschwerden<\/a><\/p>\n<a href=\"https:\/\/sinomed.ch\/de\/patientenberichte\/suzana-djokovic-wechseljahrbeschwerden-mit-tcm\/\" target=\"_blank\" rel=\"noopener noreferrer\"><img loading=\"lazy\" class=\"alignnone wp-image-2226 size-medium\" src=\"https:\/\/sinomed.ch\/de\/wp-content\/uploads\/2015\/09\/Djokovic_caption-300x282.jpg\" alt=\"\" width=\"300\" height=\"282\" srcset=\"https:\/\/sinomed.ch\/de\/wp-content\/uploads\/2015\/09\/Djokovic_caption.jpg 300w, https:\/\/sinomed.ch\/de\/wp-content\/uploads\/2015\/09\/Djokovic_caption-125x118.jpg 125w\" sizes=\"(max-width: 300px) 100vw, 300px\" \/><\/a>\n","protected":false},"excerpt":{"rendered":"<p>Im Allgemeinen bleibt bei Frauen bei Erreichung des 49.\u201350. Lebensjahres die Menstruation aus, was man als \u00abMenopause\u00bb bezeichnet. In diesem Alter werden, aufgrund der r\u00fcckl\u00e4ufigen Eierstock-Funktion, nicht gen\u00fcgend Hormone produziert. Typische Anzeichen und Symptome der Menopause sind Hitzewallungen, Schweissausbr\u00fcche, Stimmungsschwankungen, Reizbarkeit, Nervosit\u00e4t, Konzentrationsst\u00f6rungen, Schlaflosigkeit, Vergesslichkeit, Schwindel, mattes Gef\u00fchl in R\u00fccken und Beinen. In einzelnen F\u00e4llen&#8230;  <a class=\"excerpt-read-more\" href=\"https:\/\/sinomed.ch\/de\/traditionelle-chinesische-medizin\/behandlungsgebiete\/tcm-bei-klimakterischem-syndrom\/\" title=\"Read TCM bei klimakterischem Syndrom\">Weiterlesen &raquo;<\/a><\/p>\n","protected":false},"author":1,"featured_media":0,"parent":339,"menu_order":34,"comment_status":"open","ping_status":"open","template":"","meta":[],"_links":{"self":[{"href":"https:\/\/sinomed.ch\/de\/wp-json\/wp\/v2\/pages\/404"}],"collection":[{"href":"https:\/\/sinomed.ch\/de\/wp-json\/wp\/v2\/pages"}],"about":[{"href":"https:\/\/sinomed.ch\/de\/wp-json\/wp\/v2\/types\/page"}],"author":[{"embeddable":true,"href":"https:\/\/sinomed.ch\/de\/wp-json\/wp\/v2\/users\/1"}],"replies":[{"embeddable":true,"href":"https:\/\/sinomed.ch\/de\/wp-json\/wp\/v2\/comments?post=404"}],"version-history":[{"count":10,"href":"https:\/\/sinomed.ch\/de\/wp-json\/wp\/v2\/pages\/404\/revisions"}],"predecessor-version":[{"id":15169,"href":"https:\/\/sinomed.ch\/de\/wp-json\/wp\/v2\/pages\/404\/revisions\/15169"}],"up":[{"embeddable":true,"href":"https:\/\/sinomed.ch\/de\/wp-json\/wp\/v2\/pages\/339"}],"wp:attachment":[{"href":"https:\/\/sinomed.ch\/de\/wp-json\/wp\/v2\/media?parent=404"}],"curies":[{"name":"wp","href":"https:\/\/api.w.org\/{rel}","templated":true}]}}