
















{"id":427,"date":"2014-07-16T10:09:12","date_gmt":"2014-07-16T10:09:12","guid":{"rendered":"http:\/\/sinomed.ch\/de\/?page_id=427"},"modified":"2023-07-31T13:12:04","modified_gmt":"2023-07-31T12:12:04","slug":"administratives","status":"publish","type":"page","link":"https:\/\/sinomed.ch\/de\/traditionelle-chinesische-medizin\/behandlungsablauf\/administratives\/","title":{"rendered":"Administratives"},"content":{"rendered":"<img loading=\"lazy\" class=\"alignleft size-full wp-image-428\" src=\"https:\/\/sinomed.ch\/de\/wp-content\/uploads\/2014\/07\/Administratives_Taste_Gesundheit_Fotolia_48792078_L.jpg\" alt=\"Administratives_Taste_Gesundheit_Fotolia_48792078_L\" width=\"300\" height=\"214\" srcset=\"https:\/\/sinomed.ch\/de\/wp-content\/uploads\/2014\/07\/Administratives_Taste_Gesundheit_Fotolia_48792078_L.jpg 300w, https:\/\/sinomed.ch\/de\/wp-content\/uploads\/2014\/07\/Administratives_Taste_Gesundheit_Fotolia_48792078_L-125x89.jpg 125w\" sizes=\"(max-width: 300px) 100vw, 300px\" \/>\n<p>Bitte bringen Sie bei Ihrem ersten Besuch Ihre Krankenversicherungs-Karte mit.\u00a0Die TCM-Spezialisten von Sinomed sind bei Schweizer Krankenkassen anerkannt (Zusatzversicherung f\u00fcr Alternativ- und Komplement\u00e4rmedizin). Bitte informieren Sie sich vor der Behandlung bei Ihrer <a href=\"https:\/\/sinomed.ch\/de\/traditionelle-chinesische-medizin\/preise-krankenkassen\/krankenkassen-zusatzversicherung\/\">Krankenkasse<\/a> \u00fcber den Umfang Ihrer Versicherungsdeckung bzw. die Kostenbeteiligung. Gleiche Abkl\u00e4rungen treffen Sie bitte auch bei einem Unfall.<\/p>\n<p>Angaben zur Preisgestaltung unserer Dienstleistungen <a href=\"https:\/\/sinomed.ch\/de\/traditionelle-chinesische-medizin\/preise-krankenkassen\/preisliste-sinomed-behandlung\/\">finden Sie hier<\/a>.<\/p>\n<p>Sie erhalten von uns jeweils eine Monatsrechnung, immer an Ihre private Adresse zugestellt, Zahlungsziel 30 Tage netto. Die \u00dcberweisung geht direkt an die behandelnde Praxis der Sinomed-Gruppe. Die ebenfalls zugestellte Rechnungskopie k\u00f6nnen Sie als R\u00fcckforderungsbeleg an Ihre Krankenkasse\/Unfallversicherung weiterleiten.<\/p>\n<p>Terminannullierungen nehmen wir bis 24 Stunden vor dem Termin kostenlos entgegen. F\u00fcr sp\u00e4ter annullierte Termine verrechnen wir CHF 100.-.<\/p>\n","protected":false},"excerpt":{"rendered":"<p>Bitte bringen Sie bei Ihrem ersten Besuch Ihre Krankenversicherungs-Karte mit.\u00a0Die TCM-Spezialisten von Sinomed sind bei Schweizer Krankenkassen anerkannt (Zusatzversicherung f\u00fcr Alternativ- und Komplement\u00e4rmedizin). Bitte informieren Sie sich vor der Behandlung bei Ihrer Krankenkasse \u00fcber den Umfang Ihrer Versicherungsdeckung bzw. die Kostenbeteiligung. Gleiche Abkl\u00e4rungen treffen Sie bitte auch bei einem Unfall. Angaben zur Preisgestaltung unserer Dienstleistungen&#8230;  <a class=\"excerpt-read-more\" href=\"https:\/\/sinomed.ch\/de\/traditionelle-chinesische-medizin\/behandlungsablauf\/administratives\/\" title=\"Read Administratives\">Weiterlesen &raquo;<\/a><\/p>\n","protected":false},"author":1,"featured_media":0,"parent":348,"menu_order":53,"comment_status":"open","ping_status":"open","template":"","meta":[],"_links":{"self":[{"href":"https:\/\/sinomed.ch\/de\/wp-json\/wp\/v2\/pages\/427"}],"collection":[{"href":"https:\/\/sinomed.ch\/de\/wp-json\/wp\/v2\/pages"}],"about":[{"href":"https:\/\/sinomed.ch\/de\/wp-json\/wp\/v2\/types\/page"}],"author":[{"embeddable":true,"href":"https:\/\/sinomed.ch\/de\/wp-json\/wp\/v2\/users\/1"}],"replies":[{"embeddable":true,"href":"https:\/\/sinomed.ch\/de\/wp-json\/wp\/v2\/comments?post=427"}],"version-history":[{"count":5,"href":"https:\/\/sinomed.ch\/de\/wp-json\/wp\/v2\/pages\/427\/revisions"}],"predecessor-version":[{"id":10150,"href":"https:\/\/sinomed.ch\/de\/wp-json\/wp\/v2\/pages\/427\/revisions\/10150"}],"up":[{"embeddable":true,"href":"https:\/\/sinomed.ch\/de\/wp-json\/wp\/v2\/pages\/348"}],"wp:attachment":[{"href":"https:\/\/sinomed.ch\/de\/wp-json\/wp\/v2\/media?parent=427"}],"curies":[{"name":"wp","href":"https:\/\/api.w.org\/{rel}","templated":true}]}}