
















{"id":4291,"date":"2018-04-03T20:57:20","date_gmt":"2018-04-03T19:57:20","guid":{"rendered":"https:\/\/sinomed.ch\/de\/?page_id=4291"},"modified":"2025-09-22T11:17:46","modified_gmt":"2025-09-22T10:17:46","slug":"laser-akupunktur","status":"publish","type":"page","link":"https:\/\/sinomed.ch\/de\/traditionelle-chinesische-medizin\/behandlungsmethoden\/laser-akupunktur\/","title":{"rendered":"Laserakupunktur\u2013 die schmerzfreie Akupunktur-Variante!"},"content":{"rendered":"<img loading=\"lazy\" class=\" wp-image-4292 alignleft\" src=\"https:\/\/sinomed.ch\/de\/wp-content\/uploads\/2018\/04\/laserakpunktur-zuerich-sportverletzung-kinder-schmerzfrei.jpg\" alt=\"\" width=\"352\" height=\"220\" srcset=\"https:\/\/sinomed.ch\/de\/wp-content\/uploads\/2018\/04\/laserakpunktur-zuerich-sportverletzung-kinder-schmerzfrei.jpg 714w, https:\/\/sinomed.ch\/de\/wp-content\/uploads\/2018\/04\/laserakpunktur-zuerich-sportverletzung-kinder-schmerzfrei-125x78.jpg 125w, https:\/\/sinomed.ch\/de\/wp-content\/uploads\/2018\/04\/laserakpunktur-zuerich-sportverletzung-kinder-schmerzfrei-300x187.jpg 300w, https:\/\/sinomed.ch\/de\/wp-content\/uploads\/2018\/04\/laserakpunktur-zuerich-sportverletzung-kinder-schmerzfrei-350x219.jpg 350w\" sizes=\"(max-width: 352px) 100vw, 352px\" \/>\n<p class=\"p1\"><strong>Was ist Laserakupunktur?<\/strong><br \/>Laserakupunktur ist eine Therapieform, bei der anstelle der herk\u00f6mmlichen Stimulation der entsprechenden Akupunkturpunkte mit sterilen Einweg-Metallnadeln niedrigintensive Laserstrahlen zur Bestrahlung der <a href=\"https:\/\/sinomed.ch\/de\/traditionelle-chinesische-medizin\/grundlagen\/qi-und-die-meridiane\/\">Meridian<\/a>-Akupunkturpunkte eingesetzt werden. Laser-Akupunktur funktioniert also im Prinzip gleich wie Akupunktur mit Nadeln \u2013 mit dem Unterschied, dass die Haut nicht durchstochen wird! Das Kernprinzip der Laserakupunktur besteht darin, die Zellfunktion zu aktivieren, Nerven und den Blutkreislauf zu regulieren und dadurch eine therapeutische Wirkung zu erzielen. Die Laserakupunktur ist eine der am schnellsten wachsenden und am weitesten verbreiteten modernen Akupunkturtherapien. Sie ist ein Beispiel f\u00fcr den bemerkenswerten Erfolg der Kombination moderner Wissenschaft und Technologie mit der \u00fcber Jahrtausende bew\u00e4hrten traditionellen Akupunktur. Die Stimulation von Akupunkturpunkten mit Laserstrahlung ist bei professioneller Anwendung genauso wirksam wie eine Behandlung mit traditionellen Akupunkturnadeln.<\/p>\n<p class=\"p1\"><strong>Wirkungsweise des Lasers<br \/><em>Physikalische Wirkung<\/em>:<\/strong> Der Laser hat eine hohe Durchdringungsf\u00e4higkeit und kann auch auf Akupunkturpunkte in tieferliegendem Gewebe einwirken, wobei ein leichter Druckeffekt erzeugt wird.<\/p>\n<p class=\"p1\"><em><strong>Biochemische Regulierung:<\/strong><\/em> Der Laser kann das mitochondriale Enzymsystem aktivieren, welches entscheidend f\u00fcr die Energieproduktion der Zellen ist. Er f\u00f6rdert das Adenosintriphosphat ATP (die Hauptenergiequelle der Zellen), welches z.B. f\u00fcr nahezu alle ablaufenden Stoffwechselprozesse, Muskelkontraktionen und Gewebereparaturen ben\u00f6tigt wird.<\/p>\n<p class=\"p1\"><em><strong>Meridianleitung:<\/strong><\/em> Klinische Studien haben gezeigt, dass die Laserbestrahlung des Zusanli-Akupunkturpunkts (liegt beidseitig am Unterschenkel, etwa vier Fingerbreit unterhalb der Kniescheibe, in der Vertiefung zwischen Schienbein und dem vorderen Schienbeinmuskel) die sensorische Leitung entlang der Meridiane induziert und die Frequenz der Magen-Darm-Motilit\u00e4t regulieren kann. Auch weitere, ausgew\u00e4hlte Akupunkturpunkte, die mit einem Laser bestrahlt werden, k\u00f6nnen die Meridiane regulieren, das Qi st\u00e4rken, die Blutzirkulation aktivieren, die Funktionen der inneren Organe regulieren und das Gleichgewicht von Yin und Yang wiederherstellen. Mit dem Ziel, Krankheiten vorzubeugen und die Gesundheit zu st\u00e4rken \u2013 oder bereits bestehende Krankheiten zu behandeln.<\/p>\n<p class=\"p1\"><strong>Merkmale der Laserakupunktur <\/strong><em><strong>Zielgruppe:<\/strong><\/em> Der Niedrig-Energielaser beleuchtet die Akupunkturpunkte mit einem feinen Lichtstrahl. Da die Laser-Akupunkturtherapie nicht-invasiv und somit absolut schmerzlos ist, eignet sie sich besonders f\u00fcr Kinder, Jugendliche &amp; Erwachsene, die Angst vor Nadelschmerzen haben und Patienten mit Gerinnungsst\u00f6rungen.<\/p>\n<p class=\"p1\"><em><strong>Steril:<\/strong><\/em> Der Laserstrahl selbst bringt keine Bakterien in den Organismus und hat eine direkte und indirekte Sterilisationswirkung.<\/p>\n<p class=\"p1\"><em><strong>Keine Verletzungen:<\/strong> <\/em>Der Laserstrahl bestrahlt die Akupunkturpunkte und verursacht keine Hautverletzungen an der K\u00f6rperoberfl\u00e4che. Sie ist somit auch geeignet f\u00fcr bereits gesch\u00e4digte Haut, bei Geschw\u00fcren und f\u00fcr die Behandlung der Schleimh\u00e4ute. Laserstrahlen k\u00f6nnen auch bei diesen Voraussetzungen eine therapeutische Wirkung erzielen, Entz\u00fcndungen (auch z.B. bei Geschw\u00fcren) reduzieren, Schmerzen lindern und den Heilprozess unterst\u00fctzen.<\/p>\n<p class=\"p1\"><strong>Indikationen f\u00fcr Laserakupunktur <\/strong><br \/>Die Laser-Akupunkturtherapie wird bei fast 100 Erkrankungen in der P\u00e4diatrie, Inneren Medizin, Chirurgie, Geburtshilfe und Gyn\u00e4kologie, Dermatologie, HNO und Onkologie eingesetzt. Derzeit wird die Laserakupunktur vor allem bei der Behandlung der folgenden Beschwerde- und Krankheitsbildern eingesetzt: Asthma bronchiale, chronische Bronchitis, Lungenentz\u00fcndung, Bluthochdruck, koronare Herzkrankheit, Hyperlipid\u00e4mie, Bauchschmerzen, Durchfall und Trigeminusneuralgie, Gesichtsnervenl\u00e4hmung, Verletzung des Plexus brachialis und peripherer Nerven, akute und chronische Verstauchungen und Prellungen, Gelenk- und Muskelschmerzen, chronische entz\u00fcndliche Erkrankungen des Beckens, Dysmenorrhoe, Juckreiz der Vulva, funktionelle Geb\u00e4rmutterblutungen, abnormale fetale Lage, Neurodermitis, Psoriasis, Urtikaria, Akne, Heuschnupfen, allergische Rhinitis, Sinusitis, benigne Prostatahyperplasie, Prostatitis und Tumoren, bei Folgen einer Enzephalitis, einer Gehirnersch\u00fctterung, eines Schlaganfalls u.v.m.<\/p>\n<p class=\"p1\"><strong>P\u00e4diatrische Indikationen<\/strong><strong><br \/>(Behandlung von S\u00e4uglingen, Kindern &amp; Jugendlichen) <\/strong><br \/>Heuschnupfen, Asthma, chronischer Husten, Rhinitis, Sinusitis, Bauchschmerzen, Durchfall, Verstopfung, Kopfschmerzen, Migr\u00e4ne, Neurodermitis, Bettn\u00e4ssen, ADHS, schwache Immunfunktion usw.<\/p>\n<p class=\"p1\"><strong>H\u00e4ufigkeit der Laserakupunkturbehandlung <\/strong><br \/>Zum Beginn der Therapie 2 Behandlungen pro Woche, nach Besserung der Symptome eine Behandlung pro Woche. Die Bestrahlungszeit betr\u00e4gt jeweils 20 \u2013 30 Minuten. Je nach Beschwerde-\/Krankheitsbild k\u00f6nnen die Behandlungen mit Moxibustion (gezielte W\u00e4rme-Behandlung mit dem Heilkraut \u00abBeifuss\u00bb), Massage oder Schr\u00f6pfen erg\u00e4nzt werden. Eine Behandlungsserie betr\u00e4gt in der Regel 10 \u2013 12 Behandlungen.<\/p>\n<p class=\"p1\"><strong>Vorsichtsmassnahmen bei der Laserakupunktur<\/strong><br \/>Laserakupunktur ist nicht geeignet bei b\u00f6sartigen Tumoren, im Bauchraum von Schwangeren, an den Augen und an der Schilddr\u00fcse. Patienten mit Epilepsie sollten sich keiner Laserakupunktur unterziehen, um epileptische Anf\u00e4lle zu vermeiden. Patienten bei Sinomed tragen eine spezielle Laserschutzbrille w\u00e4hrend der Behandlung, um die Augen zu sch\u00fctzen. Trinken Sie viel Wasser und ruhen Sie sich nach der Behandlung aus.<\/p>\n<p class=\"p1\"><strong>Aufgrund der hohen Anschaffungskosten der entspre<\/strong><strong>chenden Laser-Ger\u00e4te bieten nur ausgew\u00e4hlte TCM-Pra<\/strong><strong>xen die Laser-Akupunktur an. Sinomed ist stolz darauf, <\/strong><strong>die Laserakupunktur an beiden Standorten in Schaffhau<\/strong><strong>sen und Winterthur anbieten zu k\u00f6nnen.<\/strong><\/p>\n<p>F\u00fcr weitere Ausk\u00fcnfte oder eine Terminvereinbarung stehen wir Ihnen jederzeit gerne via\u00a0<a href=\"https:\/\/sinomed.ch\/de\/kontakt\/\" target=\"_blank\" rel=\"noopener noreferrer\">Kontaktformular<\/a>\u00a0oder Gratis-Hotline\u00a0<a href=\"tel:+41800753753\" target=\"_blank\" rel=\"noopener noreferrer\">0800 753 753<\/a>\u00a0zur Verf\u00fcgung.<\/p>\n","protected":false},"excerpt":{"rendered":"<p>Was ist Laserakupunktur?Laserakupunktur ist eine Therapieform, bei der anstelle der herk\u00f6mmlichen Stimulation der entsprechenden Akupunkturpunkte mit sterilen Einweg-Metallnadeln niedrigintensive Laserstrahlen zur Bestrahlung der Meridian-Akupunkturpunkte eingesetzt werden. Laser-Akupunktur funktioniert also im Prinzip gleich wie Akupunktur mit Nadeln \u2013 mit dem Unterschied, dass die Haut nicht durchstochen wird! Das Kernprinzip der Laserakupunktur besteht darin, die Zellfunktion zu&#8230;  <a class=\"excerpt-read-more\" href=\"https:\/\/sinomed.ch\/de\/traditionelle-chinesische-medizin\/behandlungsmethoden\/laser-akupunktur\/\" title=\"Read Laserakupunktur\u2013 die schmerzfreie Akupunktur-Variante!\">Weiterlesen &raquo;<\/a><\/p>\n","protected":false},"author":1,"featured_media":4292,"parent":63,"menu_order":44,"comment_status":"closed","ping_status":"closed","template":"","meta":[],"_links":{"self":[{"href":"https:\/\/sinomed.ch\/de\/wp-json\/wp\/v2\/pages\/4291"}],"collection":[{"href":"https:\/\/sinomed.ch\/de\/wp-json\/wp\/v2\/pages"}],"about":[{"href":"https:\/\/sinomed.ch\/de\/wp-json\/wp\/v2\/types\/page"}],"author":[{"embeddable":true,"href":"https:\/\/sinomed.ch\/de\/wp-json\/wp\/v2\/users\/1"}],"replies":[{"embeddable":true,"href":"https:\/\/sinomed.ch\/de\/wp-json\/wp\/v2\/comments?post=4291"}],"version-history":[{"count":62,"href":"https:\/\/sinomed.ch\/de\/wp-json\/wp\/v2\/pages\/4291\/revisions"}],"predecessor-version":[{"id":15219,"href":"https:\/\/sinomed.ch\/de\/wp-json\/wp\/v2\/pages\/4291\/revisions\/15219"}],"up":[{"embeddable":true,"href":"https:\/\/sinomed.ch\/de\/wp-json\/wp\/v2\/pages\/63"}],"wp:featuredmedia":[{"embeddable":true,"href":"https:\/\/sinomed.ch\/de\/wp-json\/wp\/v2\/media\/4292"}],"wp:attachment":[{"href":"https:\/\/sinomed.ch\/de\/wp-json\/wp\/v2\/media?parent=4291"}],"curies":[{"name":"wp","href":"https:\/\/api.w.org\/{rel}","templated":true}]}}