
















{"id":435,"date":"2014-07-16T10:23:23","date_gmt":"2014-07-16T10:23:23","guid":{"rendered":"http:\/\/sinomed.ch\/de\/?page_id=435"},"modified":"2023-07-31T13:11:43","modified_gmt":"2023-07-31T12:11:43","slug":"nebenwirkungen","status":"publish","type":"page","link":"https:\/\/sinomed.ch\/de\/traditionelle-chinesische-medizin\/behandlungsablauf\/nebenwirkungen\/","title":{"rendered":"Nebenwirkungen"},"content":{"rendered":"<p class=\"dm-18\"><img loading=\"lazy\" class=\"alignleft size-full wp-image-436\" src=\"https:\/\/sinomed.ch\/de\/wp-content\/uploads\/2014\/07\/Nebenwirkungen_Fotolia_49720433_XL.jpg\" alt=\"Nebenwirkungen_Fotolia_49720433_XL\" width=\"300\" height=\"200\" srcset=\"https:\/\/sinomed.ch\/de\/wp-content\/uploads\/2014\/07\/Nebenwirkungen_Fotolia_49720433_XL.jpg 300w, https:\/\/sinomed.ch\/de\/wp-content\/uploads\/2014\/07\/Nebenwirkungen_Fotolia_49720433_XL-125x83.jpg 125w\" sizes=\"(max-width: 300px) 100vw, 300px\" \/>Die Traditionelle Chinesische Medizin \u00fcberzeugt mit Ihren sanften Behandlungsmethoden und ist nebenwirkungsarm. In seltenen F\u00e4llen treten geringe Nebenwirkungen auf (z.Bsp. Bluterg\u00fcsse bei Akupunktur und\/oder Schr\u00f6pfen, leichte \u00dcbelkeit bei Anwendung der Kr\u00e4utertherapie, M\u00fcdigkeit, eine tempor\u00e4re Verst\u00e4rkung der Symptome). Sie klingen in der Regel innerhalb weniger Tage ab. Reaktionen auf die angewandte Therapie sind f\u00fcr unsere TCM-Spezialisten und f\u00fcr den Verlauf der Behandlungen von grossem Interesse. Sollten bei Ihnen nach einer Behandlung Beschwerden oder Missempfindungen auftreten, so informieren Sie bitte Ihren TCM-Spezialisten.<\/p>\n<p>Die Behandlungszimmer bei Sinomed sind mit einem \u201eAlarmknopf\u201c ausgestattet, damit Sie uns bei Bedarf jederzeit informieren k\u00f6nnen, sollten Sie Fragen haben oder Nebenwirkungen in Erscheinung treten w\u00e4hrend der Behandlung.<\/p>\n","protected":false},"excerpt":{"rendered":"<p>Die Traditionelle Chinesische Medizin \u00fcberzeugt mit Ihren sanften Behandlungsmethoden und ist nebenwirkungsarm. In seltenen F\u00e4llen treten geringe Nebenwirkungen auf (z.Bsp. Bluterg\u00fcsse bei Akupunktur und\/oder Schr\u00f6pfen, leichte \u00dcbelkeit bei Anwendung der Kr\u00e4utertherapie, M\u00fcdigkeit, eine tempor\u00e4re Verst\u00e4rkung der Symptome). Sie klingen in der Regel innerhalb weniger Tage ab. Reaktionen auf die angewandte Therapie sind f\u00fcr unsere TCM-Spezialisten&#8230;  <a class=\"excerpt-read-more\" href=\"https:\/\/sinomed.ch\/de\/traditionelle-chinesische-medizin\/behandlungsablauf\/nebenwirkungen\/\" title=\"Read Nebenwirkungen\">Weiterlesen &raquo;<\/a><\/p>\n","protected":false},"author":1,"featured_media":0,"parent":348,"menu_order":51,"comment_status":"open","ping_status":"open","template":"","meta":[],"_links":{"self":[{"href":"https:\/\/sinomed.ch\/de\/wp-json\/wp\/v2\/pages\/435"}],"collection":[{"href":"https:\/\/sinomed.ch\/de\/wp-json\/wp\/v2\/pages"}],"about":[{"href":"https:\/\/sinomed.ch\/de\/wp-json\/wp\/v2\/types\/page"}],"author":[{"embeddable":true,"href":"https:\/\/sinomed.ch\/de\/wp-json\/wp\/v2\/users\/1"}],"replies":[{"embeddable":true,"href":"https:\/\/sinomed.ch\/de\/wp-json\/wp\/v2\/comments?post=435"}],"version-history":[{"count":2,"href":"https:\/\/sinomed.ch\/de\/wp-json\/wp\/v2\/pages\/435\/revisions"}],"predecessor-version":[{"id":2773,"href":"https:\/\/sinomed.ch\/de\/wp-json\/wp\/v2\/pages\/435\/revisions\/2773"}],"up":[{"embeddable":true,"href":"https:\/\/sinomed.ch\/de\/wp-json\/wp\/v2\/pages\/348"}],"wp:attachment":[{"href":"https:\/\/sinomed.ch\/de\/wp-json\/wp\/v2\/media?parent=435"}],"curies":[{"name":"wp","href":"https:\/\/api.w.org\/{rel}","templated":true}]}}