
















{"id":450,"date":"2014-07-16T11:13:31","date_gmt":"2014-07-16T11:13:31","guid":{"rendered":"http:\/\/sinomed.ch\/de\/?page_id=450"},"modified":"2023-07-31T13:12:46","modified_gmt":"2023-07-31T12:12:46","slug":"krankenkassen-zusatzversicherung","status":"publish","type":"page","link":"https:\/\/sinomed.ch\/de\/traditionelle-chinesische-medizin\/preise-krankenkassen\/krankenkassen-zusatzversicherung\/","title":{"rendered":"Krankenkassen \/ Zusatzversicherung"},"content":{"rendered":"<img loading=\"lazy\" class=\"alignleft size-full wp-image-451\" src=\"https:\/\/sinomed.ch\/de\/wp-content\/uploads\/2014\/07\/Krankenkassen_Fotolia_41963794_XL.jpg\" alt=\"Krankenkassen_Fotolia_41963794_XL\" width=\"300\" height=\"200\" srcset=\"https:\/\/sinomed.ch\/de\/wp-content\/uploads\/2014\/07\/Krankenkassen_Fotolia_41963794_XL.jpg 300w, https:\/\/sinomed.ch\/de\/wp-content\/uploads\/2014\/07\/Krankenkassen_Fotolia_41963794_XL-125x83.jpg 125w\" sizes=\"(max-width: 300px) 100vw, 300px\" \/>\n<p style=\"background: white; margin: 0cm 0cm 12.0pt 0cm;\"><span style=\"font-size: 10.5pt; font-family: 'Verdana',sans-serif; color: #5c5c5c;\">Die TCM-Spezialisten bei Sinomed sind anerkannte Mitglieder der Stiftung <strong><span style=\"font-family: 'Verdana',sans-serif;\">ASCA<\/span><\/strong> (Schweizerische Stiftung f\u00fcr Komplement\u00e4rmedizin) und sind registriert im <strong><span style=\"font-family: 'Verdana',sans-serif;\">EMR<\/span><\/strong> (ErfahrungsMedizinischesRegister).<\/span><\/p>\n<p class=\"dm-24\" style=\"background: white; box-sizing: border-box; hyphens: none; font-feature-settings: normal !important; white-space: break-spaces; font-variant-ligatures: normal; font-variant-caps: normal; orphans: 2; text-align: start; widows: 2; -webkit-text-stroke-width: 0px; text-decoration-thickness: initial; text-decoration-style: initial; text-decoration-color: initial; word-spacing: 0px; margin: 0cm 0cm 18.0pt 0cm;\"><span style=\"font-size: 10.5pt; font-family: 'Verdana',sans-serif; color: #5c5c5c;\">Sie sind bei Schweizer Krankenkassen anerkannt (Zusatzversicherung f\u00fcr Alternativ- und Komplement\u00e4rmedizin). Wenn Sie \u00fcber eine abgeschlossene Zusatzversicherung f\u00fcr Komplement\u00e4rmedizin (Leistungen von anerkannten Therapeuten) verf\u00fcgen, wird Ihnen ein Teil der Kosten durch Ihre Krankenkasse zur\u00fcckerstattet.<\/span><\/p>\n<p style=\"background: white; box-sizing: border-box; hyphens: none; font-feature-settings: normal !important; white-space: break-spaces; font-variant-ligatures: normal; font-variant-caps: normal; orphans: 2; text-align: start; widows: 2; -webkit-text-stroke-width: 0px; text-decoration-thickness: initial; text-decoration-style: initial; text-decoration-color: initial; word-spacing: 0px; margin: 0cm 0cm 12.0pt 0cm;\"><span style=\"font-size: 10.5pt; font-family: 'Verdana',sans-serif; color: #5c5c5c;\">Bitte informieren Sie sich <strong><span style=\"font-family: 'Verdana',sans-serif;\">vor<\/span><\/strong> der Behandlung bei Ihrer Krankenkasse \u00fcber den Umfang Ihrer Versicherungsdeckung bzw. die Kostenbeteiligung. Gleiche Abkl\u00e4rungen treffen Sie bitte auch bei einem Unfall. Sie erhalten eine Honorarrechnung, welche gleichzeitig als R\u00fcckverg\u00fctungsbeleg f\u00fcr diese Zusatzversicherung dient, zur direkten Begleichung an die behandelnde Praxis der Sinomed-Gruppe.<\/span><\/p>\n","protected":false},"excerpt":{"rendered":"<p>Die TCM-Spezialisten bei Sinomed sind anerkannte Mitglieder der Stiftung ASCA (Schweizerische Stiftung f\u00fcr Komplement\u00e4rmedizin) und sind registriert im EMR (ErfahrungsMedizinischesRegister). Sie sind bei Schweizer Krankenkassen anerkannt (Zusatzversicherung f\u00fcr Alternativ- und Komplement\u00e4rmedizin). Wenn Sie \u00fcber eine abgeschlossene Zusatzversicherung f\u00fcr Komplement\u00e4rmedizin (Leistungen von anerkannten Therapeuten) verf\u00fcgen, wird Ihnen ein Teil der Kosten durch Ihre Krankenkasse zur\u00fcckerstattet. Bitte&#8230;  <a class=\"excerpt-read-more\" href=\"https:\/\/sinomed.ch\/de\/traditionelle-chinesische-medizin\/preise-krankenkassen\/krankenkassen-zusatzversicherung\/\" title=\"Read Krankenkassen \/ Zusatzversicherung\">Weiterlesen &raquo;<\/a><\/p>\n","protected":false},"author":1,"featured_media":0,"parent":352,"menu_order":55,"comment_status":"open","ping_status":"open","template":"","meta":[],"_links":{"self":[{"href":"https:\/\/sinomed.ch\/de\/wp-json\/wp\/v2\/pages\/450"}],"collection":[{"href":"https:\/\/sinomed.ch\/de\/wp-json\/wp\/v2\/pages"}],"about":[{"href":"https:\/\/sinomed.ch\/de\/wp-json\/wp\/v2\/types\/page"}],"author":[{"embeddable":true,"href":"https:\/\/sinomed.ch\/de\/wp-json\/wp\/v2\/users\/1"}],"replies":[{"embeddable":true,"href":"https:\/\/sinomed.ch\/de\/wp-json\/wp\/v2\/comments?post=450"}],"version-history":[{"count":7,"href":"https:\/\/sinomed.ch\/de\/wp-json\/wp\/v2\/pages\/450\/revisions"}],"predecessor-version":[{"id":10151,"href":"https:\/\/sinomed.ch\/de\/wp-json\/wp\/v2\/pages\/450\/revisions\/10151"}],"up":[{"embeddable":true,"href":"https:\/\/sinomed.ch\/de\/wp-json\/wp\/v2\/pages\/352"}],"wp:attachment":[{"href":"https:\/\/sinomed.ch\/de\/wp-json\/wp\/v2\/media?parent=450"}],"curies":[{"name":"wp","href":"https:\/\/api.w.org\/{rel}","templated":true}]}}