
















{"id":454,"date":"2014-07-16T11:19:51","date_gmt":"2014-07-16T10:19:51","guid":{"rendered":"http:\/\/sinomed.ch\/de\/?page_id=454"},"modified":"2023-07-31T13:13:13","modified_gmt":"2023-07-31T12:13:13","slug":"faqs-haeufig-gestellte-fragen","status":"publish","type":"page","link":"https:\/\/sinomed.ch\/de\/traditionelle-chinesische-medizin\/haeufige-fragen\/faqs-haeufig-gestellte-fragen\/","title":{"rendered":"FAQ\u2019s \u2013 h\u00e4ufig gestellte Fragen"},"content":{"rendered":"<ol>\n<li>\n<h3>Sind Ihre chinesischen TCM-Spezialisten von den Krankenkassen anerkannt?<\/h3>\n<p>Ja. Unsere chinesischen TCM-Spezialisten sind von den Krankenkassen als TCM-Therapeuten anerkannt. Die Leistungen werden durch die <strong>Zusatzversicherung f\u00fcr Komplement\u00e4rmedizin<\/strong> gedeckt. Es ist aber zu empfehlen, dass Sie dies vor der Behandlung mit Ihrer Krankenkasse abkl\u00e4ren.<\/li>\n<li>\n<h3>Werden die Behandlungskosten von meiner Krankenkasse r\u00fcckverg\u00fctet?<\/h3>\n<p>Wenn Sie \u00fcber eine abgeschlossene <strong>Zusatzversicherung f\u00fcr Komplement\u00e4rmedizin<\/strong> (Leistungen von anerkannten <strong>Therapeuten<\/strong>) verf\u00fcgen, wird Ihnen ein Teil der Kosten durch Ihre Krankenkasse zur\u00fcckerstattet. Wir empfehlen Ihnen, eine Kosten\u00fcbernahme vor Behandlungsbeginn bei Ihrer Krankenkasse oder Unfallversicherung abzukl\u00e4ren.<\/li>\n<li>\n<h3>Welche Krankheiten k\u00f6nnen mit TCM behandelt oder geheilt werden?<\/h3>\n<p>Im Grundsatz gilt: Alles, was \u201egest\u00f6rt\u201c ist, l\u00e4sst sich hervorragend behandeln. Was \u201ezerst\u00f6rt\u201c ist, geh\u00f6rt eher in die Schulmedizin. Eine \u00dcbersicht \u00fcber die Indikationen finden Sie auf unserer Home-Page <a id=\"link-open-menu41257\" href=\"#\">www.sinomed.ch \/ Behandlungsgebiete<\/a>.<\/li>\n<li>\n<h3>Welches sind die Vorteile der TCM gegen\u00fcber anderen Behandlungsformen?<\/h3>\n<p>Die chinesische Medizin versucht nicht Symptome zu behandeln, sondern die Ursachen der Krankheiten zu finden. Die St\u00e4rkung der Gesundheit steht im Vordergrund. Ein wichtiger Aspekt ist die Pr\u00e4vention und der Aufbau einer starken Abwehr. TCM-Behandlungen sind vergleichsweise schmerzarm \u2013 und praktisch ohne wesentliche Nebenwirkungen.<\/li>\n<li>\n<h3>Welche Therapieformen bieten Sie an?<\/h3>\n<p>In den Praxen der Sinomed-Gruppe bieten wir folgende Therapieformen der Traditionellen Chinesischen Medizin an: Akupunktur, Ohr-Akupunktur, Elektro-Akupunktur, Laser-Akupunktur (in Schaffhausen), Tuina-Massage, Schr\u00f6pfen, Moxibustion, chinesische Heilkr\u00e4uter, W\u00e4rme-Therapie, Ern\u00e4hrungsberatung, Sternhammer.<\/li>\n<li>\n<h3>\u00dcber welchen Zeitraum erstreckt sich meine Behandlung?<\/h3>\n<p>Eine Behandlung dauert in der Regel 10 \u2013 12 Sitzungen \u00e0 60 Minuten. Anschliessend wird anhand Ihres Zustandes entschieden, ob eine direkte Fortf\u00fchrung oder eine sp\u00e4tere Wiederholung der Behandlung sinnvoll ist.<\/li>\n<li>\n<h3>Auf was soll man vor der Behandlung achten?<\/h3>\n<p>Die Puls- und Zungendiagnosen sind bei der TCM-Diagnose sehr wichtig. F\u00e4rbendes Essen oder Getr\u00e4nke sind daher bitte zu vermeiden. Auf Zungenschaber sollte 1 Woche vor der Behandlung verzichtet werden. Erscheinen Sie nicht mit leerem Magen. Setzen Sie auf keinen Fall Medikamente ab vor der Behandlung, sondern informieren Sie Ihren TCM-Spezialisten \u00fcber deren Einnahme.<\/li>\n<li>\n<h3>Behandeln Sie auch Kinder?<\/h3>\n<p>Ja. Auch Kinder k\u00f6nnen mit TCM hervorragend behandelt werden. Bei Beschwerden wie Konzentrationsst\u00f6rungen, Hyperaktivit\u00e4t, Schlafst\u00f6rungen, Koliken, Neurodermitis, Immunsystemschw\u00e4che, Asthma, Bettn\u00e4ssen oder Allergien k\u00f6nnen mittels Akupunktur, Tuina-Massage und\/oder Kr\u00e4utertherapie deutliche Verbesserungen erzielt werden \u2013 auch bei Kleinkindern!<\/li>\n<li>\n<h3>Kann TCM auch Krebs behandeln?<\/h3>\n<p>TCM ist eine gute Erg\u00e4nzungsmethode in der Krebs-Behandlung. Mit TCM k\u00f6nnen die unerw\u00fcnschten Nebenwirkungen der Chemotherapie oder Bestrahlung behandelt werden. Die Patienten leiden deutlich weniger unter \u00dcbelkeit und Wallungen, haben auch mehr Appetit und Energie, das Immunsystem wird gest\u00e4rkt. Die Lebensqualit\u00e4t des Patienten wird erheblich verbessert.<\/li>\n<li>\n<h3>TCM-Anwendungen bei Erk\u00e4ltung<\/h3>\n<p>Eine Erk\u00e4ltung kann speziell in den ersten Tagen nach Ausbruch sehr gut mit Akupunktur behandelt werden. Halten Sie gerade bei dieser Art von Beschwerden den vereinbarten Akupunktur-Termin ein, sofern Sie fieberfrei sind.<\/li>\n<li>\n<h3>Warum wirkt bei mir die Behandlung nicht?<\/h3>\n<p>Wie auch bei der Schulmedizin gibt es keine Erfolgsgarantie! Jeder K\u00f6rper reagiert auf die Behandlung anders. Die entscheidenden Faktoren f\u00fcr eine Wirksamkeit sind die Art und L\u00e4nge des Leidens. Die Wirkung der Behandlung kann je nachdem sofort, nach einer Serie von Behandlungen &#8211; oder sogar erst ein halbes Jahr danach eintreten.<\/li>\n<li>\n<h3>Was sind die m\u00f6glichen Nebenwirkungen von Akupunktur oder TCM im Allgemeinen?<\/h3>\n<p>Die Traditionelle Chinesische Medizin \u00fcberzeugt mit Ihren sanften Behandlungsmethoden und ist nebenwirkungsarm. In seltenen F\u00e4llen treten geringe Nebenwirkungen auf (z.Bsp. Bluterg\u00fcsse bei Akupunktur und\/oder Schr\u00f6pfen, leichte \u00dcbelkeit bei Anwendung der Kr\u00e4utertherapie, M\u00fcdigkeit, eine tempor\u00e4re Verst\u00e4rkung der Symptome). Sie klingen in der Regel innert weniger Tage ab. Reaktionen auf die angewandte Therapie sind f\u00fcr unsere TCM-Spezialisten und f\u00fcr den Verlauf der Behandlungen von grossem Interesse. Sollten bei Ihnen nach einer Behandlung Beschwerden oder Missempfindungen auftreten, so informieren Sie bitte Ihren TCM-Spezialisten.<\/li>\n<li>\n<h3>Medikamente des Hausarztes und chinesische Kr\u00e4uter \u2013 kann ich beides parallel einnehmen?<\/h3>\n<p>Bitte erw\u00e4hnen Sie beim Eintritt in die Behandlung alle Medikamente, die Sie einnehmen. Es ist m\u00f6glich, dass Sie gewisse Medikamente reduzieren oder gar absetzen k\u00f6nnen w\u00e4hrend oder nach der Behandlung. Dies muss aber immer mit dem TCM-Spezialisten und Ihrem behandelnden Schulmediziner abgesprochen werden.<\/li>\n<\/ol>\n","protected":false},"excerpt":{"rendered":"<p>Sind Ihre chinesischen TCM-Spezialisten von den Krankenkassen anerkannt? Ja. Unsere chinesischen TCM-Spezialisten sind von den Krankenkassen als TCM-Therapeuten anerkannt. Die Leistungen werden durch die Zusatzversicherung f\u00fcr Komplement\u00e4rmedizin gedeckt. Es ist aber zu empfehlen, dass Sie dies vor der Behandlung mit Ihrer Krankenkasse abkl\u00e4ren. Werden die Behandlungskosten von meiner Krankenkasse r\u00fcckverg\u00fctet? Wenn Sie \u00fcber eine abgeschlossene&#8230;  <a class=\"excerpt-read-more\" href=\"https:\/\/sinomed.ch\/de\/traditionelle-chinesische-medizin\/haeufige-fragen\/faqs-haeufig-gestellte-fragen\/\" title=\"Read FAQ\u2019s \u2013 h\u00e4ufig gestellte Fragen\">Weiterlesen &raquo;<\/a><\/p>\n","protected":false},"author":1,"featured_media":0,"parent":356,"menu_order":58,"comment_status":"open","ping_status":"closed","template":"","meta":[],"_links":{"self":[{"href":"https:\/\/sinomed.ch\/de\/wp-json\/wp\/v2\/pages\/454"}],"collection":[{"href":"https:\/\/sinomed.ch\/de\/wp-json\/wp\/v2\/pages"}],"about":[{"href":"https:\/\/sinomed.ch\/de\/wp-json\/wp\/v2\/types\/page"}],"author":[{"embeddable":true,"href":"https:\/\/sinomed.ch\/de\/wp-json\/wp\/v2\/users\/1"}],"replies":[{"embeddable":true,"href":"https:\/\/sinomed.ch\/de\/wp-json\/wp\/v2\/comments?post=454"}],"version-history":[{"count":2,"href":"https:\/\/sinomed.ch\/de\/wp-json\/wp\/v2\/pages\/454\/revisions"}],"predecessor-version":[{"id":10153,"href":"https:\/\/sinomed.ch\/de\/wp-json\/wp\/v2\/pages\/454\/revisions\/10153"}],"up":[{"embeddable":true,"href":"https:\/\/sinomed.ch\/de\/wp-json\/wp\/v2\/pages\/356"}],"wp:attachment":[{"href":"https:\/\/sinomed.ch\/de\/wp-json\/wp\/v2\/media?parent=454"}],"curies":[{"name":"wp","href":"https:\/\/api.w.org\/{rel}","templated":true}]}}