
















{"id":4596,"date":"2018-06-08T16:50:05","date_gmt":"2018-06-08T15:50:05","guid":{"rendered":"https:\/\/sinomed.ch\/test2\/?page_id=4596"},"modified":"2024-03-28T09:52:59","modified_gmt":"2024-03-28T08:52:59","slug":"warum-sinomed","status":"publish","type":"page","link":"https:\/\/sinomed.ch\/de\/warum-sinomed\/","title":{"rendered":"Warum Sinomed?"},"content":{"rendered":"<img loading=\"lazy\" class=\"alignleft wp-image-4700 size-thumbnail\" src=\"https:\/\/sinomed.ch\/de\/wp-content\/uploads\/2018\/06\/Sino-300-106x125.jpg\" alt=\"\" width=\"106\" height=\"125\" srcset=\"https:\/\/sinomed.ch\/de\/wp-content\/uploads\/2018\/06\/Sino-300-106x125.jpg 106w, https:\/\/sinomed.ch\/de\/wp-content\/uploads\/2018\/06\/Sino-300-254x300.jpg 254w, https:\/\/sinomed.ch\/de\/wp-content\/uploads\/2018\/06\/Sino-300.jpg 300w\" sizes=\"(max-width: 106px) 100vw, 106px\" \/>\n<ul>\n<li>Ihr Partner f\u00fcr hochqualitative chinesische Medizin <strong>seit dem Jahr 2000<\/strong><\/li>\n<li>Sinomed besch\u00e4ftigt ausschliesslich <strong>chinesische Therapeuten<\/strong> mit <strong>Universit\u00e4tsabschluss<\/strong> und <strong>langj\u00e4hriger Berufserfahrung<\/strong><\/li>\n<li>Beide Therapeuten bei Sinomed sind <strong>krankenkassen-anerkannt<\/strong> (Zusatzversicherung)<\/li>\n<li>Unsere TCM-Spezialisten sind <strong>anerkannte Mitglieder<\/strong> der Stiftung <strong>ASCA<\/strong> (Schweizerische Stiftung f\u00fcr Komplement\u00e4rmedizin), A-Mitglieder beim TCM-Fachverband und registriert im<strong> EMR<\/strong> (ErfahrungsMedizinischesRegister)<\/li>\n<li>Unsere Therapeuten werden durch <strong>kontinuierliche<\/strong> (externe &amp; interne) <strong>Weiterbildung<\/strong> gef\u00f6rdert.<\/li>\n<li>Beide <strong>Praxen sind zentral gelegen<\/strong>, optimal mit \u00d6V oder Auto erreichbar<\/li>\n<li><strong>Schweizer Management<\/strong> kombiniert mit asiatischer Fachkompetenz<\/li>\n<li>Ausf\u00fchrliche Patientenmappe mit einer <strong>Vielzahl an Informationen<\/strong> rund um die TCM<\/li>\n<li>Grosses <strong>Netzwerk an Spezialisten<\/strong> f\u00fcr unsere Patienten zur ganzheitlichen Betreuung in Gesundheitsfragen<\/li>\n<li><strong>Regelm\u00e4ssige Veranstaltungen<\/strong> zu Gunsten unserer Patienten (Gesundheitstage mit div. (externen) Referenten \/ Abendvortr\u00e4ge \/ Messeauftritte usw.)<\/li>\n<li><strong>Tipps &amp; Tricks f\u00fcr unsere Patienten<\/strong>: Men\u00fcvorschl\u00e4ge, Gesundheitstipps f\u00fcr den Alltag u.v.m. auf unserer Website. <a href=\"https:\/\/sinomed.ch\/de\/sinos-gesundheitstipp\/\">Mehr lesen&#8230;<\/a><\/li>\n<\/ul>\n","protected":false},"excerpt":{"rendered":"<p>Ihr Partner f\u00fcr hochqualitative chinesische Medizin seit dem Jahr 2000 Sinomed besch\u00e4ftigt ausschliesslich chinesische Therapeuten mit Universit\u00e4tsabschluss und langj\u00e4hriger Berufserfahrung Beide Therapeuten bei Sinomed sind krankenkassen-anerkannt (Zusatzversicherung) Unsere TCM-Spezialisten sind anerkannte Mitglieder der Stiftung ASCA (Schweizerische Stiftung f\u00fcr Komplement\u00e4rmedizin), A-Mitglieder beim TCM-Fachverband und registriert im EMR (ErfahrungsMedizinischesRegister) Unsere Therapeuten werden durch kontinuierliche (externe &amp; interne)&#8230;  <a class=\"excerpt-read-more\" href=\"https:\/\/sinomed.ch\/de\/warum-sinomed\/\" title=\"Read Warum Sinomed?\">Weiterlesen &raquo;<\/a><\/p>\n","protected":false},"author":1,"featured_media":0,"parent":0,"menu_order":7,"comment_status":"closed","ping_status":"closed","template":"","meta":[],"_links":{"self":[{"href":"https:\/\/sinomed.ch\/de\/wp-json\/wp\/v2\/pages\/4596"}],"collection":[{"href":"https:\/\/sinomed.ch\/de\/wp-json\/wp\/v2\/pages"}],"about":[{"href":"https:\/\/sinomed.ch\/de\/wp-json\/wp\/v2\/types\/page"}],"author":[{"embeddable":true,"href":"https:\/\/sinomed.ch\/de\/wp-json\/wp\/v2\/users\/1"}],"replies":[{"embeddable":true,"href":"https:\/\/sinomed.ch\/de\/wp-json\/wp\/v2\/comments?post=4596"}],"version-history":[{"count":12,"href":"https:\/\/sinomed.ch\/de\/wp-json\/wp\/v2\/pages\/4596\/revisions"}],"predecessor-version":[{"id":12002,"href":"https:\/\/sinomed.ch\/de\/wp-json\/wp\/v2\/pages\/4596\/revisions\/12002"}],"wp:attachment":[{"href":"https:\/\/sinomed.ch\/de\/wp-json\/wp\/v2\/media?parent=4596"}],"curies":[{"name":"wp","href":"https:\/\/api.w.org\/{rel}","templated":true}]}}