
















{"id":4657,"date":"2018-06-08T21:58:41","date_gmt":"2018-06-08T20:58:41","guid":{"rendered":"https:\/\/sinomed.ch\/test2\/?page_id=4657"},"modified":"2023-07-31T14:38:25","modified_gmt":"2023-07-31T13:38:25","slug":"alle-partnerschaften","status":"publish","type":"page","link":"https:\/\/sinomed.ch\/de\/partnerschaften\/alle-partnerschaften\/","title":{"rendered":"Alle Partnerschaften"},"content":{"rendered":"<h2>PluSport Dachverband Behindertensport<\/h2>\n<p><img loading=\"lazy\" class=\"wp-image-4772 size-medium alignright\" src=\"https:\/\/sinomed.ch\/de\/wp-content\/uploads\/2018\/06\/LT_PluSport_RGB_ohne_Text-300x99.jpg\" alt=\"\" width=\"300\" height=\"99\" srcset=\"https:\/\/sinomed.ch\/de\/wp-content\/uploads\/2018\/06\/LT_PluSport_RGB_ohne_Text-300x99.jpg 300w, https:\/\/sinomed.ch\/de\/wp-content\/uploads\/2018\/06\/LT_PluSport_RGB_ohne_Text-125x41.jpg 125w, https:\/\/sinomed.ch\/de\/wp-content\/uploads\/2018\/06\/LT_PluSport_RGB_ohne_Text-768x253.jpg 768w, https:\/\/sinomed.ch\/de\/wp-content\/uploads\/2018\/06\/LT_PluSport_RGB_ohne_Text-350x115.jpg 350w, https:\/\/sinomed.ch\/de\/wp-content\/uploads\/2018\/06\/LT_PluSport_RGB_ohne_Text-714x235.jpg 714w, https:\/\/sinomed.ch\/de\/wp-content\/uploads\/2018\/06\/LT_PluSport_RGB_ohne_Text.jpg 1005w\" sizes=\"(max-width: 300px) 100vw, 300px\" \/>Sinomed und PluSport: 2 starke Partner f\u00fcr Gesundheit, Bewegung &amp; Sport! PluSport ist der Dachverband und das Kompetenzzentrum des Schweizerischen Behindertensportes und bietet Menschen mit Behinderung ein breitgef\u00e4chertes und zeitgem\u00e4sses Angebot an attraktiven Sportm\u00f6glichkeiten an. Unser Ziel und Zweck f\u00fcr 12\u2019000 Mitglieder: F\u00f6rderung der Integration durch den Sport! Was wir bieten: 90 regionale Sportclubs und 100 Sportcamps pr\u00e4sentieren ein breitgef\u00e4chertes Angebot mit traditionellen und trendigen Sportarten. Unsere Qualit\u00e4t: Durch regelm\u00e4ssige Aus- und Weiterbildungskurse f\u00fcr unsere Leiterinnen und Leiter ist eine hohe Qualit\u00e4t gesichert. Unsere F\u00f6rderung: Der Nachwuchs ist uns wichtig \u2013 auf allen Ebenen f\u00f6rdern wir unseren Nachwuchs. F\u00fcr unsere ambitionierten Sportlerinnen und Sportler: Wir setzen uns als Co-Stifter von Swiss Paralympic f\u00fcr Athletinnen und Athleten ein, damit sie an nationalen und internationalen Wettbewerben teilnehmen k\u00f6nnen. Sinomed unterst\u00fctzt die Mitglieder von PluSport bei Verletzungen &amp; Beschwerden, bei der Regeneration sowie der Pr\u00e4vention.<\/p>\n<p><a href=\"http:\/\/www.plusport.ch\/\" target=\"_blank\" rel=\"noopener noreferrer\">Mehr \u00fcber PluSport erfahren Sie hier.<\/a><\/p>\n<p>&nbsp;<\/p>\n<h2>Interessengemeinschaft richtig liegen &amp; schlafen IG-RLS<\/h2>\n<p><img loading=\"lazy\" class=\"wp-image-7615 size-medium alignright\" src=\"https:\/\/sinomed.ch\/de\/wp-content\/uploads\/2021\/01\/ig-rls-300x158.png\" alt=\"\" width=\"300\" height=\"158\" srcset=\"https:\/\/sinomed.ch\/de\/wp-content\/uploads\/2021\/01\/ig-rls-300x158.png 300w, https:\/\/sinomed.ch\/de\/wp-content\/uploads\/2021\/01\/ig-rls-125x66.png 125w, https:\/\/sinomed.ch\/de\/wp-content\/uploads\/2021\/01\/ig-rls.png 309w\" sizes=\"(max-width: 300px) 100vw, 300px\" \/>Die <strong>Interessengemeinschaft f\u00fcr richtig liegen und schlafen (IG-RLS) <\/strong>ist ein Zusammenschluss von zertifizierten Liege-und Schlafberatern, Medizinern, Therapeuten, sowie Vertretern aus der Produkte-Entwicklung und der Industrie. Das Ziel der IG-RLS ist gesundheitsbewussten und gesundheitlich beeintr\u00e4chtigten Menschen, insbesondere solchen mit Liege- und Schlafproblemen, Hilfestellung und Probleml\u00f6sungen zu bieten und diese Menschen dabei zu begleiten.<\/p>\n<p><a href=\"http:\/\/ig-rls.ch\/berater.php?id=136\" target=\"_blank\" rel=\"noopener noreferrer\">www.ig-rls.ch &#8211; Berater<br \/>\n<\/a><\/p>\n<p>&nbsp;<\/p>\n<h2>Home Instead<\/h2>\n<p><img loading=\"lazy\" class=\"alignright wp-image-3076\" src=\"https:\/\/sinomed.ch\/de\/wp-content\/uploads\/2014\/08\/Home-Instead-L-b-dehei-Seniorenbetreuung_21547_image-350x174.jpg\" alt=\"home-instead-l-b-dehei-seniorenbetreuung_21547_image\" width=\"292\" height=\"145\" srcset=\"https:\/\/sinomed.ch\/de\/wp-content\/uploads\/2014\/08\/Home-Instead-L-b-dehei-Seniorenbetreuung_21547_image-350x174.jpg 350w, https:\/\/sinomed.ch\/de\/wp-content\/uploads\/2014\/08\/Home-Instead-L-b-dehei-Seniorenbetreuung_21547_image-125x62.jpg 125w, https:\/\/sinomed.ch\/de\/wp-content\/uploads\/2014\/08\/Home-Instead-L-b-dehei-Seniorenbetreuung_21547_image-300x149.jpg 300w, https:\/\/sinomed.ch\/de\/wp-content\/uploads\/2014\/08\/Home-Instead-L-b-dehei-Seniorenbetreuung_21547_image.jpg 121w\" sizes=\"(max-width: 292px) 100vw, 292px\" \/>Sinomed Winterthur AG und Home Instead Seniorenbetreuung Winterthur: 2 starke Partner f\u00fcr Gesundheit &amp; Betreuung im Alter. Home Instead bietet ein breit gef\u00e4chertes und sehr flexibel nutzbares Dienstleistungsangebot f\u00fcr die Unterst\u00fctzung von Senioren im eigenen Zuhause und ist mit seinen Gesch\u00e4ftsstellen fl\u00e4chendeckend in der gesamten Schweiz vertreten. Das Ziel ist es, Senioren in den unterschiedlichsten Lebensbereichen zu betreuen und zu begleiten, ihre individuelle Lebensqualit\u00e4t zu verbessern und damit m\u00f6glichst vielen betagten Menschen ein w\u00fcrdevolles Altern in vertrauter Umgebung zu erm\u00f6glichen.<\/p>\n<p>Weitere Infos zu Home Instead finden Sie hier:<br \/>\n<a href=\"http:\/\/www.homeinstead.ch\/\" target=\"_blank\" rel=\"noopener noreferrer\">www.homeinstead.ch\/<\/a><\/p>\n<p>&nbsp;<\/p>\n<h1>Partner der Sinomed Schaffhausen AG<\/h1>\n<h2>Apotheken<\/h2>\n<p><img loading=\"lazy\" class=\"wp-image-7610 size-medium alignright\" src=\"https:\/\/sinomed.ch\/de\/wp-content\/uploads\/2021\/01\/vas2019-logo-genossenschaft-rgb-300x87.jpg\" alt=\"\" width=\"300\" height=\"87\" srcset=\"https:\/\/sinomed.ch\/de\/wp-content\/uploads\/2021\/01\/vas2019-logo-genossenschaft-rgb-300x87.jpg 300w, https:\/\/sinomed.ch\/de\/wp-content\/uploads\/2021\/01\/vas2019-logo-genossenschaft-rgb-125x36.jpg 125w, https:\/\/sinomed.ch\/de\/wp-content\/uploads\/2021\/01\/vas2019-logo-genossenschaft-rgb-350x101.jpg 350w, https:\/\/sinomed.ch\/de\/wp-content\/uploads\/2021\/01\/vas2019-logo-genossenschaft-rgb.jpg 387w\" sizes=\"(max-width: 300px) 100vw, 300px\" \/>Die Volksapotheke zum R\u00fcden ist die Partnerapotheke von Sinomed Schaffhausen! Direkt am Bahnhof gelegen und 5 Minuten von der Praxis entfernt erwartet Sie eine moderne Apotheke mit einer Vielzahl von Dienstleistungen (Grosses Sortiment an Medikamenten, Speziellen Rezepturen, Tierarzneimittel, Verblisterung, Sondennahrung, Bandagen, H\u00f6rberatung u.v.m.). Die Volksapotheke zum R\u00fcden \u2013 Ihre moderne &amp; lebhafte Rezepturapotheke!<\/p>\n<p><a href=\"http:\/\/www.volksapothekeschaffhausen.ch\" target=\"_blank\" rel=\"noopener noreferrer\">www.volksapothekeschaffhausen.ch<\/a><\/p>\n<p>&nbsp;<\/p>\n<h2>Zahnarztpraxis am Fronwagplatz<\/h2>\n<p><img loading=\"lazy\" class=\"size-medium wp-image-3114 alignright\" src=\"https:\/\/sinomed.ch\/de\/wp-content\/uploads\/2014\/08\/Logo-300x188.jpg\" alt=\"logo\" width=\"300\" height=\"188\" srcset=\"https:\/\/sinomed.ch\/de\/wp-content\/uploads\/2014\/08\/Logo-300x188.jpg 300w, https:\/\/sinomed.ch\/de\/wp-content\/uploads\/2014\/08\/Logo-125x78.jpg 125w, https:\/\/sinomed.ch\/de\/wp-content\/uploads\/2014\/08\/Logo-350x219.jpg 350w, https:\/\/sinomed.ch\/de\/wp-content\/uploads\/2014\/08\/Logo.jpg 500w\" sizes=\"(max-width: 300px) 100vw, 300px\" \/>Die Zahnarztpraxis am Fronwagplatz\u00a0von Dr. med. dent. Cornel Jud ist Partner der Sinomed Schaffhausen AG!<\/p>\n<p>Cornel Jud und sein Team sind unter anderem spezialisiert auf Angstpatienten und deren schonenden und schmerzfreien Behandlungen. Sie bieten alle Sparten der Zahnmedizin an.<\/p>\n<p>F\u00fcr weitere Informationen besuchen Sie seine Homepage: <a href=\"http:\/\/www.praxis-am-fronwagplatz.ch\">www.praxis-am-fronwagplatz.ch<\/a><\/p>\n<p>&nbsp;<\/p>\n<p>&nbsp;<\/p>\n<h2>Fitness<img loading=\"lazy\" class=\" wp-image-2034 alignright\" src=\"https:\/\/sinomed.ch\/de\/wp-content\/uploads\/2014\/08\/eurofit_weiss_auf_blau-300x219.jpg\" alt=\"eurofit_weiss_auf_blau\" width=\"259\" height=\"189\" srcset=\"https:\/\/sinomed.ch\/de\/wp-content\/uploads\/2014\/08\/eurofit_weiss_auf_blau-300x219.jpg 300w, https:\/\/sinomed.ch\/de\/wp-content\/uploads\/2014\/08\/eurofit_weiss_auf_blau-125x91.jpg 125w, https:\/\/sinomed.ch\/de\/wp-content\/uploads\/2014\/08\/eurofit_weiss_auf_blau-1024x749.jpg 1024w, https:\/\/sinomed.ch\/de\/wp-content\/uploads\/2014\/08\/eurofit_weiss_auf_blau-350x256.jpg 350w\" sizes=\"(max-width: 259px) 100vw, 259px\" \/><\/h2>\n<p>Das Vier-Sterne-Fitnesscenter \u201eeurofit\u201d ist Partner der Sinomed Schaffhausen AG! Individuelles Kraft-, Ausdauer- oder Beweglichkeitstraining oder einzigartig vielseitiges Kursangebot \u2013 stets werden Sie fachkundig angeleitet und betreut. Geniessen Sie nach Ihrem Training die Entspannung in der Wellnesswelt oder eine kleine St\u00e4rkung an der Fitnessbar. Eurofit freut sich auf Ihren Besuch.<\/p>\n<p><a href=\"http:\/\/eurofit.ch\" target=\"_blank\" rel=\"noopener noreferrer\">www.eurofit.ch<\/a><\/p>\n<p>&nbsp;<\/p>\n<p>&nbsp;<\/p>\n<h2>Tai Ji &amp; Qi-Gong<\/h2>\n<p><img loading=\"lazy\" class=\"alignright size-full wp-image-1485\" src=\"https:\/\/sinomed.ch\/de\/wp-content\/uploads\/2014\/08\/QiSpaceBlau.jpg\" alt=\"QiSpaceBlau\" width=\"280\" height=\"111\" srcset=\"https:\/\/sinomed.ch\/de\/wp-content\/uploads\/2014\/08\/QiSpaceBlau.jpg 280w, https:\/\/sinomed.ch\/de\/wp-content\/uploads\/2014\/08\/QiSpaceBlau-125x49.jpg 125w\" sizes=\"(max-width: 280px) 100vw, 280px\" \/>Die Tai Ji &amp; Qi-Gong \u2013 Schule \u201eQiSpace\u201c ist Partner der Sinomed Winterthur &amp; Schaffhausen! Seit 26 Jahren bietet QiSpace Kurse in Winterthur und Schaffhausen an. Alle Lehrkr\u00e4fte der Schulen verf\u00fcgen \u00fcber sehr grosse und langj\u00e4hrige Erfahrung in Ihren Fachgebieten. Profitieren Sie vom Angebot an verschiedenen Formen des Tai Ji und Qi-Gong \u2013 ganz nach Ihren Bed\u00fcrfnissen. Helen Waldmeier und Daniel Z\u00fcblin und Ihr Team freuen sich, Sie pers\u00f6nlich begr\u00fcssen und beraten zu d\u00fcrfen.<\/p>\n<p><a href=\"http:\/\/www.qispace.ch\/\" target=\"_blank\" rel=\"noopener noreferrer\">www.qispace.ch<\/a><\/p>\n<p>&nbsp;<\/p>\n<h2>Bewegungsschule &amp; Massagepraxis<\/h2>\n<p><img loading=\"lazy\" class=\"alignright wp-image-1622 \" src=\"https:\/\/sinomed.ch\/de\/wp-content\/uploads\/2014\/08\/Weber-202x300.jpg\" alt=\"Weber\" width=\"106\" height=\"157\" srcset=\"https:\/\/sinomed.ch\/de\/wp-content\/uploads\/2014\/08\/Weber-202x300.jpg 202w, https:\/\/sinomed.ch\/de\/wp-content\/uploads\/2014\/08\/Weber-84x125.jpg 84w, https:\/\/sinomed.ch\/de\/wp-content\/uploads\/2014\/08\/Weber-692x1024.jpg 692w, https:\/\/sinomed.ch\/de\/wp-content\/uploads\/2014\/08\/Weber-350x517.jpg 350w\" sizes=\"(max-width: 106px) 100vw, 106px\" \/>Die Bewegungsschule \/ Massagepraxis Esther Weber ist Partnerin der Sinomed Schaffhausen AG. Ob Gesundheits- und R\u00fcckengymnastik, Haltungs- und Bewegungsschule oder Massagen: bei Frau Weber sind sie in \u00e4usserst kompetenten H\u00e4nden und profitieren von einer pers\u00f6nlichen Betreuung.<\/p>\n<p><a href=\"http:\/\/www.gesundebewegung.ch\" target=\"_blank\" rel=\"noopener noreferrer\">www.gesundebewegung.ch<\/a><\/p>\n<p>Riethaldenweg 16 \/\/ 8200 Schaffhausen<br \/>\nE-Mail: e.weber@gesundebewegung.ch<\/p>\n<p>&nbsp;<\/p>\n<h2><\/h2>\n<h2>Gewerbeverband<\/h2>\n<p><img loading=\"lazy\" class=\" wp-image-1916 size-full alignright\" src=\"https:\/\/sinomed.ch\/de\/wp-content\/uploads\/2014\/08\/Logo_ProcityGV-SH1.jpg\" alt=\"\" width=\"315\" height=\"302\" srcset=\"https:\/\/sinomed.ch\/de\/wp-content\/uploads\/2014\/08\/Logo_ProcityGV-SH1.jpg 315w, https:\/\/sinomed.ch\/de\/wp-content\/uploads\/2014\/08\/Logo_ProcityGV-SH1-125x120.jpg 125w, https:\/\/sinomed.ch\/de\/wp-content\/uploads\/2014\/08\/Logo_ProcityGV-SH1-300x288.jpg 300w\" sizes=\"(max-width: 315px) 100vw, 315px\" \/>Die Sinomed-Gruppe legt viel Wert auf regionale Verankerung im Gewerbe. Sinomed Schaffhausen AG ist Mitglied im \u00f6rtlichen Gewerbeverband und tr\u00e4gt aktiv (z.Bsp. mit Veranstaltungen \/ Vortr\u00e4gen \/ Messeteilnahmen) dazu bei, den Mitgliedern und der \u00d6ffentlichkeit spannende Aktivit\u00e4ten zu bieten. Es ist unser Ziel, die traditionelle chinesische Medizin einem breiten Publikum zug\u00e4nglich zu machen, Hemmschwellen abzubauen und die teilweise noch beschr\u00e4nkt bekannten Philosophien und Behandlungsformen<br \/>\nder TCM transparent und seri\u00f6s zu pr\u00e4sentieren.<br \/>\nWir freuen uns \u00fcber die Mitgliedschaft &#8211; und auf eine aktive Partnerschaft!<\/p>\n<p><a href=\"http:\/\/www.procity.ch\">www.procity.ch<br \/>\n<\/a><a href=\"http:\/\/www.gewerbe-sh.ch\">www.gewerbe-sh.ch<\/a><\/p>\n<p>&nbsp;<\/p>\n<p>&nbsp;<\/p>\n<h1>Partner der Sinomed Winterthur AG<\/h1>\n<h2>Apotheke<\/h2>\n<p><img loading=\"lazy\" class=\"alignright wp-image-1505 \" src=\"https:\/\/sinomed.ch\/de\/wp-content\/uploads\/2014\/08\/Logo_Adler-Apothek-300x183.jpg\" alt=\"Logo_Adler-Apothek\" width=\"280\" height=\"171\" srcset=\"https:\/\/sinomed.ch\/de\/wp-content\/uploads\/2014\/08\/Logo_Adler-Apothek-300x183.jpg 300w, https:\/\/sinomed.ch\/de\/wp-content\/uploads\/2014\/08\/Logo_Adler-Apothek-125x76.jpg 125w, https:\/\/sinomed.ch\/de\/wp-content\/uploads\/2014\/08\/Logo_Adler-Apothek-1024x624.jpg 1024w, https:\/\/sinomed.ch\/de\/wp-content\/uploads\/2014\/08\/Logo_Adler-Apothek-350x213.jpg 350w, https:\/\/sinomed.ch\/de\/wp-content\/uploads\/2014\/08\/Logo_Adler-Apothek.jpg 1318w\" sizes=\"(max-width: 280px) 100vw, 280px\" \/>Die Adler-Apotheke ist die Partnerapotheke von Sinomed Winterthur! Seit \u00fcber 170 Jahren steht die Adler-Apotheke in Winterthur beim Untertor am Eingang der Altstadt \u2013 direkt neben unserer Praxis. Ob Sie vom breiten Sortiment an Medikamenten, Sanit\u00e4tsartikeln, Pflegeartikeln, den 30 Hausspezialit\u00e4ten (im hauseigenen Labor hergestellt) in der Apotheke vor Ort profieren &#8211; oder die Adler-Shop-Versandapotheke mit \u00fcber 50\u2018000 Produkten in Anspruch nehmen: bei der Adler Apotheke sind Sie immer in besten H\u00e4nden.<\/p>\n<p><a href=\"http:\/\/www.adlershop.ch\" target=\"_blank\" rel=\"noopener noreferrer\">www.adlershop.ch<\/a><\/p>\n<p>&nbsp;<\/p>\n<h2>Drogerie &amp; Reformhaus<\/h2>\n<p><img loading=\"lazy\" class=\"alignright size-full wp-image-1380\" src=\"https:\/\/sinomed.ch\/de\/wp-content\/uploads\/2014\/08\/fink-logo.jpg\" alt=\"fink-logo\" width=\"280\" height=\"113\" srcset=\"https:\/\/sinomed.ch\/de\/wp-content\/uploads\/2014\/08\/fink-logo.jpg 280w, https:\/\/sinomed.ch\/de\/wp-content\/uploads\/2014\/08\/fink-logo-125x50.jpg 125w\" sizes=\"(max-width: 280px) 100vw, 280px\" \/>Die Drogerie Fink ist die Partner-Drogerie und das Partnerreformhaus von Sinomed Winterthur! Direkt an der Frauenfelderstrasse gelegen (mit Parkpl\u00e4tzen) zeichnet sich die Drogerie Fink durch ein breites Angebot, hohe Fachkompetenz und pers\u00f6nliche Beratung aus. Nutzen Sie die Erfahrung und Kompetenz rund um die Themen Gesundheit &amp; Sch\u00f6nheit \u2013 Ihr Wohlbefinden steht im Mittelpunkt!<\/p>\n<p><a href=\"http:\/\/www.fink-drogerie.ch\" target=\"_blank\" rel=\"noopener noreferrer\">www.fink-drogerie.ch<\/a><\/p>\n<p>&nbsp;<\/p>\n<h2>Nature First<\/h2>\n<p>Die Nature First Apotheke &amp; Drogerie ist Partnerin der Sinomed Winterthur. Mit fundierten Kenntnissen in der Naturheilkunde k\u00f6nnen die Selbstheilungskr\u00e4fte aktiviert und die<img loading=\"lazy\" class=\"size-full wp-image-7732 alignright\" src=\"https:\/\/sinomed.ch\/de\/wp-content\/uploads\/2021\/03\/NatureFirst_LOGO_ApotDrog_CMYK.jpg\" alt=\"\" width=\"333\" height=\"92\" srcset=\"https:\/\/sinomed.ch\/de\/wp-content\/uploads\/2021\/03\/NatureFirst_LOGO_ApotDrog_CMYK.jpg 333w, https:\/\/sinomed.ch\/de\/wp-content\/uploads\/2021\/03\/NatureFirst_LOGO_ApotDrog_CMYK-300x83.jpg 300w, https:\/\/sinomed.ch\/de\/wp-content\/uploads\/2021\/03\/NatureFirst_LOGO_ApotDrog_CMYK-125x35.jpg 125w\" sizes=\"(max-width: 333px) 100vw, 333px\" \/> Gesunderhaltung unterst\u00fctzt werden.\u00a0Nature First schl\u00e4gt eine Br\u00fccke zwischen der Schulmedizin und der Komplement\u00e4rmedizin. Das einzigartige Konzept der Nature First verbindet das Wissen und die Erfahrung einer klassischen Apotheke und Drogerie mit einem Kompetenzzentrum f\u00fcr Naturheilkunde. Profitieren Sie von \u00fcber 100 hauseigenen Produkten, hergestellt aus pflanzlichen Tinkturen, spagyrischen Essenzen, hom\u00f6opathischen Mitteln und \u00e4therischen \u00d6len. Tauchen Sie mitten in Winterthur ein in die Welt der Naturheilkunde und entdecken Sie das ausgew\u00e4hlte Angebot an Naturheilmitteln, Naturkosmetik und Reformprodukten. Getreu dem Firmenmotto \u00abNature First \u2013 Natur zuerst\u00bb.<\/p>\n<p><a href=\"https:\/\/naturefirst.ch\/standorte\/apotheke-und-drogerie-in-winterthur\">www.naturefirst.ch\/<\/a><\/p>\n<h2 data-ogsb=\"white\">Adimed<a href=\"https:\/\/www.adimed.ch\/\"><img loading=\"lazy\" class=\"size-medium wp-image-8042 alignright\" src=\"https:\/\/sinomed.ch\/de\/wp-content\/uploads\/2021\/07\/Logo-Adimed-300x45.jpg\" alt=\"\" width=\"300\" height=\"45\" srcset=\"https:\/\/sinomed.ch\/de\/wp-content\/uploads\/2021\/07\/Logo-Adimed-300x45.jpg 300w, https:\/\/sinomed.ch\/de\/wp-content\/uploads\/2021\/07\/Logo-Adimed-1024x152.jpg 1024w, https:\/\/sinomed.ch\/de\/wp-content\/uploads\/2021\/07\/Logo-Adimed-125x19.jpg 125w, https:\/\/sinomed.ch\/de\/wp-content\/uploads\/2021\/07\/Logo-Adimed-768x114.jpg 768w, https:\/\/sinomed.ch\/de\/wp-content\/uploads\/2021\/07\/Logo-Adimed-350x52.jpg 350w, https:\/\/sinomed.ch\/de\/wp-content\/uploads\/2021\/07\/Logo-Adimed-714x106.jpg 714w, https:\/\/sinomed.ch\/de\/wp-content\/uploads\/2021\/07\/Logo-Adimed.jpg 1091w\" sizes=\"(max-width: 300px) 100vw, 300px\" \/><\/a><\/h2>\n<p data-ogsb=\"white\"><span data-ogsc=\"red\">Adimed ist Partner der Sinomed Winterthur AG<\/span><span data-ogsc=\"rgb(31, 73, 125)\">.\u00a0<\/span><span data-ogsc=\"red\">Adimed ist Ihr Spezialist in Winterthur f\u00fcr die Behandlung von \u00dcbergewicht\/Adipositas und Stoffwechselkrankheiten. Bei Adimed wird die \u00a0\u00dcbergewichtstherapie individuell auf Ihre Bed\u00fcrfnisse &amp; Beschwerden abgestimmt.Profitieren Sie bei Adimed von der langj\u00e4hrigen Erfahrung und der Zusammenarbeit von Fachpsychologen, Ern\u00e4hrungsberaterInnen und Fach\u00e4rzten f\u00fcr Innere Medizin, die die Diagnostik und die Therapie der Adipositas optimal erg\u00e4nzen.\u00a0<\/span><\/p>\n<p><a href=\"https:\/\/www.adimed.ch\/\">www.adimed.ch<\/a><\/p>\n<h2>Sensa AG<br \/>\n<img loading=\"lazy\" class=\"wp-image-7617 size-full alignright\" src=\"https:\/\/sinomed.ch\/de\/wp-content\/uploads\/2021\/01\/Sensa-Logo.png\" alt=\"\" width=\"288\" height=\"175\" srcset=\"https:\/\/sinomed.ch\/de\/wp-content\/uploads\/2021\/01\/Sensa-Logo.png 288w, https:\/\/sinomed.ch\/de\/wp-content\/uploads\/2021\/01\/Sensa-Logo-125x76.png 125w\" sizes=\"(max-width: 288px) 100vw, 288px\" \/><\/h2>\n<p>Sensa AG ist Partner von Sinomed Winterthur! SENSA \u00abKompetenz zum Wohlf\u00fchlen\u00bb &#8211; so das Credo von Sensa, dem etwas anderen Fachgesch\u00e4ft rund um die Gesundheit.<\/p>\n<p>Entdecken Sie Sensa, das moderne Sanit\u00e4tsgesch\u00e4ft am Oberen Graben 2 in Winterthur.<\/p>\n<p><a href=\"https:\/\/www.sensa-kompetenz.ch\/\">www.sensa.ch<\/a><\/p>\n<p>&nbsp;<\/p>\n<h2>Jennifer Sobania Beratung &amp; Coaching<\/h2>\n<img loading=\"lazy\" class=\" wp-image-7583 alignright\" src=\"https:\/\/sinomed.ch\/de\/wp-content\/uploads\/2021\/01\/Logo-Jennifer-Sobania.png\" alt=\"\" width=\"236\" height=\"137\" \/>\n<p>Jennifer Sobania Beratung &amp; Coaching ist Partnerin der Sinomed Winterthur AG. Sie bietet k\u00f6rperorientierte psychologische Beratung und Coaching<br \/>\nf\u00fcr Einzelpersonen, Paare und Familien an. Sie unterst\u00fctzt Personen ressourcenorientiert und begleitet Ver\u00e4nderungsprozesse durch handlungsorientierte,<br \/>\nganzheitliche Beratung oder Coaching. Bei Pr\u00fcfungs- und\/ oder Versagens\u00e4ngsten bietet Frau Sobania gezieltes Lerncoaching f\u00fcr Kinder, Jugendliche und Erwachsene an. Mehr Informationen unter <a href=\"http:\/\/www.jennifersobania.ch\">http:\/\/www.jennifersobania.ch<\/a>.<\/p>\n<p>In der Ergotherapie am Park begleitet sie Personen mit Psychischen Erkrankungen. Sie ist spezialisiert auf die Behandlung von Traumafolgest\u00f6rungen, Ersch\u00f6pfungsdepression (Burnout) und ADHS. Mehr Informationen unter <a href=\"https:\/\/www.ergotherapie-am-park.ch\">https:\/\/www.ergotherapie-am-park.ch<\/a>.<\/p>\n<p>&nbsp;<\/p>\n<h2>Tai Ji &amp; Qi-Gong<\/h2>\n<p><img loading=\"lazy\" class=\"alignright size-full wp-image-1485\" src=\"https:\/\/sinomed.ch\/de\/wp-content\/uploads\/2014\/08\/QiSpaceBlau.jpg\" alt=\"QiSpaceBlau\" width=\"280\" height=\"111\" srcset=\"https:\/\/sinomed.ch\/de\/wp-content\/uploads\/2014\/08\/QiSpaceBlau.jpg 280w, https:\/\/sinomed.ch\/de\/wp-content\/uploads\/2014\/08\/QiSpaceBlau-125x49.jpg 125w\" sizes=\"(max-width: 280px) 100vw, 280px\" \/>Die Tai Ji &amp; Qi-Gong \u2013 Schule \u201eQiSpace\u201c ist Partner der Sinomed Winterthur &amp; Schaffhausen! Seit 26 Jahren bietet QiSpace Kurse in Winterthur und Schaffhausen an. Alle Lehrkr\u00e4fte der Schulen verf\u00fcgen \u00fcber sehr grosse und langj\u00e4hrige Erfahrung in Ihren Fachgebieten. Profitieren Sie vom Angebot an verschiedenen Formen des Tai Ji und Qi-Gong \u2013 ganz nach Ihren Bed\u00fcrfnissen. Helen Waldmeier und Daniel Z\u00fcblin und Ihr Team freuen sich, Sie pers\u00f6nlich begr\u00fcssen und beraten zu d\u00fcrfen.<\/p>\n<p><a href=\"http:\/\/www.qispace.ch\/\" target=\"_blank\" rel=\"noopener noreferrer\">www.qispace.ch<\/a><\/p>\n<p>&nbsp;<\/p>\n<h2>Gewerbeverband<\/h2>\n<p><img loading=\"lazy\" class=\"alignright size-full wp-image-2797\" src=\"https:\/\/sinomed.ch\/de\/wp-content\/uploads\/2014\/08\/shopping_untertor_marktgasse-Junge_Altstadt.jpg\" alt=\"shopping_untertor_marktgasse-Junge_Altstadt\" width=\"300\" height=\"220\" srcset=\"https:\/\/sinomed.ch\/de\/wp-content\/uploads\/2014\/08\/shopping_untertor_marktgasse-Junge_Altstadt.jpg 300w, https:\/\/sinomed.ch\/de\/wp-content\/uploads\/2014\/08\/shopping_untertor_marktgasse-Junge_Altstadt-125x92.jpg 125w\" sizes=\"(max-width: 300px) 100vw, 300px\" \/>Die Sinomed-Gruppe legt viel Wert auf regionale Verankerung im Gewerbe. Sinomed Winterthur AG ist Mitglied im \u00f6rtlichen Gewerbeverband und tr\u00e4gt aktiv (z.Bsp. mit Veranstaltungen \/ Vortr\u00e4gen \/ Messeteilnahmen) dazu bei, den Mitgliedern und der \u00d6ffentlichkeit spannende Aktivit\u00e4ten zu bieten. Es ist unser Ziel, die traditionelle chinesische Medizin einem breiten Publikum zug\u00e4nglich zu machen, Hemmschwellen abzubauen und die teilweise noch beschr\u00e4nkt bekannten Philosophien und Behandlungsformen der TCM transparent und seri\u00f6s zu pr\u00e4sentieren.<br \/>\nWir freuen uns \u00fcber die Mitgliedschaft &#8211; und auf eine aktive Partnerschaft!<\/p>\n<p>&nbsp;<\/p>\n<p>&nbsp;<\/p>\n","protected":false},"excerpt":{"rendered":"<p>PluSport Dachverband Behindertensport Sinomed und PluSport: 2 starke Partner f\u00fcr Gesundheit, Bewegung &amp; Sport! PluSport ist der Dachverband und das Kompetenzzentrum des Schweizerischen Behindertensportes und bietet Menschen mit Behinderung ein breitgef\u00e4chertes und zeitgem\u00e4sses Angebot an attraktiven Sportm\u00f6glichkeiten an. Unser Ziel und Zweck f\u00fcr 12\u2019000 Mitglieder: F\u00f6rderung der Integration durch den Sport! Was wir bieten: 90&#8230;  <a class=\"excerpt-read-more\" href=\"https:\/\/sinomed.ch\/de\/partnerschaften\/alle-partnerschaften\/\" title=\"Read Alle Partnerschaften\">Weiterlesen &raquo;<\/a><\/p>\n","protected":false},"author":1,"featured_media":0,"parent":3401,"menu_order":81,"comment_status":"closed","ping_status":"closed","template":"","meta":[],"_links":{"self":[{"href":"https:\/\/sinomed.ch\/de\/wp-json\/wp\/v2\/pages\/4657"}],"collection":[{"href":"https:\/\/sinomed.ch\/de\/wp-json\/wp\/v2\/pages"}],"about":[{"href":"https:\/\/sinomed.ch\/de\/wp-json\/wp\/v2\/types\/page"}],"author":[{"embeddable":true,"href":"https:\/\/sinomed.ch\/de\/wp-json\/wp\/v2\/users\/1"}],"replies":[{"embeddable":true,"href":"https:\/\/sinomed.ch\/de\/wp-json\/wp\/v2\/comments?post=4657"}],"version-history":[{"count":36,"href":"https:\/\/sinomed.ch\/de\/wp-json\/wp\/v2\/pages\/4657\/revisions"}],"predecessor-version":[{"id":10781,"href":"https:\/\/sinomed.ch\/de\/wp-json\/wp\/v2\/pages\/4657\/revisions\/10781"}],"up":[{"embeddable":true,"href":"https:\/\/sinomed.ch\/de\/wp-json\/wp\/v2\/pages\/3401"}],"wp:attachment":[{"href":"https:\/\/sinomed.ch\/de\/wp-json\/wp\/v2\/media?parent=4657"}],"curies":[{"name":"wp","href":"https:\/\/api.w.org\/{rel}","templated":true}]}}