
















{"id":504,"date":"2014-07-29T14:44:10","date_gmt":"2014-07-29T13:44:10","guid":{"rendered":"http:\/\/sinomed.ch\/de\/?page_id=504"},"modified":"2023-09-01T15:12:50","modified_gmt":"2023-09-01T14:12:50","slug":"impressum","status":"publish","type":"page","link":"https:\/\/sinomed.ch\/de\/impressum\/","title":{"rendered":"Impressum"},"content":{"rendered":"<h2>Sinomed TCM Holding AG<\/h2>\n<p>Geerenstrasse 16<br \/>\nCH \u2013 8302 Kloten<br \/>\nTelefon 0800 753 753<br \/>\nE-Mail: <a href=\"mailto:winterthur@sinomed.ch\"><span id=\"obf\">winterthur@sinomed.ch<\/span><\/a><br \/>\nInternet: <a href=\"http:\/\/www.sinomed.ch\">www.sinomed.ch<\/a><\/p>\n<table>\n<tbody>\n<tr>\n<td width=\"200\">Verwaltungsratspr\u00e4sident:<\/td>\n<td width=\"500\">Hr. Markus Meier<\/td>\n<\/tr>\n<tr>\n<td>Gesch\u00e4ftsf\u00fchrer:<\/td>\n<td>Hr. Markus Meier<\/td>\n<\/tr>\n<tr>\n<td>Rechtsform:<\/td>\n<td>AG<\/td>\n<\/tr>\n<tr>\n<td>Register:<\/td>\n<td>Handelsregister des Kantons Z\u00fcrich,<br \/>\nRegisternummer CH-320.3.045.137-5<\/td>\n<\/tr>\n<\/tbody>\n<\/table>\n","protected":false},"excerpt":{"rendered":"<p>Sinomed TCM Holding AG Geerenstrasse 16 CH \u2013 8302 Kloten Telefon 0800 753 753 E-Mail: winterthur@sinomed.ch Internet: www.sinomed.ch Verwaltungsratspr\u00e4sident: Hr. Markus Meier Gesch\u00e4ftsf\u00fchrer: Hr. Markus Meier Rechtsform: AG Register: Handelsregister des Kantons Z\u00fcrich, Registernummer CH-320.3.045.137-5<\/p>\n","protected":false},"author":1,"featured_media":0,"parent":0,"menu_order":91,"comment_status":"open","ping_status":"closed","template":"","meta":[],"_links":{"self":[{"href":"https:\/\/sinomed.ch\/de\/wp-json\/wp\/v2\/pages\/504"}],"collection":[{"href":"https:\/\/sinomed.ch\/de\/wp-json\/wp\/v2\/pages"}],"about":[{"href":"https:\/\/sinomed.ch\/de\/wp-json\/wp\/v2\/types\/page"}],"author":[{"embeddable":true,"href":"https:\/\/sinomed.ch\/de\/wp-json\/wp\/v2\/users\/1"}],"replies":[{"embeddable":true,"href":"https:\/\/sinomed.ch\/de\/wp-json\/wp\/v2\/comments?post=504"}],"version-history":[{"count":6,"href":"https:\/\/sinomed.ch\/de\/wp-json\/wp\/v2\/pages\/504\/revisions"}],"predecessor-version":[{"id":10971,"href":"https:\/\/sinomed.ch\/de\/wp-json\/wp\/v2\/pages\/504\/revisions\/10971"}],"wp:attachment":[{"href":"https:\/\/sinomed.ch\/de\/wp-json\/wp\/v2\/media?parent=504"}],"curies":[{"name":"wp","href":"https:\/\/api.w.org\/{rel}","templated":true}]}}