
















{"id":533,"date":"2014-07-29T15:50:38","date_gmt":"2014-07-29T14:50:38","guid":{"rendered":"http:\/\/sinomed.ch\/de\/?page_id=533"},"modified":"2023-09-04T08:27:01","modified_gmt":"2023-09-04T07:27:01","slug":"rechtliches-und-disclaimer","status":"publish","type":"page","link":"https:\/\/sinomed.ch\/de\/rechtliches-und-disclaimer\/","title":{"rendered":"Rechtliches und Disclaimer"},"content":{"rendered":"<p style=\"font-weight: 600; font-size: 1.5em;\">Durch die Nutzung dieses Internettauftritts erkl\u00e4ren Sie sich mit den nachfolgenden Nutzungsbedingungen einverstanden.<\/p>\n<ol>\n<li>\n<h3>Generelles<\/h3>\n<p>Diese Nutzungsbedingungen beziehen sich auf alle von der Sinomed Gruppe (bestehend aus der Sinomed TCM Holding AG und deren Tochtergesellschaften Sinomed Schaffhausen AG und Sinomed Winterthur AG) betriebenen Webseiten. Dieser Internetauftritt wird unentgeltlich als reine Informationswebseite der Sinomed Gruppe betrieben und ist f\u00fcr die Schweiz bestimmt. Greifen Sie aus anderen Jurisdiktionen auf diesen Internetauftritt, so sind Sie f\u00fcr den rechtm\u00e4ssigen Zugriff und den rechtm\u00e4ssigen Gebrauch selbst verantwortlich. Die Inhalte und die Struktur dieses Internetauftrittes k\u00f6nnen jederzeit, ohne Benachrichtigung, ge\u00e4ndert, gel\u00f6scht oder zeitweise nicht ver\u00f6ffentlicht werden.<\/li>\n<li>\n<h3>Urheber- und andere Schutzrechte<\/h3>\n<p>Die Sinomed TCM Holding AG ist Eigent\u00fcmerin und Betreiberin dieses Internetauftritts. Durch das Aufrufen, Herunterladen oder Kopieren (hiernach Gebrauch) von Webseiten, Marken, Logos, Designs, Texten oder anderen Materialien und Immaterialg\u00fcterrechten werden keinerlei Rechte (Nutzungs-, Immaterialg\u00fcterrechte etc.) erworben oder Urheberrechte oder sonstige Rechte \u00fcbertragen. Das (vollst\u00e4ndige oder teilweise) Reproduzieren, \u00dcbermitteln (elektronisch oder mit anderen Mitteln), Modifizieren, Verkn\u00fcpfen, Verbreiten oder Benutzen diese Internetauftritts oder dessen einzelner Webseiten ist nur f\u00fcr den privaten, nicht kommerziellen Gebrauch ohne vorherige schriftliche Zustimmung von Sinomed TCM Holding AG zul\u00e4ssig. Dar\u00fcber hinausgehender Gebrauch ist nur mit schriftlicher Zustimmung von Sinomed TCM Holding AG zul\u00e4ssig. Wir weisen ausdr\u00fccklich darauf hin, dass eine Verletzung unserer Urheber- oder sonstigen Immaterialg\u00fcterrechte zivil- und\/oder strafrechtliche Konsequenzen nach sich ziehen kann.<\/li>\n<li>\n<h3>Kein Angebot und keine spezifische Beratung<\/h3>\n<p>Die auf diesem Internetauftritt publizierten Informationen und Aussagen stellen weder eine Behandlung\/Beratung noch ein Angebot oder eine Aufforderung zum Kauf oder Verkauf von unseren Dienstleistungen dar, und sind kein Ersatz f\u00fcr eine spezifische Beratung zu einem konkreten Einzelfall. Die Sinomed Gruppe erteilt jegliche Beratung oder andere Dienstleitungen ausschliesslich aufgrund eines Besuches in einer unserer Praxen.<\/li>\n<li>\n<h3>Werbende Aussagen<\/h3>\n<p>Die Sinomed Gruppe \u00fcbernimmt keine Gew\u00e4hrleistung (weder ausdr\u00fccklich noch stillschweigend) f\u00fcr Richtigkeit, Vollst\u00e4ndigkeit und Aktualit\u00e4t der auf der Website publizierten Informationen und Meinungs\u00e4usserungen. Die Nutzung der auf den Internetseiten zur Verf\u00fcgung gestellten Inhalte und Informationen erfolgt auf alleinige Gefahr der Benutzer. Die Sinomed Gruppe gew\u00e4hrleistet auch keinen unterbruchsfreien Betrieb dieses Internetauftrittes.<\/li>\n<li>\n<h3>Haftungsausschluss<\/h3>\n<p>Die Sinomed Gruppe \u00fcbernimmt keine Gew\u00e4hr bez\u00fcglich der Richtigkeit, Vollst\u00e4ndigkeit, Eignung oder sonst im Zusammenhang mit den Inhalten und Informationen dieses Internetauftrittes. Die Sinomed Gruppe schliesst, soweit gesetzlich zul\u00e4ssig, f\u00fcr sich sowie f\u00fcr ihre Mitarbeiter uneingeschr\u00e4nkt jede Haftung f\u00fcr Verluste oder direkte, indirekte Sch\u00e4den oder Folgesch\u00e4den irgendwelcher Art aus, die sich aus der Benutzung oder den Zugriff auf diesen Internetauftritt oder dessen Inhalten und Informationen oder etwaigen Fehlern oder Unterlassungen ergeben k\u00f6nnten. Die Sinomed Gruppe \u00fcberpr\u00fcft keine Websites von Dritten, auf die mittels Link verwiesen wird und \u00fcbernimmt keine Verantwortung und Haftung f\u00fcr die Richtigkeit, Vollst\u00e4ndigkeit und Rechtm\u00e4ssigkeit des Inhalts solcher Websites. Dieser Internetauftritt ist f\u00fcr die Schweiz bestimmt. Greifen Sie aus anderen Jurisdiktionen auf diesen Internetauftritt, so sind Sie f\u00fcr den rechtm\u00e4ssigen Zugriff und den rechtm\u00e4ssigen Gebrauch selbst verantwortlich.<\/li>\n<li>\n<h3>Umgang mit Daten<\/h3>\n<p>Die Sinomed Gruppe verpflichtet sich, allf\u00e4llige erhobene pers\u00f6nliche Daten streng vertraulich zu behandeln und nicht weiterzugeben oder Dritten zug\u00e4nglich zu machen. Demgegen\u00fcber gelten Mitteilungen und Informationen, wie zum Beispiel Bemerkungen, Anregungen, Ideen usw., die ein Benutzer selbst auf der Website ver\u00f6ffentlicht oder mittels E-Mail an die Website sendet (sofern dies vorgesehen ist), nicht als vertraulich oder geistiges Eigentum des Benutzers und k\u00f6nnen von der Sinomed Gruppe frei verwendet werden.<\/p>\n<p>Wenn Sie Daten \u00fcber sich selbst eingeben, gestatten Sie uns damit die Speicherung und Nutzung im Sinne der schweizerischen Datenschutzgesetzgebung sowie einen allf\u00e4lligen Datenexport an unsere Vertragspartner im Ausland. Diese Informationen sind personenbezogen und werden selbstverst\u00e4ndlich vertraulich innerhalb von Sinomed Gruppe verwendet. Ein Widerspruch und damit L\u00f6schung Ihrer personenbezogenen Daten bei uns ist jederzeit m\u00f6glich.<\/li>\n<li>\n<h3>Elektronische \u00dcbermittlung, Verschl\u00fcsselung<\/h3>\n<p>Die Vertraulichkeit von Inhalten, die per E-Mail \u00fcbermittelt werden, kann nicht zugesichert oder sichergestellt werden. Wir raten dringend dazu, jeglichen elektronischen Verkehr zu verschl\u00fcsseln. Falls wir jedoch eine unverschl\u00fcsselte E-Mail erhalten, gehen wir davon aus, dass wir mit dem Absender ebenfalls durch unverschl\u00fcsselten E-Mails kommunizieren sollen. Bei Bedarf k\u00f6nnen Hinweise auf E-Mail Verschl\u00fcsselungswerkzeuge gegeben werden.<\/li>\n<li>\n<h3>Cookies und Web-Analytics<\/h3>\n<p>Durch das Aufrufen unserer Webseite wird im Speicher Ihres Computers eine kleine Datei, ein sogenanntes &#8222;Cookie&#8220; gespeichert. Diese Tracking-Technologie dient prim\u00e4r zur pr\u00e4zisen Erhebung der Besucherzahlen. Die Informationen, die wir w\u00e4hrend des normalen Besuches unserer Webseiten via \u201eCookies\u201c erhalten und speichern, werden ausschliesslich innerhalb der Sinomed Gruppe zur Optimierung der Webseiten verwendet.<\/p>\n<p>Diese Website kann Google Analytics oder andere Web-Analytik-Software verwenden. Ein solcher Dienst verwendet ebenfalls &#8222;Cookies&#8220;, Textdateien, die auf Ihrem Computer gespeichert werden und die eine Analyse der Benutzung der Website durch Sie erm\u00f6glicht. Wird eine solche Web Analytik-Software auf der Webseite eingesetzt, bieten wir Gew\u00e4hr, dass die Daten anonymisiert an Dritte gelangen, die Daten ausschliesslich verwendet werden, um die Nutzung der Website auszuwerten, um Reports \u00fcber die Websiteaktivit\u00e4ten f\u00fcr die Websitebetreiber zusammenzustellen und um weitere mit der Websitenutzung und der Internetnutzung verbundene Dienstleistungen zu erbringen. Dar\u00fcber hinaus ist von der Sinomed Gruppe nicht vorgesehen, allf\u00e4llige aufgrund von Google Analytics gewonnenen Informationen und Personendaten zur Personenidentifikation zu verwenden mit Ausnahme der Abwehr von Angriffen, die Straftatbest\u00e4nde darstellen oder welche die Funktionsf\u00e4higkeit unseres Internetauftrittes zu verhindern oder zu beeintr\u00e4chtigen versuchen oder Anfragen von Beh\u00f6rden, soweit gesetzlich zul\u00e4ssig.<\/li>\n<li>\n<h3>Geltendes Recht und Gerichtsstand<\/h3>\n<p>Diese Nutzungsvereinbarung unterliegt schweizerischem materiellen Recht unter Ausschluss des schweizerischen internationalen Privatrechts. F\u00fcr Streitigkeiten aus der Nutzung und dem Betrieb dieser Website gilt ausschliesslich der Gerichtstand Z\u00fcrich \/ Schweiz.<\/li>\n<\/ol>\n<div id=\"gtx-trans\" style=\"position: absolute; left: 874px; top: 220.653px;\">\n<div class=\"gtx-trans-icon\"><\/div>\n<\/div>\n","protected":false},"excerpt":{"rendered":"<p>Durch die Nutzung dieses Internettauftritts erkl\u00e4ren Sie sich mit den nachfolgenden Nutzungsbedingungen einverstanden. Generelles Diese Nutzungsbedingungen beziehen sich auf alle von der Sinomed Gruppe (bestehend aus der Sinomed TCM Holding AG und deren Tochtergesellschaften Sinomed Schaffhausen AG und Sinomed Winterthur AG) betriebenen Webseiten. Dieser Internetauftritt wird unentgeltlich als reine Informationswebseite der Sinomed Gruppe betrieben und&#8230;  <a class=\"excerpt-read-more\" href=\"https:\/\/sinomed.ch\/de\/rechtliches-und-disclaimer\/\" title=\"Read Rechtliches und Disclaimer\">Weiterlesen &raquo;<\/a><\/p>\n","protected":false},"author":1,"featured_media":0,"parent":0,"menu_order":93,"comment_status":"open","ping_status":"closed","template":"","meta":[],"_links":{"self":[{"href":"https:\/\/sinomed.ch\/de\/wp-json\/wp\/v2\/pages\/533"}],"collection":[{"href":"https:\/\/sinomed.ch\/de\/wp-json\/wp\/v2\/pages"}],"about":[{"href":"https:\/\/sinomed.ch\/de\/wp-json\/wp\/v2\/types\/page"}],"author":[{"embeddable":true,"href":"https:\/\/sinomed.ch\/de\/wp-json\/wp\/v2\/users\/1"}],"replies":[{"embeddable":true,"href":"https:\/\/sinomed.ch\/de\/wp-json\/wp\/v2\/comments?post=533"}],"version-history":[{"count":10,"href":"https:\/\/sinomed.ch\/de\/wp-json\/wp\/v2\/pages\/533\/revisions"}],"predecessor-version":[{"id":10984,"href":"https:\/\/sinomed.ch\/de\/wp-json\/wp\/v2\/pages\/533\/revisions\/10984"}],"wp:attachment":[{"href":"https:\/\/sinomed.ch\/de\/wp-json\/wp\/v2\/media?parent=533"}],"curies":[{"name":"wp","href":"https:\/\/api.w.org\/{rel}","templated":true}]}}