
















{"id":570,"date":"2014-08-02T07:21:14","date_gmt":"2014-08-02T07:21:14","guid":{"rendered":"http:\/\/sinomed.ch\/de\/?page_id=570"},"modified":"2023-07-31T14:46:56","modified_gmt":"2023-07-31T13:46:56","slug":"ziele-grundsaetze-der-sinomed-gruppe","status":"publish","type":"page","link":"https:\/\/sinomed.ch\/de\/uber-uns\/ziele-grundsaetze-der-sinomed-gruppe\/","title":{"rendered":"Ziele &#038; Grunds\u00e4tze der Sinomed-Gruppe"},"content":{"rendered":"<p>Unter der Bezeichnung \u201eSinomed\u201c betreibt die Sinomed TCM Holding AG 2 Praxen f\u00fcr Traditionelle Chinesische Medizin (TCM) in Schaffhausen und Winterthur. Oberstes Ziel von Sinomed ist es, die jahrtausendealte, bew\u00e4hrte Medizin der Chinesen durch bestens ausgebildete Spezialisten in der Schweiz anzubieten. Die chinesische Medizin steht nicht in Konkurrenz zur Schulmedizin, sondern versteht sich als komplement\u00e4res Angebot \u2013 und ist als solche anerkannt.<\/p>\n<p>Der Besitzer der Sinomed-Gruppe bekennt sich zum Grundprinzip, dass erwirtschaftete Betr\u00e4ge in erster Linie zur St\u00e4rkung des Unternehmens verwendet werden.<\/p>\n<h2>Gesch\u00e4ftsziele<\/h2>\n<p>Die <strong>Sinomed-Gruppe <\/strong>ist Betreiberin von Arztpraxen f\u00fcr Traditionelle Chinesische Medizin.<\/p>\n<p>Die <strong>Sinomed-Gruppe<\/strong> erbringt f\u00fcr Ihre Patienten\/Kunden Dienstleistungen im Bereich der Wiederherstellung, Erhaltung &amp; F\u00f6rderung der Gesundheit.<\/p>\n<p>Die <strong>Sinomed-Gruppe <\/strong>sieht ihre Aufgabe darin, durch die Erbringung von Dienstleistungen f\u00fcr Patienten\/Kunden und den Verkauf von zweckm\u00e4ssigen Medikamenten und\/oder Kr\u00e4utern\/Tee etc. sowie Produkten aus Ihrem Shop den Gewinn zu erwirtschaften, der zum Ausbau der Firma n\u00f6tig ist.<\/p>\n<p>Die <strong>Sinomed-Gruppe<\/strong> will ihre hervorragenden Dienstleistungen &amp; Produkte zu einem fairen Preis anbieten &amp; verkaufen.<\/p>\n<p>Die <strong>Sinomed-Gruppe<\/strong> will sich von anderen Firmen durch h\u00f6here Dienstleistungsbereitschaft, bessere Produkte, kompetentere Beratung, rascheren Service, Grossz\u00fcgigkeit &amp; Kulanz und vor allem freundlichere Mitarbeiter abheben.<\/p>\n<p>Die <strong>Sinomed-Gruppe<\/strong> will sich bewusst sein, dass nur eine T\u00e4tigkeit im Dienst und zum Wohl ihrer Patienten &amp; Kunden den langfristigen Erfolg garantiert.<\/p>\n<p>Die <strong>Sinomed-Gruppe<\/strong> will eine erfolgreiche Firma sein, nicht nur in kommerzieller Hinsicht, sondern auch in der Beurteilung durch Kunden, Mitarbeiter und Lieferanten.<\/p>\n<p>Die <strong>Sinomed-Gruppe<\/strong> will jederzeit offen sein f\u00fcr Wandel, weiteren Ausbau und neue Zielsetzungen.<\/p>\n<p>Die <strong>Sinomed-Gruppe<\/strong> will aus eigener Kraft wachsen und eine Finanz- und Risikopolitik verfolgen, die im Rahmen der M\u00f6glichkeiten dynamisch ist, aber die Basis niemals gef\u00e4hrden darf.<\/p>\n<p>Die <strong>Sinomed-Gruppe<\/strong> will langfristige Ziele h\u00f6her einstufen als kurzfristige Erfolge und Niederlagen.<\/p>\n<p>Die <strong>Sinomed-Gruppe<\/strong> will ihren Mitarbeitern im Rahmen ihrer M\u00f6glichkeiten fortschrittliche Arbeitspl\u00e4tze zur Verf\u00fcgung stellen und Bedingungen schaffen, die ein erfolgreiches Arbeiten m\u00f6glich machen.<\/p>\n<p>Die <strong>Sinomed-Gruppe<\/strong> will, dass ihre Mitarbeiter \u00fcber das wesentliche Geschehen in der Firma orientiert sind. Sie setzt sich f\u00fcr eine offene &amp; transparente Kommunikation ein &amp; f\u00fcr einen fairen Umgang mit allen involvierten Personen.<\/p>\n<p>Die <strong>Sinomed-Gruppe<\/strong> will, dass ihre Mitarbeiter stolz sind, bei dieser Firma arbeiten zu k\u00f6nnen.<\/p>\n","protected":false},"excerpt":{"rendered":"<p>Unter der Bezeichnung \u201eSinomed\u201c betreibt die Sinomed TCM Holding AG 2 Praxen f\u00fcr Traditionelle Chinesische Medizin (TCM) in Schaffhausen und Winterthur. Oberstes Ziel von Sinomed ist es, die jahrtausendealte, bew\u00e4hrte Medizin der Chinesen durch bestens ausgebildete Spezialisten in der Schweiz anzubieten. Die chinesische Medizin steht nicht in Konkurrenz zur Schulmedizin, sondern versteht sich als komplement\u00e4res&#8230;  <a class=\"excerpt-read-more\" href=\"https:\/\/sinomed.ch\/de\/uber-uns\/ziele-grundsaetze-der-sinomed-gruppe\/\" title=\"Read Ziele &#038; Grunds\u00e4tze der Sinomed-Gruppe\">Weiterlesen &raquo;<\/a><\/p>\n","protected":false},"author":1,"featured_media":0,"parent":48,"menu_order":72,"comment_status":"open","ping_status":"open","template":"","meta":[],"_links":{"self":[{"href":"https:\/\/sinomed.ch\/de\/wp-json\/wp\/v2\/pages\/570"}],"collection":[{"href":"https:\/\/sinomed.ch\/de\/wp-json\/wp\/v2\/pages"}],"about":[{"href":"https:\/\/sinomed.ch\/de\/wp-json\/wp\/v2\/types\/page"}],"author":[{"embeddable":true,"href":"https:\/\/sinomed.ch\/de\/wp-json\/wp\/v2\/users\/1"}],"replies":[{"embeddable":true,"href":"https:\/\/sinomed.ch\/de\/wp-json\/wp\/v2\/comments?post=570"}],"version-history":[{"count":3,"href":"https:\/\/sinomed.ch\/de\/wp-json\/wp\/v2\/pages\/570\/revisions"}],"predecessor-version":[{"id":10782,"href":"https:\/\/sinomed.ch\/de\/wp-json\/wp\/v2\/pages\/570\/revisions\/10782"}],"up":[{"embeddable":true,"href":"https:\/\/sinomed.ch\/de\/wp-json\/wp\/v2\/pages\/48"}],"wp:attachment":[{"href":"https:\/\/sinomed.ch\/de\/wp-json\/wp\/v2\/media?parent=570"}],"curies":[{"name":"wp","href":"https:\/\/api.w.org\/{rel}","templated":true}]}}