
















{"id":578,"date":"2014-08-02T07:38:09","date_gmt":"2014-08-02T07:38:09","guid":{"rendered":"http:\/\/sinomed.ch\/de\/?page_id=578"},"modified":"2023-08-14T14:02:24","modified_gmt":"2023-08-14T13:02:24","slug":"complemedis","status":"publish","type":"page","link":"https:\/\/sinomed.ch\/de\/uber-uns\/complemedis\/","title":{"rendered":"Complemedis"},"content":{"rendered":"<h5 class=\"after-h1\">Unser Partner f\u00fcr chinesische Heilmittel von h\u00f6chster Qualit\u00e4t<\/h5>\n<img loading=\"lazy\" class=\"alignleft size-full wp-image-587\" style=\"margin-bottom: 5px;\" src=\"https:\/\/sinomed.ch\/de\/wp-content\/uploads\/2014\/08\/Complemedis1.jpg\" alt=\"Complemedis1\" width=\"250\" height=\"253\" srcset=\"https:\/\/sinomed.ch\/de\/wp-content\/uploads\/2014\/08\/Complemedis1.jpg 250w, https:\/\/sinomed.ch\/de\/wp-content\/uploads\/2014\/08\/Complemedis1-123x125.jpg 123w\" sizes=\"(max-width: 250px) 100vw, 250px\" \/>\n<p style=\"margin-bottom: 2em;\"><em>Die Kr\u00e4utertherapie (Phytotherapie) unterst\u00fctzt die Behandlungsformen der TCM wesentlich. Gerne stellen wir Ihnen unseren Partner, die Firma Complemedis, vor.<\/em><\/p>\n<p style=\"margin-bottom: 2em;\">Die Firma Complemedis beschafft, analysiert und qualifiziert chinesische Heilmittel und stellt diese der \u00d6ffentlichkeit zur Verf\u00fcgung. Zus\u00e4tzlich zur Zulassung als Pharmabetrieb verf\u00fcgt unser Partner \u00fcber eine Bewilligung als Versandapotheke. Dadurch ist Complemedis berechtigt, die Arzneimittel direkt per Post an die Patienten der Sinomed-Gruppe zu versenden. In der Schweiz hat Complemedis mit ihren Aktivit\u00e4ten Neuland betreten und mit konsequenter und kontinuierlicher Aufbauarbeit Massst\u00e4be gesetzt und mitgeholfen, die TCM in der Schweiz zu etablieren.<\/p>\n<p><strong>Die St\u00e4rken von Complemedis zu Ihrer Sicherheit und f\u00fcr Ihre Gesundheit<\/strong><br \/>\n<img loading=\"lazy\" class=\"alignright size-full wp-image-594\" src=\"https:\/\/sinomed.ch\/de\/wp-content\/uploads\/2014\/08\/Complemendis2.jpg\" alt=\"Complemendis2\" width=\"250\" height=\"477\" srcset=\"https:\/\/sinomed.ch\/de\/wp-content\/uploads\/2014\/08\/Complemendis2.jpg 250w, https:\/\/sinomed.ch\/de\/wp-content\/uploads\/2014\/08\/Complemendis2-65x125.jpg 65w, https:\/\/sinomed.ch\/de\/wp-content\/uploads\/2014\/08\/Complemendis2-157x300.jpg 157w\" sizes=\"(max-width: 250px) 100vw, 250px\" \/>Als einziger Anbieter in Europa verf\u00fcgt unser Partner \u00fcber Zehntausende von Referenzanalysen zur eindeutigen Bestimmung der Identit\u00e4t und Reinheit der angebotenen chinesischen Heilmittel. Alle bei Complemedis erh\u00e4ltlichen Mittel werden in der Schweiz nach strengsten Kriterien auf Reinheit und Identit\u00e4t gepr\u00fcft. In Asien gibt es rund 30\u2019000 verschiedene Pflanzenarten. Davon wurden 13\u2019000 f\u00fcr den medizinischen Gebrauch dokumentiert. Im Praxisalltag der traditionellen chinesischen Heilmitteltherapie wird mit ca. 150\u2013250 Einzelarzneien gearbeitet. Die Aufgabe von Complemedis liegt darin, f\u00fcr Sie die beste auf dem Markt erh\u00e4ltliche Qualit\u00e4t zu finden und bereitzustellen.<\/p>\n<p>Die \u00fcber tausend Mittel im Sortiment stammen von Lieferanten aus China, Taiwan und Europa. Das breite Sortiment umfasst Granulate, Rohkr\u00e4uter, Salben, Cr\u00e8men und Lotionen. S\u00e4mtliche Heilkr\u00e4uter sind auch als angenehm einzunehmende Tabletten erh\u00e4ltlich (Mehrkosten f\u00fcr Tabletten liegen bei ca. CHF 30\u201340.\u2013 pro Bestellung). \u00d6kologische und sozial vertr\u00e4gliche Kriterien spielen bei der Auswahl der Produkte eine grosse Rolle. Die dauernd \u00fcberpr\u00fcfte Produktqualit\u00e4t ist konkurrenzlos.<\/p>\n<p>Bei Sinomed werden grunds\u00e4tzlich rein pflanzliche und mineralische Heilmittel verschrieben. Auf Anraten des TCM-Spezialisten \u2013 aber immer in R\u00fccksprache mit dem Patienten \u2013 k\u00f6nnen gegebenenfalls auch Wirkstoffe tierischer Herkunft den Kr\u00e4utern beigemischt werden, wenn damit den Beschwerden besser entgegen gewirkt werden kann. Sollten Sie tierische Inhaltsstoffe ablehnen, gibt es in der Regel Alternativen im Bereich der Kr\u00e4uter, die teilweise und unter Umst\u00e4nden eine leicht geringere Wirkung erzielen. Eine Liste der verwendeten tierischen Stoffe kann bei Interesse angefordert werden. Sinomed und Complemedis verwenden aus ethischen Gr\u00fcnden keine Inhaltsstoffe von gesch\u00fctzten Tierarten.<\/p>\n<p><img loading=\"lazy\" class=\"alignleft size-full wp-image-597\" src=\"https:\/\/sinomed.ch\/de\/wp-content\/uploads\/2014\/08\/Complemedis61.jpg\" alt=\"Complemedis6\" width=\"200\" height=\"270\" srcset=\"https:\/\/sinomed.ch\/de\/wp-content\/uploads\/2014\/08\/Complemedis61.jpg 200w, https:\/\/sinomed.ch\/de\/wp-content\/uploads\/2014\/08\/Complemedis61-92x125.jpg 92w\" sizes=\"(max-width: 200px) 100vw, 200px\" \/><strong>Krankenkassen<\/strong><br \/>\nArzneimittel der TCM werden von den meisten Kassen (gegen Vorlage des Rezeptes, welches Sie von unserem Partner zugestellt bekommen) \u00fcber die Zusatzversicherung verg\u00fctet. Wir empfehlen Ihnen, sich \u00fcber die genauen Leistungen Ihrer Krankenkasse zu erkundigen.<\/p>\n<p>Ihr TCM-Spezialist verschreibt Ihnen f\u00fcr Sie individuell abgestimmte Kr\u00e4utermischungen. Diese Kr\u00e4uterverschreibungen stellen einen integralen Teil Ihrer Behandlung dar. Es ist wichtig, dass Sie diese gem\u00e4ss dessen Anweisungen einnehmen. Anschliessend an Ihre Behandlung stellt Ihnen Ihr TCM-Spezialist ein Rezept aus, welches direkt an unseren Partner \u00fcbermittelt wird. Die Kr\u00e4utermedizin wird von Complemedis an eine Apotheke Ihrer Wahl zugestellt. Sie kann in der Regel am Folgetag abgeholt werden und wird separat durch den Lieferanten verrechnet.<\/p>\n","protected":false},"excerpt":{"rendered":"<p>Unser Partner f\u00fcr chinesische Heilmittel von h\u00f6chster Qualit\u00e4t Die Kr\u00e4utertherapie (Phytotherapie) unterst\u00fctzt die Behandlungsformen der TCM wesentlich. Gerne stellen wir Ihnen unseren Partner, die Firma Complemedis, vor. Die Firma Complemedis beschafft, analysiert und qualifiziert chinesische Heilmittel und stellt diese der \u00d6ffentlichkeit zur Verf\u00fcgung. Zus\u00e4tzlich zur Zulassung als Pharmabetrieb verf\u00fcgt unser Partner \u00fcber eine Bewilligung als&#8230;  <a class=\"excerpt-read-more\" href=\"https:\/\/sinomed.ch\/de\/uber-uns\/complemedis\/\" title=\"Read Complemedis\">Weiterlesen &raquo;<\/a><\/p>\n","protected":false},"author":1,"featured_media":0,"parent":48,"menu_order":71,"comment_status":"open","ping_status":"open","template":"","meta":[],"_links":{"self":[{"href":"https:\/\/sinomed.ch\/de\/wp-json\/wp\/v2\/pages\/578"}],"collection":[{"href":"https:\/\/sinomed.ch\/de\/wp-json\/wp\/v2\/pages"}],"about":[{"href":"https:\/\/sinomed.ch\/de\/wp-json\/wp\/v2\/types\/page"}],"author":[{"embeddable":true,"href":"https:\/\/sinomed.ch\/de\/wp-json\/wp\/v2\/users\/1"}],"replies":[{"embeddable":true,"href":"https:\/\/sinomed.ch\/de\/wp-json\/wp\/v2\/comments?post=578"}],"version-history":[{"count":2,"href":"https:\/\/sinomed.ch\/de\/wp-json\/wp\/v2\/pages\/578\/revisions"}],"predecessor-version":[{"id":5407,"href":"https:\/\/sinomed.ch\/de\/wp-json\/wp\/v2\/pages\/578\/revisions\/5407"}],"up":[{"embeddable":true,"href":"https:\/\/sinomed.ch\/de\/wp-json\/wp\/v2\/pages\/48"}],"wp:attachment":[{"href":"https:\/\/sinomed.ch\/de\/wp-json\/wp\/v2\/media?parent=578"}],"curies":[{"name":"wp","href":"https:\/\/api.w.org\/{rel}","templated":true}]}}