
















{"id":601,"date":"2014-08-02T08:14:31","date_gmt":"2014-08-02T08:14:31","guid":{"rendered":"http:\/\/sinomed.ch\/de\/?page_id=601"},"modified":"2022-10-07T13:51:54","modified_gmt":"2022-10-07T12:51:54","slug":"verbaende","status":"publish","type":"page","link":"https:\/\/sinomed.ch\/de\/uber-uns\/verbaende\/","title":{"rendered":"Verb\u00e4nde"},"content":{"rendered":"<p>Sinomed steht f\u00fcr hochqualitative medizinische Dienstleistungen. Alle unsere TCM-Spezialisten sind anerkannte Mitglieder der Stiftung ASCA (Schweizerische Stiftung f\u00fcr Komplement\u00e4rmedizin) und sind registriert im EMR (ErfahrungsMedizinischesRegister). Sie sprechen entweder deutsch oder englisch \u2013 oder qualifizierte \u00dcbersetzer sorgen f\u00fcr die einwandfreie Kommunikation zwischen Patient und Spezialist. Die Sinomed-Gruppe f\u00f6rdert Ihre TCM-Spezialisten durch kontinuierliche \u2013 externe und interne \u2013 Weiterbildung und garantiert so eine hochwertige Behandlungsqualit\u00e4t.<\/p>\n<p>Links:<br \/>\n<a href=\"http:\/\/www.asca.ch\" target=\"_blank\" rel=\"noopener\">www.asca.ch<\/a><br \/>\n<a href=\"http:\/\/www.emr.ch\" target=\"_blank\" rel=\"noopener\">www.emr.ch<\/a><\/p>\n","protected":false},"excerpt":{"rendered":"<p>Sinomed steht f\u00fcr hochqualitative medizinische Dienstleistungen. Alle unsere TCM-Spezialisten sind anerkannte Mitglieder der Stiftung ASCA (Schweizerische Stiftung f\u00fcr Komplement\u00e4rmedizin) und sind registriert im EMR (ErfahrungsMedizinischesRegister). Sie sprechen entweder deutsch oder englisch \u2013 oder qualifizierte \u00dcbersetzer sorgen f\u00fcr die einwandfreie Kommunikation zwischen Patient und Spezialist. Die Sinomed-Gruppe f\u00f6rdert Ihre TCM-Spezialisten durch kontinuierliche \u2013 externe und interne&#8230;  <a class=\"excerpt-read-more\" href=\"https:\/\/sinomed.ch\/de\/uber-uns\/verbaende\/\" title=\"Read Verb\u00e4nde\">Weiterlesen &raquo;<\/a><\/p>\n","protected":false},"author":1,"featured_media":0,"parent":48,"menu_order":70,"comment_status":"open","ping_status":"open","template":"","meta":[],"_links":{"self":[{"href":"https:\/\/sinomed.ch\/de\/wp-json\/wp\/v2\/pages\/601"}],"collection":[{"href":"https:\/\/sinomed.ch\/de\/wp-json\/wp\/v2\/pages"}],"about":[{"href":"https:\/\/sinomed.ch\/de\/wp-json\/wp\/v2\/types\/page"}],"author":[{"embeddable":true,"href":"https:\/\/sinomed.ch\/de\/wp-json\/wp\/v2\/users\/1"}],"replies":[{"embeddable":true,"href":"https:\/\/sinomed.ch\/de\/wp-json\/wp\/v2\/comments?post=601"}],"version-history":[{"count":4,"href":"https:\/\/sinomed.ch\/de\/wp-json\/wp\/v2\/pages\/601\/revisions"}],"predecessor-version":[{"id":9787,"href":"https:\/\/sinomed.ch\/de\/wp-json\/wp\/v2\/pages\/601\/revisions\/9787"}],"up":[{"embeddable":true,"href":"https:\/\/sinomed.ch\/de\/wp-json\/wp\/v2\/pages\/48"}],"wp:attachment":[{"href":"https:\/\/sinomed.ch\/de\/wp-json\/wp\/v2\/media?parent=601"}],"curies":[{"name":"wp","href":"https:\/\/api.w.org\/{rel}","templated":true}]}}