
















{"id":6288,"date":"2019-11-12T19:12:31","date_gmt":"2019-11-12T18:12:31","guid":{"rendered":"https:\/\/sinomed.ch\/de\/?page_id=6288"},"modified":"2025-09-22T09:18:43","modified_gmt":"2025-09-22T08:18:43","slug":"tcm-behandlung-bei-kopfschmerzen-und-migraene","status":"publish","type":"page","link":"https:\/\/sinomed.ch\/de\/tcm-behandlung-bei-kopfschmerzen-und-migraene\/","title":{"rendered":"TCM-Behandlung bei Kopfschmerzen und Migr\u00e4ne"},"content":{"rendered":"<p class=\"dm-18\"><img loading=\"lazy\" class=\"wp-image-4462 size-onehalf alignleft\" src=\"https:\/\/sinomed.ch\/de\/wp-content\/uploads\/2018\/06\/kopfschmerzen-350x196.jpg\" alt=\"\" width=\"350\" height=\"196\" srcset=\"https:\/\/sinomed.ch\/de\/wp-content\/uploads\/2018\/06\/kopfschmerzen-350x196.jpg 350w, https:\/\/sinomed.ch\/de\/wp-content\/uploads\/2018\/06\/kopfschmerzen-125x70.jpg 125w, https:\/\/sinomed.ch\/de\/wp-content\/uploads\/2018\/06\/kopfschmerzen-300x168.jpg 300w, https:\/\/sinomed.ch\/de\/wp-content\/uploads\/2018\/06\/kopfschmerzen.jpg 500w\" sizes=\"(max-width: 350px) 100vw, 350px\" \/><\/p>\n<p class=\"p1\">Beschwerden wie Kopfschmerzen und Migr\u00e4ne sind chronische, neurologisch bedingte Gef\u00e4sserkrankungen, die im klinischen Alltag sehr h\u00e4ufig vorkommen. Wegen langfristigen und wiederholten Schmerzen leiden viele Patienten unter andauernder <a href=\"https:\/\/sinomed.ch\/de\/traditionelle-chinesische-medizin\/behandlungsgebiete\/tcm-hilft-gegen-viele-formen-der-muedigkeit\/\">M\u00fcdigkeit<\/a>, Abgeschlagenheit bis hin zur <a href=\"https:\/\/sinomed.ch\/de\/traditionelle-chinesische-medizin\/behandlungsgebiete\/erschoepfung-und-depression-in-der-tcm\/\">Depression<\/a>. Dies hat eine gravierende Auswirkung auf die Arbeit und die Lebensqualit\u00e4t. Bei den meisten Patienten beginnen die Kopfschmerzen bereits im Kindes- bzw. Teenageralter und erreichen ihren H\u00f6hepunkt im jungen Erwachsenenalter. In der Regel leiden Frauen h\u00e4ufiger unter Kopfschmerzen als M\u00e4nner.<\/p>\n<p class=\"p1\">Bei einer Migr\u00e4ne ist der Schmerz meist nur auf einer Seite sp\u00fcrbar und dauert ca. 4 bis 72 Stunden. Oft wird der starke Schmerz von \u00dcbelkeit, Erbrechen und Licht-Empfindlichkeit begleitet; der Patient muss im Bett bleiben und Schmerzmittel sind leider oft wirkungslos. Bei allgemeinen Kopfschmerzen verteilt sich der Schmerz \u00fcber den gesamten Kopf. Der Schmerz lokalisiert sich manchmal auch nur am Hinterkopf, in der Stirn oder um die Augenbrauen. Oft strahlt der Schmerz vom Schulter-\/Nackenbereich aus und verteilt sich dann im ganzen Kopf.<\/p>\n<p class=\"p1\">Der Intervall und die St\u00e4rke der Schmerzen k\u00f6nnen sehr stark variieren. Es kann 1- bis 2-mal im Monat, 1- bis 2-mal pro Woche oder sogar t\u00e4glich vorkommen. Die Ursachen der Krankheit sind sehr vielseitig. Oft ist es genetisch bedingt; der Schmerz kann aber auch durch endokrine Erkrankung, chronische Sinusitis, <a href=\"https:\/\/sinomed.ch\/de\/gesundheitstipps\/gegen-steifen-nacken-anwendung-der-akupressur\/\">Nacken<\/a>&#8211; \/ Muskelverspannungen oder Verletzungen der Halswirbel ausgel\u00f6st werden.<\/p>\n<p class=\"p1\">Stress, \u00dcberm\u00fcdung, zu starke emotionale Schwankungen, Unvertr\u00e4glichkeit auf bestimmte Lebensmittel oder Lebensmittelzusatzstoffe k\u00f6nnen ebenfalls die Kopfschmerzen und Migr\u00e4ne hervorrufen.<\/p>\n<blockquote><p>Aus Sicht der Traditionellen Chinesischen Medizin (TCM) sind Kopfschmerzen und Migr\u00e4ne haupts\u00e4chlich durch die Blockade der <a href=\"https:\/\/sinomed.ch\/de\/traditionelle-chinesische-medizin\/grundlagen\/qi-und-die-meridiane\/\">Meridiane<\/a> verursacht.<\/p><\/blockquote>\n<p class=\"p1\">Bei der Diagnose werden gem\u00e4ss k\u00f6rperlicher Konstitution diese Blockaden nach \u00abK\u00e4lte\u00bb und \u00abHitze\u00bb, \u00abLeere\u00bb und \u00abF\u00fclle\u00bb in verschiedene Typen aufgeteilt.<\/p>\n<blockquote><p>Gem\u00e4ss unserer langj\u00e4hrigen klinischen Erfahrung hat die TCM-Behandlung guten Erfolg bei Kopfschmerzen und Migr\u00e4ne.<\/p><\/blockquote>\n<p>Sowohl die St\u00e4rke als auch die H\u00e4ufigkeit k\u00f6nnen deutlich reduziert werden, es ist sogar m\u00f6glich, dass der Schmerz vollst\u00e4ndig verschwindet.<\/p>\n<p>Eine TCM-Behandlung ist ganzheitlich. Obwohl der Schmerz sich im Kopf befindet, ist die Behandlung keine lokale Symptombek\u00e4mpfung, sondern auf die gesamte k\u00f6rperliche Konstitution angepasst. Erst dann kann man die gew\u00fcnschte Heilung erzielen. <a href=\"https:\/\/sinomed.ch\/de\/traditionelle-chinesische-medizin\/behandlungsmethoden\/akupunktur\/\">Akupunktur<\/a> ist dabei die wichtigste Behandlungsmethode. Wichtig ist, je nach Diagnose: bei K\u00e4lte den K\u00f6rper (z.B. die Energien &amp; K\u00f6rpers\u00e4fte usw.) zu w\u00e4rmen, bei Hitze abzuk\u00fchlen, bei Schw\u00e4che zu tonisieren und die F\u00fclle abzuleiten. Neben <a href=\"https:\/\/sinomed.ch\/de\/traditionelle-chinesische-medizin\/behandlungsmethoden\/akupunktur\/\">Akupunktur<\/a> k\u00f6nnen Behandlungsmethoden wie Moxi\u00ad bustion (Beifusskraut), <a href=\"https:\/\/sinomed.ch\/de\/traditionelle-chinesische-medizin\/behandlungsmethoden\/schropfen\/\">Schr\u00f6pfen<\/a> und eine <a href=\"https:\/\/sinomed.ch\/de\/traditionelle-chinesische-medizin\/behandlungsmethoden\/kraeutertherapie\/\">Kr\u00e4utertherapie<\/a> die Behandlung sehr gut erg\u00e4nzen. In der Regel sind 10 Behandlungen notwendig, je nach Intensit\u00e4t und \u00ad Intervall der Schmerzen wird 1- bis 2-mal pro Woche behandelt. F\u00fcr jede Behandlung sollten Sie mindestens 60 Minuten einplanen.<\/p>\n<p>Beugen Sie Kopfschmerzen vor. Achten Sie auf eine gesunde, ausgewogene <a href=\"https:\/\/sinomed.ch\/de\/traditionelle-chinesische-medizin\/grundlagen\/ernaehrung-in-der-tcm-mit-nahrungsmittel-tabelle\/\">Ern\u00e4hrung <\/a>und ausreichend Schlaf. Verzichten Sie nach M\u00f6glichkeit auf S\u00fcsses, Kaffee und Wein. Kopf und Nacken vor Wind und N\u00e4sse sch\u00fctzen.<\/p>\n<p>F\u00fcr weitere Ausk\u00fcnfte oder eine Terminvereinbarung stehen wir Ihnen jederzeit gerne via\u00a0<a href=\"https:\/\/sinomed.ch\/de\/kontakt\/\" target=\"_blank\" rel=\"noopener noreferrer\">Kontaktformular<\/a>\u00a0oder Gratis-Hotline\u00a0<a href=\"tel:+41800753753\" target=\"_blank\" rel=\"noopener noreferrer\">0800 753 753<\/a>\u00a0zur Verf\u00fcgung.<\/p>\n<p><a href=\"https:\/\/sinomed.ch\/de\/patientenberichte\/fabrizia-sandrin-sprecher-migraene-mit-tcm\/\">Patientenbericht zum Thema Migr\u00e4ne<\/a><\/p>\n<img loading=\"lazy\" class=\"alignnone size-full wp-image-2788\" src=\"https:\/\/sinomed.ch\/de\/wp-content\/uploads\/2015\/10\/Sandrin_Sprecher_caption-1.jpg\" alt=\"\" width=\"300\" height=\"282\" srcset=\"https:\/\/sinomed.ch\/de\/wp-content\/uploads\/2015\/10\/Sandrin_Sprecher_caption-1.jpg 300w, https:\/\/sinomed.ch\/de\/wp-content\/uploads\/2015\/10\/Sandrin_Sprecher_caption-1-125x118.jpg 125w\" sizes=\"(max-width: 300px) 100vw, 300px\" \/>\n<p><a href=\"https:\/\/sinomed.ch\/de\/patientenberichte\/andreas-flach-chronische-muenzkopfschmerzen\/\">Patientenbericht zum Thema M\u00fcnzkopfschmerzen<\/a><\/p>\n<img loading=\"lazy\" class=\"alignnone size-full wp-image-8468\" src=\"https:\/\/sinomed.ch\/de\/wp-content\/uploads\/2021\/10\/Bild-Gespraech-Flach-Meier.jpg\" alt=\"\" width=\"614\" height=\"319\" srcset=\"https:\/\/sinomed.ch\/de\/wp-content\/uploads\/2021\/10\/Bild-Gespraech-Flach-Meier.jpg 614w, https:\/\/sinomed.ch\/de\/wp-content\/uploads\/2021\/10\/Bild-Gespraech-Flach-Meier-300x156.jpg 300w, https:\/\/sinomed.ch\/de\/wp-content\/uploads\/2021\/10\/Bild-Gespraech-Flach-Meier-125x65.jpg 125w, https:\/\/sinomed.ch\/de\/wp-content\/uploads\/2021\/10\/Bild-Gespraech-Flach-Meier-350x182.jpg 350w\" sizes=\"(max-width: 614px) 100vw, 614px\" \/>\n","protected":false},"excerpt":{"rendered":"<p>Beschwerden wie Kopfschmerzen und Migr\u00e4ne sind chronische, neurologisch bedingte Gef\u00e4sserkrankungen, die im klinischen Alltag sehr h\u00e4ufig vorkommen. Wegen langfristigen und wiederholten Schmerzen leiden viele Patienten unter andauernder M\u00fcdigkeit, Abgeschlagenheit bis hin zur Depression. Dies hat eine gravierende Auswirkung auf die Arbeit und die Lebensqualit\u00e4t. Bei den meisten Patienten beginnen die Kopfschmerzen bereits im Kindes- bzw&#8230;.  <a class=\"excerpt-read-more\" href=\"https:\/\/sinomed.ch\/de\/tcm-behandlung-bei-kopfschmerzen-und-migraene\/\" title=\"Read TCM-Behandlung bei Kopfschmerzen und Migr\u00e4ne\">Weiterlesen &raquo;<\/a><\/p>\n","protected":false},"author":1,"featured_media":0,"parent":0,"menu_order":4,"comment_status":"closed","ping_status":"closed","template":"","meta":[],"_links":{"self":[{"href":"https:\/\/sinomed.ch\/de\/wp-json\/wp\/v2\/pages\/6288"}],"collection":[{"href":"https:\/\/sinomed.ch\/de\/wp-json\/wp\/v2\/pages"}],"about":[{"href":"https:\/\/sinomed.ch\/de\/wp-json\/wp\/v2\/types\/page"}],"author":[{"embeddable":true,"href":"https:\/\/sinomed.ch\/de\/wp-json\/wp\/v2\/users\/1"}],"replies":[{"embeddable":true,"href":"https:\/\/sinomed.ch\/de\/wp-json\/wp\/v2\/comments?post=6288"}],"version-history":[{"count":24,"href":"https:\/\/sinomed.ch\/de\/wp-json\/wp\/v2\/pages\/6288\/revisions"}],"predecessor-version":[{"id":15161,"href":"https:\/\/sinomed.ch\/de\/wp-json\/wp\/v2\/pages\/6288\/revisions\/15161"}],"wp:attachment":[{"href":"https:\/\/sinomed.ch\/de\/wp-json\/wp\/v2\/media?parent=6288"}],"curies":[{"name":"wp","href":"https:\/\/api.w.org\/{rel}","templated":true}]}}