
















{"id":64,"date":"2014-04-11T00:43:10","date_gmt":"2014-04-11T00:43:10","guid":{"rendered":"http:\/\/sinomed.ch\/de\/?page_id=64"},"modified":"2025-09-22T08:54:30","modified_gmt":"2025-09-22T07:54:30","slug":"akupunktur","status":"publish","type":"page","link":"https:\/\/sinomed.ch\/de\/traditionelle-chinesische-medizin\/behandlungsmethoden\/akupunktur\/","title":{"rendered":"Akupunktur"},"content":{"rendered":"<img loading=\"lazy\" class=\"alignleft size-full wp-image-413\" src=\"https:\/\/sinomed.ch\/de\/wp-content\/uploads\/2014\/04\/Nadel_Hand_Akupunktur.jpg\" alt=\"Nadel_Hand_Akupunktur\" width=\"200\" height=\"300\" srcset=\"https:\/\/sinomed.ch\/de\/wp-content\/uploads\/2014\/04\/Nadel_Hand_Akupunktur.jpg 200w, https:\/\/sinomed.ch\/de\/wp-content\/uploads\/2014\/04\/Nadel_Hand_Akupunktur-83x125.jpg 83w\" sizes=\"(max-width: 200px) 100vw, 200px\" \/>\n<p>Die Behandlung mit Akupunkturnadeln ist die im Westen wohl bekannteste Methode der chinesischen Medizin. Bei der Akupunktur wird \u00fcber genau definierte Akupunkturpunkte an rund 360 Stellen des K\u00f6rpers Einfluss auf bestimmte Organe genommen. Die Akupunkturbehandlung regt den Fluss des Qi entweder an sie d\u00e4mpft ihn &#8211; je nach Krankheitsbild. Dabei werden speziell d\u00fcnne, sterile Einwegnadeln aus Edelstahl verwendet. Eine Behandlung dauert in der Regel 45-60 Minuten.<\/p>\n<p>Hauptanwendungsgebiet: Stabilisieren des Organismus, Lindern von Schmerzen, Heilen von Krankheiten, St\u00e4rken des Immunsystems. Eine \u00dcbersicht der Erkrankungen, die gem\u00e4ss WHO (Welt-Gesundheits-Organisation) mit Akupunktur behandelt werden k\u00f6nnen, finden Sie unter <a href=\"https:\/\/sinomed.ch\/de\/traditionelle-chinesische-medizin\/behandlungsgebiete\/who-liste-akupunktur\/\">WHO-Liste Akupunktur<\/a>.<\/p>\n<p>F\u00fcr weitere Ausk\u00fcnfte oder eine Terminvereinbarung stehen wir Ihnen jederzeit gerne via\u00a0<a href=\"https:\/\/sinomed.ch\/de\/kontakt\/\" target=\"_blank\" rel=\"noopener noreferrer\">Kontaktformular<\/a>\u00a0oder Gratis-Hotline\u00a0<a href=\"tel:+41800753753\" target=\"_blank\" rel=\"noopener noreferrer\">0800 753 753<\/a>\u00a0zur Verf\u00fcgung.<\/p>\n<p><iframe loading=\"lazy\" src=\"https:\/\/www.youtube.com\/embed\/2BtxF_rwiSM?rel=0&amp;showinfo=0\" width=\"714\" height=\"402\" frameborder=\"0\" allowfullscreen=\"allowfullscreen\"><\/iframe><\/p>\n","protected":false},"excerpt":{"rendered":"<p>Die Behandlung mit Akupunkturnadeln ist die im Westen wohl bekannteste Methode der chinesischen Medizin. Bei der Akupunktur wird \u00fcber genau definierte Akupunkturpunkte an rund 360 Stellen des K\u00f6rpers Einfluss auf bestimmte Organe genommen. Die Akupunkturbehandlung regt den Fluss des Qi entweder an sie d\u00e4mpft ihn &#8211; je nach Krankheitsbild. Dabei werden speziell d\u00fcnne, sterile Einwegnadeln&#8230;  <a class=\"excerpt-read-more\" href=\"https:\/\/sinomed.ch\/de\/traditionelle-chinesische-medizin\/behandlungsmethoden\/akupunktur\/\" title=\"Read Akupunktur\">Weiterlesen &raquo;<\/a><\/p>\n","protected":false},"author":1,"featured_media":0,"parent":63,"menu_order":49,"comment_status":"open","ping_status":"open","template":"","meta":[],"_links":{"self":[{"href":"https:\/\/sinomed.ch\/de\/wp-json\/wp\/v2\/pages\/64"}],"collection":[{"href":"https:\/\/sinomed.ch\/de\/wp-json\/wp\/v2\/pages"}],"about":[{"href":"https:\/\/sinomed.ch\/de\/wp-json\/wp\/v2\/types\/page"}],"author":[{"embeddable":true,"href":"https:\/\/sinomed.ch\/de\/wp-json\/wp\/v2\/users\/1"}],"replies":[{"embeddable":true,"href":"https:\/\/sinomed.ch\/de\/wp-json\/wp\/v2\/comments?post=64"}],"version-history":[{"count":6,"href":"https:\/\/sinomed.ch\/de\/wp-json\/wp\/v2\/pages\/64\/revisions"}],"predecessor-version":[{"id":15145,"href":"https:\/\/sinomed.ch\/de\/wp-json\/wp\/v2\/pages\/64\/revisions\/15145"}],"up":[{"embeddable":true,"href":"https:\/\/sinomed.ch\/de\/wp-json\/wp\/v2\/pages\/63"}],"wp:attachment":[{"href":"https:\/\/sinomed.ch\/de\/wp-json\/wp\/v2\/media?parent=64"}],"curies":[{"name":"wp","href":"https:\/\/api.w.org\/{rel}","templated":true}]}}