
















{"id":6431,"date":"2019-12-18T04:03:25","date_gmt":"2019-12-18T03:03:25","guid":{"rendered":"https:\/\/sinomed.ch\/de\/?page_id=6431"},"modified":"2025-09-22T09:23:40","modified_gmt":"2025-09-22T08:23:40","slug":"behandlung-der-psoriasis-mit-chinesischer-medizin","status":"publish","type":"page","link":"https:\/\/sinomed.ch\/de\/traditionelle-chinesische-medizin\/behandlungsgebiete\/behandlung-der-psoriasis-mit-chinesischer-medizin\/","title":{"rendered":"Behandlung der Psoriasis mit chinesischer Medizin"},"content":{"rendered":"<img loading=\"lazy\" class=\"alignleft wp-image-6432\" src=\"https:\/\/sinomed.ch\/de\/wp-content\/uploads\/2019\/12\/Psoriasis-300x289.jpg\" alt=\"\" width=\"340\" height=\"327\" srcset=\"https:\/\/sinomed.ch\/de\/wp-content\/uploads\/2019\/12\/Psoriasis-300x289.jpg 300w, https:\/\/sinomed.ch\/de\/wp-content\/uploads\/2019\/12\/Psoriasis-125x120.jpg 125w, https:\/\/sinomed.ch\/de\/wp-content\/uploads\/2019\/12\/Psoriasis-768x739.jpg 768w, https:\/\/sinomed.ch\/de\/wp-content\/uploads\/2019\/12\/Psoriasis-350x337.jpg 350w, https:\/\/sinomed.ch\/de\/wp-content\/uploads\/2019\/12\/Psoriasis-714x687.jpg 714w, https:\/\/sinomed.ch\/de\/wp-content\/uploads\/2019\/12\/Psoriasis.jpg 935w\" sizes=\"(max-width: 340px) 100vw, 340px\" \/>\n<p>Psoriasis ist eine h\u00e4ufig auftretende, chronisch entz\u00fcnd\u00adliche\u00a0Hautkrankheit. Die klassischen Symptome sind rote Papeln\u00a0oder Plaques, also entz\u00fcndlich ger\u00f6tete Hautstellen, die mit\u00a0mehreren Schichten silberwei\u00dfer Schuppen bedeckt sind.\u00a0Der Ausschlag erstreckt sich \u00fcber Arme &amp; Beine, h\u00e4ufig\u00a0sind auch die Kopfhaut, der R\u00fccken und teilweise sogar der\u00a0ganze K\u00f6rper betroffen.<\/p>\n<p>Psoriasis ist eine der am schwierigsten zu behandelnd\u00aden\u00a0Krankheiten der Welt. Durch die Einnahme von Medikamenten\u00a0oder Behandlung mit pflegenden Salben und Lichttherapie\u00a0k\u00f6nnen die Beschwerden nur bedingt gelindert\u00a0werden. Eine Therapie mit Biologika, therapeutisch wirkende\u00a0Proteine oder Molek\u00fcle, die in Zellkulturen hergestellt\u00a0werden, f\u00fchrt zu einer guten und schnellen Linderung, kann\u00a0die Psoriasis aber nicht nachhaltig heilen. Patienten m\u00fcssen in der Folge ein Leben lang mit diesen teuren Medikamenten behandelt werden \u2013 teilweise mit erheblichen Nebenwirkungen.<\/p>\n<p>In der Schulmedizin gelten bestimmte Ausl\u00f6ser wie Stress, Infekte und mechanische Reize auf die Haut als die Ursache von Psoriasis. Ebenfalls spielt die genetische Veranlagung eine ganz entscheidende Rolle. Behandlung der Psoriasis mit chinesischer Medizin Beschwerden<\/p>\n<p>Aus Sicht der traditionellen chinesischen Medizin (TCM) gibt es 2 wesentliche Hauptursachen f\u00fcr Psoriasis:<\/p>\n<p><strong>1. klimatische Faktoren<\/strong><br \/>\nWind, K\u00e4lte, Hitze, N\u00e4sse, Trockenheit gelten als \u00e4ussere Krankheitsursachen. Diese Faktoren spielen aber in der TCM vor allem dann eine wichtige Rolle, wenn sie langanhaltend oder in unverh\u00e4ltnism\u00e4ssiger Heftigkeit auf den K\u00f6rper wirken (z.Bsp. bei einem starken Temperatursturz).<\/p>\n<p><strong>2. emotionale St\u00f6rungen<\/strong><br \/>\nGr\u00fcnde f\u00fcr eine emotionale St\u00f6rung sind in vielen F\u00e4llen im n\u00e4heren Umfeld des Betroffenen zu finden. Leistungsdruck, zu viele Einfl\u00fcsse von der Umwelt (Reize), die schwer verarbeitbar sind, Stress im Alltag und der fehlende Ausgleich (z.Bsp. in der Natur\/Ruhe) sind h\u00e4ufig Ausl\u00f6ser f\u00fcr die Entwicklung einer emotionalen St\u00f6rung. Aus Sicht der TCM gelten vor allem Emotionen wie Zorn, Trauer, Angst und Stress als innere Ursachen einer Krankheit. Weil K\u00f6rper und Geist in der TCM eine Einheit bilden, k\u00f6nnen solche Emotionen, die \u00fcber eine l\u00e4ngere Zeit einwirken auf den K\u00f6rper, eine Stagnation des Qi, der Lebensenergie, bewirken.<\/p>\n<p>Diese 2 Faktoren gelten als Verursacher einer Disharmonie von Milz- und Magen-Energie, die allerdings auch genetisch angeboren sein kann. Aus dieser Disharmonie entsteht eine f\u00fcr den K\u00f6rper \u00abgiftigen Hitze\u00bb. Diese Hitze verstopft die Meridianbahnen. Die Lebensenergie \u00abQi\u00bb kann in der Folge nicht ungehindert fliessen, was ein guter N\u00e4hrboden f\u00fcr die Psoriasis darstellen kann.<\/p>\n<p>Die TCM unterteilt Psoriasis in 3 Typen:<\/p>\n<p><strong>1. Bluthitze<\/strong><br \/>\nBeim Typ Bluthitze befindet sich die Krankheit meistens noch im Anfangsstadium. Der Ausschlag ist in der Regel tropfenf\u00f6rmig und zeigt sich in einer leuchtend roten Farbe. Es bilden sich immer wieder neue schuppige und juckende Ausschl\u00e4ge.<\/p>\n<p><strong>Pulsdiagnose<\/strong>: saitenf\u00f6rmiger Puls<br \/>\n<strong>Zungendiagnose<\/strong>: rote Zunge mit gelbem Zungenbelag<br \/>\n<strong>Behandlungsprinzip<\/strong>: Hitze senken und Blut abk\u00fchlen<\/p>\n<p><strong>2. Blutstagnation<\/strong><br \/>\nBeim Typ Blutstagnation haben Patienten oft einen l\u00e4ngeren Krankheitsverlauf, die Symptome stagnieren, es sind keine grossen Ver\u00e4nderungen erkennbar. Der Ausschlag zeigt dunkelrote Plaque mit dicken, silbrig-weissen Schuppen. Es treten nur wenige neue Hautausschl\u00e4ge auf, daf\u00fcr ist der Juckreiz deutlich verst\u00e4rkt.<\/p>\n<p><strong>Pulsdiagnose<\/strong>: rauer und saitenf\u00f6rmiger Puls<br \/>\n<strong>Zungendiagnose<\/strong>: dunkelviolette Zunge<br \/>\n<strong>Behandlungsprinzip<\/strong>: Blut beleben und Stagnation l\u00f6sen<\/p>\n<p><strong>3. Blutd\u00fcrre<\/strong><br \/>\nBeim Typ Blutd\u00fcrre ist die Krankheit zwar in chronischem Zustand, die Symptome sind aber nicht so offensichtlich. Die entz\u00fcndliche R\u00f6tung der Haut l\u00e4sst allm\u00e4hlich nach, Schuppenbildung und Juckreiz sind reduziert.<\/p>\n<p><strong>Pulsdiagnose<\/strong>: d\u00fcnner und saitenf\u00f6rmiger Puls<br \/>\n<strong>Zungendiagnose<\/strong>: rote Zunge mit wenig Zungenbelag<br \/>\n<strong>Behandlungsprinzip<\/strong>: Blut n\u00e4hren und befeuchten, Qi st\u00e4rken und Yin tonisieren.<\/p>\n<p>In der chinesischen Medizin gibt es verschiedene Methoden, um Psoriasis zu behandeln. Die Kombination von <a href=\"https:\/\/sinomed.ch\/de\/traditionelle-chinesische-medizin\/behandlungsmethoden\/akupunktur\/\">Akupunktur <\/a>mit <a href=\"https:\/\/sinomed.ch\/de\/traditionelle-chinesische-medizin\/behandlungsmethoden\/kraeutertherapie\/\">Kr\u00e4utertherapie <\/a>(zur Einnahme oder als Bad) ist die am meisten angewandte und effektivste Behandlung. Bei korrekter Abstimmung des Therapiekonzepts verringert sich der Ausschlag nicht nur schrittweise, sondern kehrt am Ende der Behandlung nachhaltig nicht wieder zur\u00fcck.<\/p>\n<p>Je nach Psoriasis-Typ werden von den rund 360 Akupunkturpunkten, die \u00fcber den ganzen K\u00f6rper verteilt sind, spezifische Punkte ausgew\u00e4hlt zur Behandlung. Wichtig: die Behandlung von Psoriasis mit TCM braucht mehr Geduld als eine Behandlung mit Schulmedizin. In der Regel zeigt sich eine sicht- und sp\u00fcrbare Besserung der Beschwerden nach 6 Wochen Behandlungszeit.<\/p>\n<p>F\u00fcr weitere Ausk\u00fcnfte oder eine Terminvereinbarung stehen wir Ihnen jederzeit gerne via\u00a0<a href=\"https:\/\/sinomed.ch\/de\/kontakt\/\" target=\"_blank\" rel=\"noopener noreferrer\">Kontaktformular<\/a>\u00a0oder Gratis-Hotline\u00a0<a href=\"tel:+41800753753\" target=\"_blank\" rel=\"noopener noreferrer\">0800 753 753<\/a>\u00a0zur Verf\u00fcgung.<\/p>\n<p><a href=\"https:\/\/sinomed.ch\/de\/patientenberichte\/tomas-trcek-psoriasis\/\"><span style=\"color: #ff9900;\">Patientenbericht zum Thema Psoriasis<\/span><\/a><\/p>\n<a href=\"https:\/\/sinomed.ch\/de\/patientenberichte\/tomas-trcek-psoriasis\/\"><img loading=\"lazy\" class=\"alignnone size-medium wp-image-6415\" src=\"https:\/\/sinomed.ch\/de\/wp-content\/uploads\/2019\/12\/psoriasis-tcm-300x266.jpg\" alt=\"\" width=\"300\" height=\"266\" srcset=\"https:\/\/sinomed.ch\/de\/wp-content\/uploads\/2019\/12\/psoriasis-tcm-300x266.jpg 300w, https:\/\/sinomed.ch\/de\/wp-content\/uploads\/2019\/12\/psoriasis-tcm-125x111.jpg 125w, https:\/\/sinomed.ch\/de\/wp-content\/uploads\/2019\/12\/psoriasis-tcm-768x680.jpg 768w, https:\/\/sinomed.ch\/de\/wp-content\/uploads\/2019\/12\/psoriasis-tcm-350x310.jpg 350w, https:\/\/sinomed.ch\/de\/wp-content\/uploads\/2019\/12\/psoriasis-tcm-714x633.jpg 714w, https:\/\/sinomed.ch\/de\/wp-content\/uploads\/2019\/12\/psoriasis-tcm.jpg 955w\" sizes=\"(max-width: 300px) 100vw, 300px\" \/><\/a>\n","protected":false},"excerpt":{"rendered":"<p>Psoriasis ist eine h\u00e4ufig auftretende, chronisch entz\u00fcnd\u00adliche\u00a0Hautkrankheit. Die klassischen Symptome sind rote Papeln\u00a0oder Plaques, also entz\u00fcndlich ger\u00f6tete Hautstellen, die mit\u00a0mehreren Schichten silberwei\u00dfer Schuppen bedeckt sind.\u00a0Der Ausschlag erstreckt sich \u00fcber Arme &amp; Beine, h\u00e4ufig\u00a0sind auch die Kopfhaut, der R\u00fccken und teilweise sogar der\u00a0ganze K\u00f6rper betroffen. Psoriasis ist eine der am schwierigsten zu behandelnd\u00aden\u00a0Krankheiten der Welt. Durch&#8230;  <a class=\"excerpt-read-more\" href=\"https:\/\/sinomed.ch\/de\/traditionelle-chinesische-medizin\/behandlungsgebiete\/behandlung-der-psoriasis-mit-chinesischer-medizin\/\" title=\"Read Behandlung der Psoriasis mit chinesischer Medizin\">Weiterlesen &raquo;<\/a><\/p>\n","protected":false},"author":1,"featured_media":6432,"parent":339,"menu_order":29,"comment_status":"closed","ping_status":"closed","template":"","meta":[],"_links":{"self":[{"href":"https:\/\/sinomed.ch\/de\/wp-json\/wp\/v2\/pages\/6431"}],"collection":[{"href":"https:\/\/sinomed.ch\/de\/wp-json\/wp\/v2\/pages"}],"about":[{"href":"https:\/\/sinomed.ch\/de\/wp-json\/wp\/v2\/types\/page"}],"author":[{"embeddable":true,"href":"https:\/\/sinomed.ch\/de\/wp-json\/wp\/v2\/users\/1"}],"replies":[{"embeddable":true,"href":"https:\/\/sinomed.ch\/de\/wp-json\/wp\/v2\/comments?post=6431"}],"version-history":[{"count":21,"href":"https:\/\/sinomed.ch\/de\/wp-json\/wp\/v2\/pages\/6431\/revisions"}],"predecessor-version":[{"id":15167,"href":"https:\/\/sinomed.ch\/de\/wp-json\/wp\/v2\/pages\/6431\/revisions\/15167"}],"up":[{"embeddable":true,"href":"https:\/\/sinomed.ch\/de\/wp-json\/wp\/v2\/pages\/339"}],"wp:featuredmedia":[{"embeddable":true,"href":"https:\/\/sinomed.ch\/de\/wp-json\/wp\/v2\/media\/6432"}],"wp:attachment":[{"href":"https:\/\/sinomed.ch\/de\/wp-json\/wp\/v2\/media?parent=6431"}],"curies":[{"name":"wp","href":"https:\/\/api.w.org\/{rel}","templated":true}]}}