
















{"id":66,"date":"2014-04-11T00:45:33","date_gmt":"2014-04-11T00:45:33","guid":{"rendered":"http:\/\/sinomed.ch\/de\/?page_id=66"},"modified":"2025-09-22T08:56:52","modified_gmt":"2025-09-22T07:56:52","slug":"moxibustion","status":"publish","type":"page","link":"https:\/\/sinomed.ch\/de\/traditionelle-chinesische-medizin\/behandlungsmethoden\/moxibustion\/","title":{"rendered":"Moxibustion"},"content":{"rendered":"<img loading=\"lazy\" class=\"alignleft size-full wp-image-416\" src=\"https:\/\/sinomed.ch\/de\/wp-content\/uploads\/2014\/04\/Moxa_Fotolia_40728280_XL.jpg\" alt=\"Moxa_Fotolia_40728280_XL\" width=\"200\" height=\"300\" srcset=\"https:\/\/sinomed.ch\/de\/wp-content\/uploads\/2014\/04\/Moxa_Fotolia_40728280_XL.jpg 200w, https:\/\/sinomed.ch\/de\/wp-content\/uploads\/2014\/04\/Moxa_Fotolia_40728280_XL-83x125.jpg 83w\" sizes=\"(max-width: 200px) 100vw, 200px\" \/>\n<p>Liegt ein starker, krautiger Duft in der Luft, kommt bei Sinomed die Moxa-Anwendung zum Einsatz. Die Moxibustion &#8211; kurz \u201eMoxa\u201c &#8211; ist eine gezielte W\u00e4rmebehandlung der Akupunkturpunkte \u00fcber die Haut. Sie hilft, dem K\u00f6rper Energie und W\u00e4rme zuzuf\u00fchren. Der behandelnde Spezialist h\u00e4lt das Heilkraut \u201eBeifuss\u201c entweder mittels so genannter \u201eMoxa-Zigarren\u201c in die N\u00e4he des entsprechenden Akupunkturpunktes \u2013 oder er befestigt es als Watte auf Akupunkturnadeln. Beide Methoden haben das Ziel, Akupunkturpunkte zu erw\u00e4rmen und so auf den Fluss des Qi einzuwirken.<\/p>\n<p>Hauptanwendungsgebiet: Krankheiten mit Yin- (K\u00e4lte-) Charakter.<\/p>\n<p>F\u00fcr weitere Ausk\u00fcnfte oder eine Terminvereinbarung stehen wir Ihnen jederzeit gerne via\u00a0<a href=\"https:\/\/sinomed.ch\/de\/kontakt\/\" target=\"_blank\" rel=\"noopener noreferrer\">Kontaktformular<\/a>\u00a0oder Gratis-Hotline\u00a0<a href=\"tel:+41800753753\" target=\"_blank\" rel=\"noopener noreferrer\">0800 753 753<\/a>\u00a0zur Verf\u00fcgung.<\/p>\n<p><iframe loading=\"lazy\" src=\"https:\/\/www.youtube.com\/embed\/13BzlyfHwMI?rel=0&amp;showinfo=0\" width=\"714\" height=\"402\" frameborder=\"0\" allowfullscreen=\"allowfullscreen\"><\/iframe><\/p>\n","protected":false},"excerpt":{"rendered":"<p>Liegt ein starker, krautiger Duft in der Luft, kommt bei Sinomed die Moxa-Anwendung zum Einsatz. Die Moxibustion &#8211; kurz \u201eMoxa\u201c &#8211; ist eine gezielte W\u00e4rmebehandlung der Akupunkturpunkte \u00fcber die Haut. Sie hilft, dem K\u00f6rper Energie und W\u00e4rme zuzuf\u00fchren. Der behandelnde Spezialist h\u00e4lt das Heilkraut \u201eBeifuss\u201c entweder mittels so genannter \u201eMoxa-Zigarren\u201c in die N\u00e4he des entsprechenden&#8230;  <a class=\"excerpt-read-more\" href=\"https:\/\/sinomed.ch\/de\/traditionelle-chinesische-medizin\/behandlungsmethoden\/moxibustion\/\" title=\"Read Moxibustion\">Weiterlesen &raquo;<\/a><\/p>\n","protected":false},"author":1,"featured_media":0,"parent":63,"menu_order":48,"comment_status":"open","ping_status":"open","template":"","meta":[],"_links":{"self":[{"href":"https:\/\/sinomed.ch\/de\/wp-json\/wp\/v2\/pages\/66"}],"collection":[{"href":"https:\/\/sinomed.ch\/de\/wp-json\/wp\/v2\/pages"}],"about":[{"href":"https:\/\/sinomed.ch\/de\/wp-json\/wp\/v2\/types\/page"}],"author":[{"embeddable":true,"href":"https:\/\/sinomed.ch\/de\/wp-json\/wp\/v2\/users\/1"}],"replies":[{"embeddable":true,"href":"https:\/\/sinomed.ch\/de\/wp-json\/wp\/v2\/comments?post=66"}],"version-history":[{"count":5,"href":"https:\/\/sinomed.ch\/de\/wp-json\/wp\/v2\/pages\/66\/revisions"}],"predecessor-version":[{"id":15149,"href":"https:\/\/sinomed.ch\/de\/wp-json\/wp\/v2\/pages\/66\/revisions\/15149"}],"up":[{"embeddable":true,"href":"https:\/\/sinomed.ch\/de\/wp-json\/wp\/v2\/pages\/63"}],"wp:attachment":[{"href":"https:\/\/sinomed.ch\/de\/wp-json\/wp\/v2\/media?parent=66"}],"curies":[{"name":"wp","href":"https:\/\/api.w.org\/{rel}","templated":true}]}}