
















{"id":68,"date":"2014-04-11T00:46:09","date_gmt":"2014-04-11T00:46:09","guid":{"rendered":"http:\/\/sinomed.ch\/de\/?page_id=68"},"modified":"2025-09-22T08:57:53","modified_gmt":"2025-09-22T07:57:53","slug":"tuina-massage","status":"publish","type":"page","link":"https:\/\/sinomed.ch\/de\/traditionelle-chinesische-medizin\/behandlungsmethoden\/tuina-massage\/","title":{"rendered":"Tuina-Massage"},"content":{"rendered":"<p><img loading=\"lazy\" class=\"alignleft size-full wp-image-418 dm-48\" src=\"https:\/\/sinomed.ch\/de\/wp-content\/uploads\/2014\/04\/Tuina_Fotolia_59887710_XL.jpg\" alt=\"Tuina_Fotolia_59887710_XL\" width=\"300\" height=\"200\" srcset=\"https:\/\/sinomed.ch\/de\/wp-content\/uploads\/2014\/04\/Tuina_Fotolia_59887710_XL.jpg 300w, https:\/\/sinomed.ch\/de\/wp-content\/uploads\/2014\/04\/Tuina_Fotolia_59887710_XL-125x83.jpg 125w\" sizes=\"(max-width: 300px) 100vw, 300px\" \/>Schieben und Greifen \u2013 so die w\u00f6rtliche \u00dcbersetzung von Tui-na. Diese Massage \u2013 Technik l\u00f6st nicht nur Verspannungen, sondern wirkt auch im K\u00f6rperinnern. Energieblockaden l\u00f6sen sich durch Stimulation der Energiepunkte auf den Meridianen, wobei Muskeln, Gelenke und Bindegewebe behandelt werden. Die Tuina-Massage unterst\u00fctzt die Blutzirkulation und den Fluss des Qi. Sie behandelt im Gegensatz zur Akupunktur nicht nur Akupunkturpunkte, sondern die gesamten Leitbahnen.<\/p>\n<p>Hauptanwendungsgebiet: Muskul\u00e4re Verspannungen, Beschwerden des Bewegungsapparates, Sportverletzungen.<\/p>\n<p>F\u00fcr weitere Ausk\u00fcnfte oder eine Terminvereinbarung stehen wir Ihnen jederzeit gerne via\u00a0<a href=\"https:\/\/sinomed.ch\/de\/kontakt\/\" target=\"_blank\" rel=\"noopener noreferrer\">Kontaktformular<\/a>\u00a0oder Gratis-Hotline\u00a0<a href=\"tel:+41800753753\" target=\"_blank\" rel=\"noopener noreferrer\">0800 753 753<\/a>\u00a0zur Verf\u00fcgung.<\/p>\n<p><iframe loading=\"lazy\" src=\"https:\/\/www.youtube.com\/embed\/8KYlpOq9WyA?rel=0&amp;showinfo=0\" width=\"714\" height=\"402\" frameborder=\"0\" allowfullscreen=\"allowfullscreen\"><\/iframe><\/p>\n","protected":false},"excerpt":{"rendered":"<p>Schieben und Greifen \u2013 so die w\u00f6rtliche \u00dcbersetzung von Tui-na. Diese Massage \u2013 Technik l\u00f6st nicht nur Verspannungen, sondern wirkt auch im K\u00f6rperinnern. Energieblockaden l\u00f6sen sich durch Stimulation der Energiepunkte auf den Meridianen, wobei Muskeln, Gelenke und Bindegewebe behandelt werden. Die Tuina-Massage unterst\u00fctzt die Blutzirkulation und den Fluss des Qi. Sie behandelt im Gegensatz zur&#8230;  <a class=\"excerpt-read-more\" href=\"https:\/\/sinomed.ch\/de\/traditionelle-chinesische-medizin\/behandlungsmethoden\/tuina-massage\/\" title=\"Read Tuina-Massage\">Weiterlesen &raquo;<\/a><\/p>\n","protected":false},"author":1,"featured_media":0,"parent":63,"menu_order":47,"comment_status":"open","ping_status":"open","template":"","meta":[],"_links":{"self":[{"href":"https:\/\/sinomed.ch\/de\/wp-json\/wp\/v2\/pages\/68"}],"collection":[{"href":"https:\/\/sinomed.ch\/de\/wp-json\/wp\/v2\/pages"}],"about":[{"href":"https:\/\/sinomed.ch\/de\/wp-json\/wp\/v2\/types\/page"}],"author":[{"embeddable":true,"href":"https:\/\/sinomed.ch\/de\/wp-json\/wp\/v2\/users\/1"}],"replies":[{"embeddable":true,"href":"https:\/\/sinomed.ch\/de\/wp-json\/wp\/v2\/comments?post=68"}],"version-history":[{"count":8,"href":"https:\/\/sinomed.ch\/de\/wp-json\/wp\/v2\/pages\/68\/revisions"}],"predecessor-version":[{"id":15151,"href":"https:\/\/sinomed.ch\/de\/wp-json\/wp\/v2\/pages\/68\/revisions\/15151"}],"up":[{"embeddable":true,"href":"https:\/\/sinomed.ch\/de\/wp-json\/wp\/v2\/pages\/63"}],"wp:attachment":[{"href":"https:\/\/sinomed.ch\/de\/wp-json\/wp\/v2\/media?parent=68"}],"curies":[{"name":"wp","href":"https:\/\/api.w.org\/{rel}","templated":true}]}}