
















{"id":69,"date":"2014-04-11T00:46:32","date_gmt":"2014-04-11T00:46:32","guid":{"rendered":"http:\/\/sinomed.ch\/de\/?page_id=69"},"modified":"2025-09-22T08:57:13","modified_gmt":"2025-09-22T07:57:13","slug":"schropfen","status":"publish","type":"page","link":"https:\/\/sinomed.ch\/de\/traditionelle-chinesische-medizin\/behandlungsmethoden\/schropfen\/","title":{"rendered":"Schr\u00f6pfen"},"content":{"rendered":"<img loading=\"lazy\" class=\"alignleft size-full wp-image-423 dm-128\" src=\"https:\/\/sinomed.ch\/de\/wp-content\/uploads\/2014\/04\/Schroepfen_Fotolia_36270478_L.jpg\" alt=\"Schroepfen_Fotolia_36270478_L\" width=\"300\" height=\"200\" srcset=\"https:\/\/sinomed.ch\/de\/wp-content\/uploads\/2014\/04\/Schroepfen_Fotolia_36270478_L.jpg 300w, https:\/\/sinomed.ch\/de\/wp-content\/uploads\/2014\/04\/Schroepfen_Fotolia_36270478_L-125x83.jpg 125w\" sizes=\"(max-width: 300px) 100vw, 300px\" \/>\n<p>Werden Glaskugeln mit einer Alkoholflamme erw\u00e4rmt und mit der \u00d6ffnung nach unten auf bestimmte K\u00f6rperstellen gesetzt, dann werden Sie geschr\u00f6pft! Schr\u00f6pfen ist eine uralte Methode zur Entschlackung des K\u00f6rpers. Durch das Abk\u00fchlen der Glaskugeln bildet sich im Innern des Gef\u00e4sses ein Vakuum, das die Haut \u201ean- und hochsaugt\u201c. Die Blutzirkulation wird angeregt. Bei entsprechenden Beschwerden wendet der Spezialist Schr\u00f6pfmassagen an. Dabei werden die Schr\u00f6pfkugeln (im Gegensatz zur traditionellen Schr\u00f6pfung, bei der die Gl\u00e4ser f\u00fcr eine gewisse Zeit an der gleichen Stelle belassen werden) langsam hin- und hergeschoben zur Steigerung der Durchblutung.<\/p>\n<p>Hauptanwendungsgebiet: Durchblutungssteigerung, Stoffwechselsteigerung, Lockerung von \u201everklebtem\u201c Gewebe, Schmerzlinderung.<\/p>\n<p>F\u00fcr weitere Ausk\u00fcnfte oder eine Terminvereinbarung stehen wir Ihnen jederzeit gerne via\u00a0<a href=\"https:\/\/sinomed.ch\/de\/kontakt\/\" target=\"_blank\" rel=\"noopener noreferrer\">Kontaktformular<\/a>\u00a0oder Gratis-Hotline\u00a0<a href=\"tel:+41800753753\" target=\"_blank\" rel=\"noopener noreferrer\">0800 753 753<\/a>\u00a0zur Verf\u00fcgung.<\/p>\n<p><iframe loading=\"lazy\" src=\"https:\/\/www.youtube.com\/embed\/VMzgtsyeDpI?rel=0&amp;showinfo=0\" width=\"714\" height=\"402\" frameborder=\"0\" allowfullscreen=\"allowfullscreen\"><\/iframe><\/p>\n","protected":false},"excerpt":{"rendered":"<p>Werden Glaskugeln mit einer Alkoholflamme erw\u00e4rmt und mit der \u00d6ffnung nach unten auf bestimmte K\u00f6rperstellen gesetzt, dann werden Sie geschr\u00f6pft! Schr\u00f6pfen ist eine uralte Methode zur Entschlackung des K\u00f6rpers. Durch das Abk\u00fchlen der Glaskugeln bildet sich im Innern des Gef\u00e4sses ein Vakuum, das die Haut \u201ean- und hochsaugt\u201c. Die Blutzirkulation wird angeregt. Bei entsprechenden Beschwerden&#8230;  <a class=\"excerpt-read-more\" href=\"https:\/\/sinomed.ch\/de\/traditionelle-chinesische-medizin\/behandlungsmethoden\/schropfen\/\" title=\"Read Schr\u00f6pfen\">Weiterlesen &raquo;<\/a><\/p>\n","protected":false},"author":1,"featured_media":0,"parent":63,"menu_order":46,"comment_status":"open","ping_status":"open","template":"","meta":[],"_links":{"self":[{"href":"https:\/\/sinomed.ch\/de\/wp-json\/wp\/v2\/pages\/69"}],"collection":[{"href":"https:\/\/sinomed.ch\/de\/wp-json\/wp\/v2\/pages"}],"about":[{"href":"https:\/\/sinomed.ch\/de\/wp-json\/wp\/v2\/types\/page"}],"author":[{"embeddable":true,"href":"https:\/\/sinomed.ch\/de\/wp-json\/wp\/v2\/users\/1"}],"replies":[{"embeddable":true,"href":"https:\/\/sinomed.ch\/de\/wp-json\/wp\/v2\/comments?post=69"}],"version-history":[{"count":9,"href":"https:\/\/sinomed.ch\/de\/wp-json\/wp\/v2\/pages\/69\/revisions"}],"predecessor-version":[{"id":15150,"href":"https:\/\/sinomed.ch\/de\/wp-json\/wp\/v2\/pages\/69\/revisions\/15150"}],"up":[{"embeddable":true,"href":"https:\/\/sinomed.ch\/de\/wp-json\/wp\/v2\/pages\/63"}],"wp:attachment":[{"href":"https:\/\/sinomed.ch\/de\/wp-json\/wp\/v2\/media?parent=69"}],"curies":[{"name":"wp","href":"https:\/\/api.w.org\/{rel}","templated":true}]}}