
















{"id":6952,"date":"2020-04-23T10:52:27","date_gmt":"2020-04-23T09:52:27","guid":{"rendered":"https:\/\/sinomed.ch\/de\/?page_id=6952"},"modified":"2025-09-22T09:19:53","modified_gmt":"2025-09-22T08:19:53","slug":"tcm-bei-krebserkrankungen","status":"publish","type":"page","link":"https:\/\/sinomed.ch\/de\/traditionelle-chinesische-medizin\/behandlungsgebiete\/tcm-bei-krebserkrankungen\/","title":{"rendered":"TCM bei Krebserkrankungen"},"content":{"rendered":"<img loading=\"lazy\" class=\"alignleft wp-image-393\" src=\"https:\/\/sinomed.ch\/de\/wp-content\/uploads\/2020\/04\/tcm-bei-krebserkankungen.png\" alt=\"magenschmerzen\" width=\"254\" height=\"250\" \/>\n<p>Die Traditionelle Chinesische Medizin (TCM) wird f\u00fcr ihre Jahrtausende alte Erfahrung gesch\u00e4tzt und ist im Gesundheitswesen in China nach wie vor stark etabliert. Ihre Popularit\u00e4t w\u00e4chst auch in der westlichen Gesellschaft seit vielen Jahren. Sie spielt eine wichtige Rolle in der Behandlung von Krebsleiden als unterst\u00fctzende Behandlungsform zur konventionellen Schulmedizin. Vermehrt fokussieren sich auch wissenschaftliche Forschungen auf die TCM-Behandlungsmethoden bei Krebsbehandlungen. Die Linderung der Toxizit\u00e4t nach Chemotherapien oder Radiotherapien, die Korrektur der Disbalance von Yin &amp; Yang, die ausgleichende Wirkung auf die psychische Verfassung und die allgemeine Stabilisierung des Gesundheitszustandes stehen in der TCM im Vordergrund. Dazu werden verschiedene Behandlungsformen angewandt wie die Akupunktur, Moxibustion (W\u00e4rmebehandlung der Akupunkturpunkte \u00fcber die Haut), Kr\u00e4utertherapie (zur Einnahme oder als Bad), Tuina \u2013 Massage (medizinische Massage) oder das Schr\u00f6pfen.<\/p>\n<p class=\"dm-30\"><strong>TCM kann bei Krebserkrankungen helfen:<\/strong><\/p>\n<ol>\n<li><strong>Linderung von Nebenwirkungen bei Chemo- und Radiotherapien <\/strong><br \/>\nTCM kann Nebenwirkungen von Chemo- oder Radiotherapien wie \u00dcbelkeit, Brechreiz &amp; erbrechen, M\u00fcdigkeit, periphere Neuropathie, Verstopfung oder Durchfall, Schlaflosigkeit, starkes Schwitzen oder Kopfschmerzen reduzieren. <strong>Behandlungsmethoden: Akupunktur in Kombinationen mit Kr\u00e4utermischungen<\/strong><\/li>\n<li><strong>Ausgleich von Yin &amp; Yang, St\u00e4rkung des Qi (Lebensenergie)<\/strong><br \/>\nPatienten mit Krebsleiden weisen in der Regel eine Disbalance von Yin und Yang auf. Das Qi, die Lebensenergie, und die Blutmenge sind reduziert, oft begleitet durch Schleim im System und\/oder einer Blutstase. Erfahrene TCM-Therapeuten k\u00f6nnen pathologische Ver\u00e4nderungen erkennen durch gezielte Fragestellungen im Puls- und Zungendiagnosegespr\u00e4ch sowie der Abtastung\/Betrachtung des Bauches und der Wirbels\u00e4ule. Das Diagnoseverfahren und Behandlungskonzept wird auf jeden Patienten individuell angepasst. Mit der Behandlung werden besserer Appetit, mehr Lebens-Energie, besserer Schlaf und somit eine St\u00e4rkung des Immunsystems sowie verringerte Schmerzen angestrebt. <strong>Behandlungsmethoden: Akupunktur, Kr\u00e4utertherapie, Moxibustion, Tuina-Massage, Schr\u00f6pfen<\/strong><\/li>\n<li><strong>St\u00e4rkung der Stimmung\/Psyche, Verringerung der Angstzust\u00e4nde<\/strong><br \/>\nViele Krebspatienten leiden neben den k\u00f6rperlichen Beschwerden an depressiven Verstimmungen\/Depressionen, Angst und negativen Gedanken. In der Theorie der TCM f\u00fchren oft schwache Organ-Energien oder eine Blockade von einzelnen Meridianen (Energiebahnen) zu einer Verschlechterung der psychischen Stimmung. Ihr TCM-Spezialist kann mittels Puls- und Zungendiagnose erkennen, welche Energien nicht frei fliessen und zu Unterversorgungen f\u00fchren. Mit entsprechender Behandlung wird der Energiehaushalt stabilisiert. Eine positive Einstellung und eine ausgeglichene Psyche sind wichtig im Kampf gegen das Krebsleiden und st\u00e4rken das Immunsystem. <strong>Behandlungsmethoden: Akupunktur, Kr\u00e4utertherapie, Moxibustion<\/strong><\/li>\n<\/ol>\n<p><strong>Fazit:<\/strong> Die TCM ist eine sinnvolle Erg\u00e4nzung der Schulmedizin zur Behandlung von Krebs, um auftretende Nebenwirkungen zu reduzieren. Die TCM-Behandlungsmethoden bek\u00e4mpfen den Krebs resp. die Krebszellen in der Regel nicht direkt, sondern unterst\u00fctzen die Patienten bei der St\u00e4rkung des Immunsystems und des mentalen Zustandes, um die intensive Zeit der Krebsbehandlung besser meistern zu k\u00f6nnen.<\/p>\n<p>F\u00fcr weitere Ausk\u00fcnfte oder eine Terminvereinbarung stehen wir Ihnen jederzeit gerne via\u00a0<a href=\"https:\/\/sinomed.ch\/de\/kontakt\/\" target=\"_blank\" rel=\"noopener noreferrer\">Kontaktformular<\/a>\u00a0oder Gratis-Hotline\u00a0<a href=\"tel:+41800753753\" target=\"_blank\" rel=\"noopener noreferrer\">0800 753 753<\/a>\u00a0zur Verf\u00fcgung.<\/p>\n","protected":false},"excerpt":{"rendered":"<p>Die Traditionelle Chinesische Medizin (TCM) wird f\u00fcr ihre Jahrtausende alte Erfahrung gesch\u00e4tzt und ist im Gesundheitswesen in China nach wie vor stark etabliert. Ihre Popularit\u00e4t w\u00e4chst auch in der westlichen Gesellschaft seit vielen Jahren. Sie spielt eine wichtige Rolle in der Behandlung von Krebsleiden als unterst\u00fctzende Behandlungsform zur konventionellen Schulmedizin. Vermehrt fokussieren sich auch wissenschaftliche&#8230;  <a class=\"excerpt-read-more\" href=\"https:\/\/sinomed.ch\/de\/traditionelle-chinesische-medizin\/behandlungsgebiete\/tcm-bei-krebserkrankungen\/\" title=\"Read TCM bei Krebserkrankungen\">Weiterlesen &raquo;<\/a><\/p>\n","protected":false},"author":1,"featured_media":7232,"parent":339,"menu_order":32,"comment_status":"closed","ping_status":"closed","template":"","meta":[],"_links":{"self":[{"href":"https:\/\/sinomed.ch\/de\/wp-json\/wp\/v2\/pages\/6952"}],"collection":[{"href":"https:\/\/sinomed.ch\/de\/wp-json\/wp\/v2\/pages"}],"about":[{"href":"https:\/\/sinomed.ch\/de\/wp-json\/wp\/v2\/types\/page"}],"author":[{"embeddable":true,"href":"https:\/\/sinomed.ch\/de\/wp-json\/wp\/v2\/users\/1"}],"replies":[{"embeddable":true,"href":"https:\/\/sinomed.ch\/de\/wp-json\/wp\/v2\/comments?post=6952"}],"version-history":[{"count":10,"href":"https:\/\/sinomed.ch\/de\/wp-json\/wp\/v2\/pages\/6952\/revisions"}],"predecessor-version":[{"id":15162,"href":"https:\/\/sinomed.ch\/de\/wp-json\/wp\/v2\/pages\/6952\/revisions\/15162"}],"up":[{"embeddable":true,"href":"https:\/\/sinomed.ch\/de\/wp-json\/wp\/v2\/pages\/339"}],"wp:featuredmedia":[{"embeddable":true,"href":"https:\/\/sinomed.ch\/de\/wp-json\/wp\/v2\/media\/7232"}],"wp:attachment":[{"href":"https:\/\/sinomed.ch\/de\/wp-json\/wp\/v2\/media?parent=6952"}],"curies":[{"name":"wp","href":"https:\/\/api.w.org\/{rel}","templated":true}]}}