
















{"id":70,"date":"2014-04-11T00:49:26","date_gmt":"2014-04-11T00:49:26","guid":{"rendered":"http:\/\/sinomed.ch\/de\/?page_id=70"},"modified":"2025-09-22T08:55:46","modified_gmt":"2025-09-22T07:55:46","slug":"kraeutertherapie","status":"publish","type":"page","link":"https:\/\/sinomed.ch\/de\/traditionelle-chinesische-medizin\/behandlungsmethoden\/kraeutertherapie\/","title":{"rendered":"Kr\u00e4utertherapie"},"content":{"rendered":"<p><img loading=\"lazy\" class=\"alignleft size-full wp-image-425 dm-36\" src=\"https:\/\/sinomed.ch\/de\/wp-content\/uploads\/2014\/04\/Kraeutertherapie.jpg\" alt=\"Kraeutertherapie\" width=\"300\" height=\"200\" srcset=\"https:\/\/sinomed.ch\/de\/wp-content\/uploads\/2014\/04\/Kraeutertherapie.jpg 300w, https:\/\/sinomed.ch\/de\/wp-content\/uploads\/2014\/04\/Kraeutertherapie-125x83.jpg 125w\" sizes=\"(max-width: 300px) 100vw, 300px\" \/>Die Therapie mit Naturheilmitteln spielt in der chinesischen Medizin eine bedeutende Rolle. Die Naturheilkunde basiert auf einer uralten Philosophie, und greift auf eine lange Erfahrung zur\u00fcck. Zudem kann sie beachtliche Heilerfolge vorweisen. Patienten der Sinomed erhalten nach einem ausf\u00fchrlichen Diagnose-Gespr\u00e4ch von Ihrem TCM-Spezialisten ein auf sie abgestimmtes Rezept aus Heilkr\u00e4utern. \u00dcblicherweise enth\u00e4lt eine Mischung zwischen 8 und 15 verschiedene Kr\u00e4uter und\/oder Mineralien*. Die meisten Rezepturen bestehen aus konzentrierten Extrakten, so genannten Granulaten. Als Alternative k\u00f6nnen auch Tabletten oder Dekokte bezogen werden. Alle bei Sinomed verschriebenen Mittel werden in der Schweiz nach strengsten Kriterien auf Reinheit und Identit\u00e4t gepr\u00fcft.<\/p>\n<p>*Auf Anraten des TCM-Spezialisten <strong>\u2013 aber immer in R\u00fccksprache mit dem Patienten \u2013<\/strong> k\u00f6nnen gegebenenfalls auch Wirkstoffe tierischer Herkunft den Kr\u00e4utern beigemischt werden, wenn damit den Beschwerden besser entgegen gewirkt werden kann. Sinomed verwendet aus ethischen Gr\u00fcnden keine Inhaltsstoffe von gesch\u00fctzten Tierarten.<\/p>\n<p>Hauptanwendungsgebiet: Harmonisierung von K\u00f6rper und Seele, Herstellung Gleichgewicht von Yin und Yang.<\/p>\n<p>F\u00fcr weitere Ausk\u00fcnfte oder eine Terminvereinbarung stehen wir Ihnen jederzeit gerne via\u00a0<a href=\"https:\/\/sinomed.ch\/de\/kontakt\/\" target=\"_blank\" rel=\"noopener noreferrer\">Kontaktformular<\/a>\u00a0oder Gratis-Hotline\u00a0<a href=\"tel:+41800753753\" target=\"_blank\" rel=\"noopener noreferrer\">0800 753 753<\/a>\u00a0zur Verf\u00fcgung.<\/p>\n<p><iframe loading=\"lazy\" src=\"https:\/\/www.youtube.com\/embed\/bCsIvRchV1Y?rel=0&amp;showinfo=0\" width=\"714\" height=\"402\" frameborder=\"0\" allowfullscreen=\"allowfullscreen\"><\/iframe><\/p>\n","protected":false},"excerpt":{"rendered":"<p>Die Therapie mit Naturheilmitteln spielt in der chinesischen Medizin eine bedeutende Rolle. Die Naturheilkunde basiert auf einer uralten Philosophie, und greift auf eine lange Erfahrung zur\u00fcck. Zudem kann sie beachtliche Heilerfolge vorweisen. Patienten der Sinomed erhalten nach einem ausf\u00fchrlichen Diagnose-Gespr\u00e4ch von Ihrem TCM-Spezialisten ein auf sie abgestimmtes Rezept aus Heilkr\u00e4utern. \u00dcblicherweise enth\u00e4lt eine Mischung zwischen&#8230;  <a class=\"excerpt-read-more\" href=\"https:\/\/sinomed.ch\/de\/traditionelle-chinesische-medizin\/behandlungsmethoden\/kraeutertherapie\/\" title=\"Read Kr\u00e4utertherapie\">Weiterlesen &raquo;<\/a><\/p>\n","protected":false},"author":1,"featured_media":0,"parent":63,"menu_order":45,"comment_status":"open","ping_status":"open","template":"","meta":[],"_links":{"self":[{"href":"https:\/\/sinomed.ch\/de\/wp-json\/wp\/v2\/pages\/70"}],"collection":[{"href":"https:\/\/sinomed.ch\/de\/wp-json\/wp\/v2\/pages"}],"about":[{"href":"https:\/\/sinomed.ch\/de\/wp-json\/wp\/v2\/types\/page"}],"author":[{"embeddable":true,"href":"https:\/\/sinomed.ch\/de\/wp-json\/wp\/v2\/users\/1"}],"replies":[{"embeddable":true,"href":"https:\/\/sinomed.ch\/de\/wp-json\/wp\/v2\/comments?post=70"}],"version-history":[{"count":6,"href":"https:\/\/sinomed.ch\/de\/wp-json\/wp\/v2\/pages\/70\/revisions"}],"predecessor-version":[{"id":15147,"href":"https:\/\/sinomed.ch\/de\/wp-json\/wp\/v2\/pages\/70\/revisions\/15147"}],"up":[{"embeddable":true,"href":"https:\/\/sinomed.ch\/de\/wp-json\/wp\/v2\/pages\/63"}],"wp:attachment":[{"href":"https:\/\/sinomed.ch\/de\/wp-json\/wp\/v2\/media?parent=70"}],"curies":[{"name":"wp","href":"https:\/\/api.w.org\/{rel}","templated":true}]}}