
















{"id":7228,"date":"2020-07-09T15:14:45","date_gmt":"2020-07-09T14:14:45","guid":{"rendered":"https:\/\/sinomed.ch\/de\/?page_id=7228"},"modified":"2025-09-22T09:09:23","modified_gmt":"2025-09-22T08:09:23","slug":"praevention-behandlung-von-grippe-mit-tcm","status":"publish","type":"page","link":"https:\/\/sinomed.ch\/de\/traditionelle-chinesische-medizin\/behandlungsgebiete\/praevention-behandlung-von-grippe-mit-tcm\/","title":{"rendered":"Pr\u00e4vention &#038; Behandlung von Grippe mit TCM"},"content":{"rendered":"<img loading=\"lazy\" class=\"wp-image-7232 size-medium alignleft\" src=\"https:\/\/sinomed.ch\/de\/wp-content\/uploads\/2020\/07\/Grippe_Beschwerdeflye-300x283.jpg\" alt=\"\" width=\"300\" height=\"283\" srcset=\"https:\/\/sinomed.ch\/de\/wp-content\/uploads\/2020\/07\/Grippe_Beschwerdeflye-300x283.jpg 300w, https:\/\/sinomed.ch\/de\/wp-content\/uploads\/2020\/07\/Grippe_Beschwerdeflye-1024x965.jpg 1024w, https:\/\/sinomed.ch\/de\/wp-content\/uploads\/2020\/07\/Grippe_Beschwerdeflye-125x118.jpg 125w, https:\/\/sinomed.ch\/de\/wp-content\/uploads\/2020\/07\/Grippe_Beschwerdeflye-768x724.jpg 768w, https:\/\/sinomed.ch\/de\/wp-content\/uploads\/2020\/07\/Grippe_Beschwerdeflye-1536x1448.jpg 1536w, https:\/\/sinomed.ch\/de\/wp-content\/uploads\/2020\/07\/Grippe_Beschwerdeflye-2048x1931.jpg 2048w, https:\/\/sinomed.ch\/de\/wp-content\/uploads\/2020\/07\/Grippe_Beschwerdeflye-350x330.jpg 350w, https:\/\/sinomed.ch\/de\/wp-content\/uploads\/2020\/07\/Grippe_Beschwerdeflye-714x673.jpg 714w\" sizes=\"(max-width: 300px) 100vw, 300px\" \/>\n<p>Die westliche Medizin und die TCM unterscheiden sich massgeblich in der Betrachtung der Grippe. Erstere deklariert die Grippe als Virus, der sich via Schleimhaut im Mund- und Rachenraum Zutritt in den K\u00f6rper verschafft, allenfalls kombiniert mit einem bakteriellen Infekt.<\/p>\n<p>Gem\u00e4ss den Lehren der traditionellen chinesischen Medizin umgibt den Menschen eine Abwehrenergie, das so genannte \u00abWei-Qi\u00bb. Dieses wirkt wie ein Schutzschild. Wenn \u00e4ussere pathogene Verursacher (krankmachende Keime) diesen Schutzschild besch\u00e4digen und durchbrechen, nisten sie sich dort ein, wo der K\u00f6rper am wenigsten Widerstand leistet. Die TCM betrachtet die Grippe im Grundsatz als einen \u00abWindangriff\u00bb \u2013 und kennt verschiedene Qualit\u00e4ten von Winden (Hitze, Trockenheit, K\u00e4lte). Damit Winde in unseren K\u00f6rper eindringen k\u00f6nnen, brauchen sie aber gewisse Bedingungen, wie z.B. ein geschw\u00e4chter Organismus. Das Eindringen in den K\u00f6rper erfolgt, wie in der westlichen medizinischen Betrachtung, \u00fcber den Atemtrakt sowie zus\u00e4tzlich \u00fcber die Haut. Die Winde werden tendenziell im Herbst und Winter st\u00e4rker und belasten den K\u00f6rper \u00fcberdurchschnittlich.<\/p>\n<p>Das in der TCM wesentliche Organ zur Bek\u00e4mpfung der Grippe respektive zur Verhinderung des Eindringens der Grippe ist die Lunge. Die Lunge \u00fcbernimmt eine wichtige Rolle in der Verteilung der Lebensenergie \u00abQi\u00bb, vor allem in Bezug auf die Abwehr. Die TCM konzentriert sich also bei der Pr\u00e4vention vor der Grippe vor allem auf die St\u00e4rkung des \u00abLungen-Qi\u00bb. Abh\u00e4ngig davon, ob in Ihrem K\u00f6rper eine Wind-K\u00e4lte oder Wind-Hitze vorherrscht, wird ein individuelles Therapie-Konzept erstellt \u2013 und mit Heilkr\u00e4utern unterst\u00fctzt.<\/p>\n<p>Im Grundsatz unterscheidet man in der TCM zwischen Vorbeugung gegen Grippe und Behandlung der aktiven Grippe. Die Akupunktur kann zur Vorbeugung gegen Grippe das entsprechende Qi aktivieren und die Organenergien st\u00e4rken. Kombiniert wird die Akupunktur je nach energetischem Zustand des Patienten mit Kr\u00e4utern. Bei akuter Grippe \u2013 vor allem mit Fieber \u2013 wird teilweise auf die Behandlung durch Akupunktur verzichtet (Ausnahmen vorbehalten, je nach Zustand des Patienten kann auch bei aktiver Grippe behandelt werden*) und die Kr\u00e4utertherapie kann als Unterst\u00fctzung angewendet werden. Es gibt eine Vielzahl von Heilpflanzen, die eine antivirale Wirkung haben und sich gut eignen, einer Grippe vorzubeugen oder die bei aktiver Grippe gut wirksam sind. Wichtige Kr\u00e4uter in der TCM sind diesbez\u00fcglich z.B. Ginseng, Sonnenhut, Ingwer (Curcuma) und Jiaogulan.<\/p>\n<p>Eine hohe Anf\u00e4lligkeit auf Erk\u00e4ltungen und Grippe\/Infekte deutet auf eine mangelnde K\u00f6rperabwehrkraft hin und kann uns im Alltag massiv einschr\u00e4nken. Die TCM bietet Ihnen verschiedene M\u00f6glichkeiten, Ihren K\u00f6rper, Ihren Organismus und Ihr Immunsystem zu st\u00e4rken. Nach einem eingehenden Diagnose-Gespr\u00e4ch, kombiniert mit einer Puls- und Zungendiagnose, werden Ihnen unsere Therapeuten ein auf Sie zugeschnittenes Behandlungskonzept erstellen.<\/p>\n<p><strong>Corona-Virus<\/strong><\/p>\n<p>Auch in Bezug auf die Bek\u00e4mpfung des Corona-Virus spielt die St\u00e4rkung des Immunsystems eine wichtige Rolle. Die Einhaltung der allgemein bekannten Vorsorgemassnahmen \/ Weisungen des BAG kombiniert mit gen\u00fcgend Schlaf, ausreichender Bewegung an der frischen Luft und ausgewogener Ern\u00e4hrung sind eminent wichtig.<\/p>\n<p>Unser Lieferant f\u00fcr Kr\u00e4uter, die Firma Complemedis, hat in R\u00fccksprache mit seinen Kr\u00e4uterlieferanten aus China Vorschl\u00e4ge ausgearbeitet. Die Anregungen basieren auf den Erfahrungen aus fr\u00fcheren Epidemien mit anderen Coronaviren und auf Literatur, welche diesbez\u00fcglich Untersuchungen anstellte.<\/p>\n<p>Im Vordergrund d\u00fcrfte im Moment die Pr\u00e4vention stehen. Es handelt sich um zwei ausgewogene Basisrezepturen, die praktisch ungeachtet der pers\u00f6nlichen Konstitution und der momentanen Verfassung auf alle Individuen passen. Sie werden erg\u00e4nzt durch zwei Kr\u00e4uter mit bekannter antiviraler Wirkung. Die ganze Kombination dient der St\u00e4rkung der Immunsystems. Unseren Patientinnen und Patienten empfehlen wir diese Rezeptur zur Pr\u00e4vention. Detaillierte Angaben zur Einnahme, Dosierung, Dauer und Kosten der Kr\u00e4utertherapie werden Ihnen im Gespr\u00e4ch mit den Therapeuten erl\u00e4utert. Auch f\u00fcr den Akut-Fall gibt es Rezeptempfehlungen.<\/p>\n<p><strong>Wir m\u00f6chten ausdr\u00fccklich darauf hinweisen, dass alle Rezepturen, bei denen gem\u00e4ss TCM-Lehren eine antivirale Wirkung gegen Coronaviren vermutet werden darf, wissenschaftlich noch nicht erh\u00e4rtet sind.<\/strong><\/p>\n<p>Wie generell \u00fcblich und bekannt in der Medizin, ob westliche Schulmedizin oder Alternativmedizin \/ Komplement\u00e4rmedizin (z.B. TCM), besteht keine Heilgarantie. Sinomed setzt sich ein f\u00fcr eine faire und transparente Information. Wir sehen unsere Aufgabe in der Schaffung und Information von und \u00fcber Behandlungs- und Therapiem\u00f6glichkeiten. Bei Symptomen betreffend Coronavirus ist den Anweisungen und Vorschriften des BAG unbedingt Folge zu Leisten.<\/p>\n<p><em>PS: Die Sinomed-Gruppe pflegt ein vielseitiges Netzwerk an Spezialisten rund um Ihre Gesundheit. Selbstverst\u00e4ndlich gibt es neben der TCM weitere spannende M\u00f6glichkeiten, Ihren K\u00f6rper in der anspruchsvollen Grippezeit zu unterst\u00fctzen wie Probiotika, Vitamin-D-Pr\u00e4parate, Antioxidantien und weitere Naturheilmittel wie z.B. Vitalpilze. Unsere Partner-Apotheken und Drogerien beraten und unterst\u00fctzen Sie gerne. Mehr zu unseren Partnerschaften finden Sie unter www.sinomed.ch.<\/em><\/p>\n<p>F\u00fcr weitere Ausk\u00fcnfte oder eine Terminvereinbarung stehen wir Ihnen jederzeit gerne via\u00a0<a href=\"https:\/\/sinomed.ch\/de\/kontakt\/\" target=\"_blank\" rel=\"noopener noreferrer\">Kontaktformular<\/a>\u00a0oder Gratis-Hotline\u00a0<a href=\"tel:+41800753753\" target=\"_blank\" rel=\"noopener noreferrer\">0800 753 753<\/a>\u00a0zur Verf\u00fcgung.<\/p>\n<div id=\"gtx-trans\" style=\"position: absolute; left: 192px; top: 1550.43px;\">\n<div class=\"gtx-trans-icon\"><\/div>\n<\/div>\n","protected":false},"excerpt":{"rendered":"<p>Die westliche Medizin und die TCM unterscheiden sich massgeblich in der Betrachtung der Grippe. Erstere deklariert die Grippe als Virus, der sich via Schleimhaut im Mund- und Rachenraum Zutritt in den K\u00f6rper verschafft, allenfalls kombiniert mit einem bakteriellen Infekt. Gem\u00e4ss den Lehren der traditionellen chinesischen Medizin umgibt den Menschen eine Abwehrenergie, das so genannte \u00abWei-Qi\u00bb&#8230;.  <a class=\"excerpt-read-more\" href=\"https:\/\/sinomed.ch\/de\/traditionelle-chinesische-medizin\/behandlungsgebiete\/praevention-behandlung-von-grippe-mit-tcm\/\" title=\"Read Pr\u00e4vention &#038; Behandlung von Grippe mit TCM\">Weiterlesen &raquo;<\/a><\/p>\n","protected":false},"author":1,"featured_media":0,"parent":339,"menu_order":28,"comment_status":"closed","ping_status":"closed","template":"","meta":[],"_links":{"self":[{"href":"https:\/\/sinomed.ch\/de\/wp-json\/wp\/v2\/pages\/7228"}],"collection":[{"href":"https:\/\/sinomed.ch\/de\/wp-json\/wp\/v2\/pages"}],"about":[{"href":"https:\/\/sinomed.ch\/de\/wp-json\/wp\/v2\/types\/page"}],"author":[{"embeddable":true,"href":"https:\/\/sinomed.ch\/de\/wp-json\/wp\/v2\/users\/1"}],"replies":[{"embeddable":true,"href":"https:\/\/sinomed.ch\/de\/wp-json\/wp\/v2\/comments?post=7228"}],"version-history":[{"count":13,"href":"https:\/\/sinomed.ch\/de\/wp-json\/wp\/v2\/pages\/7228\/revisions"}],"predecessor-version":[{"id":15158,"href":"https:\/\/sinomed.ch\/de\/wp-json\/wp\/v2\/pages\/7228\/revisions\/15158"}],"up":[{"embeddable":true,"href":"https:\/\/sinomed.ch\/de\/wp-json\/wp\/v2\/pages\/339"}],"wp:attachment":[{"href":"https:\/\/sinomed.ch\/de\/wp-json\/wp\/v2\/media?parent=7228"}],"curies":[{"name":"wp","href":"https:\/\/api.w.org\/{rel}","templated":true}]}}