
















{"id":7308,"date":"2020-08-12T16:14:44","date_gmt":"2020-08-12T15:14:44","guid":{"rendered":"https:\/\/sinomed.ch\/de\/?page_id=7308"},"modified":"2025-09-22T09:00:28","modified_gmt":"2025-09-22T08:00:28","slug":"probleme-beim-wasserloesen-blasenentzuendung","status":"publish","type":"page","link":"https:\/\/sinomed.ch\/de\/traditionelle-chinesische-medizin\/behandlungsgebiete\/probleme-beim-wasserloesen-blasenentzuendung\/","title":{"rendered":"Blasenentz\u00fcndung \/ Probleme mit Wasserl\u00f6sen"},"content":{"rendered":"<p><img loading=\"lazy\" class=\"wp-image-7309 alignleft\" src=\"https:\/\/sinomed.ch\/de\/wp-content\/uploads\/2020\/08\/Flyer-Blasenentz\u00fcndung-und-Wasserlassen-pdf-1.jpg\" alt=\"\" width=\"288\" height=\"249\" srcset=\"https:\/\/sinomed.ch\/de\/wp-content\/uploads\/2020\/08\/Flyer-Blasenentz\u00fcndung-und-Wasserlassen-pdf-1.jpg 1022w, https:\/\/sinomed.ch\/de\/wp-content\/uploads\/2020\/08\/Flyer-Blasenentz\u00fcndung-und-Wasserlassen-pdf-1-300x260.jpg 300w, https:\/\/sinomed.ch\/de\/wp-content\/uploads\/2020\/08\/Flyer-Blasenentz\u00fcndung-und-Wasserlassen-pdf-1-125x108.jpg 125w, https:\/\/sinomed.ch\/de\/wp-content\/uploads\/2020\/08\/Flyer-Blasenentz\u00fcndung-und-Wasserlassen-pdf-1-768x665.jpg 768w, https:\/\/sinomed.ch\/de\/wp-content\/uploads\/2020\/08\/Flyer-Blasenentz\u00fcndung-und-Wasserlassen-pdf-1-350x303.jpg 350w, https:\/\/sinomed.ch\/de\/wp-content\/uploads\/2020\/08\/Flyer-Blasenentz\u00fcndung-und-Wasserlassen-pdf-1-714x618.jpg 714w\" sizes=\"(max-width: 288px) 100vw, 288px\" \/>Statistisch betrachtet erkrankt jede zweite Frau mindestens einmal im Leben an einer Blasenentz\u00fcndung (Zystitis). Die Blasenentz\u00fcndung geh\u00f6rt somit in der Gesamtbetrachtung zu einer der h\u00e4ufigsten Infektionskrankheiten. Denn bei ca. 50% der betroffenen Patientinnen folgt im gleichen Jahr eine erneute Infektion. Auch chronische Krankheitsverl\u00e4ufe sind sehr h\u00e4ufig.<br \/>\nDiese Patienteninformation informiert aber nicht ausschliesslich zum Thema Blasenentz\u00fcndung, sondern betrachtet allgemein die Probleme rund ums Thema \u00abWasserlassen\u00bb. Diese sind in der Regel:<\/p>\n<p>\u2013 h\u00e4ufiges Wasserlassen in kleinen Mengen<br \/>\n\u2013 vermindertes Wasserlassen<br \/>\n\u2013 starker Harndrang<br \/>\n\u2013 Bauch- und Blasenschmerzen<br \/>\n\u2013 Harnwegsschmerzen<\/p>\n<p>Andere abnormale Ph\u00e4nomene wie n\u00e4chtliches Bettn\u00e4ssen und Nykturie (n\u00e4chtlicher Harndrang) beeintr\u00e4chtigen zudem auch den Schlaf. H\u00e4ufige Krankheitsformen, die zu Problemen beim<br \/>\nWasserlassen f\u00fchren, sind die akute oder chronische Blasenentz\u00fcndung, die Reizblase, Harnsteine sowie bei M\u00e4nnern Prostatitis (Entz\u00fcndung der Prostata) und Prostatavergr\u00f6sserung.<\/p>\n<p>In der Philosophie der traditionellen chinesischen Medizin (TCM) beruhen die Probleme beim Wasserlassen respektive die Ursache f\u00fcr oben genannte Krankheiten haupts\u00e4chlich auf \u2013 einem \u00abNieren-Qi-Mangel\u00bb (Qi = Energie) oder \u2013 Feuchtigkeit und Hitze in der Blase Bei Patienten mit einem Mangel an Nieren-Qi beginnen die Beschwerden meistens langsam und die Symptome sind eher mild, nehmen anschliessend aber oft einen chronischen Verlauf \u2013 und heilen nicht mehr vollst\u00e4ndig aus. Feuchtigkeit und Hitze in der Blase sind ein F\u00fclle-Hitze-Syndrom. Dieses ist durch einen akuten Beginn, starke Symptome und eine rasche Besserung nach der Behandlung gekennzeichnet.<\/p>\n<p>Durch Langzeitbeobachtungen unserer Therapeuten konnte festgestellt werden, dass bei chronischen Problemen beim Wasserlassen h\u00e4ufig wiederkehrende, chronische Blasenentz\u00fcndungen, Blasenreizungen und chronische Prostatitis sowie Prostatahypertrophie (Vergr\u00f6sserung der Prostata) vorkommen. Die Beschwerden k\u00f6nnen durch wiederholte Anwendung von Antibiotika und anderen Medikamenten oft nicht gelindert werden. In der TCM wird zur Behandlung dieser Beschwerden respektive Krankheiten die Akupunktur angewandt, im Bedarfsfall kombiniert mit chinesischen Kr\u00e4utern. Bei Patienten mit Feuchtigkeit und Hitze in der Blase zielt die Therapie darauf ab, diese unausgeglichenen Energie-Zust\u00e4nde zu kl\u00e4ren (z.B. durch Behandlung des Blasenmeridians).<\/p>\n<p>Die f\u00fcr die Akupunkturbehandlung bevorzugten Punkte liegen haupts\u00e4chlich auf dem Nieren- und Blasenmeridian sowie dem Dumai- und Renmai-Meridian. In der chinesischen Kr\u00e4utermedizin werden h\u00e4ufig Nierenqi- und SchlangengurkenNelken-Kr\u00e4uterpillen, Kieferschwamm-Pulver oder L\u00e4rchenschwamm-Br\u00fchen angewandt. Bekannte westliche Kr\u00e4uter sind z.B. Goldrute, Kapuzinerkresse, Meerrettich oder Brennessel. Die chinesische Medizin mit ihren sanften und nebenwirkungsarmen Behandlungsmethoden h\u00e4lt hilfreiche und auf Sie pers\u00f6nlich zugeschnittene Therapiekonzepte bereit, um Sie bei den genannten Beschwerden zu unterst\u00fctzen. Nach einem detaillierten Diagnose-Gespr\u00e4ch, erg\u00e4nzt mit einer Pulsund Zungendiagnose, werden Ihnen unsere Therapeuten ein auf Sie abgestimmtes Behandlungskonzept vorschlagen. Normalerweise sind f\u00fcr den nachhaltigen Ausgleich aller betroffenen Energien 10 bis 12 Behandlungen erforderlich. Die Dauer der Therapie ist unter anderem auch davon abh\u00e4ngig, wie stark die Beschwerden bereits im K\u00f6rper manifestiert sind.<\/p>\n<p><strong>\u00dcbersicht Symptome:<\/strong><\/p>\n<p><strong>Blasenentz\u00fcndung<\/strong><br \/>\nStarkes Brennen und Schmerzen beim Wasserlassen, h\u00e4ufiger, sp\u00e4rlicher Harndrang, Kr\u00e4mpfe im Unterbauch, tiefgelber, geruchsintensiver oder tr\u00fcber Urin.<\/p>\n<p><strong>Reizblase<\/strong><br \/>\nSt\u00e4ndiger Harndrang, unwillk\u00fcrlicher Verlust von Urin, beim Toilettengang werden nur wenige Tropfen Urin gelassen.<\/p>\n<p><strong>Prostatitis<\/strong><br \/>\nDruckgef\u00fchl und\/oder Schmerzen in der Schambeinregion und im Unterbauch\/Dammbereich. Missempfindungen beziehungsweise Schmerzen in den Hoden, Blut im Sperma, schmerzhafter Samenerguss, Schmerzen in der Blasenregion nach dem Wasserlassen.<\/p>\n<p><strong>Prostatavergr\u00f6sserung<\/strong><br \/>\n<em>Harnblasenentleerungsst\u00f6rung<\/em>: z.B. Schwierigkeiten beim Beginn des Wasserlassens, schwacher Harnstrahl, lange Dauer des Wasserlassens\/Nachtr\u00f6pfeln, um die Blase vollst\u00e4ndig zu entleeren.<br \/>\n<em>Harnspeicherst\u00f6rungen<\/em>: z.B. h\u00e4ufige Toiletteng\u00e4nge, in kurzen Abst\u00e4nden. Unverhoffter, starker Harndrang mit ungewolltem Abgang von Urin.<\/p>\n<p><strong>Harnsteine<\/strong><br \/>\nJe nach Lage und Gr\u00f6sse des Steins oft keine Symptome, ansonsten urpl\u00f6tzlich auftretende, kolikartige Unterbauchschmerzen, die bis in die Flanken ausstrahlen k\u00f6nnen. Schmerzen beim Wasserlassen, Harnstrahl kann pl\u00f6tzlich abbrechen, blutiger Urin.<\/p>\n<p>F\u00fcr weitere Ausk\u00fcnfte oder eine Terminvereinbarung stehen wir Ihnen jederzeit gerne via\u00a0<a href=\"https:\/\/sinomed.ch\/de\/kontakt\/\" target=\"_blank\" rel=\"noopener noreferrer\">Kontaktformular<\/a>\u00a0oder Gratis-Hotline\u00a0<a href=\"tel:+41800753753\" target=\"_blank\" rel=\"noopener noreferrer\">0800 753 753<\/a>\u00a0zur Verf\u00fcgung.<\/p>\n","protected":false},"excerpt":{"rendered":"<p>Statistisch betrachtet erkrankt jede zweite Frau mindestens einmal im Leben an einer Blasenentz\u00fcndung (Zystitis). Die Blasenentz\u00fcndung geh\u00f6rt somit in der Gesamtbetrachtung zu einer der h\u00e4ufigsten Infektionskrankheiten. Denn bei ca. 50% der betroffenen Patientinnen folgt im gleichen Jahr eine erneute Infektion. Auch chronische Krankheitsverl\u00e4ufe sind sehr h\u00e4ufig. Diese Patienteninformation informiert aber nicht ausschliesslich zum Thema Blasenentz\u00fcndung,&#8230;  <a class=\"excerpt-read-more\" href=\"https:\/\/sinomed.ch\/de\/traditionelle-chinesische-medizin\/behandlungsgebiete\/probleme-beim-wasserloesen-blasenentzuendung\/\" title=\"Read Blasenentz\u00fcndung \/ Probleme mit Wasserl\u00f6sen\">Weiterlesen &raquo;<\/a><\/p>\n","protected":false},"author":1,"featured_media":0,"parent":339,"menu_order":27,"comment_status":"closed","ping_status":"closed","template":"","meta":[],"_links":{"self":[{"href":"https:\/\/sinomed.ch\/de\/wp-json\/wp\/v2\/pages\/7308"}],"collection":[{"href":"https:\/\/sinomed.ch\/de\/wp-json\/wp\/v2\/pages"}],"about":[{"href":"https:\/\/sinomed.ch\/de\/wp-json\/wp\/v2\/types\/page"}],"author":[{"embeddable":true,"href":"https:\/\/sinomed.ch\/de\/wp-json\/wp\/v2\/users\/1"}],"replies":[{"embeddable":true,"href":"https:\/\/sinomed.ch\/de\/wp-json\/wp\/v2\/comments?post=7308"}],"version-history":[{"count":5,"href":"https:\/\/sinomed.ch\/de\/wp-json\/wp\/v2\/pages\/7308\/revisions"}],"predecessor-version":[{"id":15153,"href":"https:\/\/sinomed.ch\/de\/wp-json\/wp\/v2\/pages\/7308\/revisions\/15153"}],"up":[{"embeddable":true,"href":"https:\/\/sinomed.ch\/de\/wp-json\/wp\/v2\/pages\/339"}],"wp:attachment":[{"href":"https:\/\/sinomed.ch\/de\/wp-json\/wp\/v2\/media?parent=7308"}],"curies":[{"name":"wp","href":"https:\/\/api.w.org\/{rel}","templated":true}]}}