
















{"id":81,"date":"2014-04-11T01:50:27","date_gmt":"2014-04-11T00:50:27","guid":{"rendered":"http:\/\/sinomed.ch\/de\/?page_id=81"},"modified":"2023-07-31T10:58:23","modified_gmt":"2023-07-31T09:58:23","slug":"kontakt","status":"publish","type":"page","link":"https:\/\/sinomed.ch\/de\/kontakt\/","title":{"rendered":"Kontakt"},"content":{"rendered":"<h3>Wie k\u00f6nnen wir Ihnen helfen?<\/h3>\n<form id=\"form-select\" name=\"form-select\"><input id=\"form-select-frage\" name=\"form-type\" type=\"radio\" value=\"frage\" \/><label for=\"form-select-frage\">Ich habe eine Frage, Anregung oder Kritik<\/label><\/p>\n<p><input id=\"form-select-termin\" name=\"form-type\" type=\"radio\" value=\"termin\" \/><label for=\"form-select-termin\">Ich m\u00f6chte einen Termin vereinbaren<\/label><\/p>\n<p><input id=\"form-select-news\" name=\"form-type\" type=\"radio\" value=\"news\" \/><label for=\"form-select-news\">Infos \u00fcber Events &amp; Aktivit\u00e4ten von Sinomed<\/label><\/p>\n<\/form>\n<p><div role=\"form\" class=\"wpcf7\" id=\"wpcf7-f636-o1\" lang=\"de-DE\" dir=\"ltr\">\n<div class=\"screen-reader-response\"><p role=\"status\" aria-live=\"polite\" aria-atomic=\"true\"><\/p> <ul><\/ul><\/div>\n<form action=\"\/de\/wp-json\/wp\/v2\/pages\/81#wpcf7-f636-o1\" method=\"post\" class=\"wpcf7-form init\" novalidate=\"novalidate\" data-status=\"init\">\n<div style=\"display: none;\">\n<input type=\"hidden\" name=\"_wpcf7\" value=\"636\" \/>\n<input type=\"hidden\" name=\"_wpcf7_version\" value=\"5.4.2\" \/>\n<input type=\"hidden\" name=\"_wpcf7_locale\" value=\"de_DE\" \/>\n<input type=\"hidden\" name=\"_wpcf7_unit_tag\" value=\"wpcf7-f636-o1\" \/>\n<input type=\"hidden\" name=\"_wpcf7_container_post\" value=\"0\" \/>\n<input type=\"hidden\" name=\"_wpcf7_posted_data_hash\" value=\"\" \/>\n<input type=\"hidden\" name=\"_wpcf7_recaptcha_response\" value=\"\" \/>\n<\/div>\n<p><strong>Wen m\u00f6chten Sie kontaktieren? *<\/strong><br \/>\n<span class=\"wpcf7-form-control-wrap contact-select\"><span class=\"wpcf7-form-control wpcf7-checkbox wpcf7-validates-as-required wpcf7-exclusive-checkbox\"><span class=\"wpcf7-list-item first\"><label><input type=\"checkbox\" name=\"contact-select\" value=\"Sekretariat\" \/><span class=\"wpcf7-list-item-label\">Sekretariat<\/span><\/label><\/span><span class=\"wpcf7-list-item last\"><label><input type=\"checkbox\" name=\"contact-select\" value=\"Gesch\u00e4ftsleitung\" \/><span class=\"wpcf7-list-item-label\">Gesch\u00e4ftsleitung<\/span><\/label><\/span><\/span><\/span><\/p>\n<p><strong>Ihre Kontaktangaben<\/strong><\/p>\n<div class=\"m-row t-row d-row cf\">\n<div class=\"m-all t-all d-1of2\">\n<div class=\"m-all t-1of4 d-1of3 text-label\">Anrede<\/div>\n<div class=\"m-all t-3of4 d-2of3 last-col\">\n<div class=\"select-wrapper\"><span class=\"wpcf7-form-control-wrap menu-417\"><select name=\"menu-417\" class=\"wpcf7-form-control wpcf7-select\" aria-invalid=\"false\"><option value=\"Herr\">Herr<\/option><option value=\"Frau\">Frau<\/option><\/select><\/span><\/div>\n<\/div>\n<\/div>\n<\/div>\n<div class=\"m-row t-row d-row cf\">\n<div class=\"m-all t-all d-1of2\">\n<div class=\"m-all t-1of4 d-1of3 text-label\">Vorname<\/div>\n<div class=\"m-all t-3of4 d-2of3 last-col\"><span class=\"wpcf7-form-control-wrap first-name\"><input type=\"text\" name=\"first-name\" value=\"\" size=\"40\" class=\"wpcf7-form-control wpcf7-text\" aria-invalid=\"false\" \/><\/span><\/div>\n<\/div>\n<div class=\"m-all t-all d-1of2 last-col\">\n<div class=\"m-all t-1of4 d-1of3 text-label\">Name<\/div>\n<div class=\"m-all t-3of4 d-2of3 last-col\"><span class=\"wpcf7-form-control-wrap last-name\"><input type=\"text\" name=\"last-name\" value=\"\" size=\"40\" class=\"wpcf7-form-control wpcf7-text\" aria-invalid=\"false\" \/><\/span><\/div>\n<\/div>\n<\/div>\n<div class=\"m-row t-row d-row cf email-tel\">\n<div class=\"m-all t-all d-1of2\">\n<div class=\"m-all t-1of4 d-1of3 text-label\">E-Mail (*)<\/div>\n<div class=\"m-all t-3of4 d-2of3 last-col\"><span class=\"wpcf7-form-control-wrap email\"><input type=\"email\" name=\"email\" value=\"\" size=\"40\" class=\"wpcf7-form-control wpcf7-text wpcf7-email wpcf7-validates-as-email\" aria-invalid=\"false\" \/><\/span><\/div>\n<\/div>\n<div class=\"m-all t-all d-1of2 last-col\">\n<div class=\"m-all t-1of4 d-1of3 text-label\">oder Telefon (*)<\/div>\n<div class=\"m-all t-3of4 d-2of3 last-col\"><span class=\"wpcf7-form-control-wrap tel\"><input type=\"tel\" name=\"tel\" value=\"\" size=\"40\" class=\"wpcf7-form-control wpcf7-text wpcf7-tel wpcf7-validates-as-tel\" aria-invalid=\"false\" \/><\/span><\/div>\n<\/div>\n<\/div>\n<p><strong>Ihre Nachricht an uns *<\/strong><br \/>\n    <span class=\"wpcf7-form-control-wrap message\"><textarea name=\"message\" cols=\"40\" rows=\"10\" class=\"wpcf7-form-control wpcf7-textarea wpcf7-validates-as-required\" aria-required=\"true\" aria-invalid=\"false\"><\/textarea><\/span> <\/p>\n<p><span class=\"wpcf7-form-control-wrap acceptance-651\"><span class=\"wpcf7-form-control wpcf7-acceptance\"><span class=\"wpcf7-list-item\"><label><input type=\"checkbox\" name=\"acceptance-651\" value=\"1\" aria-invalid=\"false\" \/><span class=\"wpcf7-list-item-label\">Ich bin mit der <a href=\"https:\/\/sinomed.ch\/de\/datenschutzerklaerung\/\" target=\"_blank\">Datenschutzerkl\u00e4rung<\/a> einverstanden und dass administrative Anliegen mit unverschl\u00fcsselter E-Mail-Kommunikation erfolgen.<\/span><\/label><\/span><\/span><\/span><\/p>\n\n<p><input type=\"submit\" value=\"Abschicken\" class=\"wpcf7-form-control wpcf7-submit orange-btn\" \/><\/p>\n<p>*  = Pflichtfeld<\/p>\n<p>(*) = Bitte mindestens eines dieser Pflichtfelder angeben (E-Mail oder Telefon)<\/p>\n<div class=\"wpcf7-response-output\" aria-hidden=\"true\"><\/div><\/form><\/div><div role=\"form\" class=\"wpcf7\" id=\"wpcf7-f837-o2\" lang=\"de-DE\" dir=\"ltr\">\n<div class=\"screen-reader-response\"><p role=\"status\" aria-live=\"polite\" aria-atomic=\"true\"><\/p> <ul><\/ul><\/div>\n<form action=\"\/de\/wp-json\/wp\/v2\/pages\/81#wpcf7-f837-o2\" method=\"post\" class=\"wpcf7-form init\" novalidate=\"novalidate\" data-status=\"init\">\n<div style=\"display: none;\">\n<input type=\"hidden\" name=\"_wpcf7\" value=\"837\" \/>\n<input type=\"hidden\" name=\"_wpcf7_version\" value=\"5.4.2\" \/>\n<input type=\"hidden\" name=\"_wpcf7_locale\" value=\"de_DE\" \/>\n<input type=\"hidden\" name=\"_wpcf7_unit_tag\" value=\"wpcf7-f837-o2\" \/>\n<input type=\"hidden\" name=\"_wpcf7_container_post\" value=\"0\" \/>\n<input type=\"hidden\" name=\"_wpcf7_posted_data_hash\" value=\"\" \/>\n<input type=\"hidden\" name=\"_wpcf7_recaptcha_response\" value=\"\" \/>\n<\/div>\n<p>\n<p><strong>Bitte w\u00e4hlen Sie Ihre Sinomed Praxis aus: *<\/strong><\/p>\n<p><span class=\"wpcf7-form-control-wrap location-select\"><span class=\"wpcf7-form-control wpcf7-checkbox wpcf7-validates-as-required wpcf7-exclusive-checkbox\"><span class=\"wpcf7-list-item first\"><label><input type=\"checkbox\" name=\"location-select\" value=\"Sinomed Schaffhausen\" \/><span class=\"wpcf7-list-item-label\">Sinomed Schaffhausen<\/span><\/label><\/span><span class=\"wpcf7-list-item last\"><label><input type=\"checkbox\" name=\"location-select\" value=\"Sinomed Winterthur\" \/><span class=\"wpcf7-list-item-label\">Sinomed Winterthur<\/span><\/label><\/span><\/span><\/span><\/p>\n<div class=\"datetime-select\">\n<span class=\"wpcf7-form-control-wrap datetime\"><input type=\"text\" name=\"datetime\" value=\"\" size=\"40\" class=\"wpcf7-form-control wpcf7-text\" id=\"datetime\" aria-invalid=\"false\" \/><\/span><\/p>\n<p><strong>Termine ausw\u00e4hlen<\/strong><\/p>\n<p>Nennen Sie uns bitte Ihre Wunschtermine f\u00fcr die 1. Therapiesitzung in der gew\u00fcnschten Sinomed-Praxis. Diese Termine sind noch nicht definitiv best\u00e4tigt. Wir werden uns anschliessend mit Ihnen in Verbindung setzen und den erstm\u00f6glichen freien Termin best\u00e4tigen.<\/p>\n<p><input type=\"text\" id=\"date\">\n<div class=\"btn btn-add-list\">Termin hinzuf\u00fcgen<\/div>\n<ul class=\"selected-dates-list\"><\/ul>\n<\/div>\n<p><strong>Ihre Kontaktangaben<\/strong><\/p>\n<div class=\"m-row t-row d-row cf\">\n<div class=\"m-all t-all d-1of2\">\n<div class=\"m-all t-1of4 d-1of3 text-label\">Anrede<\/div>\n<div class=\"m-all t-3of4 d-2of3 last-col\">\n<div class=\"select-wrapper\"><span class=\"wpcf7-form-control-wrap menu-417\"><select name=\"menu-417\" class=\"wpcf7-form-control wpcf7-select\" aria-invalid=\"false\"><option value=\"Herr\">Herr<\/option><option value=\"Frau\">Frau<\/option><\/select><\/span><\/div>\n<\/div>\n<\/div>\n<\/div>\n<div class=\"m-row t-row d-row cf\">\n<div class=\"m-all t-all d-1of2\">\n<div class=\"m-all t-1of4 d-1of3 text-label\">Vorname *<\/div>\n<div class=\"m-all t-3of4 d-2of3 last-col\"><span class=\"wpcf7-form-control-wrap first-name\"><input type=\"text\" name=\"first-name\" value=\"\" size=\"40\" class=\"wpcf7-form-control wpcf7-text wpcf7-validates-as-required\" aria-required=\"true\" aria-invalid=\"false\" \/><\/span><\/div>\n<\/div>\n<div class=\"m-all t-all d-1of2 last-col\">\n<div class=\"m-all t-1of4 d-1of3 text-label\">Name *<\/div>\n<div class=\"m-all t-3of4 d-2of3 last-col\"><span class=\"wpcf7-form-control-wrap last-name\"><input type=\"text\" name=\"last-name\" value=\"\" size=\"40\" class=\"wpcf7-form-control wpcf7-text wpcf7-validates-as-required\" aria-required=\"true\" aria-invalid=\"false\" \/><\/span><\/div>\n<\/div>\n<\/div>\n<div class=\"m-row t-row d-row cf\">\n<div class=\"m-all t-all d-1of2\">\n<div class=\"m-all t-1of4 d-1of3 text-label\">Strasse *<\/div>\n<div class=\"m-all t-3of4 d-2of3 last-col\"><span class=\"wpcf7-form-control-wrap street\"><input type=\"text\" name=\"street\" value=\"\" size=\"40\" class=\"wpcf7-form-control wpcf7-text wpcf7-validates-as-required\" aria-required=\"true\" aria-invalid=\"false\" \/><\/span><\/div>\n<\/div>\n<div class=\"m-all t-all d-1of2 last-col\">\n<div class=\"m-all t-all d-1of3\">\n<div class=\"m-all t-1of4 d-1of3 text-label\">PLZ<\/div>\n<div class=\"m-all t-3of4 d-2of3 last-col\"><span class=\"wpcf7-form-control-wrap zip-code\"><input type=\"text\" name=\"zip-code\" value=\"\" size=\"40\" class=\"wpcf7-form-control wpcf7-text\" aria-invalid=\"false\" \/><\/span><\/div>\n<\/div>\n<div class=\"m-all t-all d-2of3 last-col\">\n<div class=\"m-all t-1of4 d-1of4 text-label\">Ort<\/div>\n<div class=\"m-all t-3of4 d-3of4 last-col\"><span class=\"wpcf7-form-control-wrap city\"><input type=\"text\" name=\"city\" value=\"\" size=\"40\" class=\"wpcf7-form-control wpcf7-text\" aria-invalid=\"false\" \/><\/span><\/div>\n<\/div>\n<\/div>\n<\/div>\n<div class=\"m-row t-row d-row cf email-tel\">\n<div class=\"m-all t-all d-1of2\">\n<div class=\"m-all t-1of4 d-1of3 text-label\">E-Mail (*)<\/div>\n<div class=\"m-all t-3of4 d-2of3 last-col\"><span class=\"wpcf7-form-control-wrap email\"><input type=\"email\" name=\"email\" value=\"\" size=\"40\" class=\"wpcf7-form-control wpcf7-text wpcf7-email wpcf7-validates-as-email\" aria-invalid=\"false\" \/><\/span><\/div>\n<\/div>\n<div class=\"m-all t-all d-1of2 last-col\">\n<div class=\"m-all t-1of4 d-1of3 text-label\">oder Telefon (*)<\/div>\n<div class=\"m-all t-3of4 d-2of3 last-col\"><span class=\"wpcf7-form-control-wrap tel\"><input type=\"tel\" name=\"tel\" value=\"\" size=\"40\" class=\"wpcf7-form-control wpcf7-text wpcf7-tel wpcf7-validates-as-tel\" aria-invalid=\"false\" \/><\/span><\/div>\n<\/div>\n<\/div>\n<div class=\"m-row t-row d-row cf\">\n<div class=\"m-all t-all d-1of2\">\n<div class=\"m-all t-1of4 d-1of3 text-label\">Geburtsdatum<\/div>\n<div class=\"m-all t-3of4 d-2of3 last-col\"><span class=\"wpcf7-form-control-wrap birth-date\"><input type=\"text\" name=\"birth-date\" value=\"\" size=\"40\" class=\"wpcf7-form-control wpcf7-text\" aria-invalid=\"false\" \/><\/span><\/div>\n<\/div>\n<\/div>\n<p>\n<p><strong>Nachricht an uns<\/strong><\/p>\n<p>    <span class=\"wpcf7-form-control-wrap message\"><textarea name=\"message\" cols=\"40\" rows=\"10\" class=\"wpcf7-form-control wpcf7-textarea\" aria-invalid=\"false\"><\/textarea><\/span> <\/p>\n\n<p><span class=\"wpcf7-form-control-wrap acceptance-651\"><span class=\"wpcf7-form-control wpcf7-acceptance\"><span class=\"wpcf7-list-item\"><label><input type=\"checkbox\" name=\"acceptance-651\" value=\"1\" aria-invalid=\"false\" \/><span class=\"wpcf7-list-item-label\">Ich bin mit der <a href=\"https:\/\/sinomed.ch\/de\/datenschutzerklaerung\/\" target=\"_blank\">Datenschutzerkl\u00e4rung<\/a> einverstanden und dass administrative Anliegen mit unverschl\u00fcsselter E-Mail-Kommunikation erfolgen.<\/span><\/label><\/span><\/span><\/span><\/p>\n<p><input type=\"submit\" value=\"Abschicken\" class=\"wpcf7-form-control wpcf7-submit orange-btn\" \/><\/p>\n<p>*  = Pflichtfeld<\/p>\n<p>(*) = Bitte mindestens eines dieser Pflichtfelder angeben (E-Mail oder Telefon)<\/p>\n<div class=\"wpcf7-response-output\" aria-hidden=\"true\"><\/div><\/form><\/div><div role=\"form\" class=\"wpcf7\" id=\"wpcf7-f839-o3\" lang=\"de-DE\" dir=\"ltr\">\n<div class=\"screen-reader-response\"><p role=\"status\" aria-live=\"polite\" aria-atomic=\"true\"><\/p> <ul><\/ul><\/div>\n<form action=\"\/de\/wp-json\/wp\/v2\/pages\/81#wpcf7-f839-o3\" method=\"post\" class=\"wpcf7-form init\" novalidate=\"novalidate\" data-status=\"init\">\n<div style=\"display: none;\">\n<input type=\"hidden\" name=\"_wpcf7\" value=\"839\" \/>\n<input type=\"hidden\" name=\"_wpcf7_version\" value=\"5.4.2\" \/>\n<input type=\"hidden\" name=\"_wpcf7_locale\" value=\"de_DE\" \/>\n<input type=\"hidden\" name=\"_wpcf7_unit_tag\" value=\"wpcf7-f839-o3\" \/>\n<input type=\"hidden\" name=\"_wpcf7_container_post\" value=\"0\" \/>\n<input type=\"hidden\" name=\"_wpcf7_posted_data_hash\" value=\"\" \/>\n<input type=\"hidden\" name=\"_wpcf7_recaptcha_response\" value=\"\" \/>\n<\/div>\n<p><strong>Welche Sinomed Praxis soll Ihr Ansprechpartner werden? *<\/strong><br \/>\n<span class=\"wpcf7-form-control-wrap location-select\"><span class=\"wpcf7-form-control wpcf7-checkbox wpcf7-validates-as-required wpcf7-exclusive-checkbox\"><span class=\"wpcf7-list-item first\"><label><input type=\"checkbox\" name=\"location-select\" value=\"Sinomed Schaffhausen\" \/><span class=\"wpcf7-list-item-label\">Sinomed Schaffhausen<\/span><\/label><\/span><span class=\"wpcf7-list-item last\"><label><input type=\"checkbox\" name=\"location-select\" value=\"Sinomed Winterthur\" \/><span class=\"wpcf7-list-item-label\">Sinomed Winterthur<\/span><\/label><\/span><\/span><\/span><\/p>\n<p><strong>Ihre Kontaktangaben<\/strong><\/p>\n<div class=\"m-row t-row d-row cf\">\n<div class=\"m-all t-all d-1of2\">\n<div class=\"m-all t-1of4 d-1of3 text-label\">Anrede<\/div>\n<div class=\"m-all t-3of4 d-2of3 last-col\">\n<div class=\"select-wrapper\"><span class=\"wpcf7-form-control-wrap menu-417\"><select name=\"menu-417\" class=\"wpcf7-form-control wpcf7-select\" aria-invalid=\"false\"><option value=\"Herr\">Herr<\/option><option value=\"Frau\">Frau<\/option><\/select><\/span><\/div>\n<\/div>\n<\/div>\n<\/div>\n<div class=\"m-row t-row d-row cf\">\n<div class=\"m-all t-all d-1of2\">\n<div class=\"m-all t-1of4 d-1of3 text-label\">Vorname *<\/div>\n<div class=\"m-all t-3of4 d-2of3 last-col\"><span class=\"wpcf7-form-control-wrap first-name\"><input type=\"text\" name=\"first-name\" value=\"\" size=\"40\" class=\"wpcf7-form-control wpcf7-text wpcf7-validates-as-required\" aria-required=\"true\" aria-invalid=\"false\" \/><\/span><\/div>\n<\/div>\n<div class=\"m-all t-all d-1of2 last-col\">\n<div class=\"m-all t-1of4 d-1of3 text-label\">Name *<\/div>\n<div class=\"m-all t-3of4 d-2of3 last-col\"><span class=\"wpcf7-form-control-wrap last-name\"><input type=\"text\" name=\"last-name\" value=\"\" size=\"40\" class=\"wpcf7-form-control wpcf7-text wpcf7-validates-as-required\" aria-required=\"true\" aria-invalid=\"false\" \/><\/span><\/div>\n<\/div>\n<\/div>\n<div class=\"m-row t-row d-row cf\">\n<div class=\"m-all t-all d-1of2\">\n<div class=\"m-all t-1of4 d-1of3 text-label\">Strasse<\/div>\n<div class=\"m-all t-3of4 d-2of3 last-col\"><span class=\"wpcf7-form-control-wrap street\"><input type=\"text\" name=\"street\" value=\"\" size=\"40\" class=\"wpcf7-form-control wpcf7-text\" aria-invalid=\"false\" \/><\/span><\/div>\n<\/div>\n<div class=\"m-all t-all d-1of2 last-col\">\n<div class=\"m-all t-all d-1of3\">\n<div class=\"m-all t-1of4 d-1of3 text-label\">PLZ<\/div>\n<div class=\"m-all t-3of4 d-2of3 last-col\"><span class=\"wpcf7-form-control-wrap zip-code\"><input type=\"text\" name=\"zip-code\" value=\"\" size=\"40\" class=\"wpcf7-form-control wpcf7-text\" aria-invalid=\"false\" \/><\/span><\/div>\n<\/div>\n<div class=\"m-all t-all d-2of3 last-col\">\n<div class=\"m-all t-1of4 d-1of4 text-label\">Ort<\/div>\n<div class=\"m-all t-3of4 d-3of4 last-col\"><span class=\"wpcf7-form-control-wrap city\"><input type=\"text\" name=\"city\" value=\"\" size=\"40\" class=\"wpcf7-form-control wpcf7-text\" aria-invalid=\"false\" \/><\/span><\/div>\n<\/div>\n<\/div>\n<\/div>\n<div class=\"m-row t-row d-row cf email-tel\">\n<div class=\"m-all t-all d-1of2\">\n<div class=\"m-all t-1of4 d-1of3 text-label\">E-Mail (*)<\/div>\n<div class=\"m-all t-3of4 d-2of3 last-col\"><span class=\"wpcf7-form-control-wrap email\"><input type=\"email\" name=\"email\" value=\"\" size=\"40\" class=\"wpcf7-form-control wpcf7-text wpcf7-email wpcf7-validates-as-email\" aria-invalid=\"false\" \/><\/span><\/div>\n<\/div>\n<div class=\"m-all t-all d-1of2 last-col\">\n<div class=\"m-all t-1of4 d-1of3 text-label\">oder Telefon (*)<\/div>\n<div class=\"m-all t-3of4 d-2of3 last-col\"><span class=\"wpcf7-form-control-wrap tel\"><input type=\"tel\" name=\"tel\" value=\"\" size=\"40\" class=\"wpcf7-form-control wpcf7-text wpcf7-tel wpcf7-validates-as-tel\" aria-invalid=\"false\" \/><\/span><\/div>\n<\/div>\n<\/div>\n<div class=\"m-row t-row d-row cf\">\n<div class=\"m-all t-all d-1of2\">\n<div class=\"m-all t-1of4 d-1of3 text-label\">Geburtsdatum<\/div>\n<div class=\"m-all t-3of4 d-2of3 last-col\"><span class=\"wpcf7-form-control-wrap birth-date\"><input type=\"text\" name=\"birth-date\" value=\"\" size=\"40\" class=\"wpcf7-form-control wpcf7-text\" aria-invalid=\"false\" \/><\/span><\/div>\n<\/div>\n<\/div>\n\n<p><span class=\"wpcf7-form-control-wrap acceptance-651\"><span class=\"wpcf7-form-control wpcf7-acceptance\"><span class=\"wpcf7-list-item\"><label><input type=\"checkbox\" name=\"acceptance-651\" value=\"1\" aria-invalid=\"false\" \/><span class=\"wpcf7-list-item-label\">Ich bin mit der <a href=\"https:\/\/sinomed.ch\/de\/datenschutzerklaerung\/\" target=\"_blank\">Datenschutzerkl\u00e4rung<\/a> einverstanden und dass administrative Anliegen mit unverschl\u00fcsselter E-Mail-Kommunikation erfolgen.<\/span><\/label><\/span><\/span><\/span><\/p>\n<p><input type=\"submit\" value=\"Abschicken\" class=\"wpcf7-form-control wpcf7-submit orange-btn\" \/><\/p>\n<p>*  = Pflichtfeld<\/p>\n<p>(*) = Bitte mindestens eines dieser Pflichtfelder angeben (E-Mail oder Telefon)<\/p>\n<div class=\"wpcf7-response-output\" aria-hidden=\"true\"><\/div><\/form><\/div><\/p>\n","protected":false},"excerpt":{"rendered":"<p>Wie k\u00f6nnen wir Ihnen helfen? Ich habe eine Frage, Anregung oder Kritik Ich m\u00f6chte einen Termin vereinbaren Infos \u00fcber Events &amp; Aktivit\u00e4ten von Sinomed<\/p>\n","protected":false},"author":1,"featured_media":0,"parent":0,"menu_order":59,"comment_status":"open","ping_status":"closed","template":"","meta":[],"_links":{"self":[{"href":"https:\/\/sinomed.ch\/de\/wp-json\/wp\/v2\/pages\/81"}],"collection":[{"href":"https:\/\/sinomed.ch\/de\/wp-json\/wp\/v2\/pages"}],"about":[{"href":"https:\/\/sinomed.ch\/de\/wp-json\/wp\/v2\/types\/page"}],"author":[{"embeddable":true,"href":"https:\/\/sinomed.ch\/de\/wp-json\/wp\/v2\/users\/1"}],"replies":[{"embeddable":true,"href":"https:\/\/sinomed.ch\/de\/wp-json\/wp\/v2\/comments?post=81"}],"version-history":[{"count":14,"href":"https:\/\/sinomed.ch\/de\/wp-json\/wp\/v2\/pages\/81\/revisions"}],"predecessor-version":[{"id":10742,"href":"https:\/\/sinomed.ch\/de\/wp-json\/wp\/v2\/pages\/81\/revisions\/10742"}],"wp:attachment":[{"href":"https:\/\/sinomed.ch\/de\/wp-json\/wp\/v2\/media?parent=81"}],"curies":[{"name":"wp","href":"https:\/\/api.w.org\/{rel}","templated":true}]}}