
















{"id":9390,"date":"2022-03-25T16:38:08","date_gmt":"2022-03-25T15:38:08","guid":{"rendered":"https:\/\/sinomed.ch\/de\/?page_id=9390"},"modified":"2025-09-22T09:02:13","modified_gmt":"2025-09-22T08:02:13","slug":"fruehlingsbeschwerden","status":"publish","type":"page","link":"https:\/\/sinomed.ch\/de\/traditionelle-chinesische-medizin\/behandlungsgebiete\/fruehlingsbeschwerden\/","title":{"rendered":"Fr\u00fchlingsbeschwerden"},"content":{"rendered":"<h1 style=\"text-align: left;\"><span style=\"color: #ff6600;\"><img loading=\"lazy\" class=\"wp-image-9378 alignleft\" src=\"https:\/\/sinomed.ch\/de\/wp-content\/uploads\/2022\/03\/Fruehlingsflyer-Bild-723x1024.jpg\" alt=\"\" width=\"227\" height=\"321\" srcset=\"https:\/\/sinomed.ch\/de\/wp-content\/uploads\/2022\/03\/Fruehlingsflyer-Bild-723x1024.jpg 723w, https:\/\/sinomed.ch\/de\/wp-content\/uploads\/2022\/03\/Fruehlingsflyer-Bild-212x300.jpg 212w, https:\/\/sinomed.ch\/de\/wp-content\/uploads\/2022\/03\/Fruehlingsflyer-Bild-88x125.jpg 88w, https:\/\/sinomed.ch\/de\/wp-content\/uploads\/2022\/03\/Fruehlingsflyer-Bild-350x495.jpg 350w, https:\/\/sinomed.ch\/de\/wp-content\/uploads\/2022\/03\/Fruehlingsflyer-Bild-714x1011.jpg 714w, https:\/\/sinomed.ch\/de\/wp-content\/uploads\/2022\/03\/Fruehlingsflyer-Bild.jpg 734w\" sizes=\"(max-width: 227px) 100vw, 227px\" \/>Fr\u00fchlingsbeschwerden fr\u00fchzeitig vorbeugen<\/span><\/h1>\n<p><span style=\"color: #ff6600;\"><em>Der Fr\u00fchling wird in China als die Zeit des Erwachens und der Geburt angesehen. Die Natur wird farbenfroher und belebt in ihrer Frische. Unser K\u00f6rper reagiert ebenfalls auf den Appell der Natur, <\/em><\/span><span style=\"color: #ff6600;\"><em>indem der Stoffwechsel schneller und der Kreislauf aktiver wird. Allerdings ist der K\u00f6rper geschw\u00e4cht vom Aufenthalt in geheizten R\u00e4umen w\u00e4hrend dem Winter. Neben vielen positiven Eigenschaften bringt der Fr\u00fchling auch Beschwerden f\u00fcr unseren K\u00f6rper. Lesen Sie hier, wie Sie diesen optimal entgegen wirken.<\/em><\/span><\/p>\n<p>Zus\u00e4tzlich ist das Wetter im Fr\u00fchling \u00e4usserst wechselhaft mit grossen Temperaturunterschieden. Es ist oft feucht, warm und windig \u2013 ideales Klima f\u00fcr die Entstehung und \u00dcbertragung von Krankheitserregern wie Bakterien und Viren. Ist unsere Abwehrkraft nicht stark genug, ist unser K\u00f6rper anf\u00e4lliger gegen\u00fcber verschiedenen Krankheiten.<\/p>\n<p>Gem\u00e4ss der Traditionellen Chinesischen Medizin (TCM) ist der \u00e4ussere krankmachende Faktor (Pathogen) im Fr\u00fchling der Wind. Der Wind bewegt und wechselt st\u00e4ndig und tr\u00e4gt die Krankheitserreger \u00fcberall hin. Nach der 5-Elemente-Lehre ist das Holz das Element des Fr\u00fchlings. Das Organ des Fr\u00fchlings ist die Leber: sie ist zust\u00e4ndig f\u00fcr den freien Fluss von Energie (Qi) und Blut. Die Leber treibt an, gleicht Emotionen aus und f\u00f6rdert das Wachstum. Deshalb ist die Leber auch im Fr\u00fchling, der Zeit des st\u00e4rksten Wachstums, am anf\u00e4lligsten. Es ist im Fr\u00fchling besonders wichtig, den mit dem Wind und Leberfunktionskreis zusammenh\u00e4ngenden Krankheiten vorzubeugen.<\/p>\n<p><strong>Folgende Krankheiten treten h\u00e4ufig im Fr\u00fchling auf:<\/strong><\/p>\n<p><strong>Allergische Erkrankungen<\/strong><br \/>\nDer Fr\u00fchling ist f\u00fcr Allergiker eine unangenehme Jahreszeit. Die Luft ist schwer belastet von Pollen und Feinstaub. Unterst\u00fctzt vom oft starken Wind im Fr\u00fchling z\u00e4hlen Heuschnupfen und allergisches Asthma zu den am meisten verbreitetsten\u00a0 allergischen Erkrankungen.<\/p>\n<p><strong>Erkrankungen des Atmungstraktes<\/strong><br \/>\nDer Fr\u00fchling ist eine \u00dcbergangsphase zwischen dem Winter und dem Sommer, eine Zeit, in der die K\u00e4lte (Yin) nachl\u00e4sst und die W\u00e4rme (Yang) zunimmt. Das Wetter ist wechselhaft und der Temperaturunterschied gross. Dies ist eine grosse\u00a0 Herausforderung f\u00fcr das Immunsystem. Aufgrund der geschw\u00e4chten Abwehrkraft k\u00f6nnen die Krankheitserreger leicht in den K\u00f6rper eindringen und verursachen Beschwerden. Insbesondere bei \u00e4lteren Menschen, Kindern und Kranken ist Vorsicht\u00a0 geboten. Oft ist die Folge eine Erkrankung des Atmungstraktes, eine Erk\u00e4ltung, Bronchitis, Stirn- und Kieferh\u00f6hlenentz\u00fcndung, Asthma bronchiale etc.<\/p>\n<p><strong>Herz-Kreislauf-Erkrankungen<\/strong><br \/>\nDas zugeordnete Organ im Fr\u00fchling ist die Leber. Ist die Leberfunktion zu stark, das Leber-Yang aufsteigend, besteht ein Spannungsgef\u00fchl im Kopf, eine Reizbarkeit oder Blutungen k\u00f6nnen auftreten. Das einmal windige, einmal regnerische Wetter f\u00f6rdert ebenfalls Erkrankungen wie Bluthochdruck, koronare Herzkrankheit und Herzinfarkt.<\/p>\n<blockquote><p><span style=\"color: #ff6600;\">\u00abDie hohe Kunst eines Arztes liegt <\/span><span style=\"color: #ff6600;\">darin, eine Krankheit zu behandeln, <\/span><span style=\"color: #ff6600;\">bevor diese \u00fcberhaupt ausgebrochen <\/span><span style=\"color: #ff6600;\">ist\u00bb<\/span><\/p><\/blockquote>\n<p><strong>Erkrankungen des Verdauungstraktes<\/strong><br \/>\nDa es w\u00e4rmer wird, ist der Fr\u00fchling die g\u00fcnstige Zeit f\u00fcr infekti\u00f6se Verdauungskrankheiten wie zum Beispiel akute Gastritis und Darmentz\u00fcndung.<\/p>\n<p><strong>Psychische Beschwerden<\/strong><br \/>\nEine \u00fcberm\u00e4ssige Leberfunktion, was im Fr\u00fchling oft der Fall ist, sorgt f\u00fcr Reizbarkeit, Stimmungsschwankungen, Konzentrationsschwierigkeit und die ber\u00fchmte Fr\u00fchlings-M\u00fcdigkeit.<\/p>\n<p>\u00abDie hohe Kunst eines Arztes liegt darin, eine Krankheit zu behandeln, bevor diese \u00fcberhaupt ausgebrochen ist\u00bb, heisst es in der TCM-Lehre. \u00abWenn genug positive Energie (Yang-Qi) vorhanden ist, k\u00f6nnen die krankmachenden Faktoren den K\u00f6rper nicht angreifen.\u00bb Mittels Methoden der Traditionellen Chinesischen Medizin kann die Abwehrkraft gest\u00e4rkt und ein\u00a0 Ungleichgewicht im K\u00f6rper reguliert werden. Ziel ist, den noch nicht ausgebrochenen Krankheiten vorzubeugen oder den Fortschritt einer bestehenden Krankheit in der fr\u00fchen Phase zu verhindern.<\/p>\n<p><strong>Denn: Vorbeugen ist nicht nur weiser, sondern auch einfacher als Heilen.<\/strong><\/p>\n<p>F\u00fcr weitere Ausk\u00fcnfte oder eine Terminvereinbarung stehen wir Ihnen jederzeit gerne via\u00a0<a href=\"https:\/\/sinomed.ch\/de\/kontakt\/\" target=\"_blank\" rel=\"noopener noreferrer\">Kontaktformular<\/a>\u00a0oder Gratis-Hotline\u00a0<a href=\"tel:+41800753753\" target=\"_blank\" rel=\"noopener noreferrer\">0800 753 753<\/a>\u00a0zur Verf\u00fcgung.<\/p>\n","protected":false},"excerpt":{"rendered":"<p>Fr\u00fchlingsbeschwerden fr\u00fchzeitig vorbeugen Der Fr\u00fchling wird in China als die Zeit des Erwachens und der Geburt angesehen. Die Natur wird farbenfroher und belebt in ihrer Frische. Unser K\u00f6rper reagiert ebenfalls auf den Appell der Natur, indem der Stoffwechsel schneller und der Kreislauf aktiver wird. Allerdings ist der K\u00f6rper geschw\u00e4cht vom Aufenthalt in geheizten R\u00e4umen w\u00e4hrend&#8230;  <a class=\"excerpt-read-more\" href=\"https:\/\/sinomed.ch\/de\/traditionelle-chinesische-medizin\/behandlungsgebiete\/fruehlingsbeschwerden\/\" title=\"Read Fr\u00fchlingsbeschwerden\">Weiterlesen &raquo;<\/a><\/p>\n","protected":false},"author":1,"featured_media":0,"parent":339,"menu_order":31,"comment_status":"closed","ping_status":"closed","template":"","meta":[],"_links":{"self":[{"href":"https:\/\/sinomed.ch\/de\/wp-json\/wp\/v2\/pages\/9390"}],"collection":[{"href":"https:\/\/sinomed.ch\/de\/wp-json\/wp\/v2\/pages"}],"about":[{"href":"https:\/\/sinomed.ch\/de\/wp-json\/wp\/v2\/types\/page"}],"author":[{"embeddable":true,"href":"https:\/\/sinomed.ch\/de\/wp-json\/wp\/v2\/users\/1"}],"replies":[{"embeddable":true,"href":"https:\/\/sinomed.ch\/de\/wp-json\/wp\/v2\/comments?post=9390"}],"version-history":[{"count":12,"href":"https:\/\/sinomed.ch\/de\/wp-json\/wp\/v2\/pages\/9390\/revisions"}],"predecessor-version":[{"id":15157,"href":"https:\/\/sinomed.ch\/de\/wp-json\/wp\/v2\/pages\/9390\/revisions\/15157"}],"up":[{"embeddable":true,"href":"https:\/\/sinomed.ch\/de\/wp-json\/wp\/v2\/pages\/339"}],"wp:attachment":[{"href":"https:\/\/sinomed.ch\/de\/wp-json\/wp\/v2\/media?parent=9390"}],"curies":[{"name":"wp","href":"https:\/\/api.w.org\/{rel}","templated":true}]}}