{"id":1035,"date":"2014-08-10T23:24:20","date_gmt":"2014-08-10T23:24:20","guid":{"rendered":"http:\/\/localhost\/sinomed\/de\/?page_id=1035"},"modified":"2014-12-04T11:09:10","modified_gmt":"2014-12-04T11:09:10","slug":"domaine-dapplication-telecharger","status":"publish","type":"page","link":"https:\/\/sinomed.ch\/fr\/informations-pratiques\/domaine-dapplication-telecharger\/","title":{"rendered":"Domaine d\u2019application &#8211; t\u00e9l\u00e9charger"},"content":{"rendered":"<div class=\"d-row\">\n<div class=\"d-1of2\">\n<table>\n<tbody>\n<tr>\n<td><a href=\"https:\/\/sinomed.ch\/fr\/wp-content\/uploads\/2014\/07\/Pourquoi-consulter-un-medecin-chinois.pdf\" target=\"_blank\"><img loading=\"lazy\" decoding=\"async\" src=\"https:\/\/sinomed.ch\/fr\/wp-content\/uploads\/2014\/08\/Pourquoi-consulter-un-medecin-chinois.jpg\" alt=\"Pourquoi consulter un medecin chinois\" width=\"64\" height=\"90\" class=\"alignnone size-full wp-image-1717 img-border\" \/><\/a><\/td>\n<td><a href=\"https:\/\/sinomed.ch\/fr\/wp-content\/uploads\/2014\/07\/Pourquoi-consulter-un-medecin-chinois.pdf\" target=\"_blank\">Pourquoi consulter un m\u00e9decin chinois ?<\/a><\/td>\n<\/tr>\n<tr>\n<td><a href=\"https:\/\/sinomed.ch\/fr\/wp-content\/uploads\/2014\/07\/Liste-des-affections.pdf\" target=\"_blank\"><img loading=\"lazy\" decoding=\"async\" src=\"https:\/\/sinomed.ch\/fr\/wp-content\/uploads\/2014\/08\/Liste-des-affections.jpg\" alt=\"Liste des affections\" width=\"64\" height=\"90\" class=\"alignnone size-full wp-image-1719 img-border\" \/><\/a><\/td>\n<td><a href=\"https:\/\/sinomed.ch\/fr\/wp-content\/uploads\/2014\/07\/Liste-des-affections.pdf\" target=\"_blank\">Liste des affections<\/a><\/td>\n<\/tr>\n<tr>\n<td><a href=\"https:\/\/sinomed.ch\/fr\/wp-content\/uploads\/2014\/07\/Acupuncture-chez-les-enfants.pdf\" target=\"_blank\"><img loading=\"lazy\" decoding=\"async\" src=\"https:\/\/sinomed.ch\/fr\/wp-content\/uploads\/2014\/08\/Acupuncture-chez-les-enfants.jpg\" alt=\"Acupuncture chez les enfants\" width=\"64\" height=\"90\" class=\"alignnone size-full wp-image-1720 img-border\" \/><\/a><\/td>\n<td><a href=\"https:\/\/sinomed.ch\/fr\/wp-content\/uploads\/2014\/07\/Acupuncture-chez-les-enfants.pdf\" target=\"_blank\">Acupuncture chez les enfants<\/a><\/td>\n<\/tr>\n<tr>\n<td><a href=\"https:\/\/sinomed.ch\/fr\/wp-content\/uploads\/2014\/07\/Fatigue.pdf\" target=\"_blank\"><img loading=\"lazy\" decoding=\"async\" src=\"https:\/\/sinomed.ch\/fr\/wp-content\/uploads\/2014\/08\/Fatigue.jpg\" alt=\"Fatigue\" width=\"64\" height=\"90\" class=\"alignnone size-full wp-image-1722 img-border\" \/><\/a><\/td>\n<td><a href=\"https:\/\/sinomed.ch\/fr\/wp-content\/uploads\/2014\/07\/Fatigue.pdf\" target=\"_blank\">Fatigue<\/a><\/td>\n<\/tr>\n<\/tbody>\n<\/table>\n<\/div>\n<div class=\"d-1of2\">\n<table>\n<tbody>\n<tr>\n<td><a href=\"https:\/\/sinomed.ch\/fr\/wp-content\/uploads\/2014\/07\/Trouble-de-la-digestion.pdf\" target=\"_blank\"><img loading=\"lazy\" decoding=\"async\" src=\"https:\/\/sinomed.ch\/fr\/wp-content\/uploads\/2014\/08\/Trouble-de-la-digestion.jpg\" alt=\"Trouble de la digestion\" width=\"64\" height=\"90\" class=\"alignnone size-full wp-image-1723 img-border\" \/><\/a><\/td>\n<td><a href=\"https:\/\/sinomed.ch\/fr\/wp-content\/uploads\/2014\/07\/Trouble-de-la-digestion.pdf\" target=\"_blank\">Trouble de la digestion<\/a><\/td>\n<\/tr>\n<tr>\n<td><a href=\"https:\/\/sinomed.ch\/fr\/wp-content\/uploads\/2014\/07\/Stress-et-anxiete.pdf\" target=\"_blank\"><img loading=\"lazy\" decoding=\"async\" src=\"https:\/\/sinomed.ch\/fr\/wp-content\/uploads\/2014\/08\/Stress-et-anxiete.jpg\" alt=\"Stress et anxiete\" width=\"64\" height=\"90\" class=\"alignnone size-full wp-image-1724 img-border\" \/><\/a><\/td>\n<td><a href=\"https:\/\/sinomed.ch\/fr\/wp-content\/uploads\/2014\/07\/Stress-et-anxiete.pdf\" target=\"_blank\">Stress et anxi\u00e9t\u00e9<\/a><\/td>\n<\/tr>\n<tr>\n<td><a href=\"https:\/\/sinomed.ch\/fr\/wp-content\/uploads\/2014\/07\/Douleurs-chroniques.pdf\" target=\"_blank\"><img loading=\"lazy\" decoding=\"async\" src=\"https:\/\/sinomed.ch\/fr\/wp-content\/uploads\/2014\/08\/Douleurs-chroniques.jpg\" alt=\"Douleurs chroniques\" width=\"64\" height=\"90\" class=\"alignnone size-full wp-image-1726 img-border\" \/><\/a><\/td>\n<td><a href=\"https:\/\/sinomed.ch\/fr\/wp-content\/uploads\/2014\/07\/Douleurs-chroniques.pdf\" target=\"_blank\">Douleurs chroniques<\/a><\/td>\n<\/tr>\n<tr>\n<td><a href=\"https:\/\/sinomed.ch\/fr\/wp-content\/uploads\/2014\/07\/Les-troubles-de-la-menopause.pdf\" target=\"_blank\"><img loading=\"lazy\" decoding=\"async\" src=\"https:\/\/sinomed.ch\/fr\/wp-content\/uploads\/2014\/08\/Les-troubles-de-la-menopause.jpg\" alt=\"Les troubles de la menopause\" width=\"64\" height=\"90\" class=\"alignnone size-full wp-image-1727 img-border\" \/><\/a><\/td>\n<td><a href=\"https:\/\/sinomed.ch\/fr\/wp-content\/uploads\/2014\/07\/Les-troubles-de-la-menopause.pdf\" target=\"_blank\">Les troubles de la m\u00e9nopause<\/a><\/td>\n<\/tr>\n<\/tbody>\n<\/table>\n<\/div>\n<\/div>\n","protected":false},"excerpt":{"rendered":"<p>Pourquoi consulter un m\u00e9decin chinois ? Liste des affections Acupuncture chez les enfants Fatigue Trouble de la digestion Stress et anxi\u00e9t\u00e9 Douleurs chroniques Les troubles de la m\u00e9nopause<\/p>\n","protected":false},"author":1,"featured_media":0,"parent":48,"menu_order":0,"comment_status":"open","ping_status":"open","template":"","meta":{"footnotes":""},"_links":{"self":[{"href":"https:\/\/sinomed.ch\/fr\/wp-json\/wp\/v2\/pages\/1035"}],"collection":[{"href":"https:\/\/sinomed.ch\/fr\/wp-json\/wp\/v2\/pages"}],"about":[{"href":"https:\/\/sinomed.ch\/fr\/wp-json\/wp\/v2\/types\/page"}],"author":[{"embeddable":true,"href":"https:\/\/sinomed.ch\/fr\/wp-json\/wp\/v2\/users\/1"}],"replies":[{"embeddable":true,"href":"https:\/\/sinomed.ch\/fr\/wp-json\/wp\/v2\/comments?post=1035"}],"version-history":[{"count":1,"href":"https:\/\/sinomed.ch\/fr\/wp-json\/wp\/v2\/pages\/1035\/revisions"}],"predecessor-version":[{"id":1732,"href":"https:\/\/sinomed.ch\/fr\/wp-json\/wp\/v2\/pages\/1035\/revisions\/1732"}],"up":[{"embeddable":true,"href":"https:\/\/sinomed.ch\/fr\/wp-json\/wp\/v2\/pages\/48"}],"wp:attachment":[{"href":"https:\/\/sinomed.ch\/fr\/wp-json\/wp\/v2\/media?parent=1035"}],"curies":[{"name":"wp","href":"https:\/\/api.w.org\/{rel}","templated":true}]}}