{"id":11,"date":"2014-04-10T11:00:13","date_gmt":"2014-04-10T11:00:13","guid":{"rendered":"http:\/\/localhost\/sinomed\/de\/?page_id=11"},"modified":"2014-12-04T08:53:56","modified_gmt":"2014-12-04T08:53:56","slug":"les-5-elements","status":"publish","type":"page","link":"https:\/\/sinomed.ch\/fr\/medecine-traditionnelle-chinoise\/fondements\/les-5-elements\/","title":{"rendered":"Les 5 \u00e9l\u00e9ments"},"content":{"rendered":"<p><img loading=\"lazy\" decoding=\"async\" src=\"https:\/\/sinomed.ch\/fr\/wp-content\/uploads\/2014\/04\/5-elements.jpg\" alt=\"5-elements\" width=\"300\" height=\"220\" class=\"alignleft size-full wp-image-1656\" \/>La Th\u00e9orie des cinq \u00c9l\u00e9ments (cinq Mouvements selon les traductions) subdivise tout ce qui nous entoure et nous compose en cinq grands ensembles interd\u00e9pendants. Elle est issue des antiques \u00e9coles naturalistes et a atteint sa pleine maturit\u00e9 pendant la dynastie Zhou, de 480 \u00e0 221 av. J.-C.<\/p>\n<p>L&rsquo;av\u00e8nement des Cinq \u00c9l\u00e9ments d\u00e9coule de l&rsquo;interaction des deux grandes puissances Yang et Yin de l&rsquo;univers : le Ciel et la Terre. Le Ciel est une puissance de stimulation qui am\u00e8ne la Terre \u00e0 se transformer, et qui permet de nourrir et de soutenir toute sa biodiversit\u00e9. Le Ciel, par le jeu des forces actives, chaudes et lumineuses des corps c\u00e9lestes, \u00e9met une \u00e9nergie Yang qui, par sa croissance et sa d\u00e9croissance cyclique, d\u00e9finit quatre dynamismes particuliers que l&rsquo;on peut associer aux quatre saisons de l&rsquo;ann\u00e9e et aux quatre phases de la journ\u00e9e. En contrepartie, la Terre repr\u00e9sente une force calme et passive, un pivot stable, point de r\u00e9f\u00e9rence de tous les autres \u00c9l\u00e9ments.<\/p>\n<p>La Th\u00e9orie des cinq \u00c9l\u00e9ments sert \u00e0 d\u00e9finir les sph\u00e8res organiques qui sont de vastes ensembles associ\u00e9s \u00e0 chacun des Organes. Chaque sph\u00e8re organique comprend l&rsquo;organe lui-m\u00eame ainsi que des entrailles, des tissus, des sens, des substances, des m\u00e9ridiens, et \u00e9galement des \u00e9motions, des aspects du psychisme et des stimuli de l&rsquo;environnement (saisons, climats, saveurs, odeurs, etc.). Cette organisation en cinq sph\u00e8res, bas\u00e9e sur un vaste et complexe r\u00e9seau d&rsquo;affinit\u00e9s, a \u00e9t\u00e9 d\u00e9terminante dans le d\u00e9veloppement de la physiologie m\u00e9dicale chinoise.<\/p>\n<p>Appliqu\u00e9e \u00e0 la physiologie, la Th\u00e9orie des cinq \u00c9l\u00e9ments associe un Mouvement \u00e0 chaque Organe, en accord avec sa fonction principale :<\/p>\n<ul>\n<li><strong>Le Bois <\/strong>est reli\u00e9 au Foie et la V\u00e9sicule Biliaire. Eux-m\u00eames reli\u00e9s aux yeux, aux ongles et tendons.<\/li>\n<li><strong>Le Feu<\/strong> est reli\u00e9 au C\u0153ur et \u00e0 l&rsquo;Intestin Gr\u00eale. Eux-m\u00eames reli\u00e9s \u00e0 la langue, au teint et aux vaisseaux sanguins.<\/li>\n<li><strong>Le M\u00e9tal<\/strong> est reli\u00e9 aux Poumons et au Gros Intestin. Eux-m\u00eames reli\u00e9s au nez, \u00e0 la pilosit\u00e9 et \u00e0 la peau.<\/li>\n<li><strong>L&rsquo;Eau<\/strong> est reli\u00e9e aux Reins et \u00e0 la Vessie. Eux-m\u00eames reli\u00e9s aux oreilles, aux os et aux cheveux.<\/li>\n<li><strong>La Terre<\/strong> est reli\u00e9e \u00e0 la Rate et \u00e0 l&rsquo;Estomac. Eux-m\u00eames reli\u00e9s \u00e0 la bouche, aux l\u00e8vres et aux muscles.<\/li>\n<\/ul>\n<p>La Th\u00e9orie des cinq \u00c9l\u00e9ments propose de traiter les d\u00e9s\u00e9quilibres en r\u00e9tablissant les Cycles normaux de contr\u00f4le et d&rsquo;engendrement. Un des apports int\u00e9ressants de cette th\u00e9orie aura \u00e9t\u00e9 de stimuler la recherche quant \u00e0 l&rsquo;action r\u00e9gulatrice des points d&rsquo;acupuncture r\u00e9partis le long des M\u00e9ridiens.<\/p>\n","protected":false},"excerpt":{"rendered":"<p>La Th\u00e9orie des cinq \u00c9l\u00e9ments (cinq Mouvements selon les traductions) subdivise tout ce qui nous entoure et nous compose en cinq grands ensembles interd\u00e9pendants. Elle est issue des antiques \u00e9coles naturalistes et a atteint sa pleine maturit\u00e9 pendant la dynastie Zhou, de 480 \u00e0 221 av. J.-C. L&rsquo;av\u00e8nement des Cinq \u00c9l\u00e9ments d\u00e9coule de l&rsquo;interaction des&#8230;  <a class=\"excerpt-read-more\" href=\"https:\/\/sinomed.ch\/fr\/medecine-traditionnelle-chinoise\/fondements\/les-5-elements\/\" title=\"Lire Les 5 \u00e9l\u00e9ments\">En savoir plus\u2026<\/a><\/p>\n","protected":false},"author":1,"featured_media":0,"parent":10,"menu_order":0,"comment_status":"open","ping_status":"open","template":"","meta":{"footnotes":""},"_links":{"self":[{"href":"https:\/\/sinomed.ch\/fr\/wp-json\/wp\/v2\/pages\/11"}],"collection":[{"href":"https:\/\/sinomed.ch\/fr\/wp-json\/wp\/v2\/pages"}],"about":[{"href":"https:\/\/sinomed.ch\/fr\/wp-json\/wp\/v2\/types\/page"}],"author":[{"embeddable":true,"href":"https:\/\/sinomed.ch\/fr\/wp-json\/wp\/v2\/users\/1"}],"replies":[{"embeddable":true,"href":"https:\/\/sinomed.ch\/fr\/wp-json\/wp\/v2\/comments?post=11"}],"version-history":[{"count":0,"href":"https:\/\/sinomed.ch\/fr\/wp-json\/wp\/v2\/pages\/11\/revisions"}],"up":[{"embeddable":true,"href":"https:\/\/sinomed.ch\/fr\/wp-json\/wp\/v2\/pages\/10"}],"wp:attachment":[{"href":"https:\/\/sinomed.ch\/fr\/wp-json\/wp\/v2\/media?parent=11"}],"curies":[{"name":"wp","href":"https:\/\/api.w.org\/{rel}","templated":true}]}}